{"id":162754,"date":"2023-09-14T15:56:10","date_gmt":"2023-09-14T13:56:17","guid":{"rendered":"https:\/\/arak.spicehorse.eu\/?post_type=product&#038;p=162754"},"modified":"2024-02-21T19:03:03","modified_gmt":"2024-02-21T18:03:03","slug":"qhp-junior-jazdecke-rukavice-didy","status":"publish","type":"product","link":"https:\/\/arak.spicehorse.eu\/sk\/produkt\/qhp-junior-jazdecke-rukavice-didy\/","title":{"rendered":"QHP Junior jazdeck\u00e9 rukavice Didy"},"content":{"rendered":"<p style=\"font-weight: 400;\">Nepostr\u00e1date\u013en\u00e1 jazdeck\u00e1 v\u00fdbava pre ka\u017ed\u00e9ho detsk\u00e9ho jazdca! Super rozko\u0161n\u00e9 jazdeck\u00e9 rukavice u kolekcie Didy. Dlane s\u00fa vyroben\u00e9 z odoln\u00e9ho materi\u00e1lu s pevn\u00fdm gripom, aby sa opraty ne\u0161m\u00fdkali z r\u00fak. S pink jednoro\u017ecom a rose gold detailmi dodaj\u00fa skuto\u010dne jedine\u010dn\u00fd vzh\u013ead.<\/p>\n","protected":false},"excerpt":{"rendered":"<ul style=\"font-weight: 400;\">\n<li>Materi\u00e1l: 70% nylon, 15% elastan, 15% polyester<\/li>\n<li>Vesel\u00e9 jazdeck\u00e9 rukavice<\/li>\n<li>S\u00a0ru\u017eov\u00fdm jednoro\u017ecom a\u00a0rose gold detailmi<\/li>\n<li>Vrchn\u00e1 \u010das\u0165 je z\u00a0elastick\u00e9ho sie\u0165ovan\u00e9ho materi\u00e1lu<\/li>\n<li>Pomocou pru\u017en\u00fdch such\u00fdch zipsov si mo\u017eno nastavi\u0165 na potrebn\u00fa ve\u013ekos\u0165<\/li>\n<li>S rose gold Q kovovou tabu\u013ekou<\/li>\n<li>S\u00fa\u010das\u0165 kolekcie jese\u0148\/zima 23\/24<\/li>\n<li>S\u00fa\u010das\u0165 kolekcie Didy<\/li>\n<\/ul>\n","protected":false},"featured_media":162761,"template":"","meta":{"_acf_changed":false},"product_cat":[2534,78,76,2084],"product_tag":[2628,2242,1973,2616,1293],"acf":[],"yoast_head":"<!-- This site is optimized with the Yoast SEO plugin v21.4 - https:\/\/yoast.com\/wordpress\/plugins\/seo\/ -->\n<title>QHP Junior jazdeck\u00e9 rukavice Didy - Spicehorse<\/title>\n<meta name=\"description\" content=\"spicehorse.eu | Nepostr\u00e1date\u013en\u00e1 jazdeck\u00e1 v\u00fdbava pre ka\u017ed\u00e9ho detsk\u00e9ho jazdca! Super rozko\u0161n\u00e9 jazdeck\u00e9 rukavice u kolekcie Didy.\" \/>\n<meta name=\"robots\" content=\"index, follow, max-snippet:-1, max-image-preview:large, max-video-preview:-1\" \/>\n<link rel=\"canonical\" href=\"https:\/\/arak.spicehorse.eu\/sk\/produkt\/qhp-junior-jazdecke-rukavice-didy\/\" \/>\n<meta property=\"og:locale\" content=\"sk_SK\" \/>\n<meta property=\"og:type\" content=\"article\" \/>\n<meta property=\"og:title\" content=\"QHP Junior jazdeck\u00e9 rukavice Didy - Spicehorse\" \/>\n<meta property=\"og:description\" content=\"spicehorse.eu | Nepostr\u00e1date\u013en\u00e1 jazdeck\u00e1 v\u00fdbava pre ka\u017ed\u00e9ho detsk\u00e9ho jazdca! Super rozko\u0161n\u00e9 jazdeck\u00e9 rukavice u kolekcie Didy.\" \/>\n<meta property=\"og:url\" content=\"https:\/\/arak.spicehorse.eu\/sk\/produkt\/qhp-junior-jazdecke-rukavice-didy\/\" \/>\n<meta property=\"og:site_name\" content=\"Spicehorse\" \/>\n<meta property=\"article:publisher\" content=\"https:\/\/www.facebook.com\/SPICEHORSE-550385625402457\/\" \/>\n<meta property=\"article:modified_time\" content=\"2024-02-21T18:03:03+00:00\" \/>\n<meta property=\"og:image\" content=\"https:\/\/arak.spicehorse.eu\/wp-content\/uploads\/2023\/09\/7284gs-12.jpg\" \/>\n\t<meta property=\"og:image:width\" content=\"1280\" \/>\n\t<meta property=\"og:image:height\" content=\"1280\" \/>\n\t<meta property=\"og:image:type\" content=\"image\/jpeg\" \/>\n<meta name=\"twitter:card\" content=\"summary_large_image\" \/>\n<script type=\"application\/ld+json\" class=\"yoast-schema-graph\">{\"@context\":\"https:\/\/schema.org\",\"@graph\":[{\"@type\":\"WebPage\",\"@id\":\"https:\/\/arak.spicehorse.eu\/sk\/produkt\/qhp-junior-jazdecke-rukavice-didy\/\",\"url\":\"https:\/\/arak.spicehorse.eu\/sk\/produkt\/qhp-junior-jazdecke-rukavice-didy\/\",\"name\":\"QHP Junior jazdeck\u00e9 rukavice Didy - Spicehorse\",\"isPartOf\":{\"@id\":\"https:\/\/arak.spicehorse.eu\/en\/#website\"},\"datePublished\":\"2023-09-14T13:56:17+00:00\",\"dateModified\":\"2024-02-21T18:03:03+00:00\",\"description\":\"spicehorse.eu | Nepostr\u00e1date\u013en\u00e1 jazdeck\u00e1 v\u00fdbava pre ka\u017ed\u00e9ho detsk\u00e9ho jazdca! Super rozko\u0161n\u00e9 jazdeck\u00e9 rukavice u kolekcie Didy.\",\"breadcrumb\":{\"@id\":\"https:\/\/arak.spicehorse.eu\/sk\/produkt\/qhp-junior-jazdecke-rukavice-didy\/#breadcrumb\"},\"inLanguage\":\"sk-SK\",\"potentialAction\":[{\"@type\":\"ReadAction\",\"target\":[\"https:\/\/arak.spicehorse.eu\/sk\/produkt\/qhp-junior-jazdecke-rukavice-didy\/\"]}]},{\"@type\":\"BreadcrumbList\",\"@id\":\"https:\/\/arak.spicehorse.eu\/sk\/produkt\/qhp-junior-jazdecke-rukavice-didy\/#breadcrumb\",\"itemListElement\":[{\"@type\":\"ListItem\",\"position\":1,\"name\":\"Home\",\"item\":\"https:\/\/arak.spicehorse.eu\/sk\/\"},{\"@type\":\"ListItem\",\"position\":2,\"name\":\"Predaj\u0148a\",\"item\":\"https:\/\/arak.spicehorse.eu\/sk\/predajna\/\"},{\"@type\":\"ListItem\",\"position\":3,\"name\":\"QHP Junior jazdeck\u00e9 rukavice Didy\"}]},{\"@type\":\"WebSite\",\"@id\":\"https:\/\/arak.spicehorse.eu\/en\/#website\",\"url\":\"https:\/\/arak.spicehorse.eu\/en\/\",\"name\":\"Spicehorse\",\"description\":\"UNDER DEVELOPMENT -\",\"potentialAction\":[{\"@type\":\"SearchAction\",\"target\":{\"@type\":\"EntryPoint\",\"urlTemplate\":\"https:\/\/arak.spicehorse.eu\/en\/?s={search_term_string}\"},\"query-input\":\"required name=search_term_string\"}],\"inLanguage\":\"sk-SK\"}]}<\/script>\n<!-- \/ Yoast SEO plugin. -->","yoast_head_json":{"title":"QHP Junior jazdeck\u00e9 rukavice Didy - Spicehorse","description":"spicehorse.eu | Nepostr\u00e1date\u013en\u00e1 jazdeck\u00e1 v\u00fdbava pre ka\u017ed\u00e9ho detsk\u00e9ho jazdca! Super rozko\u0161n\u00e9 jazdeck\u00e9 rukavice u kolekcie Didy.","robots":{"index":"index","follow":"follow","max-snippet":"max-snippet:-1","max-image-preview":"max-image-preview:large","max-video-preview":"max-video-preview:-1"},"canonical":"https:\/\/arak.spicehorse.eu\/sk\/produkt\/qhp-junior-jazdecke-rukavice-didy\/","og_locale":"sk_SK","og_type":"article","og_title":"QHP Junior jazdeck\u00e9 rukavice Didy - Spicehorse","og_description":"spicehorse.eu | Nepostr\u00e1date\u013en\u00e1 jazdeck\u00e1 v\u00fdbava pre ka\u017ed\u00e9ho detsk\u00e9ho jazdca! Super rozko\u0161n\u00e9 jazdeck\u00e9 rukavice u kolekcie Didy.","og_url":"https:\/\/arak.spicehorse.eu\/sk\/produkt\/qhp-junior-jazdecke-rukavice-didy\/","og_site_name":"Spicehorse","article_publisher":"https:\/\/www.facebook.com\/SPICEHORSE-550385625402457\/","article_modified_time":"2024-02-21T18:03:03+00:00","og_image":[{"width":1280,"height":1280,"url":"https:\/\/arak.spicehorse.eu\/wp-content\/uploads\/2023\/09\/7284gs-12.jpg","type":"image\/jpeg"}],"twitter_card":"summary_large_image","schema":{"@context":"https:\/\/schema.org","@graph":[{"@type":"WebPage","@id":"https:\/\/arak.spicehorse.eu\/sk\/produkt\/qhp-junior-jazdecke-rukavice-didy\/","url":"https:\/\/arak.spicehorse.eu\/sk\/produkt\/qhp-junior-jazdecke-rukavice-didy\/","name":"QHP Junior jazdeck\u00e9 rukavice Didy - Spicehorse","isPartOf":{"@id":"https:\/\/arak.spicehorse.eu\/en\/#website"},"datePublished":"2023-09-14T13:56:17+00:00","dateModified":"2024-02-21T18:03:03+00:00","description":"spicehorse.eu | Nepostr\u00e1date\u013en\u00e1 jazdeck\u00e1 v\u00fdbava pre ka\u017ed\u00e9ho detsk\u00e9ho jazdca! Super rozko\u0161n\u00e9 jazdeck\u00e9 rukavice u kolekcie Didy.","breadcrumb":{"@id":"https:\/\/arak.spicehorse.eu\/sk\/produkt\/qhp-junior-jazdecke-rukavice-didy\/#breadcrumb"},"inLanguage":"sk-SK","potentialAction":[{"@type":"ReadAction","target":["https:\/\/arak.spicehorse.eu\/sk\/produkt\/qhp-junior-jazdecke-rukavice-didy\/"]}]},{"@type":"BreadcrumbList","@id":"https:\/\/arak.spicehorse.eu\/sk\/produkt\/qhp-junior-jazdecke-rukavice-didy\/#breadcrumb","itemListElement":[{"@type":"ListItem","position":1,"name":"Home","item":"https:\/\/arak.spicehorse.eu\/sk\/"},{"@type":"ListItem","position":2,"name":"Predaj\u0148a","item":"https:\/\/arak.spicehorse.eu\/sk\/predajna\/"},{"@type":"ListItem","position":3,"name":"QHP Junior jazdeck\u00e9 rukavice Didy"}]},{"@type":"WebSite","@id":"https:\/\/arak.spicehorse.eu\/en\/#website","url":"https:\/\/arak.spicehorse.eu\/en\/","name":"Spicehorse","description":"UNDER DEVELOPMENT -","potentialAction":[{"@type":"SearchAction","target":{"@type":"EntryPoint","urlTemplate":"https:\/\/arak.spicehorse.eu\/en\/?s={search_term_string}"},"query-input":"required name=search_term_string"}],"inLanguage":"sk-SK"}]}},"_links":{"self":[{"href":"https:\/\/arak.spicehorse.eu\/sk\/wp-json\/wp\/v2\/product\/162754"}],"collection":[{"href":"https:\/\/arak.spicehorse.eu\/sk\/wp-json\/wp\/v2\/product"}],"about":[{"href":"https:\/\/arak.spicehorse.eu\/sk\/wp-json\/wp\/v2\/types\/product"}],"wp:featuredmedia":[{"embeddable":true,"href":"https:\/\/arak.spicehorse.eu\/sk\/wp-json\/wp\/v2\/media\/162761"}],"wp:attachment":[{"href":"https:\/\/arak.spicehorse.eu\/sk\/wp-json\/wp\/v2\/media?parent=162754"}],"wp:term":[{"taxonomy":"product_cat","embeddable":true,"href":"https:\/\/arak.spicehorse.eu\/sk\/wp-json\/wp\/v2\/product_cat?post=162754"},{"taxonomy":"product_tag","embeddable":true,"href":"https:\/\/arak.spicehorse.eu\/sk\/wp-json\/wp\/v2\/product_tag?post=162754"}],"curies":[{"name":"wp","href":"https:\/\/api.w.org\/{rel}","templated":true}]}}