{"id":162852,"date":"2023-09-14T17:55:49","date_gmt":"2023-09-14T15:55:59","guid":{"rendered":"https:\/\/arak.spicehorse.eu\/?post_type=product&#038;p=162852"},"modified":"2026-04-07T12:34:10","modified_gmt":"2026-04-07T10:34:10","slug":"qhp-calgary-thermo-jazdecke-cizmy","status":"publish","type":"product","link":"https:\/\/arak.spicehorse.eu\/sk\/produkt\/qhp-calgary-thermo-jazdecke-cizmy\/","title":{"rendered":"QHP Calgary Thermo jazdeck\u00e9 \u010di\u017emy"},"content":{"rendered":"<p style=\"font-weight: 400;\">Odoln\u00e9 QHP jazdeck\u00e9 \u010di\u017emy s m\u00e4kkou teplou pod\u0161\u00edvkou. S\u00fa dokonalou vo\u013ebou na chladnej\u0161ie dni. Vzadu zips vybaven\u00fd pru\u017enou vlo\u017ekou a dekorat\u00edvne \u0161nurovanie vpredu.<\/p>\n","protected":false},"excerpt":{"rendered":"<ul style=\"font-weight: 400;\">\n<li>Materi\u00e1l: ko\u017ea<\/li>\n<li>Vn\u00fatorn\u00e1 pod\u0161\u00edvka: polyester<\/li>\n<li>Podr\u00e1\u017eka: guma<\/li>\n<li>Nad zipsom sa zap\u00ednaj\u00fa patentom<\/li>\n<li>S\u00a0elastickou vlo\u017ekou, zipsom na zadnej strane<\/li>\n<li>Z\u00a0pevnej ko\u017ee, s\u00a0extra spevnen\u00edm v\u00a0oblasti \u0161pi\u010dky a p\u00e4ty<\/li>\n<li>Syntetick\u00e1 ko\u017eu\u0161inov\u00e1 pod\u0161\u00edvka<\/li>\n<li>Vzadu 2 elastick\u00e9 vlo\u017eky<\/li>\n<li>Dekorat\u00edvne \u0161itie<\/li>\n<li>Mal\u00fd chr\u00e1ni\u0165 zipsu na p\u00e4te<\/li>\n<li>Dekorat\u00edvne \u0161itie na \u0161pi\u010dke<\/li>\n<\/ul>\n","protected":false},"featured_media":162897,"template":"","meta":{"_acf_changed":false},"product_cat":[76,1993],"product_tag":[2039,2038,1973,2616],"acf":[],"yoast_head":"<!-- This site is optimized with the Yoast SEO plugin v21.4 - https:\/\/yoast.com\/wordpress\/plugins\/seo\/ -->\n<title>QHP Calgary Thermo jazdeck\u00e9 \u010di\u017emy - Spicehorse<\/title>\n<meta name=\"description\" content=\"spicehorse.eu | Odoln\u00e9 QHP jazdeck\u00e9 \u010di\u017emy s m\u00e4kkou teplou pod\u0161\u00edvkou. S\u00fa dokonalou vo\u013ebou na chladnej\u0161ie dni. Vzadu zips vybaven\u00fd pru\u017enou vlo\u017ekou a dekorat\u00edvne \u0161nurovanie vpredu.\" \/>\n<meta name=\"robots\" content=\"index, follow, max-snippet:-1, max-image-preview:large, max-video-preview:-1\" \/>\n<link rel=\"canonical\" href=\"https:\/\/arak.spicehorse.eu\/sk\/produkt\/qhp-calgary-thermo-jazdecke-cizmy\/\" \/>\n<meta property=\"og:locale\" content=\"sk_SK\" \/>\n<meta property=\"og:type\" content=\"article\" \/>\n<meta property=\"og:title\" content=\"QHP Calgary Thermo jazdeck\u00e9 \u010di\u017emy - Spicehorse\" \/>\n<meta property=\"og:description\" content=\"spicehorse.eu | Odoln\u00e9 QHP jazdeck\u00e9 \u010di\u017emy s m\u00e4kkou teplou pod\u0161\u00edvkou. S\u00fa dokonalou vo\u013ebou na chladnej\u0161ie dni. Vzadu zips vybaven\u00fd pru\u017enou vlo\u017ekou a dekorat\u00edvne \u0161nurovanie vpredu.\" \/>\n<meta property=\"og:url\" content=\"https:\/\/arak.spicehorse.eu\/sk\/produkt\/qhp-calgary-thermo-jazdecke-cizmy\/\" \/>\n<meta property=\"og:site_name\" content=\"Spicehorse\" \/>\n<meta property=\"article:publisher\" content=\"https:\/\/www.facebook.com\/SPICEHORSE-550385625402457\/\" \/>\n<meta property=\"article:modified_time\" content=\"2026-04-07T10:34:10+00:00\" \/>\n<meta property=\"og:image\" content=\"https:\/\/arak.spicehorse.eu\/wp-content\/uploads\/2023\/09\/7310zw-6-1-1-2.jpg\" \/>\n\t<meta property=\"og:image:width\" content=\"700\" \/>\n\t<meta property=\"og:image:height\" content=\"700\" \/>\n\t<meta property=\"og:image:type\" content=\"image\/jpeg\" \/>\n<meta name=\"twitter:card\" content=\"summary_large_image\" \/>\n<script type=\"application\/ld+json\" class=\"yoast-schema-graph\">{\"@context\":\"https:\/\/schema.org\",\"@graph\":[{\"@type\":\"WebPage\",\"@id\":\"https:\/\/arak.spicehorse.eu\/sk\/produkt\/qhp-calgary-thermo-jazdecke-cizmy\/\",\"url\":\"https:\/\/arak.spicehorse.eu\/sk\/produkt\/qhp-calgary-thermo-jazdecke-cizmy\/\",\"name\":\"QHP Calgary Thermo jazdeck\u00e9 \u010di\u017emy - Spicehorse\",\"isPartOf\":{\"@id\":\"https:\/\/arak.spicehorse.eu\/en\/#website\"},\"datePublished\":\"2023-09-14T15:55:59+00:00\",\"dateModified\":\"2026-04-07T10:34:10+00:00\",\"description\":\"spicehorse.eu | Odoln\u00e9 QHP jazdeck\u00e9 \u010di\u017emy s m\u00e4kkou teplou pod\u0161\u00edvkou. S\u00fa dokonalou vo\u013ebou na chladnej\u0161ie dni. Vzadu zips vybaven\u00fd pru\u017enou vlo\u017ekou a dekorat\u00edvne \u0161nurovanie vpredu.\",\"breadcrumb\":{\"@id\":\"https:\/\/arak.spicehorse.eu\/sk\/produkt\/qhp-calgary-thermo-jazdecke-cizmy\/#breadcrumb\"},\"inLanguage\":\"sk-SK\",\"potentialAction\":[{\"@type\":\"ReadAction\",\"target\":[\"https:\/\/arak.spicehorse.eu\/sk\/produkt\/qhp-calgary-thermo-jazdecke-cizmy\/\"]}]},{\"@type\":\"BreadcrumbList\",\"@id\":\"https:\/\/arak.spicehorse.eu\/sk\/produkt\/qhp-calgary-thermo-jazdecke-cizmy\/#breadcrumb\",\"itemListElement\":[{\"@type\":\"ListItem\",\"position\":1,\"name\":\"Home\",\"item\":\"https:\/\/arak.spicehorse.eu\/sk\/\"},{\"@type\":\"ListItem\",\"position\":2,\"name\":\"Predaj\u0148a\",\"item\":\"https:\/\/arak.spicehorse.eu\/sk\/predajna\/\"},{\"@type\":\"ListItem\",\"position\":3,\"name\":\"QHP Calgary Thermo jazdeck\u00e9 \u010di\u017emy\"}]},{\"@type\":\"WebSite\",\"@id\":\"https:\/\/arak.spicehorse.eu\/en\/#website\",\"url\":\"https:\/\/arak.spicehorse.eu\/en\/\",\"name\":\"Spicehorse\",\"description\":\"UNDER DEVELOPMENT -\",\"potentialAction\":[{\"@type\":\"SearchAction\",\"target\":{\"@type\":\"EntryPoint\",\"urlTemplate\":\"https:\/\/arak.spicehorse.eu\/en\/?s={search_term_string}\"},\"query-input\":\"required name=search_term_string\"}],\"inLanguage\":\"sk-SK\"}]}<\/script>\n<!-- \/ Yoast SEO plugin. -->","yoast_head_json":{"title":"QHP Calgary Thermo jazdeck\u00e9 \u010di\u017emy - Spicehorse","description":"spicehorse.eu | Odoln\u00e9 QHP jazdeck\u00e9 \u010di\u017emy s m\u00e4kkou teplou pod\u0161\u00edvkou. S\u00fa dokonalou vo\u013ebou na chladnej\u0161ie dni. Vzadu zips vybaven\u00fd pru\u017enou vlo\u017ekou a dekorat\u00edvne \u0161nurovanie vpredu.","robots":{"index":"index","follow":"follow","max-snippet":"max-snippet:-1","max-image-preview":"max-image-preview:large","max-video-preview":"max-video-preview:-1"},"canonical":"https:\/\/arak.spicehorse.eu\/sk\/produkt\/qhp-calgary-thermo-jazdecke-cizmy\/","og_locale":"sk_SK","og_type":"article","og_title":"QHP Calgary Thermo jazdeck\u00e9 \u010di\u017emy - Spicehorse","og_description":"spicehorse.eu | Odoln\u00e9 QHP jazdeck\u00e9 \u010di\u017emy s m\u00e4kkou teplou pod\u0161\u00edvkou. S\u00fa dokonalou vo\u013ebou na chladnej\u0161ie dni. Vzadu zips vybaven\u00fd pru\u017enou vlo\u017ekou a dekorat\u00edvne \u0161nurovanie vpredu.","og_url":"https:\/\/arak.spicehorse.eu\/sk\/produkt\/qhp-calgary-thermo-jazdecke-cizmy\/","og_site_name":"Spicehorse","article_publisher":"https:\/\/www.facebook.com\/SPICEHORSE-550385625402457\/","article_modified_time":"2026-04-07T10:34:10+00:00","og_image":[{"width":700,"height":700,"url":"https:\/\/arak.spicehorse.eu\/wp-content\/uploads\/2023\/09\/7310zw-6-1-1-2.jpg","type":"image\/jpeg"}],"twitter_card":"summary_large_image","schema":{"@context":"https:\/\/schema.org","@graph":[{"@type":"WebPage","@id":"https:\/\/arak.spicehorse.eu\/sk\/produkt\/qhp-calgary-thermo-jazdecke-cizmy\/","url":"https:\/\/arak.spicehorse.eu\/sk\/produkt\/qhp-calgary-thermo-jazdecke-cizmy\/","name":"QHP Calgary Thermo jazdeck\u00e9 \u010di\u017emy - Spicehorse","isPartOf":{"@id":"https:\/\/arak.spicehorse.eu\/en\/#website"},"datePublished":"2023-09-14T15:55:59+00:00","dateModified":"2026-04-07T10:34:10+00:00","description":"spicehorse.eu | Odoln\u00e9 QHP jazdeck\u00e9 \u010di\u017emy s m\u00e4kkou teplou pod\u0161\u00edvkou. S\u00fa dokonalou vo\u013ebou na chladnej\u0161ie dni. Vzadu zips vybaven\u00fd pru\u017enou vlo\u017ekou a dekorat\u00edvne \u0161nurovanie vpredu.","breadcrumb":{"@id":"https:\/\/arak.spicehorse.eu\/sk\/produkt\/qhp-calgary-thermo-jazdecke-cizmy\/#breadcrumb"},"inLanguage":"sk-SK","potentialAction":[{"@type":"ReadAction","target":["https:\/\/arak.spicehorse.eu\/sk\/produkt\/qhp-calgary-thermo-jazdecke-cizmy\/"]}]},{"@type":"BreadcrumbList","@id":"https:\/\/arak.spicehorse.eu\/sk\/produkt\/qhp-calgary-thermo-jazdecke-cizmy\/#breadcrumb","itemListElement":[{"@type":"ListItem","position":1,"name":"Home","item":"https:\/\/arak.spicehorse.eu\/sk\/"},{"@type":"ListItem","position":2,"name":"Predaj\u0148a","item":"https:\/\/arak.spicehorse.eu\/sk\/predajna\/"},{"@type":"ListItem","position":3,"name":"QHP Calgary Thermo jazdeck\u00e9 \u010di\u017emy"}]},{"@type":"WebSite","@id":"https:\/\/arak.spicehorse.eu\/en\/#website","url":"https:\/\/arak.spicehorse.eu\/en\/","name":"Spicehorse","description":"UNDER DEVELOPMENT -","potentialAction":[{"@type":"SearchAction","target":{"@type":"EntryPoint","urlTemplate":"https:\/\/arak.spicehorse.eu\/en\/?s={search_term_string}"},"query-input":"required name=search_term_string"}],"inLanguage":"sk-SK"}]}},"_links":{"self":[{"href":"https:\/\/arak.spicehorse.eu\/sk\/wp-json\/wp\/v2\/product\/162852"}],"collection":[{"href":"https:\/\/arak.spicehorse.eu\/sk\/wp-json\/wp\/v2\/product"}],"about":[{"href":"https:\/\/arak.spicehorse.eu\/sk\/wp-json\/wp\/v2\/types\/product"}],"wp:featuredmedia":[{"embeddable":true,"href":"https:\/\/arak.spicehorse.eu\/sk\/wp-json\/wp\/v2\/media\/162897"}],"wp:attachment":[{"href":"https:\/\/arak.spicehorse.eu\/sk\/wp-json\/wp\/v2\/media?parent=162852"}],"wp:term":[{"taxonomy":"product_cat","embeddable":true,"href":"https:\/\/arak.spicehorse.eu\/sk\/wp-json\/wp\/v2\/product_cat?post=162852"},{"taxonomy":"product_tag","embeddable":true,"href":"https:\/\/arak.spicehorse.eu\/sk\/wp-json\/wp\/v2\/product_tag?post=162852"}],"curies":[{"name":"wp","href":"https:\/\/api.w.org\/{rel}","templated":true}]}}