{"id":162925,"date":"2023-09-14T18:48:18","date_gmt":"2023-09-14T16:48:23","guid":{"rendered":"https:\/\/arak.spicehorse.eu\/?post_type=product&#038;p=162925"},"modified":"2023-09-19T10:20:54","modified_gmt":"2023-09-19T08:20:54","slug":"qhp-jazdecke-podkolienky-halloween-2-ks","status":"publish","type":"product","link":"https:\/\/arak.spicehorse.eu\/sk\/produkt\/qhp-jazdecke-podkolienky-halloween-2-ks\/","title":{"rendered":"QHP jazdeck\u00e9 podkolienky Halloween 2 ks"},"content":{"rendered":"<p style=\"font-weight: 400;\">Tieto leskl\u00e9 QHP Halloween podkolienky s\u00fa vyroben\u00e9 z\u00a0elastick\u00e9ho materi\u00e1lu, s\u00fa mimoriadne pohodln\u00e9 na nosenie. Podkolienky s\u00fa zdoben\u00e9 mot\u00edvom kostier a\u00a0netopierov.<\/p>\n","protected":false},"excerpt":{"rendered":"<ul style=\"font-weight: 400;\">\n<li>Materi\u00e1l: 97% nylon, 3% elastan<\/li>\n<li>Dva p\u00e1ry jazdeck\u00fdch podkolienok so vzorom Halloween<\/li>\n<li>Jeden p\u00e1r je so vzorom fialov\u00fdch kostier, druh\u00fd s\u00a0mot\u00edvom netopierov<\/li>\n<li>Jeden p\u00e1r podkolienok s glitrovan\u00fdmi leskl\u00fdmi kostrami a\u00a0mot\u00edvom netopierov na vrchu<\/li>\n<li>Z elastick\u00e9ho materi\u00e1lu pre maxim\u00e1lne pohodlie<\/li>\n<li>Dokonale lad\u00ed s\u00a0ostatn\u00fdmi v\u00fdrobkami kolekcie Halloween<\/li>\n<\/ul>\n","protected":false},"featured_media":162930,"template":"","meta":{"_acf_changed":false},"product_cat":[76,310],"product_tag":[566,2098,402,1973,2616],"acf":[],"yoast_head":"<!-- This site is optimized with the Yoast SEO plugin v21.4 - https:\/\/yoast.com\/wordpress\/plugins\/seo\/ -->\n<title>QHP jazdeck\u00e9 podkolienky Halloween 2 ks - Spicehorse<\/title>\n<meta name=\"description\" content=\"spicehorse.eu | Tieto leskl\u00e9 QHP Halloween podkolienky s\u00fa vyroben\u00e9 z\u00a0elastick\u00e9ho materi\u00e1lu, s\u00fa mimoriadne pohodln\u00e9 na nosenie.\" \/>\n<meta name=\"robots\" content=\"index, follow, max-snippet:-1, max-image-preview:large, max-video-preview:-1\" \/>\n<link rel=\"canonical\" href=\"https:\/\/arak.spicehorse.eu\/sk\/produkt\/qhp-jazdecke-podkolienky-halloween-2-ks\/\" \/>\n<meta property=\"og:locale\" content=\"sk_SK\" \/>\n<meta property=\"og:type\" content=\"article\" \/>\n<meta property=\"og:title\" content=\"QHP jazdeck\u00e9 podkolienky Halloween 2 ks - Spicehorse\" \/>\n<meta property=\"og:description\" content=\"spicehorse.eu | Tieto leskl\u00e9 QHP Halloween podkolienky s\u00fa vyroben\u00e9 z\u00a0elastick\u00e9ho materi\u00e1lu, s\u00fa mimoriadne pohodln\u00e9 na nosenie.\" \/>\n<meta property=\"og:url\" content=\"https:\/\/arak.spicehorse.eu\/sk\/produkt\/qhp-jazdecke-podkolienky-halloween-2-ks\/\" \/>\n<meta property=\"og:site_name\" content=\"Spicehorse\" \/>\n<meta property=\"article:publisher\" content=\"https:\/\/www.facebook.com\/SPICEHORSE-550385625402457\/\" \/>\n<meta property=\"article:modified_time\" content=\"2023-09-19T08:20:54+00:00\" \/>\n<meta property=\"og:image\" content=\"https:\/\/arak.spicehorse.eu\/wp-content\/uploads\/2023\/09\/7274ske-1.jpg\" \/>\n\t<meta property=\"og:image:width\" content=\"1280\" \/>\n\t<meta property=\"og:image:height\" content=\"1280\" \/>\n\t<meta property=\"og:image:type\" content=\"image\/jpeg\" \/>\n<meta name=\"twitter:card\" content=\"summary_large_image\" \/>\n<script type=\"application\/ld+json\" class=\"yoast-schema-graph\">{\"@context\":\"https:\/\/schema.org\",\"@graph\":[{\"@type\":\"WebPage\",\"@id\":\"https:\/\/arak.spicehorse.eu\/sk\/produkt\/qhp-jazdecke-podkolienky-halloween-2-ks\/\",\"url\":\"https:\/\/arak.spicehorse.eu\/sk\/produkt\/qhp-jazdecke-podkolienky-halloween-2-ks\/\",\"name\":\"QHP jazdeck\u00e9 podkolienky Halloween 2 ks - Spicehorse\",\"isPartOf\":{\"@id\":\"https:\/\/arak.spicehorse.eu\/en\/#website\"},\"datePublished\":\"2023-09-14T16:48:23+00:00\",\"dateModified\":\"2023-09-19T08:20:54+00:00\",\"description\":\"spicehorse.eu | Tieto leskl\u00e9 QHP Halloween podkolienky s\u00fa vyroben\u00e9 z\u00a0elastick\u00e9ho materi\u00e1lu, s\u00fa mimoriadne pohodln\u00e9 na nosenie.\",\"breadcrumb\":{\"@id\":\"https:\/\/arak.spicehorse.eu\/sk\/produkt\/qhp-jazdecke-podkolienky-halloween-2-ks\/#breadcrumb\"},\"inLanguage\":\"sk-SK\",\"potentialAction\":[{\"@type\":\"ReadAction\",\"target\":[\"https:\/\/arak.spicehorse.eu\/sk\/produkt\/qhp-jazdecke-podkolienky-halloween-2-ks\/\"]}]},{\"@type\":\"BreadcrumbList\",\"@id\":\"https:\/\/arak.spicehorse.eu\/sk\/produkt\/qhp-jazdecke-podkolienky-halloween-2-ks\/#breadcrumb\",\"itemListElement\":[{\"@type\":\"ListItem\",\"position\":1,\"name\":\"Home\",\"item\":\"https:\/\/arak.spicehorse.eu\/sk\/\"},{\"@type\":\"ListItem\",\"position\":2,\"name\":\"Predaj\u0148a\",\"item\":\"https:\/\/arak.spicehorse.eu\/sk\/predajna\/\"},{\"@type\":\"ListItem\",\"position\":3,\"name\":\"QHP jazdeck\u00e9 podkolienky Halloween 2 ks\"}]},{\"@type\":\"WebSite\",\"@id\":\"https:\/\/arak.spicehorse.eu\/en\/#website\",\"url\":\"https:\/\/arak.spicehorse.eu\/en\/\",\"name\":\"Spicehorse\",\"description\":\"UNDER DEVELOPMENT -\",\"potentialAction\":[{\"@type\":\"SearchAction\",\"target\":{\"@type\":\"EntryPoint\",\"urlTemplate\":\"https:\/\/arak.spicehorse.eu\/en\/?s={search_term_string}\"},\"query-input\":\"required name=search_term_string\"}],\"inLanguage\":\"sk-SK\"}]}<\/script>\n<!-- \/ Yoast SEO plugin. -->","yoast_head_json":{"title":"QHP jazdeck\u00e9 podkolienky Halloween 2 ks - Spicehorse","description":"spicehorse.eu | Tieto leskl\u00e9 QHP Halloween podkolienky s\u00fa vyroben\u00e9 z\u00a0elastick\u00e9ho materi\u00e1lu, s\u00fa mimoriadne pohodln\u00e9 na nosenie.","robots":{"index":"index","follow":"follow","max-snippet":"max-snippet:-1","max-image-preview":"max-image-preview:large","max-video-preview":"max-video-preview:-1"},"canonical":"https:\/\/arak.spicehorse.eu\/sk\/produkt\/qhp-jazdecke-podkolienky-halloween-2-ks\/","og_locale":"sk_SK","og_type":"article","og_title":"QHP jazdeck\u00e9 podkolienky Halloween 2 ks - Spicehorse","og_description":"spicehorse.eu | Tieto leskl\u00e9 QHP Halloween podkolienky s\u00fa vyroben\u00e9 z\u00a0elastick\u00e9ho materi\u00e1lu, s\u00fa mimoriadne pohodln\u00e9 na nosenie.","og_url":"https:\/\/arak.spicehorse.eu\/sk\/produkt\/qhp-jazdecke-podkolienky-halloween-2-ks\/","og_site_name":"Spicehorse","article_publisher":"https:\/\/www.facebook.com\/SPICEHORSE-550385625402457\/","article_modified_time":"2023-09-19T08:20:54+00:00","og_image":[{"width":1280,"height":1280,"url":"https:\/\/arak.spicehorse.eu\/wp-content\/uploads\/2023\/09\/7274ske-1.jpg","type":"image\/jpeg"}],"twitter_card":"summary_large_image","schema":{"@context":"https:\/\/schema.org","@graph":[{"@type":"WebPage","@id":"https:\/\/arak.spicehorse.eu\/sk\/produkt\/qhp-jazdecke-podkolienky-halloween-2-ks\/","url":"https:\/\/arak.spicehorse.eu\/sk\/produkt\/qhp-jazdecke-podkolienky-halloween-2-ks\/","name":"QHP jazdeck\u00e9 podkolienky Halloween 2 ks - Spicehorse","isPartOf":{"@id":"https:\/\/arak.spicehorse.eu\/en\/#website"},"datePublished":"2023-09-14T16:48:23+00:00","dateModified":"2023-09-19T08:20:54+00:00","description":"spicehorse.eu | Tieto leskl\u00e9 QHP Halloween podkolienky s\u00fa vyroben\u00e9 z\u00a0elastick\u00e9ho materi\u00e1lu, s\u00fa mimoriadne pohodln\u00e9 na nosenie.","breadcrumb":{"@id":"https:\/\/arak.spicehorse.eu\/sk\/produkt\/qhp-jazdecke-podkolienky-halloween-2-ks\/#breadcrumb"},"inLanguage":"sk-SK","potentialAction":[{"@type":"ReadAction","target":["https:\/\/arak.spicehorse.eu\/sk\/produkt\/qhp-jazdecke-podkolienky-halloween-2-ks\/"]}]},{"@type":"BreadcrumbList","@id":"https:\/\/arak.spicehorse.eu\/sk\/produkt\/qhp-jazdecke-podkolienky-halloween-2-ks\/#breadcrumb","itemListElement":[{"@type":"ListItem","position":1,"name":"Home","item":"https:\/\/arak.spicehorse.eu\/sk\/"},{"@type":"ListItem","position":2,"name":"Predaj\u0148a","item":"https:\/\/arak.spicehorse.eu\/sk\/predajna\/"},{"@type":"ListItem","position":3,"name":"QHP jazdeck\u00e9 podkolienky Halloween 2 ks"}]},{"@type":"WebSite","@id":"https:\/\/arak.spicehorse.eu\/en\/#website","url":"https:\/\/arak.spicehorse.eu\/en\/","name":"Spicehorse","description":"UNDER DEVELOPMENT -","potentialAction":[{"@type":"SearchAction","target":{"@type":"EntryPoint","urlTemplate":"https:\/\/arak.spicehorse.eu\/en\/?s={search_term_string}"},"query-input":"required name=search_term_string"}],"inLanguage":"sk-SK"}]}},"_links":{"self":[{"href":"https:\/\/arak.spicehorse.eu\/sk\/wp-json\/wp\/v2\/product\/162925"}],"collection":[{"href":"https:\/\/arak.spicehorse.eu\/sk\/wp-json\/wp\/v2\/product"}],"about":[{"href":"https:\/\/arak.spicehorse.eu\/sk\/wp-json\/wp\/v2\/types\/product"}],"wp:featuredmedia":[{"embeddable":true,"href":"https:\/\/arak.spicehorse.eu\/sk\/wp-json\/wp\/v2\/media\/162930"}],"wp:attachment":[{"href":"https:\/\/arak.spicehorse.eu\/sk\/wp-json\/wp\/v2\/media?parent=162925"}],"wp:term":[{"taxonomy":"product_cat","embeddable":true,"href":"https:\/\/arak.spicehorse.eu\/sk\/wp-json\/wp\/v2\/product_cat?post=162925"},{"taxonomy":"product_tag","embeddable":true,"href":"https:\/\/arak.spicehorse.eu\/sk\/wp-json\/wp\/v2\/product_tag?post=162925"}],"curies":[{"name":"wp","href":"https:\/\/api.w.org\/{rel}","templated":true}]}}