{"id":162977,"date":"2023-09-14T20:03:31","date_gmt":"2023-09-14T18:03:37","guid":{"rendered":"https:\/\/arak.spicehorse.eu\/?post_type=product&#038;p=162977"},"modified":"2025-11-06T16:33:04","modified_gmt":"2025-11-06T15:33:04","slug":"qhp-jazdecky-bicik-halloween","status":"publish","type":"product","link":"https:\/\/arak.spicehorse.eu\/sk\/produkt\/qhp-jazdecky-bicik-halloween\/","title":{"rendered":"QHP jazdeck\u00fd bi\u010d\u00edk Halloween"},"content":{"rendered":"<p style=\"font-weight: 400;\">QHP jazdeck\u00fd bi\u010d\u00edk \u013eahkej v\u00e1hy s pl\u00e1ca\u010dkou v \u0161t\u00fdle Halloween. Skompletizujte svoj Halloween oufit in\u00fdmi v\u00fdrobkami z kolekcie Halloween.<\/p>\n","protected":false},"excerpt":{"rendered":"<ul style=\"font-weight: 400;\">\n<li>Materi\u00e1l: nylon<\/li>\n<li>Materi\u00e1l dr\u017eiaka: guma<\/li>\n<li>Jazdeck\u00fd bi\u010d\u00edk \u013eahkej v\u00e1hy<\/li>\n<li>Ko\u017een\u00e1 pl\u00e1ca\u010dka so vzorom Halloween<\/li>\n<li>Pogumovan\u00e1 r\u00fa\u010dka pre dokonal\u00e9 uchopenie<\/li>\n<li>\u0160tandardn\u00e1 d\u013a\u017eka 65 cm<\/li>\n<li>Celkov\u00e1 d\u013a\u017eka od r\u00fa\u010dky po koniec pl\u00e1ca\u010dky<\/li>\n<li>Maxim\u00e1lan d\u013a\u017eka pri s\u00fa\u0165a\u017eiach v skokoch 75 cm<\/li>\n<li>Dokonale lad\u00ed s ostatn\u00fdmi\u00a0v\u00fdrobkami kolekcie Halloween<\/li>\n<\/ul>\n","protected":false},"featured_media":162985,"template":"","meta":{"_acf_changed":false},"product_cat":[76,1753],"product_tag":[2098,1973,2616],"acf":[],"yoast_head":"<!-- This site is optimized with the Yoast SEO plugin v21.4 - https:\/\/yoast.com\/wordpress\/plugins\/seo\/ -->\n<title>QHP jazdeck\u00fd bi\u010d\u00edk Halloween - Spicehorse<\/title>\n<meta name=\"description\" content=\"spicehorse.eu | QHP jazdeck\u00fd bi\u010d\u00edk \u013eahkej v\u00e1hy s pl\u00e1ca\u010dkou v \u0161t\u00fdle Halloween. Skompletizujte svoj Halloween oufit in\u00fdmi v\u00fdrobkami z kolekcie Halloween.\" \/>\n<meta name=\"robots\" content=\"index, follow, max-snippet:-1, max-image-preview:large, max-video-preview:-1\" \/>\n<link rel=\"canonical\" href=\"https:\/\/arak.spicehorse.eu\/sk\/produkt\/qhp-jazdecky-bicik-halloween\/\" \/>\n<meta property=\"og:locale\" content=\"sk_SK\" \/>\n<meta property=\"og:type\" content=\"article\" \/>\n<meta property=\"og:title\" content=\"QHP jazdeck\u00fd bi\u010d\u00edk Halloween - Spicehorse\" \/>\n<meta property=\"og:description\" content=\"spicehorse.eu | QHP jazdeck\u00fd bi\u010d\u00edk \u013eahkej v\u00e1hy s pl\u00e1ca\u010dkou v \u0161t\u00fdle Halloween. Skompletizujte svoj Halloween oufit in\u00fdmi v\u00fdrobkami z kolekcie Halloween.\" \/>\n<meta property=\"og:url\" content=\"https:\/\/arak.spicehorse.eu\/sk\/produkt\/qhp-jazdecky-bicik-halloween\/\" \/>\n<meta property=\"og:site_name\" content=\"Spicehorse\" \/>\n<meta property=\"article:publisher\" content=\"https:\/\/www.facebook.com\/SPICEHORSE-550385625402457\/\" \/>\n<meta property=\"article:modified_time\" content=\"2025-11-06T15:33:04+00:00\" \/>\n<meta property=\"og:image\" content=\"https:\/\/arak.spicehorse.eu\/wp-content\/uploads\/2023\/09\/5319ske-1.jpg\" \/>\n\t<meta property=\"og:image:width\" content=\"1024\" \/>\n\t<meta property=\"og:image:height\" content=\"1280\" \/>\n\t<meta property=\"og:image:type\" content=\"image\/jpeg\" \/>\n<meta name=\"twitter:card\" content=\"summary_large_image\" \/>\n<script type=\"application\/ld+json\" class=\"yoast-schema-graph\">{\"@context\":\"https:\/\/schema.org\",\"@graph\":[{\"@type\":\"WebPage\",\"@id\":\"https:\/\/arak.spicehorse.eu\/sk\/produkt\/qhp-jazdecky-bicik-halloween\/\",\"url\":\"https:\/\/arak.spicehorse.eu\/sk\/produkt\/qhp-jazdecky-bicik-halloween\/\",\"name\":\"QHP jazdeck\u00fd bi\u010d\u00edk Halloween - Spicehorse\",\"isPartOf\":{\"@id\":\"https:\/\/arak.spicehorse.eu\/en\/#website\"},\"datePublished\":\"2023-09-14T18:03:37+00:00\",\"dateModified\":\"2025-11-06T15:33:04+00:00\",\"description\":\"spicehorse.eu | QHP jazdeck\u00fd bi\u010d\u00edk \u013eahkej v\u00e1hy s pl\u00e1ca\u010dkou v \u0161t\u00fdle Halloween. Skompletizujte svoj Halloween oufit in\u00fdmi v\u00fdrobkami z kolekcie Halloween.\",\"breadcrumb\":{\"@id\":\"https:\/\/arak.spicehorse.eu\/sk\/produkt\/qhp-jazdecky-bicik-halloween\/#breadcrumb\"},\"inLanguage\":\"sk-SK\",\"potentialAction\":[{\"@type\":\"ReadAction\",\"target\":[\"https:\/\/arak.spicehorse.eu\/sk\/produkt\/qhp-jazdecky-bicik-halloween\/\"]}]},{\"@type\":\"BreadcrumbList\",\"@id\":\"https:\/\/arak.spicehorse.eu\/sk\/produkt\/qhp-jazdecky-bicik-halloween\/#breadcrumb\",\"itemListElement\":[{\"@type\":\"ListItem\",\"position\":1,\"name\":\"Home\",\"item\":\"https:\/\/arak.spicehorse.eu\/sk\/\"},{\"@type\":\"ListItem\",\"position\":2,\"name\":\"Predaj\u0148a\",\"item\":\"https:\/\/arak.spicehorse.eu\/sk\/predajna\/\"},{\"@type\":\"ListItem\",\"position\":3,\"name\":\"QHP jazdeck\u00fd bi\u010d\u00edk Halloween\"}]},{\"@type\":\"WebSite\",\"@id\":\"https:\/\/arak.spicehorse.eu\/en\/#website\",\"url\":\"https:\/\/arak.spicehorse.eu\/en\/\",\"name\":\"Spicehorse\",\"description\":\"UNDER DEVELOPMENT -\",\"potentialAction\":[{\"@type\":\"SearchAction\",\"target\":{\"@type\":\"EntryPoint\",\"urlTemplate\":\"https:\/\/arak.spicehorse.eu\/en\/?s={search_term_string}\"},\"query-input\":\"required name=search_term_string\"}],\"inLanguage\":\"sk-SK\"}]}<\/script>\n<!-- \/ Yoast SEO plugin. -->","yoast_head_json":{"title":"QHP jazdeck\u00fd bi\u010d\u00edk Halloween - Spicehorse","description":"spicehorse.eu | QHP jazdeck\u00fd bi\u010d\u00edk \u013eahkej v\u00e1hy s pl\u00e1ca\u010dkou v \u0161t\u00fdle Halloween. Skompletizujte svoj Halloween oufit in\u00fdmi v\u00fdrobkami z kolekcie Halloween.","robots":{"index":"index","follow":"follow","max-snippet":"max-snippet:-1","max-image-preview":"max-image-preview:large","max-video-preview":"max-video-preview:-1"},"canonical":"https:\/\/arak.spicehorse.eu\/sk\/produkt\/qhp-jazdecky-bicik-halloween\/","og_locale":"sk_SK","og_type":"article","og_title":"QHP jazdeck\u00fd bi\u010d\u00edk Halloween - Spicehorse","og_description":"spicehorse.eu | QHP jazdeck\u00fd bi\u010d\u00edk \u013eahkej v\u00e1hy s pl\u00e1ca\u010dkou v \u0161t\u00fdle Halloween. Skompletizujte svoj Halloween oufit in\u00fdmi v\u00fdrobkami z kolekcie Halloween.","og_url":"https:\/\/arak.spicehorse.eu\/sk\/produkt\/qhp-jazdecky-bicik-halloween\/","og_site_name":"Spicehorse","article_publisher":"https:\/\/www.facebook.com\/SPICEHORSE-550385625402457\/","article_modified_time":"2025-11-06T15:33:04+00:00","og_image":[{"width":1024,"height":1280,"url":"https:\/\/arak.spicehorse.eu\/wp-content\/uploads\/2023\/09\/5319ske-1.jpg","type":"image\/jpeg"}],"twitter_card":"summary_large_image","schema":{"@context":"https:\/\/schema.org","@graph":[{"@type":"WebPage","@id":"https:\/\/arak.spicehorse.eu\/sk\/produkt\/qhp-jazdecky-bicik-halloween\/","url":"https:\/\/arak.spicehorse.eu\/sk\/produkt\/qhp-jazdecky-bicik-halloween\/","name":"QHP jazdeck\u00fd bi\u010d\u00edk Halloween - Spicehorse","isPartOf":{"@id":"https:\/\/arak.spicehorse.eu\/en\/#website"},"datePublished":"2023-09-14T18:03:37+00:00","dateModified":"2025-11-06T15:33:04+00:00","description":"spicehorse.eu | QHP jazdeck\u00fd bi\u010d\u00edk \u013eahkej v\u00e1hy s pl\u00e1ca\u010dkou v \u0161t\u00fdle Halloween. Skompletizujte svoj Halloween oufit in\u00fdmi v\u00fdrobkami z kolekcie Halloween.","breadcrumb":{"@id":"https:\/\/arak.spicehorse.eu\/sk\/produkt\/qhp-jazdecky-bicik-halloween\/#breadcrumb"},"inLanguage":"sk-SK","potentialAction":[{"@type":"ReadAction","target":["https:\/\/arak.spicehorse.eu\/sk\/produkt\/qhp-jazdecky-bicik-halloween\/"]}]},{"@type":"BreadcrumbList","@id":"https:\/\/arak.spicehorse.eu\/sk\/produkt\/qhp-jazdecky-bicik-halloween\/#breadcrumb","itemListElement":[{"@type":"ListItem","position":1,"name":"Home","item":"https:\/\/arak.spicehorse.eu\/sk\/"},{"@type":"ListItem","position":2,"name":"Predaj\u0148a","item":"https:\/\/arak.spicehorse.eu\/sk\/predajna\/"},{"@type":"ListItem","position":3,"name":"QHP jazdeck\u00fd bi\u010d\u00edk Halloween"}]},{"@type":"WebSite","@id":"https:\/\/arak.spicehorse.eu\/en\/#website","url":"https:\/\/arak.spicehorse.eu\/en\/","name":"Spicehorse","description":"UNDER DEVELOPMENT -","potentialAction":[{"@type":"SearchAction","target":{"@type":"EntryPoint","urlTemplate":"https:\/\/arak.spicehorse.eu\/en\/?s={search_term_string}"},"query-input":"required name=search_term_string"}],"inLanguage":"sk-SK"}]}},"_links":{"self":[{"href":"https:\/\/arak.spicehorse.eu\/sk\/wp-json\/wp\/v2\/product\/162977"}],"collection":[{"href":"https:\/\/arak.spicehorse.eu\/sk\/wp-json\/wp\/v2\/product"}],"about":[{"href":"https:\/\/arak.spicehorse.eu\/sk\/wp-json\/wp\/v2\/types\/product"}],"wp:featuredmedia":[{"embeddable":true,"href":"https:\/\/arak.spicehorse.eu\/sk\/wp-json\/wp\/v2\/media\/162985"}],"wp:attachment":[{"href":"https:\/\/arak.spicehorse.eu\/sk\/wp-json\/wp\/v2\/media?parent=162977"}],"wp:term":[{"taxonomy":"product_cat","embeddable":true,"href":"https:\/\/arak.spicehorse.eu\/sk\/wp-json\/wp\/v2\/product_cat?post=162977"},{"taxonomy":"product_tag","embeddable":true,"href":"https:\/\/arak.spicehorse.eu\/sk\/wp-json\/wp\/v2\/product_tag?post=162977"}],"curies":[{"name":"wp","href":"https:\/\/api.w.org\/{rel}","templated":true}]}}