{"id":16409,"date":"2020-09-16T12:18:07","date_gmt":"2020-09-16T10:18:08","guid":{"rendered":"https:\/\/arak.spicehorse.eu\/?post_type=product&#038;p=16409"},"modified":"2023-11-23T11:34:21","modified_gmt":"2023-11-23T10:34:21","slug":"kentucky-glitter-stone-drezurna-podsedlova-decka","status":"publish","type":"product","link":"https:\/\/arak.spicehorse.eu\/sk\/produkt\/kentucky-glitter-stone-drezurna-podsedlova-decka\/","title":{"rendered":"Kentucky Glitter Stone drez\u00farna podsedlov\u00e1 de\u010dka"},"content":{"rendered":"<p style=\"text-align: justify; margin: 0cm 0cm 7.5pt 0cm;\"><span lang=\"SK\" style=\"font-family: 'Arial',sans-serif; color: #777777;\">Kentucky Horsewear <span style=\"background: white;\">Glitter Stone <\/span>drez\u00farne podsedlov\u00e9 de\u010dky s\u00a0kamienkami s\u00fa m\u00e4kko polstrovan\u00e9 a\u00a0dokonale sa prisp\u00f4sobuj\u00fa medzi chrb\u00e1t ko\u0148a a\u00a0sedlo, pri\u010dom chr\u00e1nia chrb\u00e1t ko\u0148a pred vy\u0161\u00fachan\u00edm. Kentucky podsedlov\u00e1 de\u010dka m\u00e1 jedine\u010dn\u00e9 \u0161tepovanie v\u00a0tvare rybia kos\u0165 a\u00a0fantastick\u00fd jagav\u00fd lem. Bez ru\u0161iv\u00fdch such\u00fdch zipsov, iba jedin\u00fd nylonov\u00fd\u00a0reme\u0148\u00a0na pripojenie k\u00a0popruhu. Mo\u017eno ju pra\u0165 v\u00a0pr\u00e1\u010dke na 30\u00b0 (nevkladajte do su\u0161i\u010dky). Odpor\u00fa\u010dame pou\u017e\u00edvanie prac\u00edch vreciek!<\/span><\/p>\n","protected":false},"excerpt":{"rendered":"<ul>\n<li>So \u0161tepovan\u00edm v\u00a0tvare rybia kos\u0165<\/li>\n<li>S Glitter Stone leskl\u00fdm kamienkov\u00fdm lemom<\/li>\n<li>Bez sedlov\u00e9ho rema\u0148a, iba s\u00a0popruhov\u00fdm reme\u0148om<\/li>\n<\/ul>\n","protected":false},"featured_media":62154,"template":"","meta":{"_acf_changed":false},"product_cat":[75,367],"product_tag":[217,566,241,184],"acf":[],"yoast_head":"<!-- This site is optimized with the Yoast SEO plugin v21.4 - https:\/\/yoast.com\/wordpress\/plugins\/seo\/ -->\n<title>Kentucky Glitter Stone drez\u00farna podsedlov\u00e1 de\u010dka - Spicehorse<\/title>\n<meta name=\"description\" content=\"spicehorse.eu | Kentucky Horsewear podsedlov\u00e1 de\u010dka m\u00e1 jedine\u010dn\u00e9 \u0161tepovanie v\u00a0tvare rybia kos\u0165 a\u00a0fantastick\u00fd jagav\u00fd lem.\" \/>\n<meta name=\"robots\" content=\"index, follow, max-snippet:-1, max-image-preview:large, max-video-preview:-1\" \/>\n<link rel=\"canonical\" href=\"https:\/\/arak.spicehorse.eu\/sk\/produkt\/kentucky-glitter-stone-drezurna-podsedlova-decka\/\" \/>\n<meta property=\"og:locale\" content=\"sk_SK\" \/>\n<meta property=\"og:type\" content=\"article\" \/>\n<meta property=\"og:title\" content=\"Kentucky Glitter Stone drez\u00farna podsedlov\u00e1 de\u010dka - Spicehorse\" \/>\n<meta property=\"og:description\" content=\"spicehorse.eu | Kentucky Horsewear podsedlov\u00e1 de\u010dka m\u00e1 jedine\u010dn\u00e9 \u0161tepovanie v\u00a0tvare rybia kos\u0165 a\u00a0fantastick\u00fd jagav\u00fd lem.\" \/>\n<meta property=\"og:url\" content=\"https:\/\/arak.spicehorse.eu\/sk\/produkt\/kentucky-glitter-stone-drezurna-podsedlova-decka\/\" \/>\n<meta property=\"og:site_name\" content=\"Spicehorse\" \/>\n<meta property=\"article:publisher\" content=\"https:\/\/www.facebook.com\/SPICEHORSE-550385625402457\/\" \/>\n<meta property=\"article:modified_time\" content=\"2023-11-23T10:34:21+00:00\" \/>\n<meta property=\"og:image\" content=\"https:\/\/arak.spicehorse.eu\/wp-content\/uploads\/2020\/09\/98035259-493C-4ADB-9F44-DB01EEE141FE.jpeg\" \/>\n\t<meta property=\"og:image:width\" content=\"2048\" \/>\n\t<meta property=\"og:image:height\" content=\"2048\" \/>\n\t<meta property=\"og:image:type\" content=\"image\/jpeg\" \/>\n<meta name=\"twitter:card\" content=\"summary_large_image\" \/>\n<script type=\"application\/ld+json\" class=\"yoast-schema-graph\">{\"@context\":\"https:\/\/schema.org\",\"@graph\":[{\"@type\":\"WebPage\",\"@id\":\"https:\/\/arak.spicehorse.eu\/sk\/produkt\/kentucky-glitter-stone-drezurna-podsedlova-decka\/\",\"url\":\"https:\/\/arak.spicehorse.eu\/sk\/produkt\/kentucky-glitter-stone-drezurna-podsedlova-decka\/\",\"name\":\"Kentucky Glitter Stone drez\u00farna podsedlov\u00e1 de\u010dka - Spicehorse\",\"isPartOf\":{\"@id\":\"https:\/\/arak.spicehorse.eu\/en\/#website\"},\"datePublished\":\"2020-09-16T10:18:08+00:00\",\"dateModified\":\"2023-11-23T10:34:21+00:00\",\"description\":\"spicehorse.eu | Kentucky Horsewear podsedlov\u00e1 de\u010dka m\u00e1 jedine\u010dn\u00e9 \u0161tepovanie v\u00a0tvare rybia kos\u0165 a\u00a0fantastick\u00fd jagav\u00fd lem.\",\"breadcrumb\":{\"@id\":\"https:\/\/arak.spicehorse.eu\/sk\/produkt\/kentucky-glitter-stone-drezurna-podsedlova-decka\/#breadcrumb\"},\"inLanguage\":\"sk-SK\",\"potentialAction\":[{\"@type\":\"ReadAction\",\"target\":[\"https:\/\/arak.spicehorse.eu\/sk\/produkt\/kentucky-glitter-stone-drezurna-podsedlova-decka\/\"]}]},{\"@type\":\"BreadcrumbList\",\"@id\":\"https:\/\/arak.spicehorse.eu\/sk\/produkt\/kentucky-glitter-stone-drezurna-podsedlova-decka\/#breadcrumb\",\"itemListElement\":[{\"@type\":\"ListItem\",\"position\":1,\"name\":\"Home\",\"item\":\"https:\/\/arak.spicehorse.eu\/sk\/\"},{\"@type\":\"ListItem\",\"position\":2,\"name\":\"Predaj\u0148a\",\"item\":\"https:\/\/arak.spicehorse.eu\/sk\/predajna\/\"},{\"@type\":\"ListItem\",\"position\":3,\"name\":\"Kentucky Glitter Stone drez\u00farna podsedlov\u00e1 de\u010dka\"}]},{\"@type\":\"WebSite\",\"@id\":\"https:\/\/arak.spicehorse.eu\/en\/#website\",\"url\":\"https:\/\/arak.spicehorse.eu\/en\/\",\"name\":\"Spicehorse\",\"description\":\"UNDER DEVELOPMENT -\",\"potentialAction\":[{\"@type\":\"SearchAction\",\"target\":{\"@type\":\"EntryPoint\",\"urlTemplate\":\"https:\/\/arak.spicehorse.eu\/en\/?s={search_term_string}\"},\"query-input\":\"required name=search_term_string\"}],\"inLanguage\":\"sk-SK\"}]}<\/script>\n<!-- \/ Yoast SEO plugin. -->","yoast_head_json":{"title":"Kentucky Glitter Stone drez\u00farna podsedlov\u00e1 de\u010dka - Spicehorse","description":"spicehorse.eu | Kentucky Horsewear podsedlov\u00e1 de\u010dka m\u00e1 jedine\u010dn\u00e9 \u0161tepovanie v\u00a0tvare rybia kos\u0165 a\u00a0fantastick\u00fd jagav\u00fd lem.","robots":{"index":"index","follow":"follow","max-snippet":"max-snippet:-1","max-image-preview":"max-image-preview:large","max-video-preview":"max-video-preview:-1"},"canonical":"https:\/\/arak.spicehorse.eu\/sk\/produkt\/kentucky-glitter-stone-drezurna-podsedlova-decka\/","og_locale":"sk_SK","og_type":"article","og_title":"Kentucky Glitter Stone drez\u00farna podsedlov\u00e1 de\u010dka - Spicehorse","og_description":"spicehorse.eu | Kentucky Horsewear podsedlov\u00e1 de\u010dka m\u00e1 jedine\u010dn\u00e9 \u0161tepovanie v\u00a0tvare rybia kos\u0165 a\u00a0fantastick\u00fd jagav\u00fd lem.","og_url":"https:\/\/arak.spicehorse.eu\/sk\/produkt\/kentucky-glitter-stone-drezurna-podsedlova-decka\/","og_site_name":"Spicehorse","article_publisher":"https:\/\/www.facebook.com\/SPICEHORSE-550385625402457\/","article_modified_time":"2023-11-23T10:34:21+00:00","og_image":[{"width":2048,"height":2048,"url":"https:\/\/arak.spicehorse.eu\/wp-content\/uploads\/2020\/09\/98035259-493C-4ADB-9F44-DB01EEE141FE.jpeg","type":"image\/jpeg"}],"twitter_card":"summary_large_image","schema":{"@context":"https:\/\/schema.org","@graph":[{"@type":"WebPage","@id":"https:\/\/arak.spicehorse.eu\/sk\/produkt\/kentucky-glitter-stone-drezurna-podsedlova-decka\/","url":"https:\/\/arak.spicehorse.eu\/sk\/produkt\/kentucky-glitter-stone-drezurna-podsedlova-decka\/","name":"Kentucky Glitter Stone drez\u00farna podsedlov\u00e1 de\u010dka - Spicehorse","isPartOf":{"@id":"https:\/\/arak.spicehorse.eu\/en\/#website"},"datePublished":"2020-09-16T10:18:08+00:00","dateModified":"2023-11-23T10:34:21+00:00","description":"spicehorse.eu | Kentucky Horsewear podsedlov\u00e1 de\u010dka m\u00e1 jedine\u010dn\u00e9 \u0161tepovanie v\u00a0tvare rybia kos\u0165 a\u00a0fantastick\u00fd jagav\u00fd lem.","breadcrumb":{"@id":"https:\/\/arak.spicehorse.eu\/sk\/produkt\/kentucky-glitter-stone-drezurna-podsedlova-decka\/#breadcrumb"},"inLanguage":"sk-SK","potentialAction":[{"@type":"ReadAction","target":["https:\/\/arak.spicehorse.eu\/sk\/produkt\/kentucky-glitter-stone-drezurna-podsedlova-decka\/"]}]},{"@type":"BreadcrumbList","@id":"https:\/\/arak.spicehorse.eu\/sk\/produkt\/kentucky-glitter-stone-drezurna-podsedlova-decka\/#breadcrumb","itemListElement":[{"@type":"ListItem","position":1,"name":"Home","item":"https:\/\/arak.spicehorse.eu\/sk\/"},{"@type":"ListItem","position":2,"name":"Predaj\u0148a","item":"https:\/\/arak.spicehorse.eu\/sk\/predajna\/"},{"@type":"ListItem","position":3,"name":"Kentucky Glitter Stone drez\u00farna podsedlov\u00e1 de\u010dka"}]},{"@type":"WebSite","@id":"https:\/\/arak.spicehorse.eu\/en\/#website","url":"https:\/\/arak.spicehorse.eu\/en\/","name":"Spicehorse","description":"UNDER DEVELOPMENT -","potentialAction":[{"@type":"SearchAction","target":{"@type":"EntryPoint","urlTemplate":"https:\/\/arak.spicehorse.eu\/en\/?s={search_term_string}"},"query-input":"required name=search_term_string"}],"inLanguage":"sk-SK"}]}},"_links":{"self":[{"href":"https:\/\/arak.spicehorse.eu\/sk\/wp-json\/wp\/v2\/product\/16409"}],"collection":[{"href":"https:\/\/arak.spicehorse.eu\/sk\/wp-json\/wp\/v2\/product"}],"about":[{"href":"https:\/\/arak.spicehorse.eu\/sk\/wp-json\/wp\/v2\/types\/product"}],"wp:featuredmedia":[{"embeddable":true,"href":"https:\/\/arak.spicehorse.eu\/sk\/wp-json\/wp\/v2\/media\/62154"}],"wp:attachment":[{"href":"https:\/\/arak.spicehorse.eu\/sk\/wp-json\/wp\/v2\/media?parent=16409"}],"wp:term":[{"taxonomy":"product_cat","embeddable":true,"href":"https:\/\/arak.spicehorse.eu\/sk\/wp-json\/wp\/v2\/product_cat?post=16409"},{"taxonomy":"product_tag","embeddable":true,"href":"https:\/\/arak.spicehorse.eu\/sk\/wp-json\/wp\/v2\/product_tag?post=16409"}],"curies":[{"name":"wp","href":"https:\/\/api.w.org\/{rel}","templated":true}]}}