{"id":16503,"date":"2020-09-17T09:04:10","date_gmt":"2020-09-17T07:04:11","guid":{"rendered":"https:\/\/arak.spicehorse.eu\/?post_type=product&#038;p=16503"},"modified":"2025-12-08T08:53:22","modified_gmt":"2025-12-08T07:53:22","slug":"equestrian-stockholm-dark-sky-drezurna-podsedlova-decka-cob","status":"publish","type":"product","link":"https:\/\/arak.spicehorse.eu\/sk\/produkt\/equestrian-stockholm-dark-sky-drezurna-podsedlova-decka-cob\/","title":{"rendered":"Equestrian Stockholm Dark Sky drez\u00farna podsedlov\u00e1 de\u010dka COB"},"content":{"rendered":"<p>Jedine\u010dn\u00e1 kolekcia Equestrian Stockholm Dark Sky!<\/p>\n<p>Prv\u00e1 kolekcia s\u00a0kr\u00e1snymi rose gold detailmi, ktor\u00e1 sa dokonale hod\u00ed k\u00a0tmavosivej farbe.<\/p>\n<p>S\u00a0elegantn\u00fdm Equestrian Stockholm logom na boku. Vonkaj\u0161\u00ed materi\u00e1l je leskl\u00fd a\u00a0odpudzuje \u0161pinu, vn\u00fatorn\u00ed \u010das\u0165 je z\u00a0r\u00fdchlo schn\u00faceho materi\u00e1lu (Super Dry Quick), mimoriadne \u00fa\u010dinne pohlcuje vlhkos\u0165- maxim\u00e1lne pohodlie pre ko\u0148a aj pre jazdca po\u010das jazdenia.<\/p>\n<p>Dokonale lad\u00ed s\u00a0ostatn\u00fdmi v\u00fdrobkami kolekcie Equestrian Stockholm Dark Sky.<\/p>\n","protected":false},"excerpt":{"rendered":"<ul>\n<li>Ve\u013ekos\u0165: Cob<\/li>\n<li>Farba: tmavosiv\u00e1<\/li>\n<li>Lem: tmavosiv\u00fd<\/li>\n<li>\u0160nurovanie: rose gold\/tmavosiv\u00e1<\/li>\n<li>Kovov\u00e1 tabu\u013eka: rose gold<\/li>\n<li>Vn\u00fatorn\u00e1 \u010das\u0165: Super Dry Quick<\/li>\n<li>Vonkaj\u0161ia \u010das\u0165: 100% polyester<\/li>\n<li>Pranie: na 30\u00b0 stup\u0148och \/ nepou\u017e\u00edvajte aviv\u00e1\u017e \/ nevkladajte do su\u0161i\u010dky \/ perte z rubovej strany v z\u00e1ujme \u00fa\u010dinnej\u0161ieho prania a ochrany kovovej tabu\u013eky \/ such\u00e9 zipsy majte zapnut\u00e9<\/li>\n<\/ul>\n","protected":false},"featured_media":196610,"template":"","meta":{"_acf_changed":false},"product_cat":[1743,75,367],"product_tag":[369,567,217,351,1410],"acf":[],"yoast_head":"<!-- This site is optimized with the Yoast SEO plugin v21.4 - https:\/\/yoast.com\/wordpress\/plugins\/seo\/ -->\n<title>Equestrian Stockholm Dark Sky drez\u00farna podsedlov\u00e1 de\u010dka COB - Spicehorse<\/title>\n<meta name=\"description\" content=\"spicehorse.eu | Jedine\u010dn\u00e1 kolekcia Equestrian Stockholm Dark Sky! Prv\u00e1 kolekcia s\u00a0kr\u00e1snymi rose gold detailmi, ktor\u00e1 sa dokonale hod\u00ed k\u00a0tmavosivej farbe.\" \/>\n<meta name=\"robots\" content=\"index, follow, max-snippet:-1, max-image-preview:large, max-video-preview:-1\" \/>\n<link rel=\"canonical\" href=\"https:\/\/arak.spicehorse.eu\/sk\/produkt\/equestrian-stockholm-dark-sky-drezurna-podsedlova-decka-cob\/\" \/>\n<meta property=\"og:locale\" content=\"sk_SK\" \/>\n<meta property=\"og:type\" content=\"article\" \/>\n<meta property=\"og:title\" content=\"Equestrian Stockholm Dark Sky drez\u00farna podsedlov\u00e1 de\u010dka COB - Spicehorse\" \/>\n<meta property=\"og:description\" content=\"spicehorse.eu | Jedine\u010dn\u00e1 kolekcia Equestrian Stockholm Dark Sky! Prv\u00e1 kolekcia s\u00a0kr\u00e1snymi rose gold detailmi, ktor\u00e1 sa dokonale hod\u00ed k\u00a0tmavosivej farbe.\" \/>\n<meta property=\"og:url\" content=\"https:\/\/arak.spicehorse.eu\/sk\/produkt\/equestrian-stockholm-dark-sky-drezurna-podsedlova-decka-cob\/\" \/>\n<meta property=\"og:site_name\" content=\"Spicehorse\" \/>\n<meta property=\"article:publisher\" content=\"https:\/\/www.facebook.com\/SPICEHORSE-550385625402457\/\" \/>\n<meta property=\"article:modified_time\" content=\"2025-12-08T07:53:22+00:00\" \/>\n<meta property=\"og:image\" content=\"https:\/\/arak.spicehorse.eu\/wp-content\/uploads\/2020\/09\/darksky-classic-saddlepad-cob-dressage-1-1-2000pxjpg.webp\" \/>\n\t<meta property=\"og:image:width\" content=\"1500\" \/>\n\t<meta property=\"og:image:height\" content=\"2000\" \/>\n\t<meta property=\"og:image:type\" content=\"image\/webp\" \/>\n<meta name=\"twitter:card\" content=\"summary_large_image\" \/>\n<script type=\"application\/ld+json\" class=\"yoast-schema-graph\">{\"@context\":\"https:\/\/schema.org\",\"@graph\":[{\"@type\":\"WebPage\",\"@id\":\"https:\/\/arak.spicehorse.eu\/sk\/produkt\/equestrian-stockholm-dark-sky-drezurna-podsedlova-decka-cob\/\",\"url\":\"https:\/\/arak.spicehorse.eu\/sk\/produkt\/equestrian-stockholm-dark-sky-drezurna-podsedlova-decka-cob\/\",\"name\":\"Equestrian Stockholm Dark Sky drez\u00farna podsedlov\u00e1 de\u010dka COB - Spicehorse\",\"isPartOf\":{\"@id\":\"https:\/\/arak.spicehorse.eu\/en\/#website\"},\"datePublished\":\"2020-09-17T07:04:11+00:00\",\"dateModified\":\"2025-12-08T07:53:22+00:00\",\"description\":\"spicehorse.eu | Jedine\u010dn\u00e1 kolekcia Equestrian Stockholm Dark Sky! Prv\u00e1 kolekcia s\u00a0kr\u00e1snymi rose gold detailmi, ktor\u00e1 sa dokonale hod\u00ed k\u00a0tmavosivej farbe.\",\"breadcrumb\":{\"@id\":\"https:\/\/arak.spicehorse.eu\/sk\/produkt\/equestrian-stockholm-dark-sky-drezurna-podsedlova-decka-cob\/#breadcrumb\"},\"inLanguage\":\"sk-SK\",\"potentialAction\":[{\"@type\":\"ReadAction\",\"target\":[\"https:\/\/arak.spicehorse.eu\/sk\/produkt\/equestrian-stockholm-dark-sky-drezurna-podsedlova-decka-cob\/\"]}]},{\"@type\":\"BreadcrumbList\",\"@id\":\"https:\/\/arak.spicehorse.eu\/sk\/produkt\/equestrian-stockholm-dark-sky-drezurna-podsedlova-decka-cob\/#breadcrumb\",\"itemListElement\":[{\"@type\":\"ListItem\",\"position\":1,\"name\":\"Home\",\"item\":\"https:\/\/arak.spicehorse.eu\/sk\/\"},{\"@type\":\"ListItem\",\"position\":2,\"name\":\"Predaj\u0148a\",\"item\":\"https:\/\/arak.spicehorse.eu\/sk\/predajna\/\"},{\"@type\":\"ListItem\",\"position\":3,\"name\":\"Equestrian Stockholm Dark Sky drez\u00farna podsedlov\u00e1 de\u010dka COB\"}]},{\"@type\":\"WebSite\",\"@id\":\"https:\/\/arak.spicehorse.eu\/en\/#website\",\"url\":\"https:\/\/arak.spicehorse.eu\/en\/\",\"name\":\"Spicehorse\",\"description\":\"UNDER DEVELOPMENT -\",\"potentialAction\":[{\"@type\":\"SearchAction\",\"target\":{\"@type\":\"EntryPoint\",\"urlTemplate\":\"https:\/\/arak.spicehorse.eu\/en\/?s={search_term_string}\"},\"query-input\":\"required name=search_term_string\"}],\"inLanguage\":\"sk-SK\"}]}<\/script>\n<!-- \/ Yoast SEO plugin. -->","yoast_head_json":{"title":"Equestrian Stockholm Dark Sky drez\u00farna podsedlov\u00e1 de\u010dka COB - Spicehorse","description":"spicehorse.eu | Jedine\u010dn\u00e1 kolekcia Equestrian Stockholm Dark Sky! Prv\u00e1 kolekcia s\u00a0kr\u00e1snymi rose gold detailmi, ktor\u00e1 sa dokonale hod\u00ed k\u00a0tmavosivej farbe.","robots":{"index":"index","follow":"follow","max-snippet":"max-snippet:-1","max-image-preview":"max-image-preview:large","max-video-preview":"max-video-preview:-1"},"canonical":"https:\/\/arak.spicehorse.eu\/sk\/produkt\/equestrian-stockholm-dark-sky-drezurna-podsedlova-decka-cob\/","og_locale":"sk_SK","og_type":"article","og_title":"Equestrian Stockholm Dark Sky drez\u00farna podsedlov\u00e1 de\u010dka COB - Spicehorse","og_description":"spicehorse.eu | Jedine\u010dn\u00e1 kolekcia Equestrian Stockholm Dark Sky! Prv\u00e1 kolekcia s\u00a0kr\u00e1snymi rose gold detailmi, ktor\u00e1 sa dokonale hod\u00ed k\u00a0tmavosivej farbe.","og_url":"https:\/\/arak.spicehorse.eu\/sk\/produkt\/equestrian-stockholm-dark-sky-drezurna-podsedlova-decka-cob\/","og_site_name":"Spicehorse","article_publisher":"https:\/\/www.facebook.com\/SPICEHORSE-550385625402457\/","article_modified_time":"2025-12-08T07:53:22+00:00","og_image":[{"width":1500,"height":2000,"url":"https:\/\/arak.spicehorse.eu\/wp-content\/uploads\/2020\/09\/darksky-classic-saddlepad-cob-dressage-1-1-2000pxjpg.webp","type":"image\/webp"}],"twitter_card":"summary_large_image","schema":{"@context":"https:\/\/schema.org","@graph":[{"@type":"WebPage","@id":"https:\/\/arak.spicehorse.eu\/sk\/produkt\/equestrian-stockholm-dark-sky-drezurna-podsedlova-decka-cob\/","url":"https:\/\/arak.spicehorse.eu\/sk\/produkt\/equestrian-stockholm-dark-sky-drezurna-podsedlova-decka-cob\/","name":"Equestrian Stockholm Dark Sky drez\u00farna podsedlov\u00e1 de\u010dka COB - Spicehorse","isPartOf":{"@id":"https:\/\/arak.spicehorse.eu\/en\/#website"},"datePublished":"2020-09-17T07:04:11+00:00","dateModified":"2025-12-08T07:53:22+00:00","description":"spicehorse.eu | Jedine\u010dn\u00e1 kolekcia Equestrian Stockholm Dark Sky! Prv\u00e1 kolekcia s\u00a0kr\u00e1snymi rose gold detailmi, ktor\u00e1 sa dokonale hod\u00ed k\u00a0tmavosivej farbe.","breadcrumb":{"@id":"https:\/\/arak.spicehorse.eu\/sk\/produkt\/equestrian-stockholm-dark-sky-drezurna-podsedlova-decka-cob\/#breadcrumb"},"inLanguage":"sk-SK","potentialAction":[{"@type":"ReadAction","target":["https:\/\/arak.spicehorse.eu\/sk\/produkt\/equestrian-stockholm-dark-sky-drezurna-podsedlova-decka-cob\/"]}]},{"@type":"BreadcrumbList","@id":"https:\/\/arak.spicehorse.eu\/sk\/produkt\/equestrian-stockholm-dark-sky-drezurna-podsedlova-decka-cob\/#breadcrumb","itemListElement":[{"@type":"ListItem","position":1,"name":"Home","item":"https:\/\/arak.spicehorse.eu\/sk\/"},{"@type":"ListItem","position":2,"name":"Predaj\u0148a","item":"https:\/\/arak.spicehorse.eu\/sk\/predajna\/"},{"@type":"ListItem","position":3,"name":"Equestrian Stockholm Dark Sky drez\u00farna podsedlov\u00e1 de\u010dka COB"}]},{"@type":"WebSite","@id":"https:\/\/arak.spicehorse.eu\/en\/#website","url":"https:\/\/arak.spicehorse.eu\/en\/","name":"Spicehorse","description":"UNDER DEVELOPMENT -","potentialAction":[{"@type":"SearchAction","target":{"@type":"EntryPoint","urlTemplate":"https:\/\/arak.spicehorse.eu\/en\/?s={search_term_string}"},"query-input":"required name=search_term_string"}],"inLanguage":"sk-SK"}]}},"_links":{"self":[{"href":"https:\/\/arak.spicehorse.eu\/sk\/wp-json\/wp\/v2\/product\/16503"}],"collection":[{"href":"https:\/\/arak.spicehorse.eu\/sk\/wp-json\/wp\/v2\/product"}],"about":[{"href":"https:\/\/arak.spicehorse.eu\/sk\/wp-json\/wp\/v2\/types\/product"}],"wp:featuredmedia":[{"embeddable":true,"href":"https:\/\/arak.spicehorse.eu\/sk\/wp-json\/wp\/v2\/media\/196610"}],"wp:attachment":[{"href":"https:\/\/arak.spicehorse.eu\/sk\/wp-json\/wp\/v2\/media?parent=16503"}],"wp:term":[{"taxonomy":"product_cat","embeddable":true,"href":"https:\/\/arak.spicehorse.eu\/sk\/wp-json\/wp\/v2\/product_cat?post=16503"},{"taxonomy":"product_tag","embeddable":true,"href":"https:\/\/arak.spicehorse.eu\/sk\/wp-json\/wp\/v2\/product_tag?post=16503"}],"curies":[{"name":"wp","href":"https:\/\/api.w.org\/{rel}","templated":true}]}}