{"id":165926,"date":"2023-10-17T18:24:14","date_gmt":"2023-10-17T16:24:14","guid":{"rendered":"https:\/\/arak.spicehorse.eu\/?post_type=product&#038;p=165926"},"modified":"2023-11-23T11:17:02","modified_gmt":"2023-11-23T10:17:02","slug":"kentucky-rubber-logo-baseballova-ciapka","status":"publish","type":"product","link":"https:\/\/arak.spicehorse.eu\/sk\/produkt\/kentucky-rubber-logo-baseballova-ciapka\/","title":{"rendered":"Kentucky Rubber Logo baseballov\u00e1 \u010diapka"},"content":{"rendered":"<p style=\"font-weight: 400;\">Trendov\u00e1 Kentucky Horsewear Rubber Logo baseballov\u00e1 \u010diapka svojimi farbami lad\u00ed s\u00a0ak\u00fdmko\u013evek oble\u010den\u00edm. Je nepostr\u00e1date\u013enou v\u00fdbavou ka\u017ed\u00e9ho jazdca, ktor\u00fd je nad\u0161encom Kentucky.<\/p>\n<p style=\"font-weight: 400;\">100% bavlna a\u00a0Kentucky logo vpredu z\u00a0modern\u00e9ho gumen\u00e9ho materi\u00e1lu.<\/p>\n<p style=\"font-weight: 400;\">Vzadu je nastavite\u013en\u00e1 na potrebn\u00fa ve\u013ekos\u0165.<\/p>\n<p style=\"font-weight: 400;\">Mo\u017eno ju pra\u0165 na 30\u00b0C, nevkladajte do su\u0161i\u010dky.<\/p>\n","protected":false},"excerpt":{"rendered":"<ul style=\"font-weight: 400;\">\n<li>Gumen\u00e9 Kentucky logo vpredu<\/li>\n<li>Nastavite\u013en\u00e1 ve\u013ekso\u0165<\/li>\n<li>6 vetrac\u00edch otvorov<\/li>\n<li>100% bavlna<\/li>\n<\/ul>\n","protected":false},"featured_media":165935,"template":"","meta":{"_acf_changed":false},"product_cat":[76,309],"product_tag":[331,566,184],"acf":[],"yoast_head":"<!-- This site is optimized with the Yoast SEO plugin v21.4 - https:\/\/yoast.com\/wordpress\/plugins\/seo\/ -->\n<title>Kentucky Rubber Logo baseballov\u00e1 \u010diapka - Spicehorse<\/title>\n<meta name=\"description\" content=\"spicehorse.eu | Trendov\u00e1 Kentucky Horsewear Rubber Logo baseballov\u00e1 \u010diapka svojimi farbami lad\u00ed s\u00a0ak\u00fdmko\u013evek oble\u010den\u00edm.\" \/>\n<meta name=\"robots\" content=\"index, follow, max-snippet:-1, max-image-preview:large, max-video-preview:-1\" \/>\n<link rel=\"canonical\" href=\"https:\/\/arak.spicehorse.eu\/sk\/produkt\/kentucky-rubber-logo-baseballova-ciapka\/\" \/>\n<meta property=\"og:locale\" content=\"sk_SK\" \/>\n<meta property=\"og:type\" content=\"article\" \/>\n<meta property=\"og:title\" content=\"Kentucky Rubber Logo baseballov\u00e1 \u010diapka - Spicehorse\" \/>\n<meta property=\"og:description\" content=\"spicehorse.eu | Trendov\u00e1 Kentucky Horsewear Rubber Logo baseballov\u00e1 \u010diapka svojimi farbami lad\u00ed s\u00a0ak\u00fdmko\u013evek oble\u010den\u00edm.\" \/>\n<meta property=\"og:url\" content=\"https:\/\/arak.spicehorse.eu\/sk\/produkt\/kentucky-rubber-logo-baseballova-ciapka\/\" \/>\n<meta property=\"og:site_name\" content=\"Spicehorse\" \/>\n<meta property=\"article:publisher\" content=\"https:\/\/www.facebook.com\/SPICEHORSE-550385625402457\/\" \/>\n<meta property=\"article:modified_time\" content=\"2023-11-23T10:17:02+00:00\" \/>\n<meta property=\"og:image\" content=\"https:\/\/arak.spicehorse.eu\/wp-content\/uploads\/2023\/10\/a9cb5defd89901586e2333dae726d7567b2299883e521047051f28a79596a655.jpg\" \/>\n\t<meta property=\"og:image:width\" content=\"2048\" \/>\n\t<meta property=\"og:image:height\" content=\"2048\" \/>\n\t<meta property=\"og:image:type\" content=\"image\/jpeg\" \/>\n<meta name=\"twitter:card\" content=\"summary_large_image\" \/>\n<script type=\"application\/ld+json\" class=\"yoast-schema-graph\">{\"@context\":\"https:\/\/schema.org\",\"@graph\":[{\"@type\":\"WebPage\",\"@id\":\"https:\/\/arak.spicehorse.eu\/sk\/produkt\/kentucky-rubber-logo-baseballova-ciapka\/\",\"url\":\"https:\/\/arak.spicehorse.eu\/sk\/produkt\/kentucky-rubber-logo-baseballova-ciapka\/\",\"name\":\"Kentucky Rubber Logo baseballov\u00e1 \u010diapka - Spicehorse\",\"isPartOf\":{\"@id\":\"https:\/\/arak.spicehorse.eu\/en\/#website\"},\"datePublished\":\"2023-10-17T16:24:14+00:00\",\"dateModified\":\"2023-11-23T10:17:02+00:00\",\"description\":\"spicehorse.eu | Trendov\u00e1 Kentucky Horsewear Rubber Logo baseballov\u00e1 \u010diapka svojimi farbami lad\u00ed s\u00a0ak\u00fdmko\u013evek oble\u010den\u00edm.\",\"breadcrumb\":{\"@id\":\"https:\/\/arak.spicehorse.eu\/sk\/produkt\/kentucky-rubber-logo-baseballova-ciapka\/#breadcrumb\"},\"inLanguage\":\"sk-SK\",\"potentialAction\":[{\"@type\":\"ReadAction\",\"target\":[\"https:\/\/arak.spicehorse.eu\/sk\/produkt\/kentucky-rubber-logo-baseballova-ciapka\/\"]}]},{\"@type\":\"BreadcrumbList\",\"@id\":\"https:\/\/arak.spicehorse.eu\/sk\/produkt\/kentucky-rubber-logo-baseballova-ciapka\/#breadcrumb\",\"itemListElement\":[{\"@type\":\"ListItem\",\"position\":1,\"name\":\"Home\",\"item\":\"https:\/\/arak.spicehorse.eu\/sk\/\"},{\"@type\":\"ListItem\",\"position\":2,\"name\":\"Predaj\u0148a\",\"item\":\"https:\/\/arak.spicehorse.eu\/sk\/predajna\/\"},{\"@type\":\"ListItem\",\"position\":3,\"name\":\"Kentucky Rubber Logo baseballov\u00e1 \u010diapka\"}]},{\"@type\":\"WebSite\",\"@id\":\"https:\/\/arak.spicehorse.eu\/en\/#website\",\"url\":\"https:\/\/arak.spicehorse.eu\/en\/\",\"name\":\"Spicehorse\",\"description\":\"UNDER DEVELOPMENT -\",\"potentialAction\":[{\"@type\":\"SearchAction\",\"target\":{\"@type\":\"EntryPoint\",\"urlTemplate\":\"https:\/\/arak.spicehorse.eu\/en\/?s={search_term_string}\"},\"query-input\":\"required name=search_term_string\"}],\"inLanguage\":\"sk-SK\"}]}<\/script>\n<!-- \/ Yoast SEO plugin. -->","yoast_head_json":{"title":"Kentucky Rubber Logo baseballov\u00e1 \u010diapka - Spicehorse","description":"spicehorse.eu | Trendov\u00e1 Kentucky Horsewear Rubber Logo baseballov\u00e1 \u010diapka svojimi farbami lad\u00ed s\u00a0ak\u00fdmko\u013evek oble\u010den\u00edm.","robots":{"index":"index","follow":"follow","max-snippet":"max-snippet:-1","max-image-preview":"max-image-preview:large","max-video-preview":"max-video-preview:-1"},"canonical":"https:\/\/arak.spicehorse.eu\/sk\/produkt\/kentucky-rubber-logo-baseballova-ciapka\/","og_locale":"sk_SK","og_type":"article","og_title":"Kentucky Rubber Logo baseballov\u00e1 \u010diapka - Spicehorse","og_description":"spicehorse.eu | Trendov\u00e1 Kentucky Horsewear Rubber Logo baseballov\u00e1 \u010diapka svojimi farbami lad\u00ed s\u00a0ak\u00fdmko\u013evek oble\u010den\u00edm.","og_url":"https:\/\/arak.spicehorse.eu\/sk\/produkt\/kentucky-rubber-logo-baseballova-ciapka\/","og_site_name":"Spicehorse","article_publisher":"https:\/\/www.facebook.com\/SPICEHORSE-550385625402457\/","article_modified_time":"2023-11-23T10:17:02+00:00","og_image":[{"width":2048,"height":2048,"url":"https:\/\/arak.spicehorse.eu\/wp-content\/uploads\/2023\/10\/a9cb5defd89901586e2333dae726d7567b2299883e521047051f28a79596a655.jpg","type":"image\/jpeg"}],"twitter_card":"summary_large_image","schema":{"@context":"https:\/\/schema.org","@graph":[{"@type":"WebPage","@id":"https:\/\/arak.spicehorse.eu\/sk\/produkt\/kentucky-rubber-logo-baseballova-ciapka\/","url":"https:\/\/arak.spicehorse.eu\/sk\/produkt\/kentucky-rubber-logo-baseballova-ciapka\/","name":"Kentucky Rubber Logo baseballov\u00e1 \u010diapka - Spicehorse","isPartOf":{"@id":"https:\/\/arak.spicehorse.eu\/en\/#website"},"datePublished":"2023-10-17T16:24:14+00:00","dateModified":"2023-11-23T10:17:02+00:00","description":"spicehorse.eu | Trendov\u00e1 Kentucky Horsewear Rubber Logo baseballov\u00e1 \u010diapka svojimi farbami lad\u00ed s\u00a0ak\u00fdmko\u013evek oble\u010den\u00edm.","breadcrumb":{"@id":"https:\/\/arak.spicehorse.eu\/sk\/produkt\/kentucky-rubber-logo-baseballova-ciapka\/#breadcrumb"},"inLanguage":"sk-SK","potentialAction":[{"@type":"ReadAction","target":["https:\/\/arak.spicehorse.eu\/sk\/produkt\/kentucky-rubber-logo-baseballova-ciapka\/"]}]},{"@type":"BreadcrumbList","@id":"https:\/\/arak.spicehorse.eu\/sk\/produkt\/kentucky-rubber-logo-baseballova-ciapka\/#breadcrumb","itemListElement":[{"@type":"ListItem","position":1,"name":"Home","item":"https:\/\/arak.spicehorse.eu\/sk\/"},{"@type":"ListItem","position":2,"name":"Predaj\u0148a","item":"https:\/\/arak.spicehorse.eu\/sk\/predajna\/"},{"@type":"ListItem","position":3,"name":"Kentucky Rubber Logo baseballov\u00e1 \u010diapka"}]},{"@type":"WebSite","@id":"https:\/\/arak.spicehorse.eu\/en\/#website","url":"https:\/\/arak.spicehorse.eu\/en\/","name":"Spicehorse","description":"UNDER DEVELOPMENT -","potentialAction":[{"@type":"SearchAction","target":{"@type":"EntryPoint","urlTemplate":"https:\/\/arak.spicehorse.eu\/en\/?s={search_term_string}"},"query-input":"required name=search_term_string"}],"inLanguage":"sk-SK"}]}},"_links":{"self":[{"href":"https:\/\/arak.spicehorse.eu\/sk\/wp-json\/wp\/v2\/product\/165926"}],"collection":[{"href":"https:\/\/arak.spicehorse.eu\/sk\/wp-json\/wp\/v2\/product"}],"about":[{"href":"https:\/\/arak.spicehorse.eu\/sk\/wp-json\/wp\/v2\/types\/product"}],"wp:featuredmedia":[{"embeddable":true,"href":"https:\/\/arak.spicehorse.eu\/sk\/wp-json\/wp\/v2\/media\/165935"}],"wp:attachment":[{"href":"https:\/\/arak.spicehorse.eu\/sk\/wp-json\/wp\/v2\/media?parent=165926"}],"wp:term":[{"taxonomy":"product_cat","embeddable":true,"href":"https:\/\/arak.spicehorse.eu\/sk\/wp-json\/wp\/v2\/product_cat?post=165926"},{"taxonomy":"product_tag","embeddable":true,"href":"https:\/\/arak.spicehorse.eu\/sk\/wp-json\/wp\/v2\/product_tag?post=165926"}],"curies":[{"name":"wp","href":"https:\/\/api.w.org\/{rel}","templated":true}]}}