{"id":166038,"date":"2023-10-18T11:05:42","date_gmt":"2023-10-18T09:05:43","guid":{"rendered":"https:\/\/arak.spicehorse.eu\/?post_type=product&#038;p=166038"},"modified":"2025-04-29T16:06:26","modified_gmt":"2025-04-29T14:06:26","slug":"flex-on-safe-on-strmene-cierno-cervena","status":"publish","type":"product","link":"https:\/\/arak.spicehorse.eu\/sk\/produkt\/flex-on-safe-on-strmene-cierno-cervena\/","title":{"rendered":"FLEX-ON Safe-On strmene \u010dierno\/\/\u010derven\u00e1"},"content":{"rendered":"<p style=\"font-weight: 400;\">Flex-on Safe-On bezpe\u010dnostn\u00e9 strmene s ultra grip n\u00e1\u0161\u013eapom.<\/p>\n<p style=\"font-weight: 400;\">Flex-on strmene poskytuj\u00fa maxim\u00e1lnu bezpe\u010dnos\u0165 v\u010faka flexibiln\u00e9mu, zas\u00favate\u013en\u00e9mu vonkaj\u0161iemu ramenu. Pohodlie, v\u00fdkon, \u0161t\u00fdl a\u00a0bezpe\u010dnos\u0165 pre ka\u017ed\u00e9ho jazdca. Nerozbitn\u00e1 kon\u0161trukcia zni\u017euje riziko zranenia, v pr\u00edpade p\u00e1du sa vonkaj\u0161ie rameno &#8222;roztrhne&#8220;, tak\u017ee noha jazdca nezostane uviaznut\u00e1 v strmeni. Rameno sa \u00a0d\u00e1 \u013eahko vr\u00e1ti\u0165 na p\u00f4vodn\u00e9 miesto.<\/p>\n<p style=\"font-weight: 400;\">V\u00a0n\u00e1\u0161\u013eape s\u00fa umiestnen\u00e9 tlmiace pru\u017einy, k\u00a0dispoz\u00edcii je mno\u017estvo mo\u017enost\u00ed, farieb na zostavenie vlastn\u00fdch strme\u0148ov (r\u00e1m, n\u00e1\u0161\u013eap, tlmi\u010d n\u00e1razov, magnetick\u00e9 n\u00e1lepky).).<\/p>\n<p style=\"font-weight: 400;\">Sklon n\u00e1\u0161\u013eapu podporuje spr\u00e1vne dr\u017eanie nohy, stabilitu. Z\u00a0materi\u00e1lu zhodn\u00e9ho s Green Composite streme\u0148mi, \u0161irok\u00fd n\u00e1\u013e\u0161ap a\u00a0dva tlmi\u010de n\u00e1razov.<\/p>\n<p style=\"font-weight: 400;\">\u013dahk\u00e9 \u010distenie, strmene jednoducho pretrite vlhkou handrou.<\/p>\n<p style=\"font-weight: 400;\">Flex-on Safe-On strmene s\u00fa v\u00a0\u0161irokej miere prisp\u00f4sobite\u013en\u00e9 pod\u013ea v\u00fdberu, s\u00fa ide\u00edlnou vo\u013ebou na ka\u017edodenn\u00e9 jazdenie ako aj po\u010das s\u00fa\u0165a\u017e\u00ed.<\/p>\n<p style=\"font-weight: 400;\">V\u00e1ha: 1 kg<\/p>\n<p style=\"font-weight: 400;\"><strong>V\u00a0pr\u00edpade objedn\u00e1vky personalizovan\u00e9ho v\u00fdrobku n\u00e1s pros\u00edm kontaktujte na niektorom z\u00a0uveden\u00fdch kontaktov!<\/strong><\/p>\n","protected":false},"excerpt":{"rendered":"<p>Flex-on Safe-On bezpe\u010dnostn\u00e9 strmene s ultra grip n\u00e1\u0161\u013eapom. Flex-on strmene poskytuj\u00fa maxim\u00e1lnu bezpe\u010dnos\u0165 v\u010faka flexibiln\u00e9mu, zas\u00favate\u013en\u00e9mu vonkaj\u0161iemu ramenu. Pohodlie, v\u00fdkon, \u0161t\u00fdl a\u00a0bezpe\u010dnos\u0165 pre ka\u017ed\u00e9ho jazdca. Nerozbitn\u00e1 kon\u0161trukcia zni\u017euje riziko zranenia, v pr\u00edpade p\u00e1du sa vonkaj\u0161ie rameno &#8222;roztrhne&#8220;, tak\u017ee noha jazdca nezostane uviaznut\u00e1 v strmeni. Rameno sa \u00a0d\u00e1 \u013eahko vr\u00e1ti\u0165 na p\u00f4vodn\u00e9 miesto. V\u00a0n\u00e1\u0161\u013eape s\u00fa umiestnen\u00e9 [&hellip;]<\/p>\n","protected":false},"featured_media":166041,"template":"","meta":{"_acf_changed":false},"product_cat":[75,1577],"product_tag":[2665,2666,1596],"acf":[],"yoast_head":"<!-- This site is optimized with the Yoast SEO plugin v21.4 - https:\/\/yoast.com\/wordpress\/plugins\/seo\/ -->\n<title>FLEX-ON Safe-On strmene \u010dierno\/\/\u010derven\u00e1 - Spicehorse<\/title>\n<meta name=\"description\" content=\"spicehorse.eu | Flex-on strmene poskytuj\u00fa maxim\u00e1lnu bezpe\u010dnos\u0165 v\u010faka flexibiln\u00e9mu, zas\u00favate\u013en\u00e9mu vonkaj\u0161iemu ramenu.\" \/>\n<meta name=\"robots\" content=\"index, follow, max-snippet:-1, max-image-preview:large, max-video-preview:-1\" \/>\n<link rel=\"canonical\" href=\"https:\/\/arak.spicehorse.eu\/sk\/produkt\/flex-on-safe-on-strmene-cierno-cervena\/\" \/>\n<meta property=\"og:locale\" content=\"sk_SK\" \/>\n<meta property=\"og:type\" content=\"article\" \/>\n<meta property=\"og:title\" content=\"FLEX-ON Safe-On strmene \u010dierno\/\/\u010derven\u00e1 - Spicehorse\" \/>\n<meta property=\"og:description\" content=\"spicehorse.eu | Flex-on strmene poskytuj\u00fa maxim\u00e1lnu bezpe\u010dnos\u0165 v\u010faka flexibiln\u00e9mu, zas\u00favate\u013en\u00e9mu vonkaj\u0161iemu ramenu.\" \/>\n<meta property=\"og:url\" content=\"https:\/\/arak.spicehorse.eu\/sk\/produkt\/flex-on-safe-on-strmene-cierno-cervena\/\" \/>\n<meta property=\"og:site_name\" content=\"Spicehorse\" \/>\n<meta property=\"article:publisher\" content=\"https:\/\/www.facebook.com\/SPICEHORSE-550385625402457\/\" \/>\n<meta property=\"article:modified_time\" content=\"2025-04-29T14:06:26+00:00\" \/>\n<meta property=\"og:image\" content=\"https:\/\/arak.spicehorse.eu\/wp-content\/uploads\/2023\/10\/flex-on-safe-on-blackred.jpg\" \/>\n\t<meta property=\"og:image:width\" content=\"1613\" \/>\n\t<meta property=\"og:image:height\" content=\"1595\" \/>\n\t<meta property=\"og:image:type\" content=\"image\/jpeg\" \/>\n<meta name=\"twitter:card\" content=\"summary_large_image\" \/>\n<meta name=\"twitter:label1\" content=\"Predpokladan\u00fd \u010das \u010d\u00edtania\" \/>\n\t<meta name=\"twitter:data1\" content=\"1 min\u00fata\" \/>\n<script type=\"application\/ld+json\" class=\"yoast-schema-graph\">{\"@context\":\"https:\/\/schema.org\",\"@graph\":[{\"@type\":\"WebPage\",\"@id\":\"https:\/\/arak.spicehorse.eu\/sk\/produkt\/flex-on-safe-on-strmene-cierno-cervena\/\",\"url\":\"https:\/\/arak.spicehorse.eu\/sk\/produkt\/flex-on-safe-on-strmene-cierno-cervena\/\",\"name\":\"FLEX-ON Safe-On strmene \u010dierno\/\/\u010derven\u00e1 - Spicehorse\",\"isPartOf\":{\"@id\":\"https:\/\/arak.spicehorse.eu\/en\/#website\"},\"datePublished\":\"2023-10-18T09:05:43+00:00\",\"dateModified\":\"2025-04-29T14:06:26+00:00\",\"description\":\"spicehorse.eu | Flex-on strmene poskytuj\u00fa maxim\u00e1lnu bezpe\u010dnos\u0165 v\u010faka flexibiln\u00e9mu, zas\u00favate\u013en\u00e9mu vonkaj\u0161iemu ramenu.\",\"breadcrumb\":{\"@id\":\"https:\/\/arak.spicehorse.eu\/sk\/produkt\/flex-on-safe-on-strmene-cierno-cervena\/#breadcrumb\"},\"inLanguage\":\"sk-SK\",\"potentialAction\":[{\"@type\":\"ReadAction\",\"target\":[\"https:\/\/arak.spicehorse.eu\/sk\/produkt\/flex-on-safe-on-strmene-cierno-cervena\/\"]}]},{\"@type\":\"BreadcrumbList\",\"@id\":\"https:\/\/arak.spicehorse.eu\/sk\/produkt\/flex-on-safe-on-strmene-cierno-cervena\/#breadcrumb\",\"itemListElement\":[{\"@type\":\"ListItem\",\"position\":1,\"name\":\"Home\",\"item\":\"https:\/\/arak.spicehorse.eu\/sk\/\"},{\"@type\":\"ListItem\",\"position\":2,\"name\":\"Predaj\u0148a\",\"item\":\"https:\/\/arak.spicehorse.eu\/sk\/predajna\/\"},{\"@type\":\"ListItem\",\"position\":3,\"name\":\"FLEX-ON Safe-On strmene \u010dierno\/\/\u010derven\u00e1\"}]},{\"@type\":\"WebSite\",\"@id\":\"https:\/\/arak.spicehorse.eu\/en\/#website\",\"url\":\"https:\/\/arak.spicehorse.eu\/en\/\",\"name\":\"Spicehorse\",\"description\":\"UNDER DEVELOPMENT -\",\"potentialAction\":[{\"@type\":\"SearchAction\",\"target\":{\"@type\":\"EntryPoint\",\"urlTemplate\":\"https:\/\/arak.spicehorse.eu\/en\/?s={search_term_string}\"},\"query-input\":\"required name=search_term_string\"}],\"inLanguage\":\"sk-SK\"}]}<\/script>\n<!-- \/ Yoast SEO plugin. -->","yoast_head_json":{"title":"FLEX-ON Safe-On strmene \u010dierno\/\/\u010derven\u00e1 - Spicehorse","description":"spicehorse.eu | Flex-on strmene poskytuj\u00fa maxim\u00e1lnu bezpe\u010dnos\u0165 v\u010faka flexibiln\u00e9mu, zas\u00favate\u013en\u00e9mu vonkaj\u0161iemu ramenu.","robots":{"index":"index","follow":"follow","max-snippet":"max-snippet:-1","max-image-preview":"max-image-preview:large","max-video-preview":"max-video-preview:-1"},"canonical":"https:\/\/arak.spicehorse.eu\/sk\/produkt\/flex-on-safe-on-strmene-cierno-cervena\/","og_locale":"sk_SK","og_type":"article","og_title":"FLEX-ON Safe-On strmene \u010dierno\/\/\u010derven\u00e1 - Spicehorse","og_description":"spicehorse.eu | Flex-on strmene poskytuj\u00fa maxim\u00e1lnu bezpe\u010dnos\u0165 v\u010faka flexibiln\u00e9mu, zas\u00favate\u013en\u00e9mu vonkaj\u0161iemu ramenu.","og_url":"https:\/\/arak.spicehorse.eu\/sk\/produkt\/flex-on-safe-on-strmene-cierno-cervena\/","og_site_name":"Spicehorse","article_publisher":"https:\/\/www.facebook.com\/SPICEHORSE-550385625402457\/","article_modified_time":"2025-04-29T14:06:26+00:00","og_image":[{"width":1613,"height":1595,"url":"https:\/\/arak.spicehorse.eu\/wp-content\/uploads\/2023\/10\/flex-on-safe-on-blackred.jpg","type":"image\/jpeg"}],"twitter_card":"summary_large_image","twitter_misc":{"Predpokladan\u00fd \u010das \u010d\u00edtania":"1 min\u00fata"},"schema":{"@context":"https:\/\/schema.org","@graph":[{"@type":"WebPage","@id":"https:\/\/arak.spicehorse.eu\/sk\/produkt\/flex-on-safe-on-strmene-cierno-cervena\/","url":"https:\/\/arak.spicehorse.eu\/sk\/produkt\/flex-on-safe-on-strmene-cierno-cervena\/","name":"FLEX-ON Safe-On strmene \u010dierno\/\/\u010derven\u00e1 - Spicehorse","isPartOf":{"@id":"https:\/\/arak.spicehorse.eu\/en\/#website"},"datePublished":"2023-10-18T09:05:43+00:00","dateModified":"2025-04-29T14:06:26+00:00","description":"spicehorse.eu | Flex-on strmene poskytuj\u00fa maxim\u00e1lnu bezpe\u010dnos\u0165 v\u010faka flexibiln\u00e9mu, zas\u00favate\u013en\u00e9mu vonkaj\u0161iemu ramenu.","breadcrumb":{"@id":"https:\/\/arak.spicehorse.eu\/sk\/produkt\/flex-on-safe-on-strmene-cierno-cervena\/#breadcrumb"},"inLanguage":"sk-SK","potentialAction":[{"@type":"ReadAction","target":["https:\/\/arak.spicehorse.eu\/sk\/produkt\/flex-on-safe-on-strmene-cierno-cervena\/"]}]},{"@type":"BreadcrumbList","@id":"https:\/\/arak.spicehorse.eu\/sk\/produkt\/flex-on-safe-on-strmene-cierno-cervena\/#breadcrumb","itemListElement":[{"@type":"ListItem","position":1,"name":"Home","item":"https:\/\/arak.spicehorse.eu\/sk\/"},{"@type":"ListItem","position":2,"name":"Predaj\u0148a","item":"https:\/\/arak.spicehorse.eu\/sk\/predajna\/"},{"@type":"ListItem","position":3,"name":"FLEX-ON Safe-On strmene \u010dierno\/\/\u010derven\u00e1"}]},{"@type":"WebSite","@id":"https:\/\/arak.spicehorse.eu\/en\/#website","url":"https:\/\/arak.spicehorse.eu\/en\/","name":"Spicehorse","description":"UNDER DEVELOPMENT -","potentialAction":[{"@type":"SearchAction","target":{"@type":"EntryPoint","urlTemplate":"https:\/\/arak.spicehorse.eu\/en\/?s={search_term_string}"},"query-input":"required name=search_term_string"}],"inLanguage":"sk-SK"}]}},"_links":{"self":[{"href":"https:\/\/arak.spicehorse.eu\/sk\/wp-json\/wp\/v2\/product\/166038"}],"collection":[{"href":"https:\/\/arak.spicehorse.eu\/sk\/wp-json\/wp\/v2\/product"}],"about":[{"href":"https:\/\/arak.spicehorse.eu\/sk\/wp-json\/wp\/v2\/types\/product"}],"wp:featuredmedia":[{"embeddable":true,"href":"https:\/\/arak.spicehorse.eu\/sk\/wp-json\/wp\/v2\/media\/166041"}],"wp:attachment":[{"href":"https:\/\/arak.spicehorse.eu\/sk\/wp-json\/wp\/v2\/media?parent=166038"}],"wp:term":[{"taxonomy":"product_cat","embeddable":true,"href":"https:\/\/arak.spicehorse.eu\/sk\/wp-json\/wp\/v2\/product_cat?post=166038"},{"taxonomy":"product_tag","embeddable":true,"href":"https:\/\/arak.spicehorse.eu\/sk\/wp-json\/wp\/v2\/product_tag?post=166038"}],"curies":[{"name":"wp","href":"https:\/\/api.w.org\/{rel}","templated":true}]}}