{"id":166388,"date":"2023-10-22T14:22:52","date_gmt":"2023-10-22T12:22:56","guid":{"rendered":"https:\/\/arak.spicehorse.eu\/?post_type=product&#038;p=166388"},"modified":"2023-10-27T13:29:16","modified_gmt":"2023-10-27T11:29:16","slug":"flex-on-jazdecke-podkolienky-2-ks","status":"publish","type":"product","link":"https:\/\/arak.spicehorse.eu\/sk\/produkt\/flex-on-jazdecke-podkolienky-2-ks\/","title":{"rendered":"FLEX-ON jazdeck\u00e9 podkolienky 2 ks"},"content":{"rendered":"<div>\n<p><span lang=\"SK\">Dva p\u00e1ry jazdeck\u00fdch podkolienok FLEX-ON.<\/span><\/p>\n<\/div>\n<div>\n<p><span lang=\"SK\">Vyroben\u00e9 s\u00fa\u00a0meryl materi\u00e1lu vysokej kvality (97% polyamid, 3% elastan)<\/span><\/p>\n<\/div>\n","protected":false},"excerpt":{"rendered":"<p>Dva p\u00e1ry jazdeck\u00fdch podkolienok FLEX-ON. Vyroben\u00e9 s\u00fa\u00a0meryl materi\u00e1lu vysokej kvality (97% polyamid, 3% elastan)<\/p>\n","protected":false},"featured_media":166393,"template":"","meta":{"_acf_changed":false},"product_cat":[76,310],"product_tag":[2665,402],"acf":[],"yoast_head":"<!-- This site is optimized with the Yoast SEO plugin v21.4 - https:\/\/yoast.com\/wordpress\/plugins\/seo\/ -->\n<title>FLEX-ON jazdeck\u00e9 podkolienky 2 ks - Spicehorse<\/title>\n<meta name=\"description\" content=\"spicehorse.eu | Dva p\u00e1ry jazdeck\u00fdch podkolienok FLEX-ON. Vyroben\u00e9 s\u00fa\u00a0meryl materi\u00e1lu vysokej kvality.\" \/>\n<meta name=\"robots\" content=\"index, follow, max-snippet:-1, max-image-preview:large, max-video-preview:-1\" \/>\n<link rel=\"canonical\" href=\"https:\/\/arak.spicehorse.eu\/termek\/flex-on-lovaglozokni-2-db\/\" \/>\n<meta property=\"og:locale\" content=\"sk_SK\" \/>\n<meta property=\"og:type\" content=\"article\" \/>\n<meta property=\"og:title\" content=\"FLEX-ON jazdeck\u00e9 podkolienky 2 ks - Spicehorse\" \/>\n<meta property=\"og:description\" content=\"spicehorse.eu | Dva p\u00e1ry jazdeck\u00fdch podkolienok FLEX-ON. Vyroben\u00e9 s\u00fa\u00a0meryl materi\u00e1lu vysokej kvality.\" \/>\n<meta property=\"og:url\" content=\"https:\/\/arak.spicehorse.eu\/termek\/flex-on-lovaglozokni-2-db\/\" \/>\n<meta property=\"og:site_name\" content=\"Spicehorse\" \/>\n<meta property=\"article:publisher\" content=\"https:\/\/www.facebook.com\/SPICEHORSE-550385625402457\/\" \/>\n<meta property=\"article:modified_time\" content=\"2023-10-27T11:29:16+00:00\" \/>\n<meta property=\"og:image\" content=\"https:\/\/arak.spicehorse.eu\/wp-content\/uploads\/2023\/10\/socks.png\" \/>\n\t<meta property=\"og:image:width\" content=\"1602\" \/>\n\t<meta property=\"og:image:height\" content=\"1671\" \/>\n\t<meta property=\"og:image:type\" content=\"image\/png\" \/>\n<meta name=\"twitter:card\" content=\"summary_large_image\" \/>\n<script type=\"application\/ld+json\" class=\"yoast-schema-graph\">{\"@context\":\"https:\/\/schema.org\",\"@graph\":[{\"@type\":\"WebPage\",\"@id\":\"https:\/\/arak.spicehorse.eu\/termek\/flex-on-lovaglozokni-2-db\/\",\"url\":\"https:\/\/arak.spicehorse.eu\/termek\/flex-on-lovaglozokni-2-db\/\",\"name\":\"FLEX-ON jazdeck\u00e9 podkolienky 2 ks - Spicehorse\",\"isPartOf\":{\"@id\":\"https:\/\/arak.spicehorse.eu\/en\/#website\"},\"datePublished\":\"2023-10-22T12:22:56+00:00\",\"dateModified\":\"2023-10-27T11:29:16+00:00\",\"description\":\"spicehorse.eu | Dva p\u00e1ry jazdeck\u00fdch podkolienok FLEX-ON. Vyroben\u00e9 s\u00fa\u00a0meryl materi\u00e1lu vysokej kvality.\",\"breadcrumb\":{\"@id\":\"https:\/\/arak.spicehorse.eu\/termek\/flex-on-lovaglozokni-2-db\/#breadcrumb\"},\"inLanguage\":\"sk-SK\",\"potentialAction\":[{\"@type\":\"ReadAction\",\"target\":[\"https:\/\/arak.spicehorse.eu\/termek\/flex-on-lovaglozokni-2-db\/\"]}]},{\"@type\":\"BreadcrumbList\",\"@id\":\"https:\/\/arak.spicehorse.eu\/termek\/flex-on-lovaglozokni-2-db\/#breadcrumb\",\"itemListElement\":[{\"@type\":\"ListItem\",\"position\":1,\"name\":\"Home\",\"item\":\"https:\/\/arak.spicehorse.eu\/sk\/\"},{\"@type\":\"ListItem\",\"position\":2,\"name\":\"Predaj\u0148a\",\"item\":\"https:\/\/arak.spicehorse.eu\/sk\/predajna\/\"},{\"@type\":\"ListItem\",\"position\":3,\"name\":\"FLEX-ON jazdeck\u00e9 podkolienky 2 ks\"}]},{\"@type\":\"WebSite\",\"@id\":\"https:\/\/arak.spicehorse.eu\/en\/#website\",\"url\":\"https:\/\/arak.spicehorse.eu\/en\/\",\"name\":\"Spicehorse\",\"description\":\"UNDER DEVELOPMENT -\",\"potentialAction\":[{\"@type\":\"SearchAction\",\"target\":{\"@type\":\"EntryPoint\",\"urlTemplate\":\"https:\/\/arak.spicehorse.eu\/en\/?s={search_term_string}\"},\"query-input\":\"required name=search_term_string\"}],\"inLanguage\":\"sk-SK\"}]}<\/script>\n<!-- \/ Yoast SEO plugin. -->","yoast_head_json":{"title":"FLEX-ON jazdeck\u00e9 podkolienky 2 ks - Spicehorse","description":"spicehorse.eu | Dva p\u00e1ry jazdeck\u00fdch podkolienok FLEX-ON. Vyroben\u00e9 s\u00fa\u00a0meryl materi\u00e1lu vysokej kvality.","robots":{"index":"index","follow":"follow","max-snippet":"max-snippet:-1","max-image-preview":"max-image-preview:large","max-video-preview":"max-video-preview:-1"},"canonical":"https:\/\/arak.spicehorse.eu\/termek\/flex-on-lovaglozokni-2-db\/","og_locale":"sk_SK","og_type":"article","og_title":"FLEX-ON jazdeck\u00e9 podkolienky 2 ks - Spicehorse","og_description":"spicehorse.eu | Dva p\u00e1ry jazdeck\u00fdch podkolienok FLEX-ON. Vyroben\u00e9 s\u00fa\u00a0meryl materi\u00e1lu vysokej kvality.","og_url":"https:\/\/arak.spicehorse.eu\/termek\/flex-on-lovaglozokni-2-db\/","og_site_name":"Spicehorse","article_publisher":"https:\/\/www.facebook.com\/SPICEHORSE-550385625402457\/","article_modified_time":"2023-10-27T11:29:16+00:00","og_image":[{"width":1602,"height":1671,"url":"https:\/\/arak.spicehorse.eu\/wp-content\/uploads\/2023\/10\/socks.png","type":"image\/png"}],"twitter_card":"summary_large_image","schema":{"@context":"https:\/\/schema.org","@graph":[{"@type":"WebPage","@id":"https:\/\/arak.spicehorse.eu\/termek\/flex-on-lovaglozokni-2-db\/","url":"https:\/\/arak.spicehorse.eu\/termek\/flex-on-lovaglozokni-2-db\/","name":"FLEX-ON jazdeck\u00e9 podkolienky 2 ks - Spicehorse","isPartOf":{"@id":"https:\/\/arak.spicehorse.eu\/en\/#website"},"datePublished":"2023-10-22T12:22:56+00:00","dateModified":"2023-10-27T11:29:16+00:00","description":"spicehorse.eu | Dva p\u00e1ry jazdeck\u00fdch podkolienok FLEX-ON. Vyroben\u00e9 s\u00fa\u00a0meryl materi\u00e1lu vysokej kvality.","breadcrumb":{"@id":"https:\/\/arak.spicehorse.eu\/termek\/flex-on-lovaglozokni-2-db\/#breadcrumb"},"inLanguage":"sk-SK","potentialAction":[{"@type":"ReadAction","target":["https:\/\/arak.spicehorse.eu\/termek\/flex-on-lovaglozokni-2-db\/"]}]},{"@type":"BreadcrumbList","@id":"https:\/\/arak.spicehorse.eu\/termek\/flex-on-lovaglozokni-2-db\/#breadcrumb","itemListElement":[{"@type":"ListItem","position":1,"name":"Home","item":"https:\/\/arak.spicehorse.eu\/sk\/"},{"@type":"ListItem","position":2,"name":"Predaj\u0148a","item":"https:\/\/arak.spicehorse.eu\/sk\/predajna\/"},{"@type":"ListItem","position":3,"name":"FLEX-ON jazdeck\u00e9 podkolienky 2 ks"}]},{"@type":"WebSite","@id":"https:\/\/arak.spicehorse.eu\/en\/#website","url":"https:\/\/arak.spicehorse.eu\/en\/","name":"Spicehorse","description":"UNDER DEVELOPMENT -","potentialAction":[{"@type":"SearchAction","target":{"@type":"EntryPoint","urlTemplate":"https:\/\/arak.spicehorse.eu\/en\/?s={search_term_string}"},"query-input":"required name=search_term_string"}],"inLanguage":"sk-SK"}]}},"_links":{"self":[{"href":"https:\/\/arak.spicehorse.eu\/sk\/wp-json\/wp\/v2\/product\/166388"}],"collection":[{"href":"https:\/\/arak.spicehorse.eu\/sk\/wp-json\/wp\/v2\/product"}],"about":[{"href":"https:\/\/arak.spicehorse.eu\/sk\/wp-json\/wp\/v2\/types\/product"}],"wp:featuredmedia":[{"embeddable":true,"href":"https:\/\/arak.spicehorse.eu\/sk\/wp-json\/wp\/v2\/media\/166393"}],"wp:attachment":[{"href":"https:\/\/arak.spicehorse.eu\/sk\/wp-json\/wp\/v2\/media?parent=166388"}],"wp:term":[{"taxonomy":"product_cat","embeddable":true,"href":"https:\/\/arak.spicehorse.eu\/sk\/wp-json\/wp\/v2\/product_cat?post=166388"},{"taxonomy":"product_tag","embeddable":true,"href":"https:\/\/arak.spicehorse.eu\/sk\/wp-json\/wp\/v2\/product_tag?post=166388"}],"curies":[{"name":"wp","href":"https:\/\/api.w.org\/{rel}","templated":true}]}}