{"id":166410,"date":"2023-10-22T15:52:04","date_gmt":"2023-10-22T13:52:05","guid":{"rendered":"https:\/\/arak.spicehorse.eu\/?post_type=product&#038;p=166410"},"modified":"2025-04-29T16:12:18","modified_gmt":"2025-04-29T14:12:18","slug":"flex-on-green-composite-strmene-custom","status":"publish","type":"product","link":"https:\/\/arak.spicehorse.eu\/sk\/produkt\/flex-on-green-composite-strmene-custom\/","title":{"rendered":"FLEX-ON Green Composite strmene CUSTOM"},"content":{"rendered":"<p>Pre vlastn\u00fa konfigur\u00e1ciu kliknite na ni\u017e\u0161ie uveden\u00fd odkaz v\u00fdrobcu:<\/p>\n<p><a href=\"https:\/\/www.flex-on.fr\/produit\/etrier-green-composite\/?lang=en\">Vlastn\u00e1 konfigur\u00e1cia\u00a0FLEX-ON Green Composite strme\u0148ov<\/a><\/p>\n<p style=\"font-weight: 400;\">Flex-on Safe-On bezpe\u010dnostn\u00e9 strmene s ultra grip n\u00e1\u0161\u013eapom.<\/p>\n<p style=\"font-weight: 400;\">Najpopul\u00e1rnej\u0161ie Flex-On strmene, personalizovan\u00fd v\u00fdrobok, ktor\u00fd je maxim\u00e1lne bezpe\u010dn\u00fd, poskytuje extra stabilitu pre jazdca a\u00a0podporuje spr\u00e1vne dr\u017eanie n\u00f4h. \u00a0V\u010faka ergonomick\u00e9mu tvarovaniu tlmacemu n\u00e1razy patr\u00ed medzi strmene, ktor\u00e9 s\u00fa vyroben\u00e9 tou najmodernej\u0161ou technol\u00f3giou. Pevn\u00fd vn\u00fatorn\u00fd oce\u013eov\u00fd r\u00e1m, vonkaj\u0161ia \u010das\u0165 je vyroben\u00e1 z\u00a0od\u013eah\u010den\u00e9ho polyamidu. \u0160ikm\u00e9 strme\u0148ov\u00e9 remene podporuj\u00fa rovnomern\u00e9 rozlo\u017eenie hmotnosti jazdca. Sklonen\u00fd n\u00e1\u0161\u013eap s\u00a0ultra gripom pom\u00e1ha udr\u017ea\u0165 jazdca stabilne a\u00a0vo vhodnej polohe, n\u00e1\u0161\u013eap je vybaven\u00fd gumen\u00fdmi tlmi\u010dmi n\u00e1razov \u010d\u00edm sa zni\u017euje tlak vyv\u00edjan\u00fd na k\u013aby jazdca. S\u00fa ide\u00e1lnou vo\u013ebou pre skokov\u00fdch jazdcov, pre t\u00fdch, ktor\u00ed jazdia na viacer\u00fdch ko\u0148och alebo jazdcov, ktor\u00fdch tr\u00e1pia\u00a0 probl\u00e9my kolien a\u00a0\u010dlenkov.<\/p>\n<p style=\"font-weight: 400;\">\u013dahk\u00e9 \u010distenie, strmene jednoducho pretrite vlhkou handrou.<\/p>\n<p style=\"font-weight: 400;\">Flex-on Safe-On strmene s\u00fa v\u00a0\u0161irokej miere prisp\u00f4sobite\u013en\u00e9 pod\u013ea v\u00fdberu, s\u00fa ide\u00edlnou vo\u013ebou na ka\u017edodenn\u00e9 jazdenie ako aj po\u010das s\u00fa\u0165a\u017e\u00ed.<\/p>\n<p style=\"font-weight: 400;\">V\u00e1ha: 800 g<\/p>\n<p style=\"font-weight: 400;\"><strong>V\u00a0pr\u00edpade objedn\u00e1vky personalizovan\u00e9ho v\u00fdrobku n\u00e1s pros\u00edm kontaktujte na niektorom z\u00a0uveden\u00fdch kontaktov!<\/strong><\/p>\n","protected":false},"excerpt":{"rendered":"<p>Pre vlastn\u00fa konfigur\u00e1ciu kliknite na ni\u017e\u0161ie uveden\u00fd odkaz v\u00fdrobcu: Vlastn\u00e1 konfigur\u00e1cia\u00a0FLEX-ON Green Composite strme\u0148ov Flex-on Safe-On bezpe\u010dnostn\u00e9 strmene s ultra grip n\u00e1\u0161\u013eapom. Najpopul\u00e1rnej\u0161ie Flex-On strmene, personalizovan\u00fd v\u00fdrobok, ktor\u00fd je maxim\u00e1lne bezpe\u010dn\u00fd, poskytuje extra stabilitu pre jazdca a\u00a0podporuje spr\u00e1vne dr\u017eanie n\u00f4h. \u00a0V\u010faka ergonomick\u00e9mu tvarovaniu tlmacemu n\u00e1razy patr\u00ed medzi strmene, ktor\u00e9 s\u00fa vyroben\u00e9 tou najmodernej\u0161ou technol\u00f3giou. Pevn\u00fd [&hellip;]<\/p>\n","protected":false},"featured_media":166413,"template":"","meta":{"_acf_changed":false},"product_cat":[75,1577],"product_tag":[2686,2665,1596],"acf":[],"yoast_head":"<!-- This site is optimized with the Yoast SEO plugin v21.4 - https:\/\/yoast.com\/wordpress\/plugins\/seo\/ -->\n<title>FLEX-ON Green Composite strmene CUSTOM - Spicehorse<\/title>\n<meta name=\"description\" content=\"spicehorse.eu | Najpopul\u00e1rnej\u0161ie Flex-On strmene, personalizovan\u00fd v\u00fdrobok, ktor\u00fd je maxim\u00e1lne bezpe\u010dn\u00fd, poskytuje extra stabilitu pre jazdca a\u00a0podporuje spr\u00e1vne dr\u017eanie n\u00f4h.\" \/>\n<meta name=\"robots\" content=\"index, follow, max-snippet:-1, max-image-preview:large, max-video-preview:-1\" \/>\n<link rel=\"canonical\" href=\"https:\/\/arak.spicehorse.eu\/sk\/produkt\/flex-on-green-composite-strmene-custom\/\" \/>\n<meta property=\"og:locale\" content=\"sk_SK\" \/>\n<meta property=\"og:type\" content=\"article\" \/>\n<meta property=\"og:title\" content=\"FLEX-ON Green Composite strmene CUSTOM - Spicehorse\" \/>\n<meta property=\"og:description\" content=\"spicehorse.eu | Najpopul\u00e1rnej\u0161ie Flex-On strmene, personalizovan\u00fd v\u00fdrobok, ktor\u00fd je maxim\u00e1lne bezpe\u010dn\u00fd, poskytuje extra stabilitu pre jazdca a\u00a0podporuje spr\u00e1vne dr\u017eanie n\u00f4h.\" \/>\n<meta property=\"og:url\" content=\"https:\/\/arak.spicehorse.eu\/sk\/produkt\/flex-on-green-composite-strmene-custom\/\" \/>\n<meta property=\"og:site_name\" content=\"Spicehorse\" \/>\n<meta property=\"article:publisher\" content=\"https:\/\/www.facebook.com\/SPICEHORSE-550385625402457\/\" \/>\n<meta property=\"article:modified_time\" content=\"2025-04-29T14:12:18+00:00\" \/>\n<meta property=\"og:image\" content=\"https:\/\/arak.spicehorse.eu\/wp-content\/uploads\/2023\/10\/flex-on-gc-custom.jpg\" \/>\n\t<meta property=\"og:image:width\" content=\"1587\" \/>\n\t<meta property=\"og:image:height\" content=\"1572\" \/>\n\t<meta property=\"og:image:type\" content=\"image\/jpeg\" \/>\n<meta name=\"twitter:card\" content=\"summary_large_image\" \/>\n<meta name=\"twitter:label1\" content=\"Predpokladan\u00fd \u010das \u010d\u00edtania\" \/>\n\t<meta name=\"twitter:data1\" content=\"1 min\u00fata\" \/>\n<script type=\"application\/ld+json\" class=\"yoast-schema-graph\">{\"@context\":\"https:\/\/schema.org\",\"@graph\":[{\"@type\":\"WebPage\",\"@id\":\"https:\/\/arak.spicehorse.eu\/sk\/produkt\/flex-on-green-composite-strmene-custom\/\",\"url\":\"https:\/\/arak.spicehorse.eu\/sk\/produkt\/flex-on-green-composite-strmene-custom\/\",\"name\":\"FLEX-ON Green Composite strmene CUSTOM - Spicehorse\",\"isPartOf\":{\"@id\":\"https:\/\/arak.spicehorse.eu\/en\/#website\"},\"datePublished\":\"2023-10-22T13:52:05+00:00\",\"dateModified\":\"2025-04-29T14:12:18+00:00\",\"description\":\"spicehorse.eu | Najpopul\u00e1rnej\u0161ie Flex-On strmene, personalizovan\u00fd v\u00fdrobok, ktor\u00fd je maxim\u00e1lne bezpe\u010dn\u00fd, poskytuje extra stabilitu pre jazdca a\u00a0podporuje spr\u00e1vne dr\u017eanie n\u00f4h.\",\"breadcrumb\":{\"@id\":\"https:\/\/arak.spicehorse.eu\/sk\/produkt\/flex-on-green-composite-strmene-custom\/#breadcrumb\"},\"inLanguage\":\"sk-SK\",\"potentialAction\":[{\"@type\":\"ReadAction\",\"target\":[\"https:\/\/arak.spicehorse.eu\/sk\/produkt\/flex-on-green-composite-strmene-custom\/\"]}]},{\"@type\":\"BreadcrumbList\",\"@id\":\"https:\/\/arak.spicehorse.eu\/sk\/produkt\/flex-on-green-composite-strmene-custom\/#breadcrumb\",\"itemListElement\":[{\"@type\":\"ListItem\",\"position\":1,\"name\":\"Home\",\"item\":\"https:\/\/arak.spicehorse.eu\/sk\/\"},{\"@type\":\"ListItem\",\"position\":2,\"name\":\"Predaj\u0148a\",\"item\":\"https:\/\/arak.spicehorse.eu\/sk\/predajna\/\"},{\"@type\":\"ListItem\",\"position\":3,\"name\":\"FLEX-ON Green Composite strmene CUSTOM\"}]},{\"@type\":\"WebSite\",\"@id\":\"https:\/\/arak.spicehorse.eu\/en\/#website\",\"url\":\"https:\/\/arak.spicehorse.eu\/en\/\",\"name\":\"Spicehorse\",\"description\":\"UNDER DEVELOPMENT -\",\"potentialAction\":[{\"@type\":\"SearchAction\",\"target\":{\"@type\":\"EntryPoint\",\"urlTemplate\":\"https:\/\/arak.spicehorse.eu\/en\/?s={search_term_string}\"},\"query-input\":\"required name=search_term_string\"}],\"inLanguage\":\"sk-SK\"}]}<\/script>\n<!-- \/ Yoast SEO plugin. -->","yoast_head_json":{"title":"FLEX-ON Green Composite strmene CUSTOM - Spicehorse","description":"spicehorse.eu | Najpopul\u00e1rnej\u0161ie Flex-On strmene, personalizovan\u00fd v\u00fdrobok, ktor\u00fd je maxim\u00e1lne bezpe\u010dn\u00fd, poskytuje extra stabilitu pre jazdca a\u00a0podporuje spr\u00e1vne dr\u017eanie n\u00f4h.","robots":{"index":"index","follow":"follow","max-snippet":"max-snippet:-1","max-image-preview":"max-image-preview:large","max-video-preview":"max-video-preview:-1"},"canonical":"https:\/\/arak.spicehorse.eu\/sk\/produkt\/flex-on-green-composite-strmene-custom\/","og_locale":"sk_SK","og_type":"article","og_title":"FLEX-ON Green Composite strmene CUSTOM - Spicehorse","og_description":"spicehorse.eu | Najpopul\u00e1rnej\u0161ie Flex-On strmene, personalizovan\u00fd v\u00fdrobok, ktor\u00fd je maxim\u00e1lne bezpe\u010dn\u00fd, poskytuje extra stabilitu pre jazdca a\u00a0podporuje spr\u00e1vne dr\u017eanie n\u00f4h.","og_url":"https:\/\/arak.spicehorse.eu\/sk\/produkt\/flex-on-green-composite-strmene-custom\/","og_site_name":"Spicehorse","article_publisher":"https:\/\/www.facebook.com\/SPICEHORSE-550385625402457\/","article_modified_time":"2025-04-29T14:12:18+00:00","og_image":[{"width":1587,"height":1572,"url":"https:\/\/arak.spicehorse.eu\/wp-content\/uploads\/2023\/10\/flex-on-gc-custom.jpg","type":"image\/jpeg"}],"twitter_card":"summary_large_image","twitter_misc":{"Predpokladan\u00fd \u010das \u010d\u00edtania":"1 min\u00fata"},"schema":{"@context":"https:\/\/schema.org","@graph":[{"@type":"WebPage","@id":"https:\/\/arak.spicehorse.eu\/sk\/produkt\/flex-on-green-composite-strmene-custom\/","url":"https:\/\/arak.spicehorse.eu\/sk\/produkt\/flex-on-green-composite-strmene-custom\/","name":"FLEX-ON Green Composite strmene CUSTOM - Spicehorse","isPartOf":{"@id":"https:\/\/arak.spicehorse.eu\/en\/#website"},"datePublished":"2023-10-22T13:52:05+00:00","dateModified":"2025-04-29T14:12:18+00:00","description":"spicehorse.eu | Najpopul\u00e1rnej\u0161ie Flex-On strmene, personalizovan\u00fd v\u00fdrobok, ktor\u00fd je maxim\u00e1lne bezpe\u010dn\u00fd, poskytuje extra stabilitu pre jazdca a\u00a0podporuje spr\u00e1vne dr\u017eanie n\u00f4h.","breadcrumb":{"@id":"https:\/\/arak.spicehorse.eu\/sk\/produkt\/flex-on-green-composite-strmene-custom\/#breadcrumb"},"inLanguage":"sk-SK","potentialAction":[{"@type":"ReadAction","target":["https:\/\/arak.spicehorse.eu\/sk\/produkt\/flex-on-green-composite-strmene-custom\/"]}]},{"@type":"BreadcrumbList","@id":"https:\/\/arak.spicehorse.eu\/sk\/produkt\/flex-on-green-composite-strmene-custom\/#breadcrumb","itemListElement":[{"@type":"ListItem","position":1,"name":"Home","item":"https:\/\/arak.spicehorse.eu\/sk\/"},{"@type":"ListItem","position":2,"name":"Predaj\u0148a","item":"https:\/\/arak.spicehorse.eu\/sk\/predajna\/"},{"@type":"ListItem","position":3,"name":"FLEX-ON Green Composite strmene CUSTOM"}]},{"@type":"WebSite","@id":"https:\/\/arak.spicehorse.eu\/en\/#website","url":"https:\/\/arak.spicehorse.eu\/en\/","name":"Spicehorse","description":"UNDER DEVELOPMENT -","potentialAction":[{"@type":"SearchAction","target":{"@type":"EntryPoint","urlTemplate":"https:\/\/arak.spicehorse.eu\/en\/?s={search_term_string}"},"query-input":"required name=search_term_string"}],"inLanguage":"sk-SK"}]}},"_links":{"self":[{"href":"https:\/\/arak.spicehorse.eu\/sk\/wp-json\/wp\/v2\/product\/166410"}],"collection":[{"href":"https:\/\/arak.spicehorse.eu\/sk\/wp-json\/wp\/v2\/product"}],"about":[{"href":"https:\/\/arak.spicehorse.eu\/sk\/wp-json\/wp\/v2\/types\/product"}],"wp:featuredmedia":[{"embeddable":true,"href":"https:\/\/arak.spicehorse.eu\/sk\/wp-json\/wp\/v2\/media\/166413"}],"wp:attachment":[{"href":"https:\/\/arak.spicehorse.eu\/sk\/wp-json\/wp\/v2\/media?parent=166410"}],"wp:term":[{"taxonomy":"product_cat","embeddable":true,"href":"https:\/\/arak.spicehorse.eu\/sk\/wp-json\/wp\/v2\/product_cat?post=166410"},{"taxonomy":"product_tag","embeddable":true,"href":"https:\/\/arak.spicehorse.eu\/sk\/wp-json\/wp\/v2\/product_tag?post=166410"}],"curies":[{"name":"wp","href":"https:\/\/api.w.org\/{rel}","templated":true}]}}