{"id":166416,"date":"2023-10-22T16:35:50","date_gmt":"2023-10-22T14:35:52","guid":{"rendered":"https:\/\/arak.spicehorse.eu\/?post_type=product&#038;p=166416"},"modified":"2025-04-29T16:15:29","modified_gmt":"2025-04-29T14:15:29","slug":"flex-on-aluminium-strmene-custom","status":"publish","type":"product","link":"https:\/\/arak.spicehorse.eu\/sk\/produkt\/flex-on-aluminium-strmene-custom\/","title":{"rendered":"FLEX-ON Aluminium strmene CUSTOM"},"content":{"rendered":"<p style=\"font-weight: 400;\">Pre vlastn\u00fa konfigur\u00e1ciu kliknite na ni\u017e\u0161ie uveden\u00fd odkaz v\u00fdrobcu:<\/p>\n<p style=\"font-weight: 400;\"><a href=\"https:\/\/www.flex-on.fr\/produit\/aluminium\/?lang=en\">Vlastn\u00e1 konfigur\u00e1cia\u00a0FLEX-ON Aluminium strme\u0148ov<\/a><\/p>\n<p style=\"font-weight: 400;\">Flex-on Aluminium strmene maj\u00fa revolu\u010dn\u00fd dizajn a\u00a0s\u00fa maxim\u00e1lne pohodln\u00e9. Sklon n\u00e1\u0161\u013eapu pom\u00e1ha pri spr\u00e1vnom dr\u017ean\u00ed nohy a\u00a0stabilite. N\u00e1\u0161\u013eapy s\u00fa vybaven\u00e9 tlmiacimi pru\u017einami, k\u00a0dispoz\u00edcii je ve\u013ea mo\u017enost\u00ed a\u00a0farieb na zostavenie personalizovan\u00fdch strme\u0148ov (r\u00e1m, n\u00e1\u0161\u013eap, tlmiace pru\u017einy, magnetick\u00e9 n\u00e1lepky). Maj\u00fa anatomick\u00e9 tvarovanie, pohlcuj\u00fa n\u00e1razy, s\u00fa \u013eahk\u00e9. P\u00fatka \u0161ikm\u00e9ho strme\u0148ov\u00e9ho reme\u0148a podporuj\u00fa rovnomern\u00e9 rozlo\u017eenie v\u00e1hy jazdca. Naklonen\u00fd n\u00e1\u0161\u013eap s\u00a0ultra gripom zvy\u0161uje stabilitu jazdca a\u00a0pom\u00e1ha stabilne ho udr\u017ea\u0165 vo vhodnej polohe, k\u00fdm n\u00e1\u0161\u013eap vybaven\u00fd gumou tlmiacou n\u00e1razy zni\u017euje tlak vyv\u00edjan\u00fd na k\u013aby jazdca.<\/p>\n<p style=\"font-weight: 400;\">\u013dahko sa \u010distia, jednoducho ich pretrite vlhkou handrou.<\/p>\n<p style=\"font-weight: 400;\">Flex-on Aluminium strmene mo\u017eno \u0161irokospektr\u00e1lne personalizova\u0165, s\u00fa ide\u00e1lnou vo\u013ebou ako na ka\u017edodenn\u00e9 jazdenie, tak aj na s\u00fa\u0165a\u017ee.<\/p>\n<p style=\"font-weight: 400;\">V\u00e1ha: 1 kg<\/p>\n<p style=\"font-weight: 400;\"><strong>V\u00a0pr\u00edpade objedn\u00e1vky personalizovan\u00e9ho v\u00fdrobku n\u00e1s pros\u00edm kontaktujte na niektorom z\u00a0uveden\u00fdch kontaktov!<\/strong><\/p>\n","protected":false},"excerpt":{"rendered":"<p>Pre vlastn\u00fa konfigur\u00e1ciu kliknite na ni\u017e\u0161ie uveden\u00fd odkaz v\u00fdrobcu: Vlastn\u00e1 konfigur\u00e1cia\u00a0FLEX-ON Aluminium strme\u0148ov Flex-on Aluminium strmene maj\u00fa revolu\u010dn\u00fd dizajn a\u00a0s\u00fa maxim\u00e1lne pohodln\u00e9. Sklon n\u00e1\u0161\u013eapu pom\u00e1ha pri spr\u00e1vnom dr\u017ean\u00ed nohy a\u00a0stabilite. N\u00e1\u0161\u013eapy s\u00fa vybaven\u00e9 tlmiacimi pru\u017einami, k\u00a0dispoz\u00edcii je ve\u013ea mo\u017enost\u00ed a\u00a0farieb na zostavenie personalizovan\u00fdch strme\u0148ov (r\u00e1m, n\u00e1\u0161\u013eap, tlmiace pru\u017einy, magnetick\u00e9 n\u00e1lepky). Maj\u00fa anatomick\u00e9 tvarovanie, pohlcuj\u00fa n\u00e1razy, [&hellip;]<\/p>\n","protected":false},"featured_media":166419,"template":"","meta":{"_acf_changed":false},"product_cat":[75,1577],"product_tag":[2689,2686,2665,1596],"acf":[],"yoast_head":"<!-- This site is optimized with the Yoast SEO plugin v21.4 - https:\/\/yoast.com\/wordpress\/plugins\/seo\/ -->\n<title>FLEX-ON Aluminium strmene CUSTOM - Spicehorse<\/title>\n<meta name=\"description\" content=\"spicehorse.eu | Flex-on Aluminium strmene maj\u00fa revolu\u010dn\u00fd dizajn a\u00a0s\u00fa maxim\u00e1lne pohodln\u00e9. Sklon n\u00e1\u0161\u013eapu pom\u00e1ha pri spr\u00e1vnom dr\u017ean\u00ed nohy a\u00a0stabilite.\" \/>\n<meta name=\"robots\" content=\"index, follow, max-snippet:-1, max-image-preview:large, max-video-preview:-1\" \/>\n<link rel=\"canonical\" href=\"https:\/\/arak.spicehorse.eu\/sk\/produkt\/flex-on-aluminium-strmene-custom\/\" \/>\n<meta property=\"og:locale\" content=\"sk_SK\" \/>\n<meta property=\"og:type\" content=\"article\" \/>\n<meta property=\"og:title\" content=\"FLEX-ON Aluminium strmene CUSTOM - Spicehorse\" \/>\n<meta property=\"og:description\" content=\"spicehorse.eu | Flex-on Aluminium strmene maj\u00fa revolu\u010dn\u00fd dizajn a\u00a0s\u00fa maxim\u00e1lne pohodln\u00e9. Sklon n\u00e1\u0161\u013eapu pom\u00e1ha pri spr\u00e1vnom dr\u017ean\u00ed nohy a\u00a0stabilite.\" \/>\n<meta property=\"og:url\" content=\"https:\/\/arak.spicehorse.eu\/sk\/produkt\/flex-on-aluminium-strmene-custom\/\" \/>\n<meta property=\"og:site_name\" content=\"Spicehorse\" \/>\n<meta property=\"article:publisher\" content=\"https:\/\/www.facebook.com\/SPICEHORSE-550385625402457\/\" \/>\n<meta property=\"article:modified_time\" content=\"2025-04-29T14:15:29+00:00\" \/>\n<meta property=\"og:image\" content=\"https:\/\/arak.spicehorse.eu\/wp-content\/uploads\/2023\/10\/flex-on-alu-custom-2.jpg\" \/>\n\t<meta property=\"og:image:width\" content=\"1524\" \/>\n\t<meta property=\"og:image:height\" content=\"1535\" \/>\n\t<meta property=\"og:image:type\" content=\"image\/jpeg\" \/>\n<meta name=\"twitter:card\" content=\"summary_large_image\" \/>\n<meta name=\"twitter:label1\" content=\"Predpokladan\u00fd \u010das \u010d\u00edtania\" \/>\n\t<meta name=\"twitter:data1\" content=\"1 min\u00fata\" \/>\n<script type=\"application\/ld+json\" class=\"yoast-schema-graph\">{\"@context\":\"https:\/\/schema.org\",\"@graph\":[{\"@type\":\"WebPage\",\"@id\":\"https:\/\/arak.spicehorse.eu\/sk\/produkt\/flex-on-aluminium-strmene-custom\/\",\"url\":\"https:\/\/arak.spicehorse.eu\/sk\/produkt\/flex-on-aluminium-strmene-custom\/\",\"name\":\"FLEX-ON Aluminium strmene CUSTOM - Spicehorse\",\"isPartOf\":{\"@id\":\"https:\/\/arak.spicehorse.eu\/en\/#website\"},\"datePublished\":\"2023-10-22T14:35:52+00:00\",\"dateModified\":\"2025-04-29T14:15:29+00:00\",\"description\":\"spicehorse.eu | Flex-on Aluminium strmene maj\u00fa revolu\u010dn\u00fd dizajn a\u00a0s\u00fa maxim\u00e1lne pohodln\u00e9. Sklon n\u00e1\u0161\u013eapu pom\u00e1ha pri spr\u00e1vnom dr\u017ean\u00ed nohy a\u00a0stabilite.\",\"breadcrumb\":{\"@id\":\"https:\/\/arak.spicehorse.eu\/sk\/produkt\/flex-on-aluminium-strmene-custom\/#breadcrumb\"},\"inLanguage\":\"sk-SK\",\"potentialAction\":[{\"@type\":\"ReadAction\",\"target\":[\"https:\/\/arak.spicehorse.eu\/sk\/produkt\/flex-on-aluminium-strmene-custom\/\"]}]},{\"@type\":\"BreadcrumbList\",\"@id\":\"https:\/\/arak.spicehorse.eu\/sk\/produkt\/flex-on-aluminium-strmene-custom\/#breadcrumb\",\"itemListElement\":[{\"@type\":\"ListItem\",\"position\":1,\"name\":\"Home\",\"item\":\"https:\/\/arak.spicehorse.eu\/sk\/\"},{\"@type\":\"ListItem\",\"position\":2,\"name\":\"Predaj\u0148a\",\"item\":\"https:\/\/arak.spicehorse.eu\/sk\/predajna\/\"},{\"@type\":\"ListItem\",\"position\":3,\"name\":\"FLEX-ON Aluminium strmene CUSTOM\"}]},{\"@type\":\"WebSite\",\"@id\":\"https:\/\/arak.spicehorse.eu\/en\/#website\",\"url\":\"https:\/\/arak.spicehorse.eu\/en\/\",\"name\":\"Spicehorse\",\"description\":\"UNDER DEVELOPMENT -\",\"potentialAction\":[{\"@type\":\"SearchAction\",\"target\":{\"@type\":\"EntryPoint\",\"urlTemplate\":\"https:\/\/arak.spicehorse.eu\/en\/?s={search_term_string}\"},\"query-input\":\"required name=search_term_string\"}],\"inLanguage\":\"sk-SK\"}]}<\/script>\n<!-- \/ Yoast SEO plugin. -->","yoast_head_json":{"title":"FLEX-ON Aluminium strmene CUSTOM - Spicehorse","description":"spicehorse.eu | Flex-on Aluminium strmene maj\u00fa revolu\u010dn\u00fd dizajn a\u00a0s\u00fa maxim\u00e1lne pohodln\u00e9. Sklon n\u00e1\u0161\u013eapu pom\u00e1ha pri spr\u00e1vnom dr\u017ean\u00ed nohy a\u00a0stabilite.","robots":{"index":"index","follow":"follow","max-snippet":"max-snippet:-1","max-image-preview":"max-image-preview:large","max-video-preview":"max-video-preview:-1"},"canonical":"https:\/\/arak.spicehorse.eu\/sk\/produkt\/flex-on-aluminium-strmene-custom\/","og_locale":"sk_SK","og_type":"article","og_title":"FLEX-ON Aluminium strmene CUSTOM - Spicehorse","og_description":"spicehorse.eu | Flex-on Aluminium strmene maj\u00fa revolu\u010dn\u00fd dizajn a\u00a0s\u00fa maxim\u00e1lne pohodln\u00e9. Sklon n\u00e1\u0161\u013eapu pom\u00e1ha pri spr\u00e1vnom dr\u017ean\u00ed nohy a\u00a0stabilite.","og_url":"https:\/\/arak.spicehorse.eu\/sk\/produkt\/flex-on-aluminium-strmene-custom\/","og_site_name":"Spicehorse","article_publisher":"https:\/\/www.facebook.com\/SPICEHORSE-550385625402457\/","article_modified_time":"2025-04-29T14:15:29+00:00","og_image":[{"width":1524,"height":1535,"url":"https:\/\/arak.spicehorse.eu\/wp-content\/uploads\/2023\/10\/flex-on-alu-custom-2.jpg","type":"image\/jpeg"}],"twitter_card":"summary_large_image","twitter_misc":{"Predpokladan\u00fd \u010das \u010d\u00edtania":"1 min\u00fata"},"schema":{"@context":"https:\/\/schema.org","@graph":[{"@type":"WebPage","@id":"https:\/\/arak.spicehorse.eu\/sk\/produkt\/flex-on-aluminium-strmene-custom\/","url":"https:\/\/arak.spicehorse.eu\/sk\/produkt\/flex-on-aluminium-strmene-custom\/","name":"FLEX-ON Aluminium strmene CUSTOM - Spicehorse","isPartOf":{"@id":"https:\/\/arak.spicehorse.eu\/en\/#website"},"datePublished":"2023-10-22T14:35:52+00:00","dateModified":"2025-04-29T14:15:29+00:00","description":"spicehorse.eu | Flex-on Aluminium strmene maj\u00fa revolu\u010dn\u00fd dizajn a\u00a0s\u00fa maxim\u00e1lne pohodln\u00e9. Sklon n\u00e1\u0161\u013eapu pom\u00e1ha pri spr\u00e1vnom dr\u017ean\u00ed nohy a\u00a0stabilite.","breadcrumb":{"@id":"https:\/\/arak.spicehorse.eu\/sk\/produkt\/flex-on-aluminium-strmene-custom\/#breadcrumb"},"inLanguage":"sk-SK","potentialAction":[{"@type":"ReadAction","target":["https:\/\/arak.spicehorse.eu\/sk\/produkt\/flex-on-aluminium-strmene-custom\/"]}]},{"@type":"BreadcrumbList","@id":"https:\/\/arak.spicehorse.eu\/sk\/produkt\/flex-on-aluminium-strmene-custom\/#breadcrumb","itemListElement":[{"@type":"ListItem","position":1,"name":"Home","item":"https:\/\/arak.spicehorse.eu\/sk\/"},{"@type":"ListItem","position":2,"name":"Predaj\u0148a","item":"https:\/\/arak.spicehorse.eu\/sk\/predajna\/"},{"@type":"ListItem","position":3,"name":"FLEX-ON Aluminium strmene CUSTOM"}]},{"@type":"WebSite","@id":"https:\/\/arak.spicehorse.eu\/en\/#website","url":"https:\/\/arak.spicehorse.eu\/en\/","name":"Spicehorse","description":"UNDER DEVELOPMENT -","potentialAction":[{"@type":"SearchAction","target":{"@type":"EntryPoint","urlTemplate":"https:\/\/arak.spicehorse.eu\/en\/?s={search_term_string}"},"query-input":"required name=search_term_string"}],"inLanguage":"sk-SK"}]}},"_links":{"self":[{"href":"https:\/\/arak.spicehorse.eu\/sk\/wp-json\/wp\/v2\/product\/166416"}],"collection":[{"href":"https:\/\/arak.spicehorse.eu\/sk\/wp-json\/wp\/v2\/product"}],"about":[{"href":"https:\/\/arak.spicehorse.eu\/sk\/wp-json\/wp\/v2\/types\/product"}],"wp:featuredmedia":[{"embeddable":true,"href":"https:\/\/arak.spicehorse.eu\/sk\/wp-json\/wp\/v2\/media\/166419"}],"wp:attachment":[{"href":"https:\/\/arak.spicehorse.eu\/sk\/wp-json\/wp\/v2\/media?parent=166416"}],"wp:term":[{"taxonomy":"product_cat","embeddable":true,"href":"https:\/\/arak.spicehorse.eu\/sk\/wp-json\/wp\/v2\/product_cat?post=166416"},{"taxonomy":"product_tag","embeddable":true,"href":"https:\/\/arak.spicehorse.eu\/sk\/wp-json\/wp\/v2\/product_tag?post=166416"}],"curies":[{"name":"wp","href":"https:\/\/api.w.org\/{rel}","templated":true}]}}