{"id":16702,"date":"2020-09-18T11:25:49","date_gmt":"2020-09-18T09:25:50","guid":{"rendered":"https:\/\/arak.spicehorse.eu\/?post_type=product&#038;p=16702"},"modified":"2023-06-29T17:23:25","modified_gmt":"2023-06-29T15:23:25","slug":"equestrian-stockholm-dark-sky-obojok","status":"publish","type":"product","link":"https:\/\/arak.spicehorse.eu\/sk\/produkt\/equestrian-stockholm-dark-sky-obojok\/","title":{"rendered":"Equestrian Stockholm Dark Sky obojok"},"content":{"rendered":"<p>Dokonal\u00fd s\u00falad medzi ko\u0148om, jazdcom a psom s obojkom z kolekcie Equestrian Stockholm Dark Sky!<\/p>\n<p>Prv\u00e1 kolekcia s\u00a0kr\u00e1snymi rose gold detailmi.<\/p>\n<p>Z\u00a0m\u00e4kkej ko\u017ee vysokej kvality, s\u00a0fantastick\u00fdmi leskl\u00fdmi kri\u0161t\u00e1\u013emi. Ve\u013ekos\u0165 je mo\u017en\u00e9 nastavi\u0165, je jemne polstrovan\u00fd v\u00a0z\u00e1ujme v\u00e4\u010d\u0161ieho pohodlia, \u013eahko sa k\u00a0nemu prip\u00e1ja v\u00f4dzka.<\/p>\n<p>Vo viacer\u00fdch ve\u013ekostiach, pre men\u0161ie aj v\u00e4\u010d\u0161ie psy z\u00e1rove\u0148.<\/p>\n","protected":false},"excerpt":{"rendered":"<ul>\n<li>Farba: \u010dierna ko\u017ea<\/li>\n<li>Detaily: Rose Gold kri\u0161t\u00e1le a spony<\/li>\n<li>Materi\u00e1l: ko\u017ea<\/li>\n<li>\u010cistenie: o\u0161etrovanie ko\u017ee<\/li>\n<\/ul>\n","protected":false},"featured_media":16709,"template":"","meta":{"_acf_changed":false},"product_cat":[1743,2505,78,74,298],"product_tag":[567,351,197,1410],"acf":[],"yoast_head":"<!-- This site is optimized with the Yoast SEO plugin v21.4 - https:\/\/yoast.com\/wordpress\/plugins\/seo\/ -->\n<title>Equestrian Stockholm Dark Sky obojok - Spicehorse<\/title>\n<meta name=\"description\" content=\"spicehorse.eu | Dokonal\u00fd s\u00falad medzi ko\u0148om, jazdcom a psom s obojkom z kolekcie Equestrian Stockholm Dark Sky!\" \/>\n<meta name=\"robots\" content=\"index, follow, max-snippet:-1, max-image-preview:large, max-video-preview:-1\" \/>\n<link rel=\"canonical\" href=\"https:\/\/arak.spicehorse.eu\/termek\/equestrian-stockholm-dark-sky-nyakorv\/\" \/>\n<meta property=\"og:locale\" content=\"sk_SK\" \/>\n<meta property=\"og:type\" content=\"article\" \/>\n<meta property=\"og:title\" content=\"Equestrian Stockholm Dark Sky obojok - Spicehorse\" \/>\n<meta property=\"og:description\" content=\"spicehorse.eu | Dokonal\u00fd s\u00falad medzi ko\u0148om, jazdcom a psom s obojkom z kolekcie Equestrian Stockholm Dark Sky!\" \/>\n<meta property=\"og:url\" content=\"https:\/\/arak.spicehorse.eu\/termek\/equestrian-stockholm-dark-sky-nyakorv\/\" \/>\n<meta property=\"og:site_name\" content=\"Spicehorse\" \/>\n<meta property=\"article:publisher\" content=\"https:\/\/www.facebook.com\/SPICEHORSE-550385625402457\/\" \/>\n<meta property=\"article:modified_time\" content=\"2023-06-29T15:23:25+00:00\" \/>\n<meta property=\"og:image\" content=\"https:\/\/arak.spicehorse.eu\/wp-content\/uploads\/2020\/09\/dog-collar-dark-sky-esstockholm.jpg\" \/>\n\t<meta property=\"og:image:width\" content=\"600\" \/>\n\t<meta property=\"og:image:height\" content=\"800\" \/>\n\t<meta property=\"og:image:type\" content=\"image\/jpeg\" \/>\n<meta name=\"twitter:card\" content=\"summary_large_image\" \/>\n<script type=\"application\/ld+json\" class=\"yoast-schema-graph\">{\"@context\":\"https:\/\/schema.org\",\"@graph\":[{\"@type\":\"WebPage\",\"@id\":\"https:\/\/arak.spicehorse.eu\/termek\/equestrian-stockholm-dark-sky-nyakorv\/\",\"url\":\"https:\/\/arak.spicehorse.eu\/termek\/equestrian-stockholm-dark-sky-nyakorv\/\",\"name\":\"Equestrian Stockholm Dark Sky obojok - Spicehorse\",\"isPartOf\":{\"@id\":\"https:\/\/arak.spicehorse.eu\/en\/#website\"},\"datePublished\":\"2020-09-18T09:25:50+00:00\",\"dateModified\":\"2023-06-29T15:23:25+00:00\",\"description\":\"spicehorse.eu | Dokonal\u00fd s\u00falad medzi ko\u0148om, jazdcom a psom s obojkom z kolekcie Equestrian Stockholm Dark Sky!\",\"breadcrumb\":{\"@id\":\"https:\/\/arak.spicehorse.eu\/termek\/equestrian-stockholm-dark-sky-nyakorv\/#breadcrumb\"},\"inLanguage\":\"sk-SK\",\"potentialAction\":[{\"@type\":\"ReadAction\",\"target\":[\"https:\/\/arak.spicehorse.eu\/termek\/equestrian-stockholm-dark-sky-nyakorv\/\"]}]},{\"@type\":\"BreadcrumbList\",\"@id\":\"https:\/\/arak.spicehorse.eu\/termek\/equestrian-stockholm-dark-sky-nyakorv\/#breadcrumb\",\"itemListElement\":[{\"@type\":\"ListItem\",\"position\":1,\"name\":\"Home\",\"item\":\"https:\/\/arak.spicehorse.eu\/sk\/\"},{\"@type\":\"ListItem\",\"position\":2,\"name\":\"Predaj\u0148a\",\"item\":\"https:\/\/arak.spicehorse.eu\/sk\/predajna\/\"},{\"@type\":\"ListItem\",\"position\":3,\"name\":\"Equestrian Stockholm Dark Sky obojok\"}]},{\"@type\":\"WebSite\",\"@id\":\"https:\/\/arak.spicehorse.eu\/en\/#website\",\"url\":\"https:\/\/arak.spicehorse.eu\/en\/\",\"name\":\"Spicehorse\",\"description\":\"UNDER DEVELOPMENT -\",\"potentialAction\":[{\"@type\":\"SearchAction\",\"target\":{\"@type\":\"EntryPoint\",\"urlTemplate\":\"https:\/\/arak.spicehorse.eu\/en\/?s={search_term_string}\"},\"query-input\":\"required name=search_term_string\"}],\"inLanguage\":\"sk-SK\"}]}<\/script>\n<!-- \/ Yoast SEO plugin. -->","yoast_head_json":{"title":"Equestrian Stockholm Dark Sky obojok - Spicehorse","description":"spicehorse.eu | Dokonal\u00fd s\u00falad medzi ko\u0148om, jazdcom a psom s obojkom z kolekcie Equestrian Stockholm Dark Sky!","robots":{"index":"index","follow":"follow","max-snippet":"max-snippet:-1","max-image-preview":"max-image-preview:large","max-video-preview":"max-video-preview:-1"},"canonical":"https:\/\/arak.spicehorse.eu\/termek\/equestrian-stockholm-dark-sky-nyakorv\/","og_locale":"sk_SK","og_type":"article","og_title":"Equestrian Stockholm Dark Sky obojok - Spicehorse","og_description":"spicehorse.eu | Dokonal\u00fd s\u00falad medzi ko\u0148om, jazdcom a psom s obojkom z kolekcie Equestrian Stockholm Dark Sky!","og_url":"https:\/\/arak.spicehorse.eu\/termek\/equestrian-stockholm-dark-sky-nyakorv\/","og_site_name":"Spicehorse","article_publisher":"https:\/\/www.facebook.com\/SPICEHORSE-550385625402457\/","article_modified_time":"2023-06-29T15:23:25+00:00","og_image":[{"width":600,"height":800,"url":"https:\/\/arak.spicehorse.eu\/wp-content\/uploads\/2020\/09\/dog-collar-dark-sky-esstockholm.jpg","type":"image\/jpeg"}],"twitter_card":"summary_large_image","schema":{"@context":"https:\/\/schema.org","@graph":[{"@type":"WebPage","@id":"https:\/\/arak.spicehorse.eu\/termek\/equestrian-stockholm-dark-sky-nyakorv\/","url":"https:\/\/arak.spicehorse.eu\/termek\/equestrian-stockholm-dark-sky-nyakorv\/","name":"Equestrian Stockholm Dark Sky obojok - Spicehorse","isPartOf":{"@id":"https:\/\/arak.spicehorse.eu\/en\/#website"},"datePublished":"2020-09-18T09:25:50+00:00","dateModified":"2023-06-29T15:23:25+00:00","description":"spicehorse.eu | Dokonal\u00fd s\u00falad medzi ko\u0148om, jazdcom a psom s obojkom z kolekcie Equestrian Stockholm Dark Sky!","breadcrumb":{"@id":"https:\/\/arak.spicehorse.eu\/termek\/equestrian-stockholm-dark-sky-nyakorv\/#breadcrumb"},"inLanguage":"sk-SK","potentialAction":[{"@type":"ReadAction","target":["https:\/\/arak.spicehorse.eu\/termek\/equestrian-stockholm-dark-sky-nyakorv\/"]}]},{"@type":"BreadcrumbList","@id":"https:\/\/arak.spicehorse.eu\/termek\/equestrian-stockholm-dark-sky-nyakorv\/#breadcrumb","itemListElement":[{"@type":"ListItem","position":1,"name":"Home","item":"https:\/\/arak.spicehorse.eu\/sk\/"},{"@type":"ListItem","position":2,"name":"Predaj\u0148a","item":"https:\/\/arak.spicehorse.eu\/sk\/predajna\/"},{"@type":"ListItem","position":3,"name":"Equestrian Stockholm Dark Sky obojok"}]},{"@type":"WebSite","@id":"https:\/\/arak.spicehorse.eu\/en\/#website","url":"https:\/\/arak.spicehorse.eu\/en\/","name":"Spicehorse","description":"UNDER DEVELOPMENT -","potentialAction":[{"@type":"SearchAction","target":{"@type":"EntryPoint","urlTemplate":"https:\/\/arak.spicehorse.eu\/en\/?s={search_term_string}"},"query-input":"required name=search_term_string"}],"inLanguage":"sk-SK"}]}},"_links":{"self":[{"href":"https:\/\/arak.spicehorse.eu\/sk\/wp-json\/wp\/v2\/product\/16702"}],"collection":[{"href":"https:\/\/arak.spicehorse.eu\/sk\/wp-json\/wp\/v2\/product"}],"about":[{"href":"https:\/\/arak.spicehorse.eu\/sk\/wp-json\/wp\/v2\/types\/product"}],"wp:featuredmedia":[{"embeddable":true,"href":"https:\/\/arak.spicehorse.eu\/sk\/wp-json\/wp\/v2\/media\/16709"}],"wp:attachment":[{"href":"https:\/\/arak.spicehorse.eu\/sk\/wp-json\/wp\/v2\/media?parent=16702"}],"wp:term":[{"taxonomy":"product_cat","embeddable":true,"href":"https:\/\/arak.spicehorse.eu\/sk\/wp-json\/wp\/v2\/product_cat?post=16702"},{"taxonomy":"product_tag","embeddable":true,"href":"https:\/\/arak.spicehorse.eu\/sk\/wp-json\/wp\/v2\/product_tag?post=16702"}],"curies":[{"name":"wp","href":"https:\/\/api.w.org\/{rel}","templated":true}]}}