{"id":167421,"date":"2023-11-01T17:41:26","date_gmt":"2023-11-01T16:41:26","guid":{"rendered":"https:\/\/arak.spicehorse.eu\/?post_type=product&#038;p=167421"},"modified":"2023-11-07T12:09:40","modified_gmt":"2023-11-07T11:09:40","slug":"lemieux-termoska-atlantic","status":"publish","type":"product","link":"https:\/\/arak.spicehorse.eu\/sk\/produkt\/lemieux-termoska-atlantic\/","title":{"rendered":"LeMieux termoska Atlantic"},"content":{"rendered":"<div>\n<p><span lang=\"SK\">LeMieux termo f\u013ea\u0161a na vodu v\u00a0elegantnom dizajne, ekologick\u00e1, je ide\u00e1lna vzia\u0165 si ju so sebou do jazdeck\u00e9ho are\u00e1lu alebo po\u010das cestovania. Je vyroben\u00e1 z tepelne izolovanej nehrdzavej\u00facej ocele odolnej proti po\u0161kriabaniu a rozbitiu. Udr\u017e\u00ed studen\u00e9 n\u00e1poje chladn\u00e9 a\u017e 24 hod\u00edn a hor\u00face n\u00e1poje tepl\u00e9 a\u017e 12 hod\u00edn.<\/span><\/p>\n<\/div>\n<div>\n<p><span lang=\"SK\">So skrutkovac\u00edm uz\u00e1verom a\u00a0matn\u00fdm povrchom, s\u00a0grav\u00edrovanou zna\u010dkou pre bezpe\u010dn\u00fd a\u00a0pohodln\u00fd transport. Zoberte si ju so sebou na s\u00fa\u0165a\u017ee alebo do stajne. \u00a0<\/span><\/p>\n<\/div>\n<div>\n<p><span lang=\"SK\">Um\u00fdvajte ju ru\u010dne teplou vodou.<\/span><\/p>\n<\/div>\n","protected":false},"excerpt":{"rendered":"<ul style=\"font-weight: 400;\">\n<li>Tepelne izolovan\u00e1 termoska<\/li>\n<li>Udr\u017euje n\u00e1poj tepl\u00fd alebo studen\u00fd<\/li>\n<li>So skrutkovac\u00edm uz\u00e1verom a\u00a0silik\u00f3nov\u00fdm dr\u017eiakom<\/li>\n<li>Po\u013eahky sa z\u00a0neho pije<\/li>\n<\/ul>\n","protected":false},"featured_media":167424,"template":"","meta":{"_acf_changed":false},"product_cat":[312,301,75,100,120],"product_tag":[2563,2369,2546],"acf":[],"yoast_head":"<!-- This site is optimized with the Yoast SEO plugin v21.4 - https:\/\/yoast.com\/wordpress\/plugins\/seo\/ -->\n<title>LeMieux termoska Atlantic - Spicehorse<\/title>\n<meta name=\"description\" content=\"spicehorse.eu | LeMieux termo f\u013ea\u0161a na vodu v\u00a0elegantnom dizajne, ekologick\u00e1, je ide\u00e1lna vzia\u0165 si ju so sebou do jazdeck\u00e9ho are\u00e1lu alebo po\u010das cestovania.\" \/>\n<meta name=\"robots\" content=\"index, follow, max-snippet:-1, max-image-preview:large, max-video-preview:-1\" \/>\n<link rel=\"canonical\" href=\"https:\/\/arak.spicehorse.eu\/termek\/lemieux-termosz-atlantic\/\" \/>\n<meta property=\"og:locale\" content=\"sk_SK\" \/>\n<meta property=\"og:type\" content=\"article\" \/>\n<meta property=\"og:title\" content=\"LeMieux termoska Atlantic - Spicehorse\" \/>\n<meta property=\"og:description\" content=\"spicehorse.eu | LeMieux termo f\u013ea\u0161a na vodu v\u00a0elegantnom dizajne, ekologick\u00e1, je ide\u00e1lna vzia\u0165 si ju so sebou do jazdeck\u00e9ho are\u00e1lu alebo po\u010das cestovania.\" \/>\n<meta property=\"og:url\" content=\"https:\/\/arak.spicehorse.eu\/termek\/lemieux-termosz-atlantic\/\" \/>\n<meta property=\"og:site_name\" content=\"Spicehorse\" \/>\n<meta property=\"article:publisher\" content=\"https:\/\/www.facebook.com\/SPICEHORSE-550385625402457\/\" \/>\n<meta property=\"article:modified_time\" content=\"2023-11-07T11:09:40+00:00\" \/>\n<meta property=\"og:image\" content=\"https:\/\/arak.spicehorse.eu\/wp-content\/uploads\/2023\/11\/lemieux-drinks-bottle-one-size-atlantic-p34707-50184-image.jpg\" \/>\n\t<meta property=\"og:image:width\" content=\"1000\" \/>\n\t<meta property=\"og:image:height\" content=\"1000\" \/>\n\t<meta property=\"og:image:type\" content=\"image\/jpeg\" \/>\n<meta name=\"twitter:card\" content=\"summary_large_image\" \/>\n<script type=\"application\/ld+json\" class=\"yoast-schema-graph\">{\"@context\":\"https:\/\/schema.org\",\"@graph\":[{\"@type\":\"WebPage\",\"@id\":\"https:\/\/arak.spicehorse.eu\/termek\/lemieux-termosz-atlantic\/\",\"url\":\"https:\/\/arak.spicehorse.eu\/termek\/lemieux-termosz-atlantic\/\",\"name\":\"LeMieux termoska Atlantic - Spicehorse\",\"isPartOf\":{\"@id\":\"https:\/\/arak.spicehorse.eu\/en\/#website\"},\"datePublished\":\"2023-11-01T16:41:26+00:00\",\"dateModified\":\"2023-11-07T11:09:40+00:00\",\"description\":\"spicehorse.eu | LeMieux termo f\u013ea\u0161a na vodu v\u00a0elegantnom dizajne, ekologick\u00e1, je ide\u00e1lna vzia\u0165 si ju so sebou do jazdeck\u00e9ho are\u00e1lu alebo po\u010das cestovania.\",\"breadcrumb\":{\"@id\":\"https:\/\/arak.spicehorse.eu\/termek\/lemieux-termosz-atlantic\/#breadcrumb\"},\"inLanguage\":\"sk-SK\",\"potentialAction\":[{\"@type\":\"ReadAction\",\"target\":[\"https:\/\/arak.spicehorse.eu\/termek\/lemieux-termosz-atlantic\/\"]}]},{\"@type\":\"BreadcrumbList\",\"@id\":\"https:\/\/arak.spicehorse.eu\/termek\/lemieux-termosz-atlantic\/#breadcrumb\",\"itemListElement\":[{\"@type\":\"ListItem\",\"position\":1,\"name\":\"Home\",\"item\":\"https:\/\/arak.spicehorse.eu\/sk\/\"},{\"@type\":\"ListItem\",\"position\":2,\"name\":\"Predaj\u0148a\",\"item\":\"https:\/\/arak.spicehorse.eu\/sk\/predajna\/\"},{\"@type\":\"ListItem\",\"position\":3,\"name\":\"LeMieux termoska Atlantic\"}]},{\"@type\":\"WebSite\",\"@id\":\"https:\/\/arak.spicehorse.eu\/en\/#website\",\"url\":\"https:\/\/arak.spicehorse.eu\/en\/\",\"name\":\"Spicehorse\",\"description\":\"UNDER DEVELOPMENT -\",\"potentialAction\":[{\"@type\":\"SearchAction\",\"target\":{\"@type\":\"EntryPoint\",\"urlTemplate\":\"https:\/\/arak.spicehorse.eu\/en\/?s={search_term_string}\"},\"query-input\":\"required name=search_term_string\"}],\"inLanguage\":\"sk-SK\"}]}<\/script>\n<!-- \/ Yoast SEO plugin. -->","yoast_head_json":{"title":"LeMieux termoska Atlantic - Spicehorse","description":"spicehorse.eu | LeMieux termo f\u013ea\u0161a na vodu v\u00a0elegantnom dizajne, ekologick\u00e1, je ide\u00e1lna vzia\u0165 si ju so sebou do jazdeck\u00e9ho are\u00e1lu alebo po\u010das cestovania.","robots":{"index":"index","follow":"follow","max-snippet":"max-snippet:-1","max-image-preview":"max-image-preview:large","max-video-preview":"max-video-preview:-1"},"canonical":"https:\/\/arak.spicehorse.eu\/termek\/lemieux-termosz-atlantic\/","og_locale":"sk_SK","og_type":"article","og_title":"LeMieux termoska Atlantic - Spicehorse","og_description":"spicehorse.eu | LeMieux termo f\u013ea\u0161a na vodu v\u00a0elegantnom dizajne, ekologick\u00e1, je ide\u00e1lna vzia\u0165 si ju so sebou do jazdeck\u00e9ho are\u00e1lu alebo po\u010das cestovania.","og_url":"https:\/\/arak.spicehorse.eu\/termek\/lemieux-termosz-atlantic\/","og_site_name":"Spicehorse","article_publisher":"https:\/\/www.facebook.com\/SPICEHORSE-550385625402457\/","article_modified_time":"2023-11-07T11:09:40+00:00","og_image":[{"width":1000,"height":1000,"url":"https:\/\/arak.spicehorse.eu\/wp-content\/uploads\/2023\/11\/lemieux-drinks-bottle-one-size-atlantic-p34707-50184-image.jpg","type":"image\/jpeg"}],"twitter_card":"summary_large_image","schema":{"@context":"https:\/\/schema.org","@graph":[{"@type":"WebPage","@id":"https:\/\/arak.spicehorse.eu\/termek\/lemieux-termosz-atlantic\/","url":"https:\/\/arak.spicehorse.eu\/termek\/lemieux-termosz-atlantic\/","name":"LeMieux termoska Atlantic - Spicehorse","isPartOf":{"@id":"https:\/\/arak.spicehorse.eu\/en\/#website"},"datePublished":"2023-11-01T16:41:26+00:00","dateModified":"2023-11-07T11:09:40+00:00","description":"spicehorse.eu | LeMieux termo f\u013ea\u0161a na vodu v\u00a0elegantnom dizajne, ekologick\u00e1, je ide\u00e1lna vzia\u0165 si ju so sebou do jazdeck\u00e9ho are\u00e1lu alebo po\u010das cestovania.","breadcrumb":{"@id":"https:\/\/arak.spicehorse.eu\/termek\/lemieux-termosz-atlantic\/#breadcrumb"},"inLanguage":"sk-SK","potentialAction":[{"@type":"ReadAction","target":["https:\/\/arak.spicehorse.eu\/termek\/lemieux-termosz-atlantic\/"]}]},{"@type":"BreadcrumbList","@id":"https:\/\/arak.spicehorse.eu\/termek\/lemieux-termosz-atlantic\/#breadcrumb","itemListElement":[{"@type":"ListItem","position":1,"name":"Home","item":"https:\/\/arak.spicehorse.eu\/sk\/"},{"@type":"ListItem","position":2,"name":"Predaj\u0148a","item":"https:\/\/arak.spicehorse.eu\/sk\/predajna\/"},{"@type":"ListItem","position":3,"name":"LeMieux termoska Atlantic"}]},{"@type":"WebSite","@id":"https:\/\/arak.spicehorse.eu\/en\/#website","url":"https:\/\/arak.spicehorse.eu\/en\/","name":"Spicehorse","description":"UNDER DEVELOPMENT -","potentialAction":[{"@type":"SearchAction","target":{"@type":"EntryPoint","urlTemplate":"https:\/\/arak.spicehorse.eu\/en\/?s={search_term_string}"},"query-input":"required name=search_term_string"}],"inLanguage":"sk-SK"}]}},"_links":{"self":[{"href":"https:\/\/arak.spicehorse.eu\/sk\/wp-json\/wp\/v2\/product\/167421"}],"collection":[{"href":"https:\/\/arak.spicehorse.eu\/sk\/wp-json\/wp\/v2\/product"}],"about":[{"href":"https:\/\/arak.spicehorse.eu\/sk\/wp-json\/wp\/v2\/types\/product"}],"wp:featuredmedia":[{"embeddable":true,"href":"https:\/\/arak.spicehorse.eu\/sk\/wp-json\/wp\/v2\/media\/167424"}],"wp:attachment":[{"href":"https:\/\/arak.spicehorse.eu\/sk\/wp-json\/wp\/v2\/media?parent=167421"}],"wp:term":[{"taxonomy":"product_cat","embeddable":true,"href":"https:\/\/arak.spicehorse.eu\/sk\/wp-json\/wp\/v2\/product_cat?post=167421"},{"taxonomy":"product_tag","embeddable":true,"href":"https:\/\/arak.spicehorse.eu\/sk\/wp-json\/wp\/v2\/product_tag?post=167421"}],"curies":[{"name":"wp","href":"https:\/\/api.w.org\/{rel}","templated":true}]}}