{"id":167526,"date":"2023-11-05T10:18:27","date_gmt":"2023-11-05T09:18:28","guid":{"rendered":"https:\/\/arak.spicehorse.eu\/?post_type=product&#038;p=167526"},"modified":"2025-11-26T20:47:37","modified_gmt":"2025-11-26T19:47:37","slug":"stud-muffins-adventny-kalendar","status":"publish","type":"product","link":"https:\/\/arak.spicehorse.eu\/sk\/produkt\/stud-muffins-adventny-kalendar\/","title":{"rendered":"Stud Muffins Adventn\u00fd kalend\u00e1r"},"content":{"rendered":"<p style=\"font-weight: 400;\">Viano\u010dn\u00e9 odpo\u010d\u00edtavanie sa m\u00f4\u017ee za\u010da\u0165 s mini pamlskami Stud Muffin so \u0161peci\u00e1lnou pr\u00edchu\u0165ou. Limited Edition.<\/p>\n<p style=\"font-weight: 400;\">V ka\u017edom okienku je neuverite\u013ene chutn\u00fd mini muffin s pr\u00edchu\u0165ou viano\u010dn\u00e9ho pudingu pre v\u00e1\u0161ho ob\u013e\u00faben\u00e9ho ko\u0148a alebo pon\u00edka. Povinn\u00e1 v\u00fdbava pre v\u0161etk\u00fdch fan\u00fa\u0161ikov Stud Muffin po\u010das viano\u010dn\u00fdch sviatkov!<\/p>\n<p style=\"font-weight: 400;\">Obsahuje ve\u013ek\u00e9 mno\u017estvo zdrav\u00fdch zlo\u017eiek: ovos, p\u0161enicu, ja\u010dme\u0148, s\u00fa obohaten\u00e9 o\u00a0\u013eanov\u00e9 semienka a\u00a0gr\u00e9cke seno, aby boli nielen ve\u013emi chutn\u00e9, ale aj zdrav\u00e9. \u013danov\u00e9 semienka a\u00a0gr\u00e9cke seno pom\u00e1haj\u00fa udr\u017ea\u0165 srs\u0165 ko\u0148a zdrav\u00fa a\u00a0n\u00e1dherne leskl\u00fa.<\/p>\n<p style=\"font-weight: 400;\">Stud Muffins pamlsky s\u00fa vyr\u00e1ban\u00e9 ru\u010dne v \u0161k\u00f3tskom \u00a0Ayrshire. Ka\u017ed\u00fd pamlsok je vynikaj\u00facej kvality, vyroben\u00fd pou\u017eit\u00edm kvalitn\u00fdch surov\u00edn, ktor\u00e9 s\u00fa ur\u010den\u00e9 na\u00a0 \u013eudsk\u00fa konzum\u00e1ciu, zlo\u017eenie ka\u017ed\u00e9ho jedn\u00e9ho maffinu je mo\u017en\u00e9 v plnej miere sledova\u0165, \u010do zaru\u010duje pre v\u00e1\u0161ho ko\u0148a len to najlep\u0161ie.<\/p>\n","protected":false},"excerpt":{"rendered":"<ul style=\"font-weight: 400;\">\n<li>Stud Muffiny na sviatky<\/li>\n<li>S pr\u00edchu\u0165ou viano\u010dn\u00e9ho pudingu<\/li>\n<li>Limitovan\u00e1 ed\u00edcia<\/li>\n<\/ul>\n","protected":false},"featured_media":208415,"template":"","meta":{"_acf_changed":false},"product_cat":[3178,75,100,120],"product_tag":[2393,1441],"acf":[],"yoast_head":"<!-- This site is optimized with the Yoast SEO plugin v21.4 - https:\/\/yoast.com\/wordpress\/plugins\/seo\/ -->\n<title>Stud Muffins Adventn\u00fd kalend\u00e1r - Spicehorse<\/title>\n<meta name=\"description\" content=\"spicehorse.eu | Viano\u010dn\u00e9 odpo\u010d\u00edtavanie sa m\u00f4\u017ee za\u010da\u0165 s mini pamlskami Stud Muffin so \u0161peci\u00e1lnou pr\u00edchu\u0165ou. Limited Edition.\" \/>\n<meta name=\"robots\" content=\"index, follow, max-snippet:-1, max-image-preview:large, max-video-preview:-1\" \/>\n<link rel=\"canonical\" href=\"https:\/\/arak.spicehorse.eu\/sk\/produkt\/stud-muffins-adventny-kalendar\/\" \/>\n<meta property=\"og:locale\" content=\"sk_SK\" \/>\n<meta property=\"og:type\" content=\"article\" \/>\n<meta property=\"og:title\" content=\"Stud Muffins Adventn\u00fd kalend\u00e1r - Spicehorse\" \/>\n<meta property=\"og:description\" content=\"spicehorse.eu | Viano\u010dn\u00e9 odpo\u010d\u00edtavanie sa m\u00f4\u017ee za\u010da\u0165 s mini pamlskami Stud Muffin so \u0161peci\u00e1lnou pr\u00edchu\u0165ou. Limited Edition.\" \/>\n<meta property=\"og:url\" content=\"https:\/\/arak.spicehorse.eu\/sk\/produkt\/stud-muffins-adventny-kalendar\/\" \/>\n<meta property=\"og:site_name\" content=\"Spicehorse\" \/>\n<meta property=\"article:publisher\" content=\"https:\/\/www.facebook.com\/SPICEHORSE-550385625402457\/\" \/>\n<meta property=\"article:modified_time\" content=\"2025-11-26T19:47:37+00:00\" \/>\n<meta property=\"og:image\" content=\"https:\/\/arak.spicehorse.eu\/wp-content\/uploads\/2023\/11\/1570701.webp\" \/>\n\t<meta property=\"og:image:width\" content=\"1024\" \/>\n\t<meta property=\"og:image:height\" content=\"1171\" \/>\n\t<meta property=\"og:image:type\" content=\"image\/webp\" \/>\n<meta name=\"twitter:card\" content=\"summary_large_image\" \/>\n<meta name=\"twitter:label1\" content=\"Predpokladan\u00fd \u010das \u010d\u00edtania\" \/>\n\t<meta name=\"twitter:data1\" content=\"1 min\u00fata\" \/>\n<script type=\"application\/ld+json\" class=\"yoast-schema-graph\">{\"@context\":\"https:\/\/schema.org\",\"@graph\":[{\"@type\":\"WebPage\",\"@id\":\"https:\/\/arak.spicehorse.eu\/sk\/produkt\/stud-muffins-adventny-kalendar\/\",\"url\":\"https:\/\/arak.spicehorse.eu\/sk\/produkt\/stud-muffins-adventny-kalendar\/\",\"name\":\"Stud Muffins Adventn\u00fd kalend\u00e1r - Spicehorse\",\"isPartOf\":{\"@id\":\"https:\/\/arak.spicehorse.eu\/en\/#website\"},\"datePublished\":\"2023-11-05T09:18:28+00:00\",\"dateModified\":\"2025-11-26T19:47:37+00:00\",\"description\":\"spicehorse.eu | Viano\u010dn\u00e9 odpo\u010d\u00edtavanie sa m\u00f4\u017ee za\u010da\u0165 s mini pamlskami Stud Muffin so \u0161peci\u00e1lnou pr\u00edchu\u0165ou. Limited Edition.\",\"breadcrumb\":{\"@id\":\"https:\/\/arak.spicehorse.eu\/sk\/produkt\/stud-muffins-adventny-kalendar\/#breadcrumb\"},\"inLanguage\":\"sk-SK\",\"potentialAction\":[{\"@type\":\"ReadAction\",\"target\":[\"https:\/\/arak.spicehorse.eu\/sk\/produkt\/stud-muffins-adventny-kalendar\/\"]}]},{\"@type\":\"BreadcrumbList\",\"@id\":\"https:\/\/arak.spicehorse.eu\/sk\/produkt\/stud-muffins-adventny-kalendar\/#breadcrumb\",\"itemListElement\":[{\"@type\":\"ListItem\",\"position\":1,\"name\":\"Home\",\"item\":\"https:\/\/arak.spicehorse.eu\/sk\/\"},{\"@type\":\"ListItem\",\"position\":2,\"name\":\"Predaj\u0148a\",\"item\":\"https:\/\/arak.spicehorse.eu\/sk\/predajna\/\"},{\"@type\":\"ListItem\",\"position\":3,\"name\":\"Stud Muffins Adventn\u00fd kalend\u00e1r\"}]},{\"@type\":\"WebSite\",\"@id\":\"https:\/\/arak.spicehorse.eu\/en\/#website\",\"url\":\"https:\/\/arak.spicehorse.eu\/en\/\",\"name\":\"Spicehorse\",\"description\":\"UNDER DEVELOPMENT -\",\"potentialAction\":[{\"@type\":\"SearchAction\",\"target\":{\"@type\":\"EntryPoint\",\"urlTemplate\":\"https:\/\/arak.spicehorse.eu\/en\/?s={search_term_string}\"},\"query-input\":\"required name=search_term_string\"}],\"inLanguage\":\"sk-SK\"}]}<\/script>\n<!-- \/ Yoast SEO plugin. -->","yoast_head_json":{"title":"Stud Muffins Adventn\u00fd kalend\u00e1r - Spicehorse","description":"spicehorse.eu | Viano\u010dn\u00e9 odpo\u010d\u00edtavanie sa m\u00f4\u017ee za\u010da\u0165 s mini pamlskami Stud Muffin so \u0161peci\u00e1lnou pr\u00edchu\u0165ou. Limited Edition.","robots":{"index":"index","follow":"follow","max-snippet":"max-snippet:-1","max-image-preview":"max-image-preview:large","max-video-preview":"max-video-preview:-1"},"canonical":"https:\/\/arak.spicehorse.eu\/sk\/produkt\/stud-muffins-adventny-kalendar\/","og_locale":"sk_SK","og_type":"article","og_title":"Stud Muffins Adventn\u00fd kalend\u00e1r - Spicehorse","og_description":"spicehorse.eu | Viano\u010dn\u00e9 odpo\u010d\u00edtavanie sa m\u00f4\u017ee za\u010da\u0165 s mini pamlskami Stud Muffin so \u0161peci\u00e1lnou pr\u00edchu\u0165ou. Limited Edition.","og_url":"https:\/\/arak.spicehorse.eu\/sk\/produkt\/stud-muffins-adventny-kalendar\/","og_site_name":"Spicehorse","article_publisher":"https:\/\/www.facebook.com\/SPICEHORSE-550385625402457\/","article_modified_time":"2025-11-26T19:47:37+00:00","og_image":[{"width":1024,"height":1171,"url":"https:\/\/arak.spicehorse.eu\/wp-content\/uploads\/2023\/11\/1570701.webp","type":"image\/webp"}],"twitter_card":"summary_large_image","twitter_misc":{"Predpokladan\u00fd \u010das \u010d\u00edtania":"1 min\u00fata"},"schema":{"@context":"https:\/\/schema.org","@graph":[{"@type":"WebPage","@id":"https:\/\/arak.spicehorse.eu\/sk\/produkt\/stud-muffins-adventny-kalendar\/","url":"https:\/\/arak.spicehorse.eu\/sk\/produkt\/stud-muffins-adventny-kalendar\/","name":"Stud Muffins Adventn\u00fd kalend\u00e1r - Spicehorse","isPartOf":{"@id":"https:\/\/arak.spicehorse.eu\/en\/#website"},"datePublished":"2023-11-05T09:18:28+00:00","dateModified":"2025-11-26T19:47:37+00:00","description":"spicehorse.eu | Viano\u010dn\u00e9 odpo\u010d\u00edtavanie sa m\u00f4\u017ee za\u010da\u0165 s mini pamlskami Stud Muffin so \u0161peci\u00e1lnou pr\u00edchu\u0165ou. Limited Edition.","breadcrumb":{"@id":"https:\/\/arak.spicehorse.eu\/sk\/produkt\/stud-muffins-adventny-kalendar\/#breadcrumb"},"inLanguage":"sk-SK","potentialAction":[{"@type":"ReadAction","target":["https:\/\/arak.spicehorse.eu\/sk\/produkt\/stud-muffins-adventny-kalendar\/"]}]},{"@type":"BreadcrumbList","@id":"https:\/\/arak.spicehorse.eu\/sk\/produkt\/stud-muffins-adventny-kalendar\/#breadcrumb","itemListElement":[{"@type":"ListItem","position":1,"name":"Home","item":"https:\/\/arak.spicehorse.eu\/sk\/"},{"@type":"ListItem","position":2,"name":"Predaj\u0148a","item":"https:\/\/arak.spicehorse.eu\/sk\/predajna\/"},{"@type":"ListItem","position":3,"name":"Stud Muffins Adventn\u00fd kalend\u00e1r"}]},{"@type":"WebSite","@id":"https:\/\/arak.spicehorse.eu\/en\/#website","url":"https:\/\/arak.spicehorse.eu\/en\/","name":"Spicehorse","description":"UNDER DEVELOPMENT -","potentialAction":[{"@type":"SearchAction","target":{"@type":"EntryPoint","urlTemplate":"https:\/\/arak.spicehorse.eu\/en\/?s={search_term_string}"},"query-input":"required name=search_term_string"}],"inLanguage":"sk-SK"}]}},"_links":{"self":[{"href":"https:\/\/arak.spicehorse.eu\/sk\/wp-json\/wp\/v2\/product\/167526"}],"collection":[{"href":"https:\/\/arak.spicehorse.eu\/sk\/wp-json\/wp\/v2\/product"}],"about":[{"href":"https:\/\/arak.spicehorse.eu\/sk\/wp-json\/wp\/v2\/types\/product"}],"wp:featuredmedia":[{"embeddable":true,"href":"https:\/\/arak.spicehorse.eu\/sk\/wp-json\/wp\/v2\/media\/208415"}],"wp:attachment":[{"href":"https:\/\/arak.spicehorse.eu\/sk\/wp-json\/wp\/v2\/media?parent=167526"}],"wp:term":[{"taxonomy":"product_cat","embeddable":true,"href":"https:\/\/arak.spicehorse.eu\/sk\/wp-json\/wp\/v2\/product_cat?post=167526"},{"taxonomy":"product_tag","embeddable":true,"href":"https:\/\/arak.spicehorse.eu\/sk\/wp-json\/wp\/v2\/product_tag?post=167526"}],"curies":[{"name":"wp","href":"https:\/\/api.w.org\/{rel}","templated":true}]}}