{"id":167827,"date":"2023-11-06T18:26:21","date_gmt":"2023-11-06T17:26:21","guid":{"rendered":"https:\/\/arak.spicehorse.eu\/?post_type=product&#038;p=167827"},"modified":"2024-06-14T18:10:48","modified_gmt":"2024-06-14T16:10:48","slug":"lemieux-flexi-gumena-skrabka-spruce","status":"publish","type":"product","link":"https:\/\/arak.spicehorse.eu\/sk\/produkt\/lemieux-flexi-gumena-skrabka-spruce\/","title":{"rendered":"LeMieux Flexi gumen\u00e1 \u0161krabka Spruce"},"content":{"rendered":"<div>\n<p><span lang=\"SK\">LeMieux Flexi gumen\u00e1 \u0161krabka je ide\u00e1lna na odstr\u00e1nenie ne\u010dist\u00f4t, prachu a\u00a0uvo\u013enen\u00fdch vlasov zo srsti,\u00a0hrivy a\u00a0chvosta ko\u0148a. Elastick\u00fd tvar umo\u017e\u0148uje, aby sme ka\u017ed\u00fa \u010das\u0165 tela ko\u0148a po\u013eahky do\u010diahli, zabezpe\u010duje tak\u00e9 h\u013abkov\u00e9 \u010distenie, po\u010das ktor\u00e9ho sa n\u00e1\u0161 k\u00f4\u0148 bude nielen vynikaj\u00faco c\u00edti\u0165, ale bude pohodln\u00e9 aj pre jazdca.\u00a0 <\/span><\/p>\n<\/div>\n<div>\n<p><span lang=\"SK\">Ergonomick\u00fd tvar dokonale dosad\u00e1 do dlane, zni\u017euje nap\u00ednanie z\u00e1p\u00e4stia, pri pou\u017e\u00edvan\u00ed m\u00e1 dobr\u00e9 dr\u017eanie. Elastick\u00fd p\u00e1s garantuje dokonal\u00e9 dr\u017eanie. <\/span><\/p>\n<\/div>\n<p>Jednoducho ju utrite, um\u00fdvajte v\u00a0teplej vode a\u00a0su\u0161te na vzduchu.<\/p>\n","protected":false},"excerpt":{"rendered":"<p>LeMieux Flexi gumen\u00e1 \u0161krabka je ide\u00e1lna na odstr\u00e1nenie ne\u010dist\u00f4t, prachu a\u00a0uvo\u013enen\u00fdch vlasov zo srsti,\u00a0hrivy a\u00a0chvosta ko\u0148a. Elastick\u00fd tvar umo\u017e\u0148uje, aby sme ka\u017ed\u00fa \u010das\u0165 tela ko\u0148a po\u013eahky do\u010diahli, zabezpe\u010duje tak\u00e9 h\u013abkov\u00e9 \u010distenie, po\u010das ktor\u00e9ho sa n\u00e1\u0161 k\u00f4\u0148 bude nielen vynikaj\u00faco c\u00edti\u0165, ale bude pohodln\u00e9 aj pre jazdca.\u00a0 Ergonomick\u00fd tvar dokonale dosad\u00e1 do dlane, zni\u017euje nap\u00ednanie z\u00e1p\u00e4stia, [&hellip;]<\/p>\n","protected":false},"featured_media":167830,"template":"","meta":{"_acf_changed":false},"product_cat":[75,106,120],"product_tag":[2369,2546,467,401,338,2577],"acf":[],"yoast_head":"<!-- This site is optimized with the Yoast SEO plugin v21.4 - https:\/\/yoast.com\/wordpress\/plugins\/seo\/ -->\n<title>LeMieux Flexi gumen\u00e1 \u0161krabka Spruce - Spicehorse<\/title>\n<meta name=\"description\" content=\"spicehorse.eu | LeMieux Flexi gumen\u00e1 \u0161krabka je ide\u00e1lna na odstr\u00e1nenie ne\u010dist\u00f4t, prachu a\u00a0uvo\u013enen\u00fdch vlasov zo srsti,\u00a0hrivy a\u00a0chvosta ko\u0148a.\" \/>\n<meta name=\"robots\" content=\"index, follow, max-snippet:-1, max-image-preview:large, max-video-preview:-1\" \/>\n<link rel=\"canonical\" href=\"https:\/\/arak.spicehorse.eu\/termek\/lemieux-flexi-gumivakaro-spruce\/\" \/>\n<meta property=\"og:locale\" content=\"sk_SK\" \/>\n<meta property=\"og:type\" content=\"article\" \/>\n<meta property=\"og:title\" content=\"LeMieux Flexi gumen\u00e1 \u0161krabka Spruce - Spicehorse\" \/>\n<meta property=\"og:description\" content=\"spicehorse.eu | LeMieux Flexi gumen\u00e1 \u0161krabka je ide\u00e1lna na odstr\u00e1nenie ne\u010dist\u00f4t, prachu a\u00a0uvo\u013enen\u00fdch vlasov zo srsti,\u00a0hrivy a\u00a0chvosta ko\u0148a.\" \/>\n<meta property=\"og:url\" content=\"https:\/\/arak.spicehorse.eu\/termek\/lemieux-flexi-gumivakaro-spruce\/\" \/>\n<meta property=\"og:site_name\" content=\"Spicehorse\" \/>\n<meta property=\"article:publisher\" content=\"https:\/\/www.facebook.com\/SPICEHORSE-550385625402457\/\" \/>\n<meta property=\"article:modified_time\" content=\"2024-06-14T16:10:48+00:00\" \/>\n<meta property=\"og:image\" content=\"https:\/\/arak.spicehorse.eu\/wp-content\/uploads\/2023\/11\/it03819-product-flexicurrycomb-spruce-3.jpg\" \/>\n\t<meta property=\"og:image:width\" content=\"769\" \/>\n\t<meta property=\"og:image:height\" content=\"1025\" \/>\n\t<meta property=\"og:image:type\" content=\"image\/jpeg\" \/>\n<meta name=\"twitter:card\" content=\"summary_large_image\" \/>\n<meta name=\"twitter:label1\" content=\"Predpokladan\u00fd \u010das \u010d\u00edtania\" \/>\n\t<meta name=\"twitter:data1\" content=\"1 min\u00fata\" \/>\n<script type=\"application\/ld+json\" class=\"yoast-schema-graph\">{\"@context\":\"https:\/\/schema.org\",\"@graph\":[{\"@type\":\"WebPage\",\"@id\":\"https:\/\/arak.spicehorse.eu\/termek\/lemieux-flexi-gumivakaro-spruce\/\",\"url\":\"https:\/\/arak.spicehorse.eu\/termek\/lemieux-flexi-gumivakaro-spruce\/\",\"name\":\"LeMieux Flexi gumen\u00e1 \u0161krabka Spruce - Spicehorse\",\"isPartOf\":{\"@id\":\"https:\/\/arak.spicehorse.eu\/en\/#website\"},\"datePublished\":\"2023-11-06T17:26:21+00:00\",\"dateModified\":\"2024-06-14T16:10:48+00:00\",\"description\":\"spicehorse.eu | LeMieux Flexi gumen\u00e1 \u0161krabka je ide\u00e1lna na odstr\u00e1nenie ne\u010dist\u00f4t, prachu a\u00a0uvo\u013enen\u00fdch vlasov zo srsti,\u00a0hrivy a\u00a0chvosta ko\u0148a.\",\"breadcrumb\":{\"@id\":\"https:\/\/arak.spicehorse.eu\/termek\/lemieux-flexi-gumivakaro-spruce\/#breadcrumb\"},\"inLanguage\":\"sk-SK\",\"potentialAction\":[{\"@type\":\"ReadAction\",\"target\":[\"https:\/\/arak.spicehorse.eu\/termek\/lemieux-flexi-gumivakaro-spruce\/\"]}]},{\"@type\":\"BreadcrumbList\",\"@id\":\"https:\/\/arak.spicehorse.eu\/termek\/lemieux-flexi-gumivakaro-spruce\/#breadcrumb\",\"itemListElement\":[{\"@type\":\"ListItem\",\"position\":1,\"name\":\"Home\",\"item\":\"https:\/\/arak.spicehorse.eu\/sk\/\"},{\"@type\":\"ListItem\",\"position\":2,\"name\":\"Predaj\u0148a\",\"item\":\"https:\/\/arak.spicehorse.eu\/sk\/predajna\/\"},{\"@type\":\"ListItem\",\"position\":3,\"name\":\"LeMieux Flexi gumen\u00e1 \u0161krabka Spruce\"}]},{\"@type\":\"WebSite\",\"@id\":\"https:\/\/arak.spicehorse.eu\/en\/#website\",\"url\":\"https:\/\/arak.spicehorse.eu\/en\/\",\"name\":\"Spicehorse\",\"description\":\"UNDER DEVELOPMENT -\",\"potentialAction\":[{\"@type\":\"SearchAction\",\"target\":{\"@type\":\"EntryPoint\",\"urlTemplate\":\"https:\/\/arak.spicehorse.eu\/en\/?s={search_term_string}\"},\"query-input\":\"required name=search_term_string\"}],\"inLanguage\":\"sk-SK\"}]}<\/script>\n<!-- \/ Yoast SEO plugin. -->","yoast_head_json":{"title":"LeMieux Flexi gumen\u00e1 \u0161krabka Spruce - Spicehorse","description":"spicehorse.eu | LeMieux Flexi gumen\u00e1 \u0161krabka je ide\u00e1lna na odstr\u00e1nenie ne\u010dist\u00f4t, prachu a\u00a0uvo\u013enen\u00fdch vlasov zo srsti,\u00a0hrivy a\u00a0chvosta ko\u0148a.","robots":{"index":"index","follow":"follow","max-snippet":"max-snippet:-1","max-image-preview":"max-image-preview:large","max-video-preview":"max-video-preview:-1"},"canonical":"https:\/\/arak.spicehorse.eu\/termek\/lemieux-flexi-gumivakaro-spruce\/","og_locale":"sk_SK","og_type":"article","og_title":"LeMieux Flexi gumen\u00e1 \u0161krabka Spruce - Spicehorse","og_description":"spicehorse.eu | LeMieux Flexi gumen\u00e1 \u0161krabka je ide\u00e1lna na odstr\u00e1nenie ne\u010dist\u00f4t, prachu a\u00a0uvo\u013enen\u00fdch vlasov zo srsti,\u00a0hrivy a\u00a0chvosta ko\u0148a.","og_url":"https:\/\/arak.spicehorse.eu\/termek\/lemieux-flexi-gumivakaro-spruce\/","og_site_name":"Spicehorse","article_publisher":"https:\/\/www.facebook.com\/SPICEHORSE-550385625402457\/","article_modified_time":"2024-06-14T16:10:48+00:00","og_image":[{"width":769,"height":1025,"url":"https:\/\/arak.spicehorse.eu\/wp-content\/uploads\/2023\/11\/it03819-product-flexicurrycomb-spruce-3.jpg","type":"image\/jpeg"}],"twitter_card":"summary_large_image","twitter_misc":{"Predpokladan\u00fd \u010das \u010d\u00edtania":"1 min\u00fata"},"schema":{"@context":"https:\/\/schema.org","@graph":[{"@type":"WebPage","@id":"https:\/\/arak.spicehorse.eu\/termek\/lemieux-flexi-gumivakaro-spruce\/","url":"https:\/\/arak.spicehorse.eu\/termek\/lemieux-flexi-gumivakaro-spruce\/","name":"LeMieux Flexi gumen\u00e1 \u0161krabka Spruce - Spicehorse","isPartOf":{"@id":"https:\/\/arak.spicehorse.eu\/en\/#website"},"datePublished":"2023-11-06T17:26:21+00:00","dateModified":"2024-06-14T16:10:48+00:00","description":"spicehorse.eu | LeMieux Flexi gumen\u00e1 \u0161krabka je ide\u00e1lna na odstr\u00e1nenie ne\u010dist\u00f4t, prachu a\u00a0uvo\u013enen\u00fdch vlasov zo srsti,\u00a0hrivy a\u00a0chvosta ko\u0148a.","breadcrumb":{"@id":"https:\/\/arak.spicehorse.eu\/termek\/lemieux-flexi-gumivakaro-spruce\/#breadcrumb"},"inLanguage":"sk-SK","potentialAction":[{"@type":"ReadAction","target":["https:\/\/arak.spicehorse.eu\/termek\/lemieux-flexi-gumivakaro-spruce\/"]}]},{"@type":"BreadcrumbList","@id":"https:\/\/arak.spicehorse.eu\/termek\/lemieux-flexi-gumivakaro-spruce\/#breadcrumb","itemListElement":[{"@type":"ListItem","position":1,"name":"Home","item":"https:\/\/arak.spicehorse.eu\/sk\/"},{"@type":"ListItem","position":2,"name":"Predaj\u0148a","item":"https:\/\/arak.spicehorse.eu\/sk\/predajna\/"},{"@type":"ListItem","position":3,"name":"LeMieux Flexi gumen\u00e1 \u0161krabka Spruce"}]},{"@type":"WebSite","@id":"https:\/\/arak.spicehorse.eu\/en\/#website","url":"https:\/\/arak.spicehorse.eu\/en\/","name":"Spicehorse","description":"UNDER DEVELOPMENT -","potentialAction":[{"@type":"SearchAction","target":{"@type":"EntryPoint","urlTemplate":"https:\/\/arak.spicehorse.eu\/en\/?s={search_term_string}"},"query-input":"required name=search_term_string"}],"inLanguage":"sk-SK"}]}},"_links":{"self":[{"href":"https:\/\/arak.spicehorse.eu\/sk\/wp-json\/wp\/v2\/product\/167827"}],"collection":[{"href":"https:\/\/arak.spicehorse.eu\/sk\/wp-json\/wp\/v2\/product"}],"about":[{"href":"https:\/\/arak.spicehorse.eu\/sk\/wp-json\/wp\/v2\/types\/product"}],"wp:featuredmedia":[{"embeddable":true,"href":"https:\/\/arak.spicehorse.eu\/sk\/wp-json\/wp\/v2\/media\/167830"}],"wp:attachment":[{"href":"https:\/\/arak.spicehorse.eu\/sk\/wp-json\/wp\/v2\/media?parent=167827"}],"wp:term":[{"taxonomy":"product_cat","embeddable":true,"href":"https:\/\/arak.spicehorse.eu\/sk\/wp-json\/wp\/v2\/product_cat?post=167827"},{"taxonomy":"product_tag","embeddable":true,"href":"https:\/\/arak.spicehorse.eu\/sk\/wp-json\/wp\/v2\/product_tag?post=167827"}],"curies":[{"name":"wp","href":"https:\/\/api.w.org\/{rel}","templated":true}]}}