{"id":167842,"date":"2023-11-06T18:35:13","date_gmt":"2023-11-06T17:35:15","guid":{"rendered":"https:\/\/arak.spicehorse.eu\/?post_type=product&#038;p=167842"},"modified":"2023-12-24T13:46:01","modified_gmt":"2023-12-24T12:46:01","slug":"lemieux-flexi-masazna-kefa-orchid","status":"publish","type":"product","link":"https:\/\/arak.spicehorse.eu\/sk\/produkt\/lemieux-flexi-masazna-kefa-orchid\/","title":{"rendered":"LeMieux Flexi mas\u00e1\u017ena kefa Orchid"},"content":{"rendered":"<div>\n<p><span lang=\"SK\">Rozmazn\u00e1vajte V\u00e1\u0161ho ko\u0148a mas\u00e1\u017enou kefou LeMieux Flexi. \u00da\u010dinkom jemn\u00fdch gumen\u00fdch mas\u00e1\u017enych hlav\u00edc sa bud\u00fa kone nielen dobre c\u00edti\u0165, ale podporuj\u00fa aj krvn\u00fd obeh, zabezpe\u010duj\u00fa dokonal\u00e9 h\u013abkov\u00e9 \u010distenie a\u00a0zbavia srs\u0165 ko\u0148a vypadan\u00fdch \u0161tet\u00edn, prachu a\u00a0ne\u010dist\u00f4t. Elastick\u00fd tvar umo\u017e\u0148uje, aby sme ka\u017ed\u00fa \u010das\u0165 tela ko\u0148a po\u013eahky do\u010diahli.<\/span><\/p>\n<\/div>\n<div>\n<p><span lang=\"SK\">Ergonomick\u00fd tvar dokonale dosad\u00e1 do dlane, zni\u017euje nap\u00ednanie z\u00e1p\u00e4stia, pri pou\u017e\u00edvan\u00ed m\u00e1 dobr\u00e9 dr\u017eanie. Elastick\u00fd p\u00e1s garantuje dokonal\u00e9 dr\u017eanie. <\/span><\/p>\n<\/div>\n<div>\n<p><span lang=\"SK\">Jednoducho ju utrite, um\u00fdvajte v\u00a0teplej vode a\u00a0su\u0161te na vzduchu.<\/span><\/p>\n<\/div>\n","protected":false},"excerpt":{"rendered":"<p>Rozmazn\u00e1vajte V\u00e1\u0161ho ko\u0148a mas\u00e1\u017enou kefou LeMieux Flexi. \u00da\u010dinkom jemn\u00fdch gumen\u00fdch mas\u00e1\u017enych hlav\u00edc sa bud\u00fa kone nielen dobre c\u00edti\u0165, ale podporuj\u00fa aj krvn\u00fd obeh, zabezpe\u010duj\u00fa dokonal\u00e9 h\u013abkov\u00e9 \u010distenie a\u00a0zbavia srs\u0165 ko\u0148a vypadan\u00fdch \u0161tet\u00edn, prachu a\u00a0ne\u010dist\u00f4t. Elastick\u00fd tvar umo\u017e\u0148uje, aby sme ka\u017ed\u00fa \u010das\u0165 tela ko\u0148a po\u013eahky do\u010diahli. Ergonomick\u00fd tvar dokonale dosad\u00e1 do dlane, zni\u017euje nap\u00ednanie z\u00e1p\u00e4stia, pri [&hellip;]<\/p>\n","protected":false},"featured_media":167845,"template":"","meta":{"_acf_changed":false},"product_cat":[75,106,120],"product_tag":[2369,2546,467,2559,401,338],"acf":[],"yoast_head":"<!-- This site is optimized with the Yoast SEO plugin v21.4 - https:\/\/yoast.com\/wordpress\/plugins\/seo\/ -->\n<title>LeMieux Flexi mas\u00e1\u017ena kefa Orchid - Spicehorse<\/title>\n<meta name=\"description\" content=\"spicehorse.eu | Rozmazn\u00e1vajte V\u00e1\u0161ho ko\u0148a mas\u00e1\u017enou kefou LeMieux Flexi. \u00da\u010dinkom jemn\u00fdch gumen\u00fdch mas\u00e1\u017enych hlav\u00edc sa bud\u00fa kone nielen dobre c\u00edti\u0165.\" \/>\n<meta name=\"robots\" content=\"index, follow, max-snippet:-1, max-image-preview:large, max-video-preview:-1\" \/>\n<link rel=\"canonical\" href=\"https:\/\/arak.spicehorse.eu\/sk\/produkt\/lemieux-flexi-masazna-kefa-orchid\/\" \/>\n<meta property=\"og:locale\" content=\"sk_SK\" \/>\n<meta property=\"og:type\" content=\"article\" \/>\n<meta property=\"og:title\" content=\"LeMieux Flexi mas\u00e1\u017ena kefa Orchid - Spicehorse\" \/>\n<meta property=\"og:description\" content=\"spicehorse.eu | Rozmazn\u00e1vajte V\u00e1\u0161ho ko\u0148a mas\u00e1\u017enou kefou LeMieux Flexi. \u00da\u010dinkom jemn\u00fdch gumen\u00fdch mas\u00e1\u017enych hlav\u00edc sa bud\u00fa kone nielen dobre c\u00edti\u0165.\" \/>\n<meta property=\"og:url\" content=\"https:\/\/arak.spicehorse.eu\/sk\/produkt\/lemieux-flexi-masazna-kefa-orchid\/\" \/>\n<meta property=\"og:site_name\" content=\"Spicehorse\" \/>\n<meta property=\"article:publisher\" content=\"https:\/\/www.facebook.com\/SPICEHORSE-550385625402457\/\" \/>\n<meta property=\"article:modified_time\" content=\"2023-12-24T12:46:01+00:00\" \/>\n<meta property=\"og:image\" content=\"https:\/\/arak.spicehorse.eu\/wp-content\/uploads\/2023\/11\/it03815-product-fleximassagebrush-orchid-3.jpg\" \/>\n\t<meta property=\"og:image:width\" content=\"769\" \/>\n\t<meta property=\"og:image:height\" content=\"1025\" \/>\n\t<meta property=\"og:image:type\" content=\"image\/jpeg\" \/>\n<meta name=\"twitter:card\" content=\"summary_large_image\" \/>\n<meta name=\"twitter:label1\" content=\"Predpokladan\u00fd \u010das \u010d\u00edtania\" \/>\n\t<meta name=\"twitter:data1\" content=\"1 min\u00fata\" \/>\n<script type=\"application\/ld+json\" class=\"yoast-schema-graph\">{\"@context\":\"https:\/\/schema.org\",\"@graph\":[{\"@type\":\"WebPage\",\"@id\":\"https:\/\/arak.spicehorse.eu\/sk\/produkt\/lemieux-flexi-masazna-kefa-orchid\/\",\"url\":\"https:\/\/arak.spicehorse.eu\/sk\/produkt\/lemieux-flexi-masazna-kefa-orchid\/\",\"name\":\"LeMieux Flexi mas\u00e1\u017ena kefa Orchid - Spicehorse\",\"isPartOf\":{\"@id\":\"https:\/\/arak.spicehorse.eu\/en\/#website\"},\"datePublished\":\"2023-11-06T17:35:15+00:00\",\"dateModified\":\"2023-12-24T12:46:01+00:00\",\"description\":\"spicehorse.eu | Rozmazn\u00e1vajte V\u00e1\u0161ho ko\u0148a mas\u00e1\u017enou kefou LeMieux Flexi. \u00da\u010dinkom jemn\u00fdch gumen\u00fdch mas\u00e1\u017enych hlav\u00edc sa bud\u00fa kone nielen dobre c\u00edti\u0165.\",\"breadcrumb\":{\"@id\":\"https:\/\/arak.spicehorse.eu\/sk\/produkt\/lemieux-flexi-masazna-kefa-orchid\/#breadcrumb\"},\"inLanguage\":\"sk-SK\",\"potentialAction\":[{\"@type\":\"ReadAction\",\"target\":[\"https:\/\/arak.spicehorse.eu\/sk\/produkt\/lemieux-flexi-masazna-kefa-orchid\/\"]}]},{\"@type\":\"BreadcrumbList\",\"@id\":\"https:\/\/arak.spicehorse.eu\/sk\/produkt\/lemieux-flexi-masazna-kefa-orchid\/#breadcrumb\",\"itemListElement\":[{\"@type\":\"ListItem\",\"position\":1,\"name\":\"Home\",\"item\":\"https:\/\/arak.spicehorse.eu\/sk\/\"},{\"@type\":\"ListItem\",\"position\":2,\"name\":\"Predaj\u0148a\",\"item\":\"https:\/\/arak.spicehorse.eu\/sk\/predajna\/\"},{\"@type\":\"ListItem\",\"position\":3,\"name\":\"LeMieux Flexi mas\u00e1\u017ena kefa Orchid\"}]},{\"@type\":\"WebSite\",\"@id\":\"https:\/\/arak.spicehorse.eu\/en\/#website\",\"url\":\"https:\/\/arak.spicehorse.eu\/en\/\",\"name\":\"Spicehorse\",\"description\":\"UNDER DEVELOPMENT -\",\"potentialAction\":[{\"@type\":\"SearchAction\",\"target\":{\"@type\":\"EntryPoint\",\"urlTemplate\":\"https:\/\/arak.spicehorse.eu\/en\/?s={search_term_string}\"},\"query-input\":\"required name=search_term_string\"}],\"inLanguage\":\"sk-SK\"}]}<\/script>\n<!-- \/ Yoast SEO plugin. -->","yoast_head_json":{"title":"LeMieux Flexi mas\u00e1\u017ena kefa Orchid - Spicehorse","description":"spicehorse.eu | Rozmazn\u00e1vajte V\u00e1\u0161ho ko\u0148a mas\u00e1\u017enou kefou LeMieux Flexi. \u00da\u010dinkom jemn\u00fdch gumen\u00fdch mas\u00e1\u017enych hlav\u00edc sa bud\u00fa kone nielen dobre c\u00edti\u0165.","robots":{"index":"index","follow":"follow","max-snippet":"max-snippet:-1","max-image-preview":"max-image-preview:large","max-video-preview":"max-video-preview:-1"},"canonical":"https:\/\/arak.spicehorse.eu\/sk\/produkt\/lemieux-flexi-masazna-kefa-orchid\/","og_locale":"sk_SK","og_type":"article","og_title":"LeMieux Flexi mas\u00e1\u017ena kefa Orchid - Spicehorse","og_description":"spicehorse.eu | Rozmazn\u00e1vajte V\u00e1\u0161ho ko\u0148a mas\u00e1\u017enou kefou LeMieux Flexi. \u00da\u010dinkom jemn\u00fdch gumen\u00fdch mas\u00e1\u017enych hlav\u00edc sa bud\u00fa kone nielen dobre c\u00edti\u0165.","og_url":"https:\/\/arak.spicehorse.eu\/sk\/produkt\/lemieux-flexi-masazna-kefa-orchid\/","og_site_name":"Spicehorse","article_publisher":"https:\/\/www.facebook.com\/SPICEHORSE-550385625402457\/","article_modified_time":"2023-12-24T12:46:01+00:00","og_image":[{"width":769,"height":1025,"url":"https:\/\/arak.spicehorse.eu\/wp-content\/uploads\/2023\/11\/it03815-product-fleximassagebrush-orchid-3.jpg","type":"image\/jpeg"}],"twitter_card":"summary_large_image","twitter_misc":{"Predpokladan\u00fd \u010das \u010d\u00edtania":"1 min\u00fata"},"schema":{"@context":"https:\/\/schema.org","@graph":[{"@type":"WebPage","@id":"https:\/\/arak.spicehorse.eu\/sk\/produkt\/lemieux-flexi-masazna-kefa-orchid\/","url":"https:\/\/arak.spicehorse.eu\/sk\/produkt\/lemieux-flexi-masazna-kefa-orchid\/","name":"LeMieux Flexi mas\u00e1\u017ena kefa Orchid - Spicehorse","isPartOf":{"@id":"https:\/\/arak.spicehorse.eu\/en\/#website"},"datePublished":"2023-11-06T17:35:15+00:00","dateModified":"2023-12-24T12:46:01+00:00","description":"spicehorse.eu | Rozmazn\u00e1vajte V\u00e1\u0161ho ko\u0148a mas\u00e1\u017enou kefou LeMieux Flexi. \u00da\u010dinkom jemn\u00fdch gumen\u00fdch mas\u00e1\u017enych hlav\u00edc sa bud\u00fa kone nielen dobre c\u00edti\u0165.","breadcrumb":{"@id":"https:\/\/arak.spicehorse.eu\/sk\/produkt\/lemieux-flexi-masazna-kefa-orchid\/#breadcrumb"},"inLanguage":"sk-SK","potentialAction":[{"@type":"ReadAction","target":["https:\/\/arak.spicehorse.eu\/sk\/produkt\/lemieux-flexi-masazna-kefa-orchid\/"]}]},{"@type":"BreadcrumbList","@id":"https:\/\/arak.spicehorse.eu\/sk\/produkt\/lemieux-flexi-masazna-kefa-orchid\/#breadcrumb","itemListElement":[{"@type":"ListItem","position":1,"name":"Home","item":"https:\/\/arak.spicehorse.eu\/sk\/"},{"@type":"ListItem","position":2,"name":"Predaj\u0148a","item":"https:\/\/arak.spicehorse.eu\/sk\/predajna\/"},{"@type":"ListItem","position":3,"name":"LeMieux Flexi mas\u00e1\u017ena kefa Orchid"}]},{"@type":"WebSite","@id":"https:\/\/arak.spicehorse.eu\/en\/#website","url":"https:\/\/arak.spicehorse.eu\/en\/","name":"Spicehorse","description":"UNDER DEVELOPMENT -","potentialAction":[{"@type":"SearchAction","target":{"@type":"EntryPoint","urlTemplate":"https:\/\/arak.spicehorse.eu\/en\/?s={search_term_string}"},"query-input":"required name=search_term_string"}],"inLanguage":"sk-SK"}]}},"_links":{"self":[{"href":"https:\/\/arak.spicehorse.eu\/sk\/wp-json\/wp\/v2\/product\/167842"}],"collection":[{"href":"https:\/\/arak.spicehorse.eu\/sk\/wp-json\/wp\/v2\/product"}],"about":[{"href":"https:\/\/arak.spicehorse.eu\/sk\/wp-json\/wp\/v2\/types\/product"}],"wp:featuredmedia":[{"embeddable":true,"href":"https:\/\/arak.spicehorse.eu\/sk\/wp-json\/wp\/v2\/media\/167845"}],"wp:attachment":[{"href":"https:\/\/arak.spicehorse.eu\/sk\/wp-json\/wp\/v2\/media?parent=167842"}],"wp:term":[{"taxonomy":"product_cat","embeddable":true,"href":"https:\/\/arak.spicehorse.eu\/sk\/wp-json\/wp\/v2\/product_cat?post=167842"},{"taxonomy":"product_tag","embeddable":true,"href":"https:\/\/arak.spicehorse.eu\/sk\/wp-json\/wp\/v2\/product_tag?post=167842"}],"curies":[{"name":"wp","href":"https:\/\/api.w.org\/{rel}","templated":true}]}}