{"id":167888,"date":"2023-11-08T09:03:12","date_gmt":"2023-11-08T08:03:15","guid":{"rendered":"https:\/\/arak.spicehorse.eu\/?post_type=product&#038;p=167888"},"modified":"2023-12-24T13:44:30","modified_gmt":"2023-12-24T12:44:30","slug":"lemieux-flexi-tvrda-kefa-orchid","status":"publish","type":"product","link":"https:\/\/arak.spicehorse.eu\/sk\/produkt\/lemieux-flexi-tvrda-kefa-orchid\/","title":{"rendered":"LeMieux Flexi tvrd\u00e1 kefa Orchid"},"content":{"rendered":"<div>\n<p><span lang=\"SK\">LeMieux Flexi kefa na drhnutie v\u010faka tvrd\u00fdm \u0161tetin\u00e1m u\u013eah\u010duje odstr\u00e1ni\u0165 nepoddajn\u00fa \u0161pinu a f\u013eaky z tela ko\u0148a. Elastick\u00fd tvar umo\u017e\u0148uje, aby sme ka\u017ed\u00fa \u010das\u0165 tela ko\u0148a po\u013eahky do\u010diahli, a to aj na \u0165a\u017e\u0161ie pr\u00edstupn\u00fdch miestach.\u00a0 <\/span><\/p>\n<\/div>\n<div>\n<p><span lang=\"SK\">Ergonomick\u00fd tvar dokonale dosad\u00e1 do dlane, zni\u017euje nap\u00ednanie z\u00e1p\u00e4stia, pri pou\u017e\u00edvan\u00ed m\u00e1 dobr\u00e9 dr\u017eanie. Elastick\u00fd p\u00e1s garantuje dokonal\u00e9 dr\u017eanie. <\/span><\/p>\n<\/div>\n<div>\n<p><span lang=\"SK\">Jednoducho ju utrite, um\u00fdvajte v\u00a0teplej vode a\u00a0su\u0161te na vzduchu.<\/span><\/p>\n<\/div>\n","protected":false},"excerpt":{"rendered":"<p>LeMieux Flexi kefa na drhnutie v\u010faka tvrd\u00fdm \u0161tetin\u00e1m u\u013eah\u010duje odstr\u00e1ni\u0165 nepoddajn\u00fa \u0161pinu a f\u013eaky z tela ko\u0148a. Elastick\u00fd tvar umo\u017e\u0148uje, aby sme ka\u017ed\u00fa \u010das\u0165 tela ko\u0148a po\u013eahky do\u010diahli, a to aj na \u0165a\u017e\u0161ie pr\u00edstupn\u00fdch miestach.\u00a0 Ergonomick\u00fd tvar dokonale dosad\u00e1 do dlane, zni\u017euje nap\u00ednanie z\u00e1p\u00e4stia, pri pou\u017e\u00edvan\u00ed m\u00e1 dobr\u00e9 dr\u017eanie. Elastick\u00fd p\u00e1s garantuje dokonal\u00e9 dr\u017eanie. Jednoducho [&hellip;]<\/p>\n","protected":false},"featured_media":167891,"template":"","meta":{"_acf_changed":false},"product_cat":[75,106,120],"product_tag":[2369,2546,467,2559,401,338],"acf":[],"yoast_head":"<!-- This site is optimized with the Yoast SEO plugin v21.4 - https:\/\/yoast.com\/wordpress\/plugins\/seo\/ -->\n<title>LeMieux Flexi tvrd\u00e1 kefa Orchid - Spicehorse<\/title>\n<meta name=\"description\" content=\"spicehorse.eu | LeMieux Flexi kefa na drhnutie v\u010faka tvrd\u00fdm \u0161tetin\u00e1m u\u013eah\u010duje odstr\u00e1ni\u0165 nepoddajn\u00fa \u0161pinu a f\u013eaky z tela ko\u0148a.\" \/>\n<meta name=\"robots\" content=\"index, follow, max-snippet:-1, max-image-preview:large, max-video-preview:-1\" \/>\n<link rel=\"canonical\" href=\"https:\/\/arak.spicehorse.eu\/sk\/produkt\/lemieux-flexi-tvrda-kefa-orchid\/\" \/>\n<meta property=\"og:locale\" content=\"sk_SK\" \/>\n<meta property=\"og:type\" content=\"article\" \/>\n<meta property=\"og:title\" content=\"LeMieux Flexi tvrd\u00e1 kefa Orchid - Spicehorse\" \/>\n<meta property=\"og:description\" content=\"spicehorse.eu | LeMieux Flexi kefa na drhnutie v\u010faka tvrd\u00fdm \u0161tetin\u00e1m u\u013eah\u010duje odstr\u00e1ni\u0165 nepoddajn\u00fa \u0161pinu a f\u013eaky z tela ko\u0148a.\" \/>\n<meta property=\"og:url\" content=\"https:\/\/arak.spicehorse.eu\/sk\/produkt\/lemieux-flexi-tvrda-kefa-orchid\/\" \/>\n<meta property=\"og:site_name\" content=\"Spicehorse\" \/>\n<meta property=\"article:publisher\" content=\"https:\/\/www.facebook.com\/SPICEHORSE-550385625402457\/\" \/>\n<meta property=\"article:modified_time\" content=\"2023-12-24T12:44:30+00:00\" \/>\n<meta property=\"og:image\" content=\"https:\/\/arak.spicehorse.eu\/wp-content\/uploads\/2023\/11\/it03814-product-flexiscrubbingbrush-orchid-3.jpg\" \/>\n\t<meta property=\"og:image:width\" content=\"769\" \/>\n\t<meta property=\"og:image:height\" content=\"1025\" \/>\n\t<meta property=\"og:image:type\" content=\"image\/jpeg\" \/>\n<meta name=\"twitter:card\" content=\"summary_large_image\" \/>\n<script type=\"application\/ld+json\" class=\"yoast-schema-graph\">{\"@context\":\"https:\/\/schema.org\",\"@graph\":[{\"@type\":\"WebPage\",\"@id\":\"https:\/\/arak.spicehorse.eu\/sk\/produkt\/lemieux-flexi-tvrda-kefa-orchid\/\",\"url\":\"https:\/\/arak.spicehorse.eu\/sk\/produkt\/lemieux-flexi-tvrda-kefa-orchid\/\",\"name\":\"LeMieux Flexi tvrd\u00e1 kefa Orchid - Spicehorse\",\"isPartOf\":{\"@id\":\"https:\/\/arak.spicehorse.eu\/en\/#website\"},\"datePublished\":\"2023-11-08T08:03:15+00:00\",\"dateModified\":\"2023-12-24T12:44:30+00:00\",\"description\":\"spicehorse.eu | LeMieux Flexi kefa na drhnutie v\u010faka tvrd\u00fdm \u0161tetin\u00e1m u\u013eah\u010duje odstr\u00e1ni\u0165 nepoddajn\u00fa \u0161pinu a f\u013eaky z tela ko\u0148a.\",\"breadcrumb\":{\"@id\":\"https:\/\/arak.spicehorse.eu\/sk\/produkt\/lemieux-flexi-tvrda-kefa-orchid\/#breadcrumb\"},\"inLanguage\":\"sk-SK\",\"potentialAction\":[{\"@type\":\"ReadAction\",\"target\":[\"https:\/\/arak.spicehorse.eu\/sk\/produkt\/lemieux-flexi-tvrda-kefa-orchid\/\"]}]},{\"@type\":\"BreadcrumbList\",\"@id\":\"https:\/\/arak.spicehorse.eu\/sk\/produkt\/lemieux-flexi-tvrda-kefa-orchid\/#breadcrumb\",\"itemListElement\":[{\"@type\":\"ListItem\",\"position\":1,\"name\":\"Home\",\"item\":\"https:\/\/arak.spicehorse.eu\/sk\/\"},{\"@type\":\"ListItem\",\"position\":2,\"name\":\"Predaj\u0148a\",\"item\":\"https:\/\/arak.spicehorse.eu\/sk\/predajna\/\"},{\"@type\":\"ListItem\",\"position\":3,\"name\":\"LeMieux Flexi tvrd\u00e1 kefa Orchid\"}]},{\"@type\":\"WebSite\",\"@id\":\"https:\/\/arak.spicehorse.eu\/en\/#website\",\"url\":\"https:\/\/arak.spicehorse.eu\/en\/\",\"name\":\"Spicehorse\",\"description\":\"UNDER DEVELOPMENT -\",\"potentialAction\":[{\"@type\":\"SearchAction\",\"target\":{\"@type\":\"EntryPoint\",\"urlTemplate\":\"https:\/\/arak.spicehorse.eu\/en\/?s={search_term_string}\"},\"query-input\":\"required name=search_term_string\"}],\"inLanguage\":\"sk-SK\"}]}<\/script>\n<!-- \/ Yoast SEO plugin. -->","yoast_head_json":{"title":"LeMieux Flexi tvrd\u00e1 kefa Orchid - Spicehorse","description":"spicehorse.eu | LeMieux Flexi kefa na drhnutie v\u010faka tvrd\u00fdm \u0161tetin\u00e1m u\u013eah\u010duje odstr\u00e1ni\u0165 nepoddajn\u00fa \u0161pinu a f\u013eaky z tela ko\u0148a.","robots":{"index":"index","follow":"follow","max-snippet":"max-snippet:-1","max-image-preview":"max-image-preview:large","max-video-preview":"max-video-preview:-1"},"canonical":"https:\/\/arak.spicehorse.eu\/sk\/produkt\/lemieux-flexi-tvrda-kefa-orchid\/","og_locale":"sk_SK","og_type":"article","og_title":"LeMieux Flexi tvrd\u00e1 kefa Orchid - Spicehorse","og_description":"spicehorse.eu | LeMieux Flexi kefa na drhnutie v\u010faka tvrd\u00fdm \u0161tetin\u00e1m u\u013eah\u010duje odstr\u00e1ni\u0165 nepoddajn\u00fa \u0161pinu a f\u013eaky z tela ko\u0148a.","og_url":"https:\/\/arak.spicehorse.eu\/sk\/produkt\/lemieux-flexi-tvrda-kefa-orchid\/","og_site_name":"Spicehorse","article_publisher":"https:\/\/www.facebook.com\/SPICEHORSE-550385625402457\/","article_modified_time":"2023-12-24T12:44:30+00:00","og_image":[{"width":769,"height":1025,"url":"https:\/\/arak.spicehorse.eu\/wp-content\/uploads\/2023\/11\/it03814-product-flexiscrubbingbrush-orchid-3.jpg","type":"image\/jpeg"}],"twitter_card":"summary_large_image","schema":{"@context":"https:\/\/schema.org","@graph":[{"@type":"WebPage","@id":"https:\/\/arak.spicehorse.eu\/sk\/produkt\/lemieux-flexi-tvrda-kefa-orchid\/","url":"https:\/\/arak.spicehorse.eu\/sk\/produkt\/lemieux-flexi-tvrda-kefa-orchid\/","name":"LeMieux Flexi tvrd\u00e1 kefa Orchid - Spicehorse","isPartOf":{"@id":"https:\/\/arak.spicehorse.eu\/en\/#website"},"datePublished":"2023-11-08T08:03:15+00:00","dateModified":"2023-12-24T12:44:30+00:00","description":"spicehorse.eu | LeMieux Flexi kefa na drhnutie v\u010faka tvrd\u00fdm \u0161tetin\u00e1m u\u013eah\u010duje odstr\u00e1ni\u0165 nepoddajn\u00fa \u0161pinu a f\u013eaky z tela ko\u0148a.","breadcrumb":{"@id":"https:\/\/arak.spicehorse.eu\/sk\/produkt\/lemieux-flexi-tvrda-kefa-orchid\/#breadcrumb"},"inLanguage":"sk-SK","potentialAction":[{"@type":"ReadAction","target":["https:\/\/arak.spicehorse.eu\/sk\/produkt\/lemieux-flexi-tvrda-kefa-orchid\/"]}]},{"@type":"BreadcrumbList","@id":"https:\/\/arak.spicehorse.eu\/sk\/produkt\/lemieux-flexi-tvrda-kefa-orchid\/#breadcrumb","itemListElement":[{"@type":"ListItem","position":1,"name":"Home","item":"https:\/\/arak.spicehorse.eu\/sk\/"},{"@type":"ListItem","position":2,"name":"Predaj\u0148a","item":"https:\/\/arak.spicehorse.eu\/sk\/predajna\/"},{"@type":"ListItem","position":3,"name":"LeMieux Flexi tvrd\u00e1 kefa Orchid"}]},{"@type":"WebSite","@id":"https:\/\/arak.spicehorse.eu\/en\/#website","url":"https:\/\/arak.spicehorse.eu\/en\/","name":"Spicehorse","description":"UNDER DEVELOPMENT -","potentialAction":[{"@type":"SearchAction","target":{"@type":"EntryPoint","urlTemplate":"https:\/\/arak.spicehorse.eu\/en\/?s={search_term_string}"},"query-input":"required name=search_term_string"}],"inLanguage":"sk-SK"}]}},"_links":{"self":[{"href":"https:\/\/arak.spicehorse.eu\/sk\/wp-json\/wp\/v2\/product\/167888"}],"collection":[{"href":"https:\/\/arak.spicehorse.eu\/sk\/wp-json\/wp\/v2\/product"}],"about":[{"href":"https:\/\/arak.spicehorse.eu\/sk\/wp-json\/wp\/v2\/types\/product"}],"wp:featuredmedia":[{"embeddable":true,"href":"https:\/\/arak.spicehorse.eu\/sk\/wp-json\/wp\/v2\/media\/167891"}],"wp:attachment":[{"href":"https:\/\/arak.spicehorse.eu\/sk\/wp-json\/wp\/v2\/media?parent=167888"}],"wp:term":[{"taxonomy":"product_cat","embeddable":true,"href":"https:\/\/arak.spicehorse.eu\/sk\/wp-json\/wp\/v2\/product_cat?post=167888"},{"taxonomy":"product_tag","embeddable":true,"href":"https:\/\/arak.spicehorse.eu\/sk\/wp-json\/wp\/v2\/product_tag?post=167888"}],"curies":[{"name":"wp","href":"https:\/\/api.w.org\/{rel}","templated":true}]}}