{"id":168034,"date":"2023-11-11T13:18:16","date_gmt":"2023-11-11T12:18:24","guid":{"rendered":"https:\/\/arak.spicehorse.eu\/?post_type=product&#038;p=168034"},"modified":"2025-01-09T22:16:43","modified_gmt":"2025-01-09T21:16:43","slug":"lemieux-hollie-detsky-pulover-atlantic","status":"publish","type":"product","link":"https:\/\/arak.spicehorse.eu\/sk\/produkt\/lemieux-hollie-detsky-pulover-atlantic\/","title":{"rendered":"LeMieux Hollie detsk\u00fd pul\u00f3ver Atlantic"},"content":{"rendered":"<div>\n<p><span lang=\"SK\">A\u00a0zima m\u00f4\u017ee pr\u00eds\u0165 v\u00a0tomto teplom LeMieux Hollie pul\u00f3vri s\u00a0kapuc\u0148ou. Je extra jemne pod\u0161it\u00fd, tepl\u00fd a\u00a0ve\u013emi pohodln\u00fd na nosenie, je ob\u013e\u00faben\u00fdm k\u00faskom mlad\u00fdch jazdcov.<\/span><\/p>\n<\/div>\n<div>\n<p><span lang=\"SK\">S\u00a0LeMieux v\u00fd\u0161ivkou, kapuc\u0148ou a\u00a0nastavite\u013en\u00fdmi s\u0165ahovac\u00edmi \u0161n\u00farkami. V\u010faka patentom dokonale udr\u017e\u00ed telesn\u00fa teplotu tela, dlh\u0161ie sa budeme c\u00edti\u0165 v\u00a0teple. \u00a0<\/span><\/p>\n<\/div>\n<div>\n<p><span lang=\"SK\">Mo\u017eno pra\u0165 v\u00a0pr\u00e1\u010dke na 30. Pred pran\u00edm obr\u00e1\u0165te naruby. Perte s\u00a0podobn\u00fdmi farbami, Nevkladajte do su\u0161i\u010dky. \u00a0<\/span><\/p>\n<\/div>\n","protected":false},"excerpt":{"rendered":"<p>A\u00a0zima m\u00f4\u017ee pr\u00eds\u0165 v\u00a0tomto teplom LeMieux Hollie pul\u00f3vri s\u00a0kapuc\u0148ou. Je extra jemne pod\u0161it\u00fd, tepl\u00fd a\u00a0ve\u013emi pohodln\u00fd na nosenie, je ob\u013e\u00faben\u00fdm k\u00faskom mlad\u00fdch jazdcov. S\u00a0LeMieux v\u00fd\u0161ivkou, kapuc\u0148ou a\u00a0nastavite\u013en\u00fdmi s\u0165ahovac\u00edmi \u0161n\u00farkami. V\u010faka patentom dokonale udr\u017e\u00ed telesn\u00fa teplotu tela, dlh\u0161ie sa budeme c\u00edti\u0165 v\u00a0teple. \u00a0 Mo\u017eno pra\u0165 v\u00a0pr\u00e1\u010dke na 30. Pred pran\u00edm obr\u00e1\u0165te naruby. Perte s\u00a0podobn\u00fdmi farbami, Nevkladajte [&hellip;]<\/p>\n","protected":false},"featured_media":168512,"template":"","meta":{"_acf_changed":false},"product_cat":[2534,78,76,307],"product_tag":[2563,2242,2369,2546,2589,420],"acf":[],"yoast_head":"<!-- This site is optimized with the Yoast SEO plugin v21.4 - https:\/\/yoast.com\/wordpress\/plugins\/seo\/ -->\n<title>LeMieux Hollie detsk\u00fd pul\u00f3ver Atlantic - Spicehorse<\/title>\n<meta name=\"description\" content=\"spicehorse.eu | A\u00a0zima m\u00f4\u017ee pr\u00eds\u0165 v\u00a0tomto teplom LeMieux Hollie pul\u00f3vri s\u00a0kapuc\u0148ou. Je extra jemne pod\u0161it\u00fd, tepl\u00fd a\u00a0ve\u013emi pohodln\u00fd na nosenie, je ob\u013e\u00faben\u00fdm k\u00faskom mlad\u00fdch jazdcov.\" \/>\n<meta name=\"robots\" content=\"index, follow, max-snippet:-1, max-image-preview:large, max-video-preview:-1\" \/>\n<link rel=\"canonical\" href=\"https:\/\/arak.spicehorse.eu\/sk\/produkt\/lemieux-hollie-detsky-pulover-atlantic\/\" \/>\n<meta property=\"og:locale\" content=\"sk_SK\" \/>\n<meta property=\"og:type\" content=\"article\" \/>\n<meta property=\"og:title\" content=\"LeMieux Hollie detsk\u00fd pul\u00f3ver Atlantic - Spicehorse\" \/>\n<meta property=\"og:description\" content=\"spicehorse.eu | A\u00a0zima m\u00f4\u017ee pr\u00eds\u0165 v\u00a0tomto teplom LeMieux Hollie pul\u00f3vri s\u00a0kapuc\u0148ou. Je extra jemne pod\u0161it\u00fd, tepl\u00fd a\u00a0ve\u013emi pohodln\u00fd na nosenie, je ob\u013e\u00faben\u00fdm k\u00faskom mlad\u00fdch jazdcov.\" \/>\n<meta property=\"og:url\" content=\"https:\/\/arak.spicehorse.eu\/sk\/produkt\/lemieux-hollie-detsky-pulover-atlantic\/\" \/>\n<meta property=\"og:site_name\" content=\"Spicehorse\" \/>\n<meta property=\"article:publisher\" content=\"https:\/\/www.facebook.com\/SPICEHORSE-550385625402457\/\" \/>\n<meta property=\"article:modified_time\" content=\"2025-01-09T21:16:43+00:00\" \/>\n<meta property=\"og:image\" content=\"https:\/\/arak.spicehorse.eu\/wp-content\/uploads\/2023\/11\/hh-1122-285-1.jpg\" \/>\n\t<meta property=\"og:image:width\" content=\"800\" \/>\n\t<meta property=\"og:image:height\" content=\"800\" \/>\n\t<meta property=\"og:image:type\" content=\"image\/jpeg\" \/>\n<meta name=\"twitter:card\" content=\"summary_large_image\" \/>\n<script type=\"application\/ld+json\" class=\"yoast-schema-graph\">{\"@context\":\"https:\/\/schema.org\",\"@graph\":[{\"@type\":\"WebPage\",\"@id\":\"https:\/\/arak.spicehorse.eu\/sk\/produkt\/lemieux-hollie-detsky-pulover-atlantic\/\",\"url\":\"https:\/\/arak.spicehorse.eu\/sk\/produkt\/lemieux-hollie-detsky-pulover-atlantic\/\",\"name\":\"LeMieux Hollie detsk\u00fd pul\u00f3ver Atlantic - Spicehorse\",\"isPartOf\":{\"@id\":\"https:\/\/arak.spicehorse.eu\/en\/#website\"},\"datePublished\":\"2023-11-11T12:18:24+00:00\",\"dateModified\":\"2025-01-09T21:16:43+00:00\",\"description\":\"spicehorse.eu | A\u00a0zima m\u00f4\u017ee pr\u00eds\u0165 v\u00a0tomto teplom LeMieux Hollie pul\u00f3vri s\u00a0kapuc\u0148ou. Je extra jemne pod\u0161it\u00fd, tepl\u00fd a\u00a0ve\u013emi pohodln\u00fd na nosenie, je ob\u013e\u00faben\u00fdm k\u00faskom mlad\u00fdch jazdcov.\",\"breadcrumb\":{\"@id\":\"https:\/\/arak.spicehorse.eu\/sk\/produkt\/lemieux-hollie-detsky-pulover-atlantic\/#breadcrumb\"},\"inLanguage\":\"sk-SK\",\"potentialAction\":[{\"@type\":\"ReadAction\",\"target\":[\"https:\/\/arak.spicehorse.eu\/sk\/produkt\/lemieux-hollie-detsky-pulover-atlantic\/\"]}]},{\"@type\":\"BreadcrumbList\",\"@id\":\"https:\/\/arak.spicehorse.eu\/sk\/produkt\/lemieux-hollie-detsky-pulover-atlantic\/#breadcrumb\",\"itemListElement\":[{\"@type\":\"ListItem\",\"position\":1,\"name\":\"Home\",\"item\":\"https:\/\/arak.spicehorse.eu\/sk\/\"},{\"@type\":\"ListItem\",\"position\":2,\"name\":\"Predaj\u0148a\",\"item\":\"https:\/\/arak.spicehorse.eu\/sk\/predajna\/\"},{\"@type\":\"ListItem\",\"position\":3,\"name\":\"LeMieux Hollie detsk\u00fd pul\u00f3ver Atlantic\"}]},{\"@type\":\"WebSite\",\"@id\":\"https:\/\/arak.spicehorse.eu\/en\/#website\",\"url\":\"https:\/\/arak.spicehorse.eu\/en\/\",\"name\":\"Spicehorse\",\"description\":\"UNDER DEVELOPMENT -\",\"potentialAction\":[{\"@type\":\"SearchAction\",\"target\":{\"@type\":\"EntryPoint\",\"urlTemplate\":\"https:\/\/arak.spicehorse.eu\/en\/?s={search_term_string}\"},\"query-input\":\"required name=search_term_string\"}],\"inLanguage\":\"sk-SK\"}]}<\/script>\n<!-- \/ Yoast SEO plugin. -->","yoast_head_json":{"title":"LeMieux Hollie detsk\u00fd pul\u00f3ver Atlantic - Spicehorse","description":"spicehorse.eu | A\u00a0zima m\u00f4\u017ee pr\u00eds\u0165 v\u00a0tomto teplom LeMieux Hollie pul\u00f3vri s\u00a0kapuc\u0148ou. Je extra jemne pod\u0161it\u00fd, tepl\u00fd a\u00a0ve\u013emi pohodln\u00fd na nosenie, je ob\u013e\u00faben\u00fdm k\u00faskom mlad\u00fdch jazdcov.","robots":{"index":"index","follow":"follow","max-snippet":"max-snippet:-1","max-image-preview":"max-image-preview:large","max-video-preview":"max-video-preview:-1"},"canonical":"https:\/\/arak.spicehorse.eu\/sk\/produkt\/lemieux-hollie-detsky-pulover-atlantic\/","og_locale":"sk_SK","og_type":"article","og_title":"LeMieux Hollie detsk\u00fd pul\u00f3ver Atlantic - Spicehorse","og_description":"spicehorse.eu | A\u00a0zima m\u00f4\u017ee pr\u00eds\u0165 v\u00a0tomto teplom LeMieux Hollie pul\u00f3vri s\u00a0kapuc\u0148ou. Je extra jemne pod\u0161it\u00fd, tepl\u00fd a\u00a0ve\u013emi pohodln\u00fd na nosenie, je ob\u013e\u00faben\u00fdm k\u00faskom mlad\u00fdch jazdcov.","og_url":"https:\/\/arak.spicehorse.eu\/sk\/produkt\/lemieux-hollie-detsky-pulover-atlantic\/","og_site_name":"Spicehorse","article_publisher":"https:\/\/www.facebook.com\/SPICEHORSE-550385625402457\/","article_modified_time":"2025-01-09T21:16:43+00:00","og_image":[{"width":800,"height":800,"url":"https:\/\/arak.spicehorse.eu\/wp-content\/uploads\/2023\/11\/hh-1122-285-1.jpg","type":"image\/jpeg"}],"twitter_card":"summary_large_image","schema":{"@context":"https:\/\/schema.org","@graph":[{"@type":"WebPage","@id":"https:\/\/arak.spicehorse.eu\/sk\/produkt\/lemieux-hollie-detsky-pulover-atlantic\/","url":"https:\/\/arak.spicehorse.eu\/sk\/produkt\/lemieux-hollie-detsky-pulover-atlantic\/","name":"LeMieux Hollie detsk\u00fd pul\u00f3ver Atlantic - Spicehorse","isPartOf":{"@id":"https:\/\/arak.spicehorse.eu\/en\/#website"},"datePublished":"2023-11-11T12:18:24+00:00","dateModified":"2025-01-09T21:16:43+00:00","description":"spicehorse.eu | A\u00a0zima m\u00f4\u017ee pr\u00eds\u0165 v\u00a0tomto teplom LeMieux Hollie pul\u00f3vri s\u00a0kapuc\u0148ou. Je extra jemne pod\u0161it\u00fd, tepl\u00fd a\u00a0ve\u013emi pohodln\u00fd na nosenie, je ob\u013e\u00faben\u00fdm k\u00faskom mlad\u00fdch jazdcov.","breadcrumb":{"@id":"https:\/\/arak.spicehorse.eu\/sk\/produkt\/lemieux-hollie-detsky-pulover-atlantic\/#breadcrumb"},"inLanguage":"sk-SK","potentialAction":[{"@type":"ReadAction","target":["https:\/\/arak.spicehorse.eu\/sk\/produkt\/lemieux-hollie-detsky-pulover-atlantic\/"]}]},{"@type":"BreadcrumbList","@id":"https:\/\/arak.spicehorse.eu\/sk\/produkt\/lemieux-hollie-detsky-pulover-atlantic\/#breadcrumb","itemListElement":[{"@type":"ListItem","position":1,"name":"Home","item":"https:\/\/arak.spicehorse.eu\/sk\/"},{"@type":"ListItem","position":2,"name":"Predaj\u0148a","item":"https:\/\/arak.spicehorse.eu\/sk\/predajna\/"},{"@type":"ListItem","position":3,"name":"LeMieux Hollie detsk\u00fd pul\u00f3ver Atlantic"}]},{"@type":"WebSite","@id":"https:\/\/arak.spicehorse.eu\/en\/#website","url":"https:\/\/arak.spicehorse.eu\/en\/","name":"Spicehorse","description":"UNDER DEVELOPMENT -","potentialAction":[{"@type":"SearchAction","target":{"@type":"EntryPoint","urlTemplate":"https:\/\/arak.spicehorse.eu\/en\/?s={search_term_string}"},"query-input":"required name=search_term_string"}],"inLanguage":"sk-SK"}]}},"_links":{"self":[{"href":"https:\/\/arak.spicehorse.eu\/sk\/wp-json\/wp\/v2\/product\/168034"}],"collection":[{"href":"https:\/\/arak.spicehorse.eu\/sk\/wp-json\/wp\/v2\/product"}],"about":[{"href":"https:\/\/arak.spicehorse.eu\/sk\/wp-json\/wp\/v2\/types\/product"}],"wp:featuredmedia":[{"embeddable":true,"href":"https:\/\/arak.spicehorse.eu\/sk\/wp-json\/wp\/v2\/media\/168512"}],"wp:attachment":[{"href":"https:\/\/arak.spicehorse.eu\/sk\/wp-json\/wp\/v2\/media?parent=168034"}],"wp:term":[{"taxonomy":"product_cat","embeddable":true,"href":"https:\/\/arak.spicehorse.eu\/sk\/wp-json\/wp\/v2\/product_cat?post=168034"},{"taxonomy":"product_tag","embeddable":true,"href":"https:\/\/arak.spicehorse.eu\/sk\/wp-json\/wp\/v2\/product_tag?post=168034"}],"curies":[{"name":"wp","href":"https:\/\/api.w.org\/{rel}","templated":true}]}}