{"id":168122,"date":"2023-11-12T11:53:26","date_gmt":"2023-11-12T10:53:32","guid":{"rendered":"https:\/\/arak.spicehorse.eu\/?post_type=product&#038;p=168122"},"modified":"2023-11-23T11:15:18","modified_gmt":"2023-11-23T10:15:18","slug":"lemieux-teagan-detsky-pulover-pink-quartz","status":"publish","type":"product","link":"https:\/\/arak.spicehorse.eu\/sk\/produkt\/lemieux-teagan-detsky-pulover-pink-quartz\/","title":{"rendered":"LeMieux Teagan detsk\u00fd pul\u00f3ver Pink Quartz"},"content":{"rendered":"<div>\n<p><span lang=\"SK\">Mini Teagan pul\u00f3ver je vyroben\u00fd z\u00a0najjemnej\u0161ieho, najpohodlnej\u0161ieho teddy fl\u00edsov\u00e9ho materi\u00e1lu, je dokonalou vo\u013ebou na jazdenie v\u00a0zime. Fl\u00edsov\u00e1 pod\u0161\u00edvka poskytuje extra teplo, v\u010faka vreck\u00e1m na zips, praktickej kapucni a\u00a0vy\u0161\u00edvan\u00e9mu logu na ruk\u00e1ve dod\u00e1va skuto\u010dne nev\u0161edn\u00fd vzh\u013ead. Je ide\u00e1lnou vo\u013ebou do chladn\u00e9ho po\u010dasia. <\/span><\/p>\n<\/div>\n<div>\n<p><span lang=\"SK\">Mo\u017eno pra\u0165 v\u00a0pr\u00e1\u010dke na 30. Pred pran\u00edm obr\u00e1\u0165te naruby. Perte s\u00a0podobn\u00fdmi farbami, Nevkladajte do su\u0161i\u010dky.<\/span><\/p>\n<\/div>\n","protected":false},"excerpt":{"rendered":"<p>Mini Teagan pul\u00f3ver je vyroben\u00fd z\u00a0najjemnej\u0161ieho, najpohodlnej\u0161ieho teddy fl\u00edsov\u00e9ho materi\u00e1lu, je dokonalou vo\u013ebou na jazdenie v\u00a0zime. Fl\u00edsov\u00e1 pod\u0161\u00edvka poskytuje extra teplo, v\u010faka vreck\u00e1m na zips, praktickej kapucni a\u00a0vy\u0161\u00edvan\u00e9mu logu na ruk\u00e1ve dod\u00e1va skuto\u010dne nev\u0161edn\u00fd vzh\u013ead. Je ide\u00e1lnou vo\u013ebou do chladn\u00e9ho po\u010dasia. Mo\u017eno pra\u0165 v\u00a0pr\u00e1\u010dke na 30. Pred pran\u00edm obr\u00e1\u0165te naruby. Perte s\u00a0podobn\u00fdmi farbami, Nevkladajte do [&hellip;]<\/p>\n","protected":false},"featured_media":168490,"template":"","meta":{"_acf_changed":false},"product_cat":[2534,78,76,307],"product_tag":[2242,2369,2546,2589,2545,420],"acf":[],"yoast_head":"<!-- This site is optimized with the Yoast SEO plugin v21.4 - https:\/\/yoast.com\/wordpress\/plugins\/seo\/ -->\n<title>LeMieux Teagan detsk\u00fd pul\u00f3ver Pink Quartz - Spicehorse<\/title>\n<meta name=\"description\" content=\"spicehorse.eu | Mini Teagan pul\u00f3ver je vyroben\u00fd z\u00a0najjemnej\u0161ieho, najpohodlnej\u0161ieho teddy fl\u00edsov\u00e9ho materi\u00e1lu, je dokonalou vo\u013ebou na jazdenie v\u00a0zime.\" \/>\n<meta name=\"robots\" content=\"index, follow, max-snippet:-1, max-image-preview:large, max-video-preview:-1\" \/>\n<link rel=\"canonical\" href=\"https:\/\/arak.spicehorse.eu\/sk\/produkt\/lemieux-teagan-detsky-pulover-pink-quartz\/\" \/>\n<meta property=\"og:locale\" content=\"sk_SK\" \/>\n<meta property=\"og:type\" content=\"article\" \/>\n<meta property=\"og:title\" content=\"LeMieux Teagan detsk\u00fd pul\u00f3ver Pink Quartz - Spicehorse\" \/>\n<meta property=\"og:description\" content=\"spicehorse.eu | Mini Teagan pul\u00f3ver je vyroben\u00fd z\u00a0najjemnej\u0161ieho, najpohodlnej\u0161ieho teddy fl\u00edsov\u00e9ho materi\u00e1lu, je dokonalou vo\u013ebou na jazdenie v\u00a0zime.\" \/>\n<meta property=\"og:url\" content=\"https:\/\/arak.spicehorse.eu\/sk\/produkt\/lemieux-teagan-detsky-pulover-pink-quartz\/\" \/>\n<meta property=\"og:site_name\" content=\"Spicehorse\" \/>\n<meta property=\"article:publisher\" content=\"https:\/\/www.facebook.com\/SPICEHORSE-550385625402457\/\" \/>\n<meta property=\"article:modified_time\" content=\"2023-11-23T10:15:18+00:00\" \/>\n<meta property=\"og:image\" content=\"https:\/\/arak.spicehorse.eu\/wp-content\/uploads\/2023\/11\/it03496-product-miniteaganfleece-pinkquartz-1-1.jpg\" \/>\n\t<meta property=\"og:image:width\" content=\"800\" \/>\n\t<meta property=\"og:image:height\" content=\"800\" \/>\n\t<meta property=\"og:image:type\" content=\"image\/jpeg\" \/>\n<meta name=\"twitter:card\" content=\"summary_large_image\" \/>\n<script type=\"application\/ld+json\" class=\"yoast-schema-graph\">{\"@context\":\"https:\/\/schema.org\",\"@graph\":[{\"@type\":\"WebPage\",\"@id\":\"https:\/\/arak.spicehorse.eu\/sk\/produkt\/lemieux-teagan-detsky-pulover-pink-quartz\/\",\"url\":\"https:\/\/arak.spicehorse.eu\/sk\/produkt\/lemieux-teagan-detsky-pulover-pink-quartz\/\",\"name\":\"LeMieux Teagan detsk\u00fd pul\u00f3ver Pink Quartz - Spicehorse\",\"isPartOf\":{\"@id\":\"https:\/\/arak.spicehorse.eu\/en\/#website\"},\"datePublished\":\"2023-11-12T10:53:32+00:00\",\"dateModified\":\"2023-11-23T10:15:18+00:00\",\"description\":\"spicehorse.eu | Mini Teagan pul\u00f3ver je vyroben\u00fd z\u00a0najjemnej\u0161ieho, najpohodlnej\u0161ieho teddy fl\u00edsov\u00e9ho materi\u00e1lu, je dokonalou vo\u013ebou na jazdenie v\u00a0zime.\",\"breadcrumb\":{\"@id\":\"https:\/\/arak.spicehorse.eu\/sk\/produkt\/lemieux-teagan-detsky-pulover-pink-quartz\/#breadcrumb\"},\"inLanguage\":\"sk-SK\",\"potentialAction\":[{\"@type\":\"ReadAction\",\"target\":[\"https:\/\/arak.spicehorse.eu\/sk\/produkt\/lemieux-teagan-detsky-pulover-pink-quartz\/\"]}]},{\"@type\":\"BreadcrumbList\",\"@id\":\"https:\/\/arak.spicehorse.eu\/sk\/produkt\/lemieux-teagan-detsky-pulover-pink-quartz\/#breadcrumb\",\"itemListElement\":[{\"@type\":\"ListItem\",\"position\":1,\"name\":\"Home\",\"item\":\"https:\/\/arak.spicehorse.eu\/sk\/\"},{\"@type\":\"ListItem\",\"position\":2,\"name\":\"Predaj\u0148a\",\"item\":\"https:\/\/arak.spicehorse.eu\/sk\/predajna\/\"},{\"@type\":\"ListItem\",\"position\":3,\"name\":\"LeMieux Teagan detsk\u00fd pul\u00f3ver Pink Quartz\"}]},{\"@type\":\"WebSite\",\"@id\":\"https:\/\/arak.spicehorse.eu\/en\/#website\",\"url\":\"https:\/\/arak.spicehorse.eu\/en\/\",\"name\":\"Spicehorse\",\"description\":\"UNDER DEVELOPMENT -\",\"potentialAction\":[{\"@type\":\"SearchAction\",\"target\":{\"@type\":\"EntryPoint\",\"urlTemplate\":\"https:\/\/arak.spicehorse.eu\/en\/?s={search_term_string}\"},\"query-input\":\"required name=search_term_string\"}],\"inLanguage\":\"sk-SK\"}]}<\/script>\n<!-- \/ Yoast SEO plugin. -->","yoast_head_json":{"title":"LeMieux Teagan detsk\u00fd pul\u00f3ver Pink Quartz - Spicehorse","description":"spicehorse.eu | Mini Teagan pul\u00f3ver je vyroben\u00fd z\u00a0najjemnej\u0161ieho, najpohodlnej\u0161ieho teddy fl\u00edsov\u00e9ho materi\u00e1lu, je dokonalou vo\u013ebou na jazdenie v\u00a0zime.","robots":{"index":"index","follow":"follow","max-snippet":"max-snippet:-1","max-image-preview":"max-image-preview:large","max-video-preview":"max-video-preview:-1"},"canonical":"https:\/\/arak.spicehorse.eu\/sk\/produkt\/lemieux-teagan-detsky-pulover-pink-quartz\/","og_locale":"sk_SK","og_type":"article","og_title":"LeMieux Teagan detsk\u00fd pul\u00f3ver Pink Quartz - Spicehorse","og_description":"spicehorse.eu | Mini Teagan pul\u00f3ver je vyroben\u00fd z\u00a0najjemnej\u0161ieho, najpohodlnej\u0161ieho teddy fl\u00edsov\u00e9ho materi\u00e1lu, je dokonalou vo\u013ebou na jazdenie v\u00a0zime.","og_url":"https:\/\/arak.spicehorse.eu\/sk\/produkt\/lemieux-teagan-detsky-pulover-pink-quartz\/","og_site_name":"Spicehorse","article_publisher":"https:\/\/www.facebook.com\/SPICEHORSE-550385625402457\/","article_modified_time":"2023-11-23T10:15:18+00:00","og_image":[{"width":800,"height":800,"url":"https:\/\/arak.spicehorse.eu\/wp-content\/uploads\/2023\/11\/it03496-product-miniteaganfleece-pinkquartz-1-1.jpg","type":"image\/jpeg"}],"twitter_card":"summary_large_image","schema":{"@context":"https:\/\/schema.org","@graph":[{"@type":"WebPage","@id":"https:\/\/arak.spicehorse.eu\/sk\/produkt\/lemieux-teagan-detsky-pulover-pink-quartz\/","url":"https:\/\/arak.spicehorse.eu\/sk\/produkt\/lemieux-teagan-detsky-pulover-pink-quartz\/","name":"LeMieux Teagan detsk\u00fd pul\u00f3ver Pink Quartz - Spicehorse","isPartOf":{"@id":"https:\/\/arak.spicehorse.eu\/en\/#website"},"datePublished":"2023-11-12T10:53:32+00:00","dateModified":"2023-11-23T10:15:18+00:00","description":"spicehorse.eu | Mini Teagan pul\u00f3ver je vyroben\u00fd z\u00a0najjemnej\u0161ieho, najpohodlnej\u0161ieho teddy fl\u00edsov\u00e9ho materi\u00e1lu, je dokonalou vo\u013ebou na jazdenie v\u00a0zime.","breadcrumb":{"@id":"https:\/\/arak.spicehorse.eu\/sk\/produkt\/lemieux-teagan-detsky-pulover-pink-quartz\/#breadcrumb"},"inLanguage":"sk-SK","potentialAction":[{"@type":"ReadAction","target":["https:\/\/arak.spicehorse.eu\/sk\/produkt\/lemieux-teagan-detsky-pulover-pink-quartz\/"]}]},{"@type":"BreadcrumbList","@id":"https:\/\/arak.spicehorse.eu\/sk\/produkt\/lemieux-teagan-detsky-pulover-pink-quartz\/#breadcrumb","itemListElement":[{"@type":"ListItem","position":1,"name":"Home","item":"https:\/\/arak.spicehorse.eu\/sk\/"},{"@type":"ListItem","position":2,"name":"Predaj\u0148a","item":"https:\/\/arak.spicehorse.eu\/sk\/predajna\/"},{"@type":"ListItem","position":3,"name":"LeMieux Teagan detsk\u00fd pul\u00f3ver Pink Quartz"}]},{"@type":"WebSite","@id":"https:\/\/arak.spicehorse.eu\/en\/#website","url":"https:\/\/arak.spicehorse.eu\/en\/","name":"Spicehorse","description":"UNDER DEVELOPMENT -","potentialAction":[{"@type":"SearchAction","target":{"@type":"EntryPoint","urlTemplate":"https:\/\/arak.spicehorse.eu\/en\/?s={search_term_string}"},"query-input":"required name=search_term_string"}],"inLanguage":"sk-SK"}]}},"_links":{"self":[{"href":"https:\/\/arak.spicehorse.eu\/sk\/wp-json\/wp\/v2\/product\/168122"}],"collection":[{"href":"https:\/\/arak.spicehorse.eu\/sk\/wp-json\/wp\/v2\/product"}],"about":[{"href":"https:\/\/arak.spicehorse.eu\/sk\/wp-json\/wp\/v2\/types\/product"}],"wp:featuredmedia":[{"embeddable":true,"href":"https:\/\/arak.spicehorse.eu\/sk\/wp-json\/wp\/v2\/media\/168490"}],"wp:attachment":[{"href":"https:\/\/arak.spicehorse.eu\/sk\/wp-json\/wp\/v2\/media?parent=168122"}],"wp:term":[{"taxonomy":"product_cat","embeddable":true,"href":"https:\/\/arak.spicehorse.eu\/sk\/wp-json\/wp\/v2\/product_cat?post=168122"},{"taxonomy":"product_tag","embeddable":true,"href":"https:\/\/arak.spicehorse.eu\/sk\/wp-json\/wp\/v2\/product_tag?post=168122"}],"curies":[{"name":"wp","href":"https:\/\/api.w.org\/{rel}","templated":true}]}}