{"id":168236,"date":"2023-11-12T15:55:21","date_gmt":"2023-11-12T14:55:21","guid":{"rendered":"https:\/\/arak.spicehorse.eu\/?post_type=product&#038;p=168236"},"modified":"2023-11-23T11:15:11","modified_gmt":"2023-11-23T10:15:11","slug":"lemieux-puzdro-na-pas-pre-kone","status":"publish","type":"product","link":"https:\/\/arak.spicehorse.eu\/sk\/produkt\/lemieux-puzdro-na-pas-pre-kone\/","title":{"rendered":"LeMieux p\u00fazdro na pas pre kone"},"content":{"rendered":"<div>\n<p><span lang=\"SK\">LeMieux p\u00fazdro na pas pre kone m\u00e1 viacer\u00e9 priehradky a\u00a0vreck\u00e1 a\u00a0elastick\u00e9 p\u00fatko na pero. Zap\u00edna sa na zips pre maxim\u00e1lnu bezpe\u010dnos\u0165, s\u00a0kovovou LeMieux tabu\u013ekou s\u00a0gumen\u00fdm lemom.\u00a0 <\/span><\/p>\n<\/div>\n<div>\n<p><span lang=\"SK\">Utrite ho do \u010dista vlhkou handrou. <\/span><\/p>\n<\/div>\n","protected":false},"excerpt":{"rendered":"<p>LeMieux p\u00fazdro na pas pre kone m\u00e1 viacer\u00e9 priehradky a\u00a0vreck\u00e1 a\u00a0elastick\u00e9 p\u00fatko na pero. Zap\u00edna sa na zips pre maxim\u00e1lnu bezpe\u010dnos\u0165, s\u00a0kovovou LeMieux tabu\u013ekou s\u00a0gumen\u00fdm lemom.\u00a0 Utrite ho do \u010dista vlhkou handrou.<\/p>\n","protected":false},"featured_media":168246,"template":"","meta":{"_acf_changed":false},"product_cat":[75,100,120],"product_tag":[2723,2369,2546,2545],"acf":[],"yoast_head":"<!-- This site is optimized with the Yoast SEO plugin v21.4 - https:\/\/yoast.com\/wordpress\/plugins\/seo\/ -->\n<title>LeMieux p\u00fazdro na pas pre kone - Spicehorse<\/title>\n<meta name=\"description\" content=\"spicehorse.eu | LeMieux p\u00fazdro na pas pre kone m\u00e1 viacer\u00e9 priehradky a\u00a0vreck\u00e1 a\u00a0elastick\u00e9 p\u00fatko na pero.\" \/>\n<meta name=\"robots\" content=\"index, follow, max-snippet:-1, max-image-preview:large, max-video-preview:-1\" \/>\n<link rel=\"canonical\" href=\"https:\/\/arak.spicehorse.eu\/sk\/produkt\/lemieux-puzdro-na-pas-pre-kone\/\" \/>\n<meta property=\"og:locale\" content=\"sk_SK\" \/>\n<meta property=\"og:type\" content=\"article\" \/>\n<meta property=\"og:title\" content=\"LeMieux p\u00fazdro na pas pre kone - Spicehorse\" \/>\n<meta property=\"og:description\" content=\"spicehorse.eu | LeMieux p\u00fazdro na pas pre kone m\u00e1 viacer\u00e9 priehradky a\u00a0vreck\u00e1 a\u00a0elastick\u00e9 p\u00fatko na pero.\" \/>\n<meta property=\"og:url\" content=\"https:\/\/arak.spicehorse.eu\/sk\/produkt\/lemieux-puzdro-na-pas-pre-kone\/\" \/>\n<meta property=\"og:site_name\" content=\"Spicehorse\" \/>\n<meta property=\"article:publisher\" content=\"https:\/\/www.facebook.com\/SPICEHORSE-550385625402457\/\" \/>\n<meta property=\"article:modified_time\" content=\"2023-11-23T10:15:11+00:00\" \/>\n<meta property=\"og:image\" content=\"https:\/\/arak.spicehorse.eu\/wp-content\/uploads\/2023\/11\/it03447-product-passportholder-pink-1-copy.jpg\" \/>\n\t<meta property=\"og:image:width\" content=\"769\" \/>\n\t<meta property=\"og:image:height\" content=\"1025\" \/>\n\t<meta property=\"og:image:type\" content=\"image\/jpeg\" \/>\n<meta name=\"twitter:card\" content=\"summary_large_image\" \/>\n<script type=\"application\/ld+json\" class=\"yoast-schema-graph\">{\"@context\":\"https:\/\/schema.org\",\"@graph\":[{\"@type\":\"WebPage\",\"@id\":\"https:\/\/arak.spicehorse.eu\/sk\/produkt\/lemieux-puzdro-na-pas-pre-kone\/\",\"url\":\"https:\/\/arak.spicehorse.eu\/sk\/produkt\/lemieux-puzdro-na-pas-pre-kone\/\",\"name\":\"LeMieux p\u00fazdro na pas pre kone - Spicehorse\",\"isPartOf\":{\"@id\":\"https:\/\/arak.spicehorse.eu\/en\/#website\"},\"datePublished\":\"2023-11-12T14:55:21+00:00\",\"dateModified\":\"2023-11-23T10:15:11+00:00\",\"description\":\"spicehorse.eu | LeMieux p\u00fazdro na pas pre kone m\u00e1 viacer\u00e9 priehradky a\u00a0vreck\u00e1 a\u00a0elastick\u00e9 p\u00fatko na pero.\",\"breadcrumb\":{\"@id\":\"https:\/\/arak.spicehorse.eu\/sk\/produkt\/lemieux-puzdro-na-pas-pre-kone\/#breadcrumb\"},\"inLanguage\":\"sk-SK\",\"potentialAction\":[{\"@type\":\"ReadAction\",\"target\":[\"https:\/\/arak.spicehorse.eu\/sk\/produkt\/lemieux-puzdro-na-pas-pre-kone\/\"]}]},{\"@type\":\"BreadcrumbList\",\"@id\":\"https:\/\/arak.spicehorse.eu\/sk\/produkt\/lemieux-puzdro-na-pas-pre-kone\/#breadcrumb\",\"itemListElement\":[{\"@type\":\"ListItem\",\"position\":1,\"name\":\"Home\",\"item\":\"https:\/\/arak.spicehorse.eu\/sk\/\"},{\"@type\":\"ListItem\",\"position\":2,\"name\":\"Predaj\u0148a\",\"item\":\"https:\/\/arak.spicehorse.eu\/sk\/predajna\/\"},{\"@type\":\"ListItem\",\"position\":3,\"name\":\"LeMieux p\u00fazdro na pas pre kone\"}]},{\"@type\":\"WebSite\",\"@id\":\"https:\/\/arak.spicehorse.eu\/en\/#website\",\"url\":\"https:\/\/arak.spicehorse.eu\/en\/\",\"name\":\"Spicehorse\",\"description\":\"UNDER DEVELOPMENT -\",\"potentialAction\":[{\"@type\":\"SearchAction\",\"target\":{\"@type\":\"EntryPoint\",\"urlTemplate\":\"https:\/\/arak.spicehorse.eu\/en\/?s={search_term_string}\"},\"query-input\":\"required name=search_term_string\"}],\"inLanguage\":\"sk-SK\"}]}<\/script>\n<!-- \/ Yoast SEO plugin. -->","yoast_head_json":{"title":"LeMieux p\u00fazdro na pas pre kone - Spicehorse","description":"spicehorse.eu | LeMieux p\u00fazdro na pas pre kone m\u00e1 viacer\u00e9 priehradky a\u00a0vreck\u00e1 a\u00a0elastick\u00e9 p\u00fatko na pero.","robots":{"index":"index","follow":"follow","max-snippet":"max-snippet:-1","max-image-preview":"max-image-preview:large","max-video-preview":"max-video-preview:-1"},"canonical":"https:\/\/arak.spicehorse.eu\/sk\/produkt\/lemieux-puzdro-na-pas-pre-kone\/","og_locale":"sk_SK","og_type":"article","og_title":"LeMieux p\u00fazdro na pas pre kone - Spicehorse","og_description":"spicehorse.eu | LeMieux p\u00fazdro na pas pre kone m\u00e1 viacer\u00e9 priehradky a\u00a0vreck\u00e1 a\u00a0elastick\u00e9 p\u00fatko na pero.","og_url":"https:\/\/arak.spicehorse.eu\/sk\/produkt\/lemieux-puzdro-na-pas-pre-kone\/","og_site_name":"Spicehorse","article_publisher":"https:\/\/www.facebook.com\/SPICEHORSE-550385625402457\/","article_modified_time":"2023-11-23T10:15:11+00:00","og_image":[{"width":769,"height":1025,"url":"https:\/\/arak.spicehorse.eu\/wp-content\/uploads\/2023\/11\/it03447-product-passportholder-pink-1-copy.jpg","type":"image\/jpeg"}],"twitter_card":"summary_large_image","schema":{"@context":"https:\/\/schema.org","@graph":[{"@type":"WebPage","@id":"https:\/\/arak.spicehorse.eu\/sk\/produkt\/lemieux-puzdro-na-pas-pre-kone\/","url":"https:\/\/arak.spicehorse.eu\/sk\/produkt\/lemieux-puzdro-na-pas-pre-kone\/","name":"LeMieux p\u00fazdro na pas pre kone - Spicehorse","isPartOf":{"@id":"https:\/\/arak.spicehorse.eu\/en\/#website"},"datePublished":"2023-11-12T14:55:21+00:00","dateModified":"2023-11-23T10:15:11+00:00","description":"spicehorse.eu | LeMieux p\u00fazdro na pas pre kone m\u00e1 viacer\u00e9 priehradky a\u00a0vreck\u00e1 a\u00a0elastick\u00e9 p\u00fatko na pero.","breadcrumb":{"@id":"https:\/\/arak.spicehorse.eu\/sk\/produkt\/lemieux-puzdro-na-pas-pre-kone\/#breadcrumb"},"inLanguage":"sk-SK","potentialAction":[{"@type":"ReadAction","target":["https:\/\/arak.spicehorse.eu\/sk\/produkt\/lemieux-puzdro-na-pas-pre-kone\/"]}]},{"@type":"BreadcrumbList","@id":"https:\/\/arak.spicehorse.eu\/sk\/produkt\/lemieux-puzdro-na-pas-pre-kone\/#breadcrumb","itemListElement":[{"@type":"ListItem","position":1,"name":"Home","item":"https:\/\/arak.spicehorse.eu\/sk\/"},{"@type":"ListItem","position":2,"name":"Predaj\u0148a","item":"https:\/\/arak.spicehorse.eu\/sk\/predajna\/"},{"@type":"ListItem","position":3,"name":"LeMieux p\u00fazdro na pas pre kone"}]},{"@type":"WebSite","@id":"https:\/\/arak.spicehorse.eu\/en\/#website","url":"https:\/\/arak.spicehorse.eu\/en\/","name":"Spicehorse","description":"UNDER DEVELOPMENT -","potentialAction":[{"@type":"SearchAction","target":{"@type":"EntryPoint","urlTemplate":"https:\/\/arak.spicehorse.eu\/en\/?s={search_term_string}"},"query-input":"required name=search_term_string"}],"inLanguage":"sk-SK"}]}},"_links":{"self":[{"href":"https:\/\/arak.spicehorse.eu\/sk\/wp-json\/wp\/v2\/product\/168236"}],"collection":[{"href":"https:\/\/arak.spicehorse.eu\/sk\/wp-json\/wp\/v2\/product"}],"about":[{"href":"https:\/\/arak.spicehorse.eu\/sk\/wp-json\/wp\/v2\/types\/product"}],"wp:featuredmedia":[{"embeddable":true,"href":"https:\/\/arak.spicehorse.eu\/sk\/wp-json\/wp\/v2\/media\/168246"}],"wp:attachment":[{"href":"https:\/\/arak.spicehorse.eu\/sk\/wp-json\/wp\/v2\/media?parent=168236"}],"wp:term":[{"taxonomy":"product_cat","embeddable":true,"href":"https:\/\/arak.spicehorse.eu\/sk\/wp-json\/wp\/v2\/product_cat?post=168236"},{"taxonomy":"product_tag","embeddable":true,"href":"https:\/\/arak.spicehorse.eu\/sk\/wp-json\/wp\/v2\/product_tag?post=168236"}],"curies":[{"name":"wp","href":"https:\/\/api.w.org\/{rel}","templated":true}]}}