{"id":168287,"date":"2023-11-12T17:04:01","date_gmt":"2023-11-12T16:04:03","guid":{"rendered":"https:\/\/arak.spicehorse.eu\/?post_type=product&#038;p=168287"},"modified":"2025-11-21T19:59:01","modified_gmt":"2025-11-21T18:59:01","slug":"lemieux-vogue-ohlavka-voditko-pre-hracku-ponik-ink-blue","status":"publish","type":"product","link":"https:\/\/arak.spicehorse.eu\/sk\/produkt\/lemieux-vogue-ohlavka-voditko-pre-hracku-ponik-ink-blue\/","title":{"rendered":"LeMieux Vogue ohl\u00e1vka &#038; vod\u00edtko pre hra\u010dku pon\u00edk Ink Blue"},"content":{"rendered":"<p style=\"font-weight: 400;\">LeMieux Vogue ohl\u00e1vka &amp; vod\u00edtko s\u00fa dokonalou verziou klasickej ohl\u00e1vky &amp; vod\u00edtko vyroben\u00fdch pre hra\u010dku pon\u00edk.<\/p>\n<p style=\"font-weight: 400;\">LeMieux Mini Vogue ohl\u00e1vka s\u00a0vod\u00edtkom, s\u00a0fl\u00edsovou pod\u0161\u00edvkou okolo nosa a\u00a0\u0161ije, s LeMieux v\u00fd\u0161ivkou, nastavite\u013en\u00e1 rovnako ako skuto\u010dn\u00e1 ohl\u00e1vka!<\/p>\n<p style=\"font-weight: 400;\">\u00a0Mini LeMieux pon\u00edk bude vyzera\u0165 skuto\u010dne kr\u00e1sne\u00a0 tomto sete!<\/p>\n<p style=\"font-weight: 400;\">Mo\u017eno pra\u0165 na 30\u00b0.<\/p>\n","protected":false},"excerpt":{"rendered":"<p>LeMieux Vogue ohl\u00e1vka &amp; vod\u00edtko s\u00fa dokonalou verziou klasickej ohl\u00e1vky &amp; vod\u00edtko vyroben\u00fdch pre hra\u010dku pon\u00edk. LeMieux Mini Vogue ohl\u00e1vka s\u00a0vod\u00edtkom, s\u00a0fl\u00edsovou pod\u0161\u00edvkou okolo nosa a\u00a0\u0161ije, s LeMieux v\u00fd\u0161ivkou, nastavite\u013en\u00e1 rovnako ako skuto\u010dn\u00e1 ohl\u00e1vka! \u00a0Mini LeMieux pon\u00edk bude vyzera\u0165 skuto\u010dne kr\u00e1sne\u00a0 tomto sete! Mo\u017eno pra\u0165 na 30\u00b0.<\/p>\n","protected":false},"featured_media":168502,"template":"","meta":{"_acf_changed":false},"product_cat":[2534,76,312],"product_tag":[227,2391,2369,2546,2589,189,422,2389],"acf":[],"yoast_head":"<!-- This site is optimized with the Yoast SEO plugin v21.4 - https:\/\/yoast.com\/wordpress\/plugins\/seo\/ -->\n<title>LeMieux Vogue ohl\u00e1vka &amp; vod\u00edtko pre hra\u010dku pon\u00edk Ink Blue - Spicehorse<\/title>\n<meta name=\"description\" content=\"spicehorse.eu | LeMieux Vogue ohl\u00e1vka &amp; vod\u00edtko s\u00fa dokonalou verziou klasickej ohl\u00e1vky &amp; vod\u00edtko vyroben\u00fdch pre hra\u010dku pon\u00edk.\" \/>\n<meta name=\"robots\" content=\"index, follow, max-snippet:-1, max-image-preview:large, max-video-preview:-1\" \/>\n<link rel=\"canonical\" href=\"https:\/\/arak.spicehorse.eu\/sk\/produkt\/lemieux-vogue-ohlavka-voditko-pre-hracku-ponik-ink-blue\/\" \/>\n<meta property=\"og:locale\" content=\"sk_SK\" \/>\n<meta property=\"og:type\" content=\"article\" \/>\n<meta property=\"og:title\" content=\"LeMieux Vogue ohl\u00e1vka &amp; vod\u00edtko pre hra\u010dku pon\u00edk Ink Blue - Spicehorse\" \/>\n<meta property=\"og:description\" content=\"spicehorse.eu | LeMieux Vogue ohl\u00e1vka &amp; vod\u00edtko s\u00fa dokonalou verziou klasickej ohl\u00e1vky &amp; vod\u00edtko vyroben\u00fdch pre hra\u010dku pon\u00edk.\" \/>\n<meta property=\"og:url\" content=\"https:\/\/arak.spicehorse.eu\/sk\/produkt\/lemieux-vogue-ohlavka-voditko-pre-hracku-ponik-ink-blue\/\" \/>\n<meta property=\"og:site_name\" content=\"Spicehorse\" \/>\n<meta property=\"article:publisher\" content=\"https:\/\/www.facebook.com\/SPICEHORSE-550385625402457\/\" \/>\n<meta property=\"article:modified_time\" content=\"2025-11-21T18:59:01+00:00\" \/>\n<meta property=\"og:image\" content=\"https:\/\/arak.spicehorse.eu\/wp-content\/uploads\/2023\/11\/lm-toyponyaccessories-headcollar-inkblue-hr-7-new-1.jpg\" \/>\n\t<meta property=\"og:image:width\" content=\"800\" \/>\n\t<meta property=\"og:image:height\" content=\"800\" \/>\n\t<meta property=\"og:image:type\" content=\"image\/jpeg\" \/>\n<meta name=\"twitter:card\" content=\"summary_large_image\" \/>\n<script type=\"application\/ld+json\" class=\"yoast-schema-graph\">{\"@context\":\"https:\/\/schema.org\",\"@graph\":[{\"@type\":\"WebPage\",\"@id\":\"https:\/\/arak.spicehorse.eu\/sk\/produkt\/lemieux-vogue-ohlavka-voditko-pre-hracku-ponik-ink-blue\/\",\"url\":\"https:\/\/arak.spicehorse.eu\/sk\/produkt\/lemieux-vogue-ohlavka-voditko-pre-hracku-ponik-ink-blue\/\",\"name\":\"LeMieux Vogue ohl\u00e1vka & vod\u00edtko pre hra\u010dku pon\u00edk Ink Blue - Spicehorse\",\"isPartOf\":{\"@id\":\"https:\/\/arak.spicehorse.eu\/en\/#website\"},\"datePublished\":\"2023-11-12T16:04:03+00:00\",\"dateModified\":\"2025-11-21T18:59:01+00:00\",\"description\":\"spicehorse.eu | LeMieux Vogue ohl\u00e1vka & vod\u00edtko s\u00fa dokonalou verziou klasickej ohl\u00e1vky & vod\u00edtko vyroben\u00fdch pre hra\u010dku pon\u00edk.\",\"breadcrumb\":{\"@id\":\"https:\/\/arak.spicehorse.eu\/sk\/produkt\/lemieux-vogue-ohlavka-voditko-pre-hracku-ponik-ink-blue\/#breadcrumb\"},\"inLanguage\":\"sk-SK\",\"potentialAction\":[{\"@type\":\"ReadAction\",\"target\":[\"https:\/\/arak.spicehorse.eu\/sk\/produkt\/lemieux-vogue-ohlavka-voditko-pre-hracku-ponik-ink-blue\/\"]}]},{\"@type\":\"BreadcrumbList\",\"@id\":\"https:\/\/arak.spicehorse.eu\/sk\/produkt\/lemieux-vogue-ohlavka-voditko-pre-hracku-ponik-ink-blue\/#breadcrumb\",\"itemListElement\":[{\"@type\":\"ListItem\",\"position\":1,\"name\":\"Home\",\"item\":\"https:\/\/arak.spicehorse.eu\/sk\/\"},{\"@type\":\"ListItem\",\"position\":2,\"name\":\"Predaj\u0148a\",\"item\":\"https:\/\/arak.spicehorse.eu\/sk\/predajna\/\"},{\"@type\":\"ListItem\",\"position\":3,\"name\":\"LeMieux Vogue ohl\u00e1vka &#038; vod\u00edtko pre hra\u010dku pon\u00edk Ink Blue\"}]},{\"@type\":\"WebSite\",\"@id\":\"https:\/\/arak.spicehorse.eu\/en\/#website\",\"url\":\"https:\/\/arak.spicehorse.eu\/en\/\",\"name\":\"Spicehorse\",\"description\":\"UNDER DEVELOPMENT -\",\"potentialAction\":[{\"@type\":\"SearchAction\",\"target\":{\"@type\":\"EntryPoint\",\"urlTemplate\":\"https:\/\/arak.spicehorse.eu\/en\/?s={search_term_string}\"},\"query-input\":\"required name=search_term_string\"}],\"inLanguage\":\"sk-SK\"}]}<\/script>\n<!-- \/ Yoast SEO plugin. -->","yoast_head_json":{"title":"LeMieux Vogue ohl\u00e1vka & vod\u00edtko pre hra\u010dku pon\u00edk Ink Blue - Spicehorse","description":"spicehorse.eu | LeMieux Vogue ohl\u00e1vka & vod\u00edtko s\u00fa dokonalou verziou klasickej ohl\u00e1vky & vod\u00edtko vyroben\u00fdch pre hra\u010dku pon\u00edk.","robots":{"index":"index","follow":"follow","max-snippet":"max-snippet:-1","max-image-preview":"max-image-preview:large","max-video-preview":"max-video-preview:-1"},"canonical":"https:\/\/arak.spicehorse.eu\/sk\/produkt\/lemieux-vogue-ohlavka-voditko-pre-hracku-ponik-ink-blue\/","og_locale":"sk_SK","og_type":"article","og_title":"LeMieux Vogue ohl\u00e1vka & vod\u00edtko pre hra\u010dku pon\u00edk Ink Blue - Spicehorse","og_description":"spicehorse.eu | LeMieux Vogue ohl\u00e1vka & vod\u00edtko s\u00fa dokonalou verziou klasickej ohl\u00e1vky & vod\u00edtko vyroben\u00fdch pre hra\u010dku pon\u00edk.","og_url":"https:\/\/arak.spicehorse.eu\/sk\/produkt\/lemieux-vogue-ohlavka-voditko-pre-hracku-ponik-ink-blue\/","og_site_name":"Spicehorse","article_publisher":"https:\/\/www.facebook.com\/SPICEHORSE-550385625402457\/","article_modified_time":"2025-11-21T18:59:01+00:00","og_image":[{"width":800,"height":800,"url":"https:\/\/arak.spicehorse.eu\/wp-content\/uploads\/2023\/11\/lm-toyponyaccessories-headcollar-inkblue-hr-7-new-1.jpg","type":"image\/jpeg"}],"twitter_card":"summary_large_image","schema":{"@context":"https:\/\/schema.org","@graph":[{"@type":"WebPage","@id":"https:\/\/arak.spicehorse.eu\/sk\/produkt\/lemieux-vogue-ohlavka-voditko-pre-hracku-ponik-ink-blue\/","url":"https:\/\/arak.spicehorse.eu\/sk\/produkt\/lemieux-vogue-ohlavka-voditko-pre-hracku-ponik-ink-blue\/","name":"LeMieux Vogue ohl\u00e1vka & vod\u00edtko pre hra\u010dku pon\u00edk Ink Blue - Spicehorse","isPartOf":{"@id":"https:\/\/arak.spicehorse.eu\/en\/#website"},"datePublished":"2023-11-12T16:04:03+00:00","dateModified":"2025-11-21T18:59:01+00:00","description":"spicehorse.eu | LeMieux Vogue ohl\u00e1vka & vod\u00edtko s\u00fa dokonalou verziou klasickej ohl\u00e1vky & vod\u00edtko vyroben\u00fdch pre hra\u010dku pon\u00edk.","breadcrumb":{"@id":"https:\/\/arak.spicehorse.eu\/sk\/produkt\/lemieux-vogue-ohlavka-voditko-pre-hracku-ponik-ink-blue\/#breadcrumb"},"inLanguage":"sk-SK","potentialAction":[{"@type":"ReadAction","target":["https:\/\/arak.spicehorse.eu\/sk\/produkt\/lemieux-vogue-ohlavka-voditko-pre-hracku-ponik-ink-blue\/"]}]},{"@type":"BreadcrumbList","@id":"https:\/\/arak.spicehorse.eu\/sk\/produkt\/lemieux-vogue-ohlavka-voditko-pre-hracku-ponik-ink-blue\/#breadcrumb","itemListElement":[{"@type":"ListItem","position":1,"name":"Home","item":"https:\/\/arak.spicehorse.eu\/sk\/"},{"@type":"ListItem","position":2,"name":"Predaj\u0148a","item":"https:\/\/arak.spicehorse.eu\/sk\/predajna\/"},{"@type":"ListItem","position":3,"name":"LeMieux Vogue ohl\u00e1vka &#038; vod\u00edtko pre hra\u010dku pon\u00edk Ink Blue"}]},{"@type":"WebSite","@id":"https:\/\/arak.spicehorse.eu\/en\/#website","url":"https:\/\/arak.spicehorse.eu\/en\/","name":"Spicehorse","description":"UNDER DEVELOPMENT -","potentialAction":[{"@type":"SearchAction","target":{"@type":"EntryPoint","urlTemplate":"https:\/\/arak.spicehorse.eu\/en\/?s={search_term_string}"},"query-input":"required name=search_term_string"}],"inLanguage":"sk-SK"}]}},"_links":{"self":[{"href":"https:\/\/arak.spicehorse.eu\/sk\/wp-json\/wp\/v2\/product\/168287"}],"collection":[{"href":"https:\/\/arak.spicehorse.eu\/sk\/wp-json\/wp\/v2\/product"}],"about":[{"href":"https:\/\/arak.spicehorse.eu\/sk\/wp-json\/wp\/v2\/types\/product"}],"wp:featuredmedia":[{"embeddable":true,"href":"https:\/\/arak.spicehorse.eu\/sk\/wp-json\/wp\/v2\/media\/168502"}],"wp:attachment":[{"href":"https:\/\/arak.spicehorse.eu\/sk\/wp-json\/wp\/v2\/media?parent=168287"}],"wp:term":[{"taxonomy":"product_cat","embeddable":true,"href":"https:\/\/arak.spicehorse.eu\/sk\/wp-json\/wp\/v2\/product_cat?post=168287"},{"taxonomy":"product_tag","embeddable":true,"href":"https:\/\/arak.spicehorse.eu\/sk\/wp-json\/wp\/v2\/product_tag?post=168287"}],"curies":[{"name":"wp","href":"https:\/\/api.w.org\/{rel}","templated":true}]}}