{"id":168756,"date":"2023-11-15T10:56:51","date_gmt":"2023-11-15T09:56:55","guid":{"rendered":"https:\/\/arak.spicehorse.eu\/?post_type=product&#038;p=168756"},"modified":"2024-10-14T20:12:06","modified_gmt":"2024-10-14T18:12:06","slug":"lemieux-sasha-star-fluffies-jazdecke-podkolienky-spruce","status":"publish","type":"product","link":"https:\/\/arak.spicehorse.eu\/sk\/produkt\/lemieux-sasha-star-fluffies-jazdecke-podkolienky-spruce\/","title":{"rendered":"LeMieux Sasha Star Fluffies jazdeck\u00e9 podkolienky Spruce"},"content":{"rendered":"<div>\n<p><span lang=\"SK\">LeMieux Fluffies jazdeck\u00e9 podkolienky udr\u017eia na\u0161e nohy v\u00a0teple aj v\u00a0zimn\u00fdch mesiacoch. <\/span><\/p>\n<\/div>\n<div>\n<p><span lang=\"SK\">S\u00fa hebk\u00e9 na dotyk, dod\u00e1vaj\u00fa pr\u00edjemn\u00e9 teplo, po kolen\u00e1, dokonale n\u00e1s pripravia na nadch\u00e1dzaj\u00face zimn\u00e9 dni. S\u00fa \u0161t\u00fdlov\u00fdm vy\u0161\u00edvan\u00fdm logom.<\/span><\/p>\n<\/div>\n<div>\n<p><span lang=\"SK\">Mo\u017eno pra\u0165 v\u00a0pr\u00e1\u010dke na 30 stup\u0148och. Pred prat\u00edm obr\u00e1\u0165te naruby. Perte s\u00a0podobn\u00fdmi farbami. Nevkladajte do su\u0161i\u010dky.<\/span><\/p>\n<\/div>\n","protected":false},"excerpt":{"rendered":"<p>LeMieux Fluffies jazdeck\u00e9 podkolienky udr\u017eia na\u0161e nohy v\u00a0teple aj v\u00a0zimn\u00fdch mesiacoch. S\u00fa hebk\u00e9 na dotyk, dod\u00e1vaj\u00fa pr\u00edjemn\u00e9 teplo, po kolen\u00e1, dokonale n\u00e1s pripravia na nadch\u00e1dzaj\u00face zimn\u00e9 dni. S\u00fa \u0161t\u00fdlov\u00fdm vy\u0161\u00edvan\u00fdm logom. Mo\u017eno pra\u0165 v\u00a0pr\u00e1\u010dke na 30 stup\u0148och. Pred prat\u00edm obr\u00e1\u0165te naruby. Perte s\u00a0podobn\u00fdmi farbami. Nevkladajte do su\u0161i\u010dky.<\/p>\n","protected":false},"featured_media":170484,"template":"","meta":{"_acf_changed":false},"product_cat":[2534,78,76,310],"product_tag":[2369,2546,402,2577],"acf":[],"yoast_head":"<!-- This site is optimized with the Yoast SEO plugin v21.4 - https:\/\/yoast.com\/wordpress\/plugins\/seo\/ -->\n<title>LeMieux Sasha Star Fluffies jazdeck\u00e9 podkolienky Spruce - Spicehorse<\/title>\n<meta name=\"description\" content=\"spicehorse.eu | LeMieux Fluffies jazdeck\u00e9 podkolienky udr\u017eia na\u0161e nohy v\u00a0teple aj v\u00a0zimn\u00fdch mesiacoch.\" \/>\n<meta name=\"robots\" content=\"index, follow, max-snippet:-1, max-image-preview:large, max-video-preview:-1\" \/>\n<link rel=\"canonical\" href=\"https:\/\/arak.spicehorse.eu\/termek\/lemieux-sasha-star-fluffies-lovaglozokni-spruce\/\" \/>\n<meta property=\"og:locale\" content=\"sk_SK\" \/>\n<meta property=\"og:type\" content=\"article\" \/>\n<meta property=\"og:title\" content=\"LeMieux Sasha Star Fluffies jazdeck\u00e9 podkolienky Spruce - Spicehorse\" \/>\n<meta property=\"og:description\" content=\"spicehorse.eu | LeMieux Fluffies jazdeck\u00e9 podkolienky udr\u017eia na\u0161e nohy v\u00a0teple aj v\u00a0zimn\u00fdch mesiacoch.\" \/>\n<meta property=\"og:url\" content=\"https:\/\/arak.spicehorse.eu\/termek\/lemieux-sasha-star-fluffies-lovaglozokni-spruce\/\" \/>\n<meta property=\"og:site_name\" content=\"Spicehorse\" \/>\n<meta property=\"article:publisher\" content=\"https:\/\/www.facebook.com\/SPICEHORSE-550385625402457\/\" \/>\n<meta property=\"article:modified_time\" content=\"2024-10-14T18:12:06+00:00\" \/>\n<meta property=\"og:image\" content=\"https:\/\/arak.spicehorse.eu\/wp-content\/uploads\/2023\/11\/it03596-product-sashastarfluffies-spruce-1-copy-1.jpg\" \/>\n\t<meta property=\"og:image:width\" content=\"800\" \/>\n\t<meta property=\"og:image:height\" content=\"800\" \/>\n\t<meta property=\"og:image:type\" content=\"image\/jpeg\" \/>\n<meta name=\"twitter:card\" content=\"summary_large_image\" \/>\n<script type=\"application\/ld+json\" class=\"yoast-schema-graph\">{\"@context\":\"https:\/\/schema.org\",\"@graph\":[{\"@type\":\"WebPage\",\"@id\":\"https:\/\/arak.spicehorse.eu\/termek\/lemieux-sasha-star-fluffies-lovaglozokni-spruce\/\",\"url\":\"https:\/\/arak.spicehorse.eu\/termek\/lemieux-sasha-star-fluffies-lovaglozokni-spruce\/\",\"name\":\"LeMieux Sasha Star Fluffies jazdeck\u00e9 podkolienky Spruce - Spicehorse\",\"isPartOf\":{\"@id\":\"https:\/\/arak.spicehorse.eu\/en\/#website\"},\"datePublished\":\"2023-11-15T09:56:55+00:00\",\"dateModified\":\"2024-10-14T18:12:06+00:00\",\"description\":\"spicehorse.eu | LeMieux Fluffies jazdeck\u00e9 podkolienky udr\u017eia na\u0161e nohy v\u00a0teple aj v\u00a0zimn\u00fdch mesiacoch.\",\"breadcrumb\":{\"@id\":\"https:\/\/arak.spicehorse.eu\/termek\/lemieux-sasha-star-fluffies-lovaglozokni-spruce\/#breadcrumb\"},\"inLanguage\":\"sk-SK\",\"potentialAction\":[{\"@type\":\"ReadAction\",\"target\":[\"https:\/\/arak.spicehorse.eu\/termek\/lemieux-sasha-star-fluffies-lovaglozokni-spruce\/\"]}]},{\"@type\":\"BreadcrumbList\",\"@id\":\"https:\/\/arak.spicehorse.eu\/termek\/lemieux-sasha-star-fluffies-lovaglozokni-spruce\/#breadcrumb\",\"itemListElement\":[{\"@type\":\"ListItem\",\"position\":1,\"name\":\"Home\",\"item\":\"https:\/\/arak.spicehorse.eu\/sk\/\"},{\"@type\":\"ListItem\",\"position\":2,\"name\":\"Predaj\u0148a\",\"item\":\"https:\/\/arak.spicehorse.eu\/sk\/predajna\/\"},{\"@type\":\"ListItem\",\"position\":3,\"name\":\"LeMieux Sasha Star Fluffies jazdeck\u00e9 podkolienky Spruce\"}]},{\"@type\":\"WebSite\",\"@id\":\"https:\/\/arak.spicehorse.eu\/en\/#website\",\"url\":\"https:\/\/arak.spicehorse.eu\/en\/\",\"name\":\"Spicehorse\",\"description\":\"UNDER DEVELOPMENT -\",\"potentialAction\":[{\"@type\":\"SearchAction\",\"target\":{\"@type\":\"EntryPoint\",\"urlTemplate\":\"https:\/\/arak.spicehorse.eu\/en\/?s={search_term_string}\"},\"query-input\":\"required name=search_term_string\"}],\"inLanguage\":\"sk-SK\"}]}<\/script>\n<!-- \/ Yoast SEO plugin. -->","yoast_head_json":{"title":"LeMieux Sasha Star Fluffies jazdeck\u00e9 podkolienky Spruce - Spicehorse","description":"spicehorse.eu | LeMieux Fluffies jazdeck\u00e9 podkolienky udr\u017eia na\u0161e nohy v\u00a0teple aj v\u00a0zimn\u00fdch mesiacoch.","robots":{"index":"index","follow":"follow","max-snippet":"max-snippet:-1","max-image-preview":"max-image-preview:large","max-video-preview":"max-video-preview:-1"},"canonical":"https:\/\/arak.spicehorse.eu\/termek\/lemieux-sasha-star-fluffies-lovaglozokni-spruce\/","og_locale":"sk_SK","og_type":"article","og_title":"LeMieux Sasha Star Fluffies jazdeck\u00e9 podkolienky Spruce - Spicehorse","og_description":"spicehorse.eu | LeMieux Fluffies jazdeck\u00e9 podkolienky udr\u017eia na\u0161e nohy v\u00a0teple aj v\u00a0zimn\u00fdch mesiacoch.","og_url":"https:\/\/arak.spicehorse.eu\/termek\/lemieux-sasha-star-fluffies-lovaglozokni-spruce\/","og_site_name":"Spicehorse","article_publisher":"https:\/\/www.facebook.com\/SPICEHORSE-550385625402457\/","article_modified_time":"2024-10-14T18:12:06+00:00","og_image":[{"width":800,"height":800,"url":"https:\/\/arak.spicehorse.eu\/wp-content\/uploads\/2023\/11\/it03596-product-sashastarfluffies-spruce-1-copy-1.jpg","type":"image\/jpeg"}],"twitter_card":"summary_large_image","schema":{"@context":"https:\/\/schema.org","@graph":[{"@type":"WebPage","@id":"https:\/\/arak.spicehorse.eu\/termek\/lemieux-sasha-star-fluffies-lovaglozokni-spruce\/","url":"https:\/\/arak.spicehorse.eu\/termek\/lemieux-sasha-star-fluffies-lovaglozokni-spruce\/","name":"LeMieux Sasha Star Fluffies jazdeck\u00e9 podkolienky Spruce - Spicehorse","isPartOf":{"@id":"https:\/\/arak.spicehorse.eu\/en\/#website"},"datePublished":"2023-11-15T09:56:55+00:00","dateModified":"2024-10-14T18:12:06+00:00","description":"spicehorse.eu | LeMieux Fluffies jazdeck\u00e9 podkolienky udr\u017eia na\u0161e nohy v\u00a0teple aj v\u00a0zimn\u00fdch mesiacoch.","breadcrumb":{"@id":"https:\/\/arak.spicehorse.eu\/termek\/lemieux-sasha-star-fluffies-lovaglozokni-spruce\/#breadcrumb"},"inLanguage":"sk-SK","potentialAction":[{"@type":"ReadAction","target":["https:\/\/arak.spicehorse.eu\/termek\/lemieux-sasha-star-fluffies-lovaglozokni-spruce\/"]}]},{"@type":"BreadcrumbList","@id":"https:\/\/arak.spicehorse.eu\/termek\/lemieux-sasha-star-fluffies-lovaglozokni-spruce\/#breadcrumb","itemListElement":[{"@type":"ListItem","position":1,"name":"Home","item":"https:\/\/arak.spicehorse.eu\/sk\/"},{"@type":"ListItem","position":2,"name":"Predaj\u0148a","item":"https:\/\/arak.spicehorse.eu\/sk\/predajna\/"},{"@type":"ListItem","position":3,"name":"LeMieux Sasha Star Fluffies jazdeck\u00e9 podkolienky Spruce"}]},{"@type":"WebSite","@id":"https:\/\/arak.spicehorse.eu\/en\/#website","url":"https:\/\/arak.spicehorse.eu\/en\/","name":"Spicehorse","description":"UNDER DEVELOPMENT -","potentialAction":[{"@type":"SearchAction","target":{"@type":"EntryPoint","urlTemplate":"https:\/\/arak.spicehorse.eu\/en\/?s={search_term_string}"},"query-input":"required name=search_term_string"}],"inLanguage":"sk-SK"}]}},"_links":{"self":[{"href":"https:\/\/arak.spicehorse.eu\/sk\/wp-json\/wp\/v2\/product\/168756"}],"collection":[{"href":"https:\/\/arak.spicehorse.eu\/sk\/wp-json\/wp\/v2\/product"}],"about":[{"href":"https:\/\/arak.spicehorse.eu\/sk\/wp-json\/wp\/v2\/types\/product"}],"wp:featuredmedia":[{"embeddable":true,"href":"https:\/\/arak.spicehorse.eu\/sk\/wp-json\/wp\/v2\/media\/170484"}],"wp:attachment":[{"href":"https:\/\/arak.spicehorse.eu\/sk\/wp-json\/wp\/v2\/media?parent=168756"}],"wp:term":[{"taxonomy":"product_cat","embeddable":true,"href":"https:\/\/arak.spicehorse.eu\/sk\/wp-json\/wp\/v2\/product_cat?post=168756"},{"taxonomy":"product_tag","embeddable":true,"href":"https:\/\/arak.spicehorse.eu\/sk\/wp-json\/wp\/v2\/product_tag?post=168756"}],"curies":[{"name":"wp","href":"https:\/\/api.w.org\/{rel}","templated":true}]}}