{"id":169341,"date":"2023-11-16T16:53:40","date_gmt":"2023-11-16T15:53:51","guid":{"rendered":"https:\/\/arak.spicehorse.eu\/?post_type=product&#038;p=169341"},"modified":"2023-11-29T17:13:09","modified_gmt":"2023-11-29T16:13:09","slug":"tech-stirrups-verona-flat-ostrohy","status":"publish","type":"product","link":"https:\/\/arak.spicehorse.eu\/sk\/produkt\/tech-stirrups-verona-flat-ostrohy\/","title":{"rendered":"Tech Stirrups Verona Flat ostrohy"},"content":{"rendered":"<p style=\"font-weight: 400;\">Tech Stirrups extra \u013eahk\u00e9 hlin\u00edkov\u00e9 ostrohy s fixnou hlavicou. V\u00fdrobky Tech Stirrups s\u00fa vyroben\u00e9 z\u00a0kovov vysokej kvality a\u00a0s\u00fa recyklovate\u013en\u00e9.<\/p>\n<p style=\"font-weight: 400;\">D\u013a\u017eka: 2 cm (0,787 in)<\/p>\n<p style=\"font-weight: 400;\">Priemer: 1,5 cm (0,590 in)<\/p>\n<p style=\"font-weight: 400;\">Made in Italy<\/p>\n","protected":false},"excerpt":{"rendered":"<p>Tech Stirrups extra \u013eahk\u00e9 hlin\u00edkov\u00e9 ostrohy s fixnou hlavicou. V\u00fdrobky Tech Stirrups s\u00fa vyroben\u00e9 z\u00a0kovov vysokej kvality a\u00a0s\u00fa recyklovate\u013en\u00e9. D\u013a\u017eka: 2 cm (0,787 in) Priemer: 1,5 cm (0,590 in) Made in Italy<\/p>\n","protected":false},"featured_media":169352,"template":"","meta":{"_acf_changed":false},"product_cat":[76,1752],"product_tag":[1906,1744],"acf":[],"yoast_head":"<!-- This site is optimized with the Yoast SEO plugin v21.4 - https:\/\/yoast.com\/wordpress\/plugins\/seo\/ -->\n<title>Tech Stirrups Verona Flat ostrohy - Spicehorse<\/title>\n<meta name=\"description\" content=\"spicehorse.eu | Tech Stirrups extra \u013eahk\u00e9 hlin\u00edkov\u00e9 ostrohy s fixnou hlavicou. V\u00fdrobky Tech Stirrups s\u00fa vyroben\u00e9 z\u00a0kovov vysokej kvality a\u00a0s\u00fa recyklovate\u013en\u00e9.\" \/>\n<meta name=\"robots\" content=\"index, follow, max-snippet:-1, max-image-preview:large, max-video-preview:-1\" \/>\n<link rel=\"canonical\" href=\"https:\/\/arak.spicehorse.eu\/termek\/tech-stirrups-verona-flat-sarkantyu\/\" \/>\n<meta property=\"og:locale\" content=\"sk_SK\" \/>\n<meta property=\"og:type\" content=\"article\" \/>\n<meta property=\"og:title\" content=\"Tech Stirrups Verona Flat ostrohy - Spicehorse\" \/>\n<meta property=\"og:description\" content=\"spicehorse.eu | Tech Stirrups extra \u013eahk\u00e9 hlin\u00edkov\u00e9 ostrohy s fixnou hlavicou. V\u00fdrobky Tech Stirrups s\u00fa vyroben\u00e9 z\u00a0kovov vysokej kvality a\u00a0s\u00fa recyklovate\u013en\u00e9.\" \/>\n<meta property=\"og:url\" content=\"https:\/\/arak.spicehorse.eu\/termek\/tech-stirrups-verona-flat-sarkantyu\/\" \/>\n<meta property=\"og:site_name\" content=\"Spicehorse\" \/>\n<meta property=\"article:publisher\" content=\"https:\/\/www.facebook.com\/SPICEHORSE-550385625402457\/\" \/>\n<meta property=\"article:modified_time\" content=\"2023-11-29T16:13:09+00:00\" \/>\n<meta property=\"og:image\" content=\"https:\/\/arak.spicehorse.eu\/wp-content\/uploads\/2023\/11\/verona-flat-black.jpg\" \/>\n\t<meta property=\"og:image:width\" content=\"1200\" \/>\n\t<meta property=\"og:image:height\" content=\"1600\" \/>\n\t<meta property=\"og:image:type\" content=\"image\/jpeg\" \/>\n<meta name=\"twitter:card\" content=\"summary_large_image\" \/>\n<script type=\"application\/ld+json\" class=\"yoast-schema-graph\">{\"@context\":\"https:\/\/schema.org\",\"@graph\":[{\"@type\":\"WebPage\",\"@id\":\"https:\/\/arak.spicehorse.eu\/termek\/tech-stirrups-verona-flat-sarkantyu\/\",\"url\":\"https:\/\/arak.spicehorse.eu\/termek\/tech-stirrups-verona-flat-sarkantyu\/\",\"name\":\"Tech Stirrups Verona Flat ostrohy - Spicehorse\",\"isPartOf\":{\"@id\":\"https:\/\/arak.spicehorse.eu\/en\/#website\"},\"datePublished\":\"2023-11-16T15:53:51+00:00\",\"dateModified\":\"2023-11-29T16:13:09+00:00\",\"description\":\"spicehorse.eu | Tech Stirrups extra \u013eahk\u00e9 hlin\u00edkov\u00e9 ostrohy s fixnou hlavicou. V\u00fdrobky Tech Stirrups s\u00fa vyroben\u00e9 z\u00a0kovov vysokej kvality a\u00a0s\u00fa recyklovate\u013en\u00e9.\",\"breadcrumb\":{\"@id\":\"https:\/\/arak.spicehorse.eu\/termek\/tech-stirrups-verona-flat-sarkantyu\/#breadcrumb\"},\"inLanguage\":\"sk-SK\",\"potentialAction\":[{\"@type\":\"ReadAction\",\"target\":[\"https:\/\/arak.spicehorse.eu\/termek\/tech-stirrups-verona-flat-sarkantyu\/\"]}]},{\"@type\":\"BreadcrumbList\",\"@id\":\"https:\/\/arak.spicehorse.eu\/termek\/tech-stirrups-verona-flat-sarkantyu\/#breadcrumb\",\"itemListElement\":[{\"@type\":\"ListItem\",\"position\":1,\"name\":\"Home\",\"item\":\"https:\/\/arak.spicehorse.eu\/sk\/\"},{\"@type\":\"ListItem\",\"position\":2,\"name\":\"Predaj\u0148a\",\"item\":\"https:\/\/arak.spicehorse.eu\/sk\/predajna\/\"},{\"@type\":\"ListItem\",\"position\":3,\"name\":\"Tech Stirrups Verona Flat ostrohy\"}]},{\"@type\":\"WebSite\",\"@id\":\"https:\/\/arak.spicehorse.eu\/en\/#website\",\"url\":\"https:\/\/arak.spicehorse.eu\/en\/\",\"name\":\"Spicehorse\",\"description\":\"UNDER DEVELOPMENT -\",\"potentialAction\":[{\"@type\":\"SearchAction\",\"target\":{\"@type\":\"EntryPoint\",\"urlTemplate\":\"https:\/\/arak.spicehorse.eu\/en\/?s={search_term_string}\"},\"query-input\":\"required name=search_term_string\"}],\"inLanguage\":\"sk-SK\"}]}<\/script>\n<!-- \/ Yoast SEO plugin. -->","yoast_head_json":{"title":"Tech Stirrups Verona Flat ostrohy - Spicehorse","description":"spicehorse.eu | Tech Stirrups extra \u013eahk\u00e9 hlin\u00edkov\u00e9 ostrohy s fixnou hlavicou. V\u00fdrobky Tech Stirrups s\u00fa vyroben\u00e9 z\u00a0kovov vysokej kvality a\u00a0s\u00fa recyklovate\u013en\u00e9.","robots":{"index":"index","follow":"follow","max-snippet":"max-snippet:-1","max-image-preview":"max-image-preview:large","max-video-preview":"max-video-preview:-1"},"canonical":"https:\/\/arak.spicehorse.eu\/termek\/tech-stirrups-verona-flat-sarkantyu\/","og_locale":"sk_SK","og_type":"article","og_title":"Tech Stirrups Verona Flat ostrohy - Spicehorse","og_description":"spicehorse.eu | Tech Stirrups extra \u013eahk\u00e9 hlin\u00edkov\u00e9 ostrohy s fixnou hlavicou. V\u00fdrobky Tech Stirrups s\u00fa vyroben\u00e9 z\u00a0kovov vysokej kvality a\u00a0s\u00fa recyklovate\u013en\u00e9.","og_url":"https:\/\/arak.spicehorse.eu\/termek\/tech-stirrups-verona-flat-sarkantyu\/","og_site_name":"Spicehorse","article_publisher":"https:\/\/www.facebook.com\/SPICEHORSE-550385625402457\/","article_modified_time":"2023-11-29T16:13:09+00:00","og_image":[{"width":1200,"height":1600,"url":"https:\/\/arak.spicehorse.eu\/wp-content\/uploads\/2023\/11\/verona-flat-black.jpg","type":"image\/jpeg"}],"twitter_card":"summary_large_image","schema":{"@context":"https:\/\/schema.org","@graph":[{"@type":"WebPage","@id":"https:\/\/arak.spicehorse.eu\/termek\/tech-stirrups-verona-flat-sarkantyu\/","url":"https:\/\/arak.spicehorse.eu\/termek\/tech-stirrups-verona-flat-sarkantyu\/","name":"Tech Stirrups Verona Flat ostrohy - Spicehorse","isPartOf":{"@id":"https:\/\/arak.spicehorse.eu\/en\/#website"},"datePublished":"2023-11-16T15:53:51+00:00","dateModified":"2023-11-29T16:13:09+00:00","description":"spicehorse.eu | Tech Stirrups extra \u013eahk\u00e9 hlin\u00edkov\u00e9 ostrohy s fixnou hlavicou. V\u00fdrobky Tech Stirrups s\u00fa vyroben\u00e9 z\u00a0kovov vysokej kvality a\u00a0s\u00fa recyklovate\u013en\u00e9.","breadcrumb":{"@id":"https:\/\/arak.spicehorse.eu\/termek\/tech-stirrups-verona-flat-sarkantyu\/#breadcrumb"},"inLanguage":"sk-SK","potentialAction":[{"@type":"ReadAction","target":["https:\/\/arak.spicehorse.eu\/termek\/tech-stirrups-verona-flat-sarkantyu\/"]}]},{"@type":"BreadcrumbList","@id":"https:\/\/arak.spicehorse.eu\/termek\/tech-stirrups-verona-flat-sarkantyu\/#breadcrumb","itemListElement":[{"@type":"ListItem","position":1,"name":"Home","item":"https:\/\/arak.spicehorse.eu\/sk\/"},{"@type":"ListItem","position":2,"name":"Predaj\u0148a","item":"https:\/\/arak.spicehorse.eu\/sk\/predajna\/"},{"@type":"ListItem","position":3,"name":"Tech Stirrups Verona Flat ostrohy"}]},{"@type":"WebSite","@id":"https:\/\/arak.spicehorse.eu\/en\/#website","url":"https:\/\/arak.spicehorse.eu\/en\/","name":"Spicehorse","description":"UNDER DEVELOPMENT -","potentialAction":[{"@type":"SearchAction","target":{"@type":"EntryPoint","urlTemplate":"https:\/\/arak.spicehorse.eu\/en\/?s={search_term_string}"},"query-input":"required name=search_term_string"}],"inLanguage":"sk-SK"}]}},"_links":{"self":[{"href":"https:\/\/arak.spicehorse.eu\/sk\/wp-json\/wp\/v2\/product\/169341"}],"collection":[{"href":"https:\/\/arak.spicehorse.eu\/sk\/wp-json\/wp\/v2\/product"}],"about":[{"href":"https:\/\/arak.spicehorse.eu\/sk\/wp-json\/wp\/v2\/types\/product"}],"wp:featuredmedia":[{"embeddable":true,"href":"https:\/\/arak.spicehorse.eu\/sk\/wp-json\/wp\/v2\/media\/169352"}],"wp:attachment":[{"href":"https:\/\/arak.spicehorse.eu\/sk\/wp-json\/wp\/v2\/media?parent=169341"}],"wp:term":[{"taxonomy":"product_cat","embeddable":true,"href":"https:\/\/arak.spicehorse.eu\/sk\/wp-json\/wp\/v2\/product_cat?post=169341"},{"taxonomy":"product_tag","embeddable":true,"href":"https:\/\/arak.spicehorse.eu\/sk\/wp-json\/wp\/v2\/product_tag?post=169341"}],"curies":[{"name":"wp","href":"https:\/\/api.w.org\/{rel}","templated":true}]}}