{"id":169603,"date":"2023-11-16T17:34:29","date_gmt":"2023-11-16T16:34:37","guid":{"rendered":"https:\/\/arak.spicehorse.eu\/?post_type=product&#038;p=169603"},"modified":"2023-11-29T17:22:22","modified_gmt":"2023-11-29T16:22:22","slug":"tech-stirrups-siena-classic-strmene","status":"publish","type":"product","link":"https:\/\/arak.spicehorse.eu\/sk\/produkt\/tech-stirrups-siena-classic-strmene\/","title":{"rendered":"Tech Stirrups Siena Classic strmene"},"content":{"rendered":"<p><span lang=\"SK\">Klasick\u00e9 Tech Stirrups strmene. Najlep\u0161ia stabilita a poz\u00edcia pre nohy.<\/span><\/p>\n<p><span lang=\"SK\">V\u00fdrobky Tech Stirrups s\u00fa vyroben\u00e9 z\u00a0kovu vysokej kvality.<\/span><\/p>\n<p>Proti\u0161mykov\u00e1 strme\u0148ov\u00e1 vlo\u017eka je ur\u010den\u00e1 v\u00fdlu\u010dne na park\u00farov\u00e9 a cross-country jazdenie v ter\u00e9ne: poskytuje dokonal\u00fa pri\u013enavos\u0165, 2,5\u00b0 sklon napom\u00e1ha spr\u00e1vnemu dr\u017eaniu n\u00f4h.<\/p>\n<p><span lang=\"SK\">V\u00a0pr\u00edpade potreby mo\u017eno vlo\u017eku po\u013eahky vymeni\u0165.<\/span><\/p>\n","protected":false},"excerpt":{"rendered":"<ul>\n<li>V\u00e1ha: 490g \/ 17,3oz<\/li>\n<li>Rozmery: 12\u00d76,5cm \/ 4-3\/4 in<\/li>\n<li>Sklon: 2,5\u00b0<\/li>\n<\/ul>\n","protected":false},"featured_media":169611,"template":"","meta":{"_acf_changed":false},"product_cat":[75,1577],"product_tag":[1410,1596,1744],"acf":[],"yoast_head":"<!-- This site is optimized with the Yoast SEO plugin v21.4 - https:\/\/yoast.com\/wordpress\/plugins\/seo\/ -->\n<title>Tech Stirrups Siena Classic strmene - Spicehorse<\/title>\n<meta name=\"description\" content=\"spicehorse.eu | Klasick\u00e9 Tech Stirrups strmene. Najlep\u0161ia stabilita a poz\u00edcia pre nohy. V\u00fdrobky Tech Stirrups s\u00fa vyroben\u00e9 z\u00a0kovu vysokej kvality.\" \/>\n<meta name=\"robots\" content=\"index, follow, max-snippet:-1, max-image-preview:large, max-video-preview:-1\" \/>\n<link rel=\"canonical\" href=\"https:\/\/arak.spicehorse.eu\/sk\/produkt\/tech-stirrups-siena-classic-strmene\/\" \/>\n<meta property=\"og:locale\" content=\"sk_SK\" \/>\n<meta property=\"og:type\" content=\"article\" \/>\n<meta property=\"og:title\" content=\"Tech Stirrups Siena Classic strmene - Spicehorse\" \/>\n<meta property=\"og:description\" content=\"spicehorse.eu | Klasick\u00e9 Tech Stirrups strmene. Najlep\u0161ia stabilita a poz\u00edcia pre nohy. V\u00fdrobky Tech Stirrups s\u00fa vyroben\u00e9 z\u00a0kovu vysokej kvality.\" \/>\n<meta property=\"og:url\" content=\"https:\/\/arak.spicehorse.eu\/sk\/produkt\/tech-stirrups-siena-classic-strmene\/\" \/>\n<meta property=\"og:site_name\" content=\"Spicehorse\" \/>\n<meta property=\"article:publisher\" content=\"https:\/\/www.facebook.com\/SPICEHORSE-550385625402457\/\" \/>\n<meta property=\"article:modified_time\" content=\"2023-11-29T16:22:22+00:00\" \/>\n<meta property=\"og:image\" content=\"https:\/\/arak.spicehorse.eu\/wp-content\/uploads\/2023\/11\/siena-evidenza-2.jpg\" \/>\n\t<meta property=\"og:image:width\" content=\"1200\" \/>\n\t<meta property=\"og:image:height\" content=\"1600\" \/>\n\t<meta property=\"og:image:type\" content=\"image\/jpeg\" \/>\n<meta name=\"twitter:card\" content=\"summary_large_image\" \/>\n<script type=\"application\/ld+json\" class=\"yoast-schema-graph\">{\"@context\":\"https:\/\/schema.org\",\"@graph\":[{\"@type\":\"WebPage\",\"@id\":\"https:\/\/arak.spicehorse.eu\/sk\/produkt\/tech-stirrups-siena-classic-strmene\/\",\"url\":\"https:\/\/arak.spicehorse.eu\/sk\/produkt\/tech-stirrups-siena-classic-strmene\/\",\"name\":\"Tech Stirrups Siena Classic strmene - Spicehorse\",\"isPartOf\":{\"@id\":\"https:\/\/arak.spicehorse.eu\/en\/#website\"},\"datePublished\":\"2023-11-16T16:34:37+00:00\",\"dateModified\":\"2023-11-29T16:22:22+00:00\",\"description\":\"spicehorse.eu | Klasick\u00e9 Tech Stirrups strmene. Najlep\u0161ia stabilita a poz\u00edcia pre nohy. V\u00fdrobky Tech Stirrups s\u00fa vyroben\u00e9 z\u00a0kovu vysokej kvality.\",\"breadcrumb\":{\"@id\":\"https:\/\/arak.spicehorse.eu\/sk\/produkt\/tech-stirrups-siena-classic-strmene\/#breadcrumb\"},\"inLanguage\":\"sk-SK\",\"potentialAction\":[{\"@type\":\"ReadAction\",\"target\":[\"https:\/\/arak.spicehorse.eu\/sk\/produkt\/tech-stirrups-siena-classic-strmene\/\"]}]},{\"@type\":\"BreadcrumbList\",\"@id\":\"https:\/\/arak.spicehorse.eu\/sk\/produkt\/tech-stirrups-siena-classic-strmene\/#breadcrumb\",\"itemListElement\":[{\"@type\":\"ListItem\",\"position\":1,\"name\":\"Home\",\"item\":\"https:\/\/arak.spicehorse.eu\/sk\/\"},{\"@type\":\"ListItem\",\"position\":2,\"name\":\"Predaj\u0148a\",\"item\":\"https:\/\/arak.spicehorse.eu\/sk\/predajna\/\"},{\"@type\":\"ListItem\",\"position\":3,\"name\":\"Tech Stirrups Siena Classic strmene\"}]},{\"@type\":\"WebSite\",\"@id\":\"https:\/\/arak.spicehorse.eu\/en\/#website\",\"url\":\"https:\/\/arak.spicehorse.eu\/en\/\",\"name\":\"Spicehorse\",\"description\":\"UNDER DEVELOPMENT -\",\"potentialAction\":[{\"@type\":\"SearchAction\",\"target\":{\"@type\":\"EntryPoint\",\"urlTemplate\":\"https:\/\/arak.spicehorse.eu\/en\/?s={search_term_string}\"},\"query-input\":\"required name=search_term_string\"}],\"inLanguage\":\"sk-SK\"}]}<\/script>\n<!-- \/ Yoast SEO plugin. -->","yoast_head_json":{"title":"Tech Stirrups Siena Classic strmene - Spicehorse","description":"spicehorse.eu | Klasick\u00e9 Tech Stirrups strmene. Najlep\u0161ia stabilita a poz\u00edcia pre nohy. V\u00fdrobky Tech Stirrups s\u00fa vyroben\u00e9 z\u00a0kovu vysokej kvality.","robots":{"index":"index","follow":"follow","max-snippet":"max-snippet:-1","max-image-preview":"max-image-preview:large","max-video-preview":"max-video-preview:-1"},"canonical":"https:\/\/arak.spicehorse.eu\/sk\/produkt\/tech-stirrups-siena-classic-strmene\/","og_locale":"sk_SK","og_type":"article","og_title":"Tech Stirrups Siena Classic strmene - Spicehorse","og_description":"spicehorse.eu | Klasick\u00e9 Tech Stirrups strmene. Najlep\u0161ia stabilita a poz\u00edcia pre nohy. V\u00fdrobky Tech Stirrups s\u00fa vyroben\u00e9 z\u00a0kovu vysokej kvality.","og_url":"https:\/\/arak.spicehorse.eu\/sk\/produkt\/tech-stirrups-siena-classic-strmene\/","og_site_name":"Spicehorse","article_publisher":"https:\/\/www.facebook.com\/SPICEHORSE-550385625402457\/","article_modified_time":"2023-11-29T16:22:22+00:00","og_image":[{"width":1200,"height":1600,"url":"https:\/\/arak.spicehorse.eu\/wp-content\/uploads\/2023\/11\/siena-evidenza-2.jpg","type":"image\/jpeg"}],"twitter_card":"summary_large_image","schema":{"@context":"https:\/\/schema.org","@graph":[{"@type":"WebPage","@id":"https:\/\/arak.spicehorse.eu\/sk\/produkt\/tech-stirrups-siena-classic-strmene\/","url":"https:\/\/arak.spicehorse.eu\/sk\/produkt\/tech-stirrups-siena-classic-strmene\/","name":"Tech Stirrups Siena Classic strmene - Spicehorse","isPartOf":{"@id":"https:\/\/arak.spicehorse.eu\/en\/#website"},"datePublished":"2023-11-16T16:34:37+00:00","dateModified":"2023-11-29T16:22:22+00:00","description":"spicehorse.eu | Klasick\u00e9 Tech Stirrups strmene. Najlep\u0161ia stabilita a poz\u00edcia pre nohy. V\u00fdrobky Tech Stirrups s\u00fa vyroben\u00e9 z\u00a0kovu vysokej kvality.","breadcrumb":{"@id":"https:\/\/arak.spicehorse.eu\/sk\/produkt\/tech-stirrups-siena-classic-strmene\/#breadcrumb"},"inLanguage":"sk-SK","potentialAction":[{"@type":"ReadAction","target":["https:\/\/arak.spicehorse.eu\/sk\/produkt\/tech-stirrups-siena-classic-strmene\/"]}]},{"@type":"BreadcrumbList","@id":"https:\/\/arak.spicehorse.eu\/sk\/produkt\/tech-stirrups-siena-classic-strmene\/#breadcrumb","itemListElement":[{"@type":"ListItem","position":1,"name":"Home","item":"https:\/\/arak.spicehorse.eu\/sk\/"},{"@type":"ListItem","position":2,"name":"Predaj\u0148a","item":"https:\/\/arak.spicehorse.eu\/sk\/predajna\/"},{"@type":"ListItem","position":3,"name":"Tech Stirrups Siena Classic strmene"}]},{"@type":"WebSite","@id":"https:\/\/arak.spicehorse.eu\/en\/#website","url":"https:\/\/arak.spicehorse.eu\/en\/","name":"Spicehorse","description":"UNDER DEVELOPMENT -","potentialAction":[{"@type":"SearchAction","target":{"@type":"EntryPoint","urlTemplate":"https:\/\/arak.spicehorse.eu\/en\/?s={search_term_string}"},"query-input":"required name=search_term_string"}],"inLanguage":"sk-SK"}]}},"_links":{"self":[{"href":"https:\/\/arak.spicehorse.eu\/sk\/wp-json\/wp\/v2\/product\/169603"}],"collection":[{"href":"https:\/\/arak.spicehorse.eu\/sk\/wp-json\/wp\/v2\/product"}],"about":[{"href":"https:\/\/arak.spicehorse.eu\/sk\/wp-json\/wp\/v2\/types\/product"}],"wp:featuredmedia":[{"embeddable":true,"href":"https:\/\/arak.spicehorse.eu\/sk\/wp-json\/wp\/v2\/media\/169611"}],"wp:attachment":[{"href":"https:\/\/arak.spicehorse.eu\/sk\/wp-json\/wp\/v2\/media?parent=169603"}],"wp:term":[{"taxonomy":"product_cat","embeddable":true,"href":"https:\/\/arak.spicehorse.eu\/sk\/wp-json\/wp\/v2\/product_cat?post=169603"},{"taxonomy":"product_tag","embeddable":true,"href":"https:\/\/arak.spicehorse.eu\/sk\/wp-json\/wp\/v2\/product_tag?post=169603"}],"curies":[{"name":"wp","href":"https:\/\/api.w.org\/{rel}","templated":true}]}}