{"id":170399,"date":"2023-11-24T12:06:54","date_gmt":"2023-11-24T11:07:04","guid":{"rendered":"https:\/\/arak.spicehorse.eu\/?post_type=product&#038;p=170399"},"modified":"2023-12-07T11:10:44","modified_gmt":"2023-12-07T10:10:44","slug":"myfamily-royal-vodzka-king","status":"publish","type":"product","link":"https:\/\/arak.spicehorse.eu\/sk\/produkt\/myfamily-royal-vodzka-king\/","title":{"rendered":"MyFamily Royal v\u00f4dzka King"},"content":{"rendered":"<div>\n<p><span lang=\"SK\">V\u00f4dzka pre psa z kolekcie MyFamily Royal\u00a0 je jemne vypracovan\u00e1, vyroben\u00e1 je zo syntetickej vy\u0161\u00edvanej ko\u017ee, so staro\u017eitn\u00fdmi kovov\u00fdmi strieborn\u00fdmi detailmi.<\/span><\/p>\n<\/div>\n<div>\n<p><span lang=\"SK\">MADE IN ITALY<\/span><\/p>\n<\/div>\n","protected":false},"excerpt":{"rendered":"<p>V\u00f4dzka pre psa z kolekcie MyFamily Royal\u00a0 je jemne vypracovan\u00e1, vyroben\u00e1 je zo syntetickej vy\u0161\u00edvanej ko\u017ee, so staro\u017eitn\u00fdmi kovov\u00fdmi strieborn\u00fdmi detailmi. MADE IN ITALY<\/p>\n","protected":false},"featured_media":170406,"template":"","meta":{"_acf_changed":false},"product_cat":[74,298],"product_tag":[2747,2537,2743,252],"acf":[],"yoast_head":"<!-- This site is optimized with the Yoast SEO plugin v21.4 - https:\/\/yoast.com\/wordpress\/plugins\/seo\/ -->\n<title>MyFamily Royal v\u00f4dzka King - Spicehorse<\/title>\n<meta name=\"description\" content=\"spicehorse.eu | V\u00f4dzka pre psa z kolekcie MyFamily Royal\u00a0 je jemne vypracovan\u00e1, vyroben\u00e1 je zo syntetickej vy\u0161\u00edvanej ko\u017ee, so staro\u017eitn\u00fdmi kovov\u00fdmi strieborn\u00fdmi detailmi.\" \/>\n<meta name=\"robots\" content=\"index, follow, max-snippet:-1, max-image-preview:large, max-video-preview:-1\" \/>\n<link rel=\"canonical\" href=\"https:\/\/arak.spicehorse.eu\/termek\/myfamily-royal-poraz-king\/\" \/>\n<meta property=\"og:locale\" content=\"sk_SK\" \/>\n<meta property=\"og:type\" content=\"article\" \/>\n<meta property=\"og:title\" content=\"MyFamily Royal v\u00f4dzka King - Spicehorse\" \/>\n<meta property=\"og:description\" content=\"spicehorse.eu | V\u00f4dzka pre psa z kolekcie MyFamily Royal\u00a0 je jemne vypracovan\u00e1, vyroben\u00e1 je zo syntetickej vy\u0161\u00edvanej ko\u017ee, so staro\u017eitn\u00fdmi kovov\u00fdmi strieborn\u00fdmi detailmi.\" \/>\n<meta property=\"og:url\" content=\"https:\/\/arak.spicehorse.eu\/termek\/myfamily-royal-poraz-king\/\" \/>\n<meta property=\"og:site_name\" content=\"Spicehorse\" \/>\n<meta property=\"article:publisher\" content=\"https:\/\/www.facebook.com\/SPICEHORSE-550385625402457\/\" \/>\n<meta property=\"article:modified_time\" content=\"2023-12-07T10:10:44+00:00\" \/>\n<meta property=\"og:image\" content=\"https:\/\/arak.spicehorse.eu\/wp-content\/uploads\/2023\/11\/myfamily-royal-dog-leash-in-fine-crafted-grey-leatherette.jpg\" \/>\n\t<meta property=\"og:image:width\" content=\"1024\" \/>\n\t<meta property=\"og:image:height\" content=\"1024\" \/>\n\t<meta property=\"og:image:type\" content=\"image\/jpeg\" \/>\n<meta name=\"twitter:card\" content=\"summary_large_image\" \/>\n<script type=\"application\/ld+json\" class=\"yoast-schema-graph\">{\"@context\":\"https:\/\/schema.org\",\"@graph\":[{\"@type\":\"WebPage\",\"@id\":\"https:\/\/arak.spicehorse.eu\/termek\/myfamily-royal-poraz-king\/\",\"url\":\"https:\/\/arak.spicehorse.eu\/termek\/myfamily-royal-poraz-king\/\",\"name\":\"MyFamily Royal v\u00f4dzka King - Spicehorse\",\"isPartOf\":{\"@id\":\"https:\/\/arak.spicehorse.eu\/en\/#website\"},\"datePublished\":\"2023-11-24T11:07:04+00:00\",\"dateModified\":\"2023-12-07T10:10:44+00:00\",\"description\":\"spicehorse.eu | V\u00f4dzka pre psa z kolekcie MyFamily Royal\u00a0 je jemne vypracovan\u00e1, vyroben\u00e1 je zo syntetickej vy\u0161\u00edvanej ko\u017ee, so staro\u017eitn\u00fdmi kovov\u00fdmi strieborn\u00fdmi detailmi.\",\"breadcrumb\":{\"@id\":\"https:\/\/arak.spicehorse.eu\/termek\/myfamily-royal-poraz-king\/#breadcrumb\"},\"inLanguage\":\"sk-SK\",\"potentialAction\":[{\"@type\":\"ReadAction\",\"target\":[\"https:\/\/arak.spicehorse.eu\/termek\/myfamily-royal-poraz-king\/\"]}]},{\"@type\":\"BreadcrumbList\",\"@id\":\"https:\/\/arak.spicehorse.eu\/termek\/myfamily-royal-poraz-king\/#breadcrumb\",\"itemListElement\":[{\"@type\":\"ListItem\",\"position\":1,\"name\":\"Home\",\"item\":\"https:\/\/arak.spicehorse.eu\/sk\/\"},{\"@type\":\"ListItem\",\"position\":2,\"name\":\"Predaj\u0148a\",\"item\":\"https:\/\/arak.spicehorse.eu\/sk\/predajna\/\"},{\"@type\":\"ListItem\",\"position\":3,\"name\":\"MyFamily Royal v\u00f4dzka King\"}]},{\"@type\":\"WebSite\",\"@id\":\"https:\/\/arak.spicehorse.eu\/en\/#website\",\"url\":\"https:\/\/arak.spicehorse.eu\/en\/\",\"name\":\"Spicehorse\",\"description\":\"UNDER DEVELOPMENT -\",\"potentialAction\":[{\"@type\":\"SearchAction\",\"target\":{\"@type\":\"EntryPoint\",\"urlTemplate\":\"https:\/\/arak.spicehorse.eu\/en\/?s={search_term_string}\"},\"query-input\":\"required name=search_term_string\"}],\"inLanguage\":\"sk-SK\"}]}<\/script>\n<!-- \/ Yoast SEO plugin. -->","yoast_head_json":{"title":"MyFamily Royal v\u00f4dzka King - Spicehorse","description":"spicehorse.eu | V\u00f4dzka pre psa z kolekcie MyFamily Royal\u00a0 je jemne vypracovan\u00e1, vyroben\u00e1 je zo syntetickej vy\u0161\u00edvanej ko\u017ee, so staro\u017eitn\u00fdmi kovov\u00fdmi strieborn\u00fdmi detailmi.","robots":{"index":"index","follow":"follow","max-snippet":"max-snippet:-1","max-image-preview":"max-image-preview:large","max-video-preview":"max-video-preview:-1"},"canonical":"https:\/\/arak.spicehorse.eu\/termek\/myfamily-royal-poraz-king\/","og_locale":"sk_SK","og_type":"article","og_title":"MyFamily Royal v\u00f4dzka King - Spicehorse","og_description":"spicehorse.eu | V\u00f4dzka pre psa z kolekcie MyFamily Royal\u00a0 je jemne vypracovan\u00e1, vyroben\u00e1 je zo syntetickej vy\u0161\u00edvanej ko\u017ee, so staro\u017eitn\u00fdmi kovov\u00fdmi strieborn\u00fdmi detailmi.","og_url":"https:\/\/arak.spicehorse.eu\/termek\/myfamily-royal-poraz-king\/","og_site_name":"Spicehorse","article_publisher":"https:\/\/www.facebook.com\/SPICEHORSE-550385625402457\/","article_modified_time":"2023-12-07T10:10:44+00:00","og_image":[{"width":1024,"height":1024,"url":"https:\/\/arak.spicehorse.eu\/wp-content\/uploads\/2023\/11\/myfamily-royal-dog-leash-in-fine-crafted-grey-leatherette.jpg","type":"image\/jpeg"}],"twitter_card":"summary_large_image","schema":{"@context":"https:\/\/schema.org","@graph":[{"@type":"WebPage","@id":"https:\/\/arak.spicehorse.eu\/termek\/myfamily-royal-poraz-king\/","url":"https:\/\/arak.spicehorse.eu\/termek\/myfamily-royal-poraz-king\/","name":"MyFamily Royal v\u00f4dzka King - Spicehorse","isPartOf":{"@id":"https:\/\/arak.spicehorse.eu\/en\/#website"},"datePublished":"2023-11-24T11:07:04+00:00","dateModified":"2023-12-07T10:10:44+00:00","description":"spicehorse.eu | V\u00f4dzka pre psa z kolekcie MyFamily Royal\u00a0 je jemne vypracovan\u00e1, vyroben\u00e1 je zo syntetickej vy\u0161\u00edvanej ko\u017ee, so staro\u017eitn\u00fdmi kovov\u00fdmi strieborn\u00fdmi detailmi.","breadcrumb":{"@id":"https:\/\/arak.spicehorse.eu\/termek\/myfamily-royal-poraz-king\/#breadcrumb"},"inLanguage":"sk-SK","potentialAction":[{"@type":"ReadAction","target":["https:\/\/arak.spicehorse.eu\/termek\/myfamily-royal-poraz-king\/"]}]},{"@type":"BreadcrumbList","@id":"https:\/\/arak.spicehorse.eu\/termek\/myfamily-royal-poraz-king\/#breadcrumb","itemListElement":[{"@type":"ListItem","position":1,"name":"Home","item":"https:\/\/arak.spicehorse.eu\/sk\/"},{"@type":"ListItem","position":2,"name":"Predaj\u0148a","item":"https:\/\/arak.spicehorse.eu\/sk\/predajna\/"},{"@type":"ListItem","position":3,"name":"MyFamily Royal v\u00f4dzka King"}]},{"@type":"WebSite","@id":"https:\/\/arak.spicehorse.eu\/en\/#website","url":"https:\/\/arak.spicehorse.eu\/en\/","name":"Spicehorse","description":"UNDER DEVELOPMENT -","potentialAction":[{"@type":"SearchAction","target":{"@type":"EntryPoint","urlTemplate":"https:\/\/arak.spicehorse.eu\/en\/?s={search_term_string}"},"query-input":"required name=search_term_string"}],"inLanguage":"sk-SK"}]}},"_links":{"self":[{"href":"https:\/\/arak.spicehorse.eu\/sk\/wp-json\/wp\/v2\/product\/170399"}],"collection":[{"href":"https:\/\/arak.spicehorse.eu\/sk\/wp-json\/wp\/v2\/product"}],"about":[{"href":"https:\/\/arak.spicehorse.eu\/sk\/wp-json\/wp\/v2\/types\/product"}],"wp:featuredmedia":[{"embeddable":true,"href":"https:\/\/arak.spicehorse.eu\/sk\/wp-json\/wp\/v2\/media\/170406"}],"wp:attachment":[{"href":"https:\/\/arak.spicehorse.eu\/sk\/wp-json\/wp\/v2\/media?parent=170399"}],"wp:term":[{"taxonomy":"product_cat","embeddable":true,"href":"https:\/\/arak.spicehorse.eu\/sk\/wp-json\/wp\/v2\/product_cat?post=170399"},{"taxonomy":"product_tag","embeddable":true,"href":"https:\/\/arak.spicehorse.eu\/sk\/wp-json\/wp\/v2\/product_tag?post=170399"}],"curies":[{"name":"wp","href":"https:\/\/api.w.org\/{rel}","templated":true}]}}