{"id":170587,"date":"2023-11-27T18:01:09","date_gmt":"2023-11-27T17:01:12","guid":{"rendered":"https:\/\/arak.spicehorse.eu\/?post_type=product&#038;p=170587"},"modified":"2023-12-07T11:12:52","modified_gmt":"2023-12-07T10:12:52","slug":"myfamily-visacka-king","status":"publish","type":"product","link":"https:\/\/arak.spicehorse.eu\/sk\/produkt\/myfamily-visacka-king\/","title":{"rendered":"MyFamily visa\u010dka King"},"content":{"rendered":"<div>\n<p><span lang=\"SK\">MyFamily visa\u010dka, ktor\u00fa je mo\u017eno grav\u00edrova\u0165, teraz s\u00a0bezplatn\u00fdm grav\u00edrovan\u00edm!<\/span><\/p>\n<\/div>\n<div>\n<p><span lang=\"SK\">Iba n\u00e1m nap\u00ed\u0161te do pozn\u00e1mky \u010di m\u00e1me na \u0148u nap\u00edsa\u0165 a\u00a0my ju pre v\u00e1s vyhotov\u00edme! <\/span><\/p>\n<\/div>\n","protected":false},"excerpt":{"rendered":"<h3>Visa\u010dka s bezplatn\u00fdm grav\u00edrovan\u00edm!<\/h3>\n<ul style=\"font-weight: 400;\">\n<li>MYFAMILY ru\u010dne vyroben\u00e1 kovov\u00e1 visa\u010dka<\/li>\n<li>S osobitn\u00fdm grav\u00edrovan\u00edm<\/li>\n<li>M\u00f4\u017ee sa pou\u017ei\u0165 aj ako k\u013e\u00fa\u010denka<\/li>\n<li>Nap\u00ed\u0161te n\u00e1m text, ktor\u00fd si \u017eel\u00e1te vygrav\u00edrova\u0165 (napr. meno psa\/ko\u0148a, vlastn\u00e9 meno, meno kamar\u00e1ta, \u010dlena rodiny a pod,)<\/li>\n<\/ul>\n","protected":false},"featured_media":170593,"template":"","meta":{"_acf_changed":false},"product_cat":[304,75,100],"product_tag":[2747,2537,2743,453],"acf":[],"yoast_head":"<!-- This site is optimized with the Yoast SEO plugin v21.4 - https:\/\/yoast.com\/wordpress\/plugins\/seo\/ -->\n<title>MyFamily visa\u010dka King - Spicehorse<\/title>\n<meta name=\"description\" content=\"spicehorse.eu | MyFamily visa\u010dka King\" \/>\n<meta name=\"robots\" content=\"index, follow, max-snippet:-1, max-image-preview:large, max-video-preview:-1\" \/>\n<link rel=\"canonical\" href=\"https:\/\/arak.spicehorse.eu\/termek\/myfamily-bileta-king\/\" \/>\n<meta property=\"og:locale\" content=\"sk_SK\" \/>\n<meta property=\"og:type\" content=\"article\" \/>\n<meta property=\"og:title\" content=\"MyFamily visa\u010dka King - Spicehorse\" \/>\n<meta property=\"og:description\" content=\"spicehorse.eu | MyFamily visa\u010dka King\" \/>\n<meta property=\"og:url\" content=\"https:\/\/arak.spicehorse.eu\/termek\/myfamily-bileta-king\/\" \/>\n<meta property=\"og:site_name\" content=\"Spicehorse\" \/>\n<meta property=\"article:publisher\" content=\"https:\/\/www.facebook.com\/SPICEHORSE-550385625402457\/\" \/>\n<meta property=\"article:modified_time\" content=\"2023-12-07T10:12:52+00:00\" \/>\n<meta property=\"og:image\" content=\"https:\/\/arak.spicehorse.eu\/wp-content\/uploads\/2023\/11\/id-tag-medium-circle-i-m-the-king.jpg\" \/>\n\t<meta property=\"og:image:width\" content=\"1024\" \/>\n\t<meta property=\"og:image:height\" content=\"1024\" \/>\n\t<meta property=\"og:image:type\" content=\"image\/jpeg\" \/>\n<meta name=\"twitter:card\" content=\"summary_large_image\" \/>\n<script type=\"application\/ld+json\" class=\"yoast-schema-graph\">{\"@context\":\"https:\/\/schema.org\",\"@graph\":[{\"@type\":\"WebPage\",\"@id\":\"https:\/\/arak.spicehorse.eu\/termek\/myfamily-bileta-king\/\",\"url\":\"https:\/\/arak.spicehorse.eu\/termek\/myfamily-bileta-king\/\",\"name\":\"MyFamily visa\u010dka King - Spicehorse\",\"isPartOf\":{\"@id\":\"https:\/\/arak.spicehorse.eu\/en\/#website\"},\"datePublished\":\"2023-11-27T17:01:12+00:00\",\"dateModified\":\"2023-12-07T10:12:52+00:00\",\"description\":\"spicehorse.eu | MyFamily visa\u010dka King\",\"breadcrumb\":{\"@id\":\"https:\/\/arak.spicehorse.eu\/termek\/myfamily-bileta-king\/#breadcrumb\"},\"inLanguage\":\"sk-SK\",\"potentialAction\":[{\"@type\":\"ReadAction\",\"target\":[\"https:\/\/arak.spicehorse.eu\/termek\/myfamily-bileta-king\/\"]}]},{\"@type\":\"BreadcrumbList\",\"@id\":\"https:\/\/arak.spicehorse.eu\/termek\/myfamily-bileta-king\/#breadcrumb\",\"itemListElement\":[{\"@type\":\"ListItem\",\"position\":1,\"name\":\"Home\",\"item\":\"https:\/\/arak.spicehorse.eu\/sk\/\"},{\"@type\":\"ListItem\",\"position\":2,\"name\":\"Predaj\u0148a\",\"item\":\"https:\/\/arak.spicehorse.eu\/sk\/predajna\/\"},{\"@type\":\"ListItem\",\"position\":3,\"name\":\"MyFamily visa\u010dka King\"}]},{\"@type\":\"WebSite\",\"@id\":\"https:\/\/arak.spicehorse.eu\/en\/#website\",\"url\":\"https:\/\/arak.spicehorse.eu\/en\/\",\"name\":\"Spicehorse\",\"description\":\"UNDER DEVELOPMENT -\",\"potentialAction\":[{\"@type\":\"SearchAction\",\"target\":{\"@type\":\"EntryPoint\",\"urlTemplate\":\"https:\/\/arak.spicehorse.eu\/en\/?s={search_term_string}\"},\"query-input\":\"required name=search_term_string\"}],\"inLanguage\":\"sk-SK\"}]}<\/script>\n<!-- \/ Yoast SEO plugin. -->","yoast_head_json":{"title":"MyFamily visa\u010dka King - Spicehorse","description":"spicehorse.eu | MyFamily visa\u010dka King","robots":{"index":"index","follow":"follow","max-snippet":"max-snippet:-1","max-image-preview":"max-image-preview:large","max-video-preview":"max-video-preview:-1"},"canonical":"https:\/\/arak.spicehorse.eu\/termek\/myfamily-bileta-king\/","og_locale":"sk_SK","og_type":"article","og_title":"MyFamily visa\u010dka King - Spicehorse","og_description":"spicehorse.eu | MyFamily visa\u010dka King","og_url":"https:\/\/arak.spicehorse.eu\/termek\/myfamily-bileta-king\/","og_site_name":"Spicehorse","article_publisher":"https:\/\/www.facebook.com\/SPICEHORSE-550385625402457\/","article_modified_time":"2023-12-07T10:12:52+00:00","og_image":[{"width":1024,"height":1024,"url":"https:\/\/arak.spicehorse.eu\/wp-content\/uploads\/2023\/11\/id-tag-medium-circle-i-m-the-king.jpg","type":"image\/jpeg"}],"twitter_card":"summary_large_image","schema":{"@context":"https:\/\/schema.org","@graph":[{"@type":"WebPage","@id":"https:\/\/arak.spicehorse.eu\/termek\/myfamily-bileta-king\/","url":"https:\/\/arak.spicehorse.eu\/termek\/myfamily-bileta-king\/","name":"MyFamily visa\u010dka King - Spicehorse","isPartOf":{"@id":"https:\/\/arak.spicehorse.eu\/en\/#website"},"datePublished":"2023-11-27T17:01:12+00:00","dateModified":"2023-12-07T10:12:52+00:00","description":"spicehorse.eu | MyFamily visa\u010dka King","breadcrumb":{"@id":"https:\/\/arak.spicehorse.eu\/termek\/myfamily-bileta-king\/#breadcrumb"},"inLanguage":"sk-SK","potentialAction":[{"@type":"ReadAction","target":["https:\/\/arak.spicehorse.eu\/termek\/myfamily-bileta-king\/"]}]},{"@type":"BreadcrumbList","@id":"https:\/\/arak.spicehorse.eu\/termek\/myfamily-bileta-king\/#breadcrumb","itemListElement":[{"@type":"ListItem","position":1,"name":"Home","item":"https:\/\/arak.spicehorse.eu\/sk\/"},{"@type":"ListItem","position":2,"name":"Predaj\u0148a","item":"https:\/\/arak.spicehorse.eu\/sk\/predajna\/"},{"@type":"ListItem","position":3,"name":"MyFamily visa\u010dka King"}]},{"@type":"WebSite","@id":"https:\/\/arak.spicehorse.eu\/en\/#website","url":"https:\/\/arak.spicehorse.eu\/en\/","name":"Spicehorse","description":"UNDER DEVELOPMENT -","potentialAction":[{"@type":"SearchAction","target":{"@type":"EntryPoint","urlTemplate":"https:\/\/arak.spicehorse.eu\/en\/?s={search_term_string}"},"query-input":"required name=search_term_string"}],"inLanguage":"sk-SK"}]}},"_links":{"self":[{"href":"https:\/\/arak.spicehorse.eu\/sk\/wp-json\/wp\/v2\/product\/170587"}],"collection":[{"href":"https:\/\/arak.spicehorse.eu\/sk\/wp-json\/wp\/v2\/product"}],"about":[{"href":"https:\/\/arak.spicehorse.eu\/sk\/wp-json\/wp\/v2\/types\/product"}],"wp:featuredmedia":[{"embeddable":true,"href":"https:\/\/arak.spicehorse.eu\/sk\/wp-json\/wp\/v2\/media\/170593"}],"wp:attachment":[{"href":"https:\/\/arak.spicehorse.eu\/sk\/wp-json\/wp\/v2\/media?parent=170587"}],"wp:term":[{"taxonomy":"product_cat","embeddable":true,"href":"https:\/\/arak.spicehorse.eu\/sk\/wp-json\/wp\/v2\/product_cat?post=170587"},{"taxonomy":"product_tag","embeddable":true,"href":"https:\/\/arak.spicehorse.eu\/sk\/wp-json\/wp\/v2\/product_tag?post=170587"}],"curies":[{"name":"wp","href":"https:\/\/api.w.org\/{rel}","templated":true}]}}