{"id":171194,"date":"2023-12-06T08:43:09","date_gmt":"2023-12-06T07:43:13","guid":{"rendered":"https:\/\/arak.spicehorse.eu\/?post_type=product&#038;p=171194"},"modified":"2023-12-07T11:14:30","modified_gmt":"2023-12-07T10:14:30","slug":"one-equestrian-skladaci-stojan-na-sedlo","status":"publish","type":"product","link":"https:\/\/arak.spicehorse.eu\/sk\/produkt\/one-equestrian-skladaci-stojan-na-sedlo\/","title":{"rendered":"ONE Equestrian skladac\u00ed stojan na sedlo"},"content":{"rendered":"<div>\n<p><span lang=\"SK\">ONE Equestrian skladac\u00ed stojan na sedlo. Je ide\u00e1lny do stajne, do boxu, do prepravn\u00edka a\u00a0na s\u00fa\u0165a\u017ee. V\u00a0spodnej \u010dasti je polica zo sie\u0165ovan\u00e9ho materi\u00e1lu, na ktor\u00fa m\u00f4\u017eeme ulo\u017ei\u0165 potrebn\u00fa v\u00fdbavu. <\/span><\/p>\n<\/div>\n<div>\n<p><span class=\"rynqvb\"><span lang=\"SK\">93x70x30 cm<\/span><\/span><\/p>\n<\/div>\n","protected":false},"excerpt":{"rendered":"<p>ONE Equestrian skladac\u00ed stojan na sedlo. Je ide\u00e1lny do stajne, do boxu, do prepravn\u00edka a\u00a0na s\u00fa\u0165a\u017ee. V\u00a0spodnej \u010dasti je polica zo sie\u0165ovan\u00e9ho materi\u00e1lu, na ktor\u00fa m\u00f4\u017eeme ulo\u017ei\u0165 potrebn\u00fa v\u00fdbavu. 93x70x30 cm<\/p>\n","protected":false},"featured_media":171205,"template":"","meta":{"_acf_changed":false},"product_cat":[75,120],"product_tag":[467,1292,338],"acf":[],"yoast_head":"<!-- This site is optimized with the Yoast SEO plugin v21.4 - https:\/\/yoast.com\/wordpress\/plugins\/seo\/ -->\n<title>ONE Equestrian skladac\u00ed stojan na sedlo - Spicehorse<\/title>\n<meta name=\"description\" content=\"spicehorse.eu | ONE Equestrian skladac\u00ed stojan na sedlo. Je ide\u00e1lny do stajne, do boxu, do prepravn\u00edka a\u00a0na s\u00fa\u0165a\u017ee.\" \/>\n<meta name=\"robots\" content=\"index, follow, max-snippet:-1, max-image-preview:large, max-video-preview:-1\" \/>\n<link rel=\"canonical\" href=\"https:\/\/arak.spicehorse.eu\/termek\/one-equestrian-osszecsukhato-nyeregtarto\/\" \/>\n<meta property=\"og:locale\" content=\"sk_SK\" \/>\n<meta property=\"og:type\" content=\"article\" \/>\n<meta property=\"og:title\" content=\"ONE Equestrian skladac\u00ed stojan na sedlo - Spicehorse\" \/>\n<meta property=\"og:description\" content=\"spicehorse.eu | ONE Equestrian skladac\u00ed stojan na sedlo. Je ide\u00e1lny do stajne, do boxu, do prepravn\u00edka a\u00a0na s\u00fa\u0165a\u017ee.\" \/>\n<meta property=\"og:url\" content=\"https:\/\/arak.spicehorse.eu\/termek\/one-equestrian-osszecsukhato-nyeregtarto\/\" \/>\n<meta property=\"og:site_name\" content=\"Spicehorse\" \/>\n<meta property=\"article:publisher\" content=\"https:\/\/www.facebook.com\/SPICEHORSE-550385625402457\/\" \/>\n<meta property=\"article:modified_time\" content=\"2023-12-07T10:14:30+00:00\" \/>\n<meta property=\"og:image\" content=\"https:\/\/arak.spicehorse.eu\/wp-content\/uploads\/2023\/12\/one-01100050b93304.jpg\" \/>\n\t<meta property=\"og:image:width\" content=\"1200\" \/>\n\t<meta property=\"og:image:height\" content=\"1200\" \/>\n\t<meta property=\"og:image:type\" content=\"image\/jpeg\" \/>\n<meta name=\"twitter:card\" content=\"summary_large_image\" \/>\n<script type=\"application\/ld+json\" class=\"yoast-schema-graph\">{\"@context\":\"https:\/\/schema.org\",\"@graph\":[{\"@type\":\"WebPage\",\"@id\":\"https:\/\/arak.spicehorse.eu\/termek\/one-equestrian-osszecsukhato-nyeregtarto\/\",\"url\":\"https:\/\/arak.spicehorse.eu\/termek\/one-equestrian-osszecsukhato-nyeregtarto\/\",\"name\":\"ONE Equestrian skladac\u00ed stojan na sedlo - Spicehorse\",\"isPartOf\":{\"@id\":\"https:\/\/arak.spicehorse.eu\/en\/#website\"},\"datePublished\":\"2023-12-06T07:43:13+00:00\",\"dateModified\":\"2023-12-07T10:14:30+00:00\",\"description\":\"spicehorse.eu | ONE Equestrian skladac\u00ed stojan na sedlo. Je ide\u00e1lny do stajne, do boxu, do prepravn\u00edka a\u00a0na s\u00fa\u0165a\u017ee.\",\"breadcrumb\":{\"@id\":\"https:\/\/arak.spicehorse.eu\/termek\/one-equestrian-osszecsukhato-nyeregtarto\/#breadcrumb\"},\"inLanguage\":\"sk-SK\",\"potentialAction\":[{\"@type\":\"ReadAction\",\"target\":[\"https:\/\/arak.spicehorse.eu\/termek\/one-equestrian-osszecsukhato-nyeregtarto\/\"]}]},{\"@type\":\"BreadcrumbList\",\"@id\":\"https:\/\/arak.spicehorse.eu\/termek\/one-equestrian-osszecsukhato-nyeregtarto\/#breadcrumb\",\"itemListElement\":[{\"@type\":\"ListItem\",\"position\":1,\"name\":\"Home\",\"item\":\"https:\/\/arak.spicehorse.eu\/sk\/\"},{\"@type\":\"ListItem\",\"position\":2,\"name\":\"Predaj\u0148a\",\"item\":\"https:\/\/arak.spicehorse.eu\/sk\/predajna\/\"},{\"@type\":\"ListItem\",\"position\":3,\"name\":\"ONE Equestrian skladac\u00ed stojan na sedlo\"}]},{\"@type\":\"WebSite\",\"@id\":\"https:\/\/arak.spicehorse.eu\/en\/#website\",\"url\":\"https:\/\/arak.spicehorse.eu\/en\/\",\"name\":\"Spicehorse\",\"description\":\"UNDER DEVELOPMENT -\",\"potentialAction\":[{\"@type\":\"SearchAction\",\"target\":{\"@type\":\"EntryPoint\",\"urlTemplate\":\"https:\/\/arak.spicehorse.eu\/en\/?s={search_term_string}\"},\"query-input\":\"required name=search_term_string\"}],\"inLanguage\":\"sk-SK\"}]}<\/script>\n<!-- \/ Yoast SEO plugin. -->","yoast_head_json":{"title":"ONE Equestrian skladac\u00ed stojan na sedlo - Spicehorse","description":"spicehorse.eu | ONE Equestrian skladac\u00ed stojan na sedlo. Je ide\u00e1lny do stajne, do boxu, do prepravn\u00edka a\u00a0na s\u00fa\u0165a\u017ee.","robots":{"index":"index","follow":"follow","max-snippet":"max-snippet:-1","max-image-preview":"max-image-preview:large","max-video-preview":"max-video-preview:-1"},"canonical":"https:\/\/arak.spicehorse.eu\/termek\/one-equestrian-osszecsukhato-nyeregtarto\/","og_locale":"sk_SK","og_type":"article","og_title":"ONE Equestrian skladac\u00ed stojan na sedlo - Spicehorse","og_description":"spicehorse.eu | ONE Equestrian skladac\u00ed stojan na sedlo. Je ide\u00e1lny do stajne, do boxu, do prepravn\u00edka a\u00a0na s\u00fa\u0165a\u017ee.","og_url":"https:\/\/arak.spicehorse.eu\/termek\/one-equestrian-osszecsukhato-nyeregtarto\/","og_site_name":"Spicehorse","article_publisher":"https:\/\/www.facebook.com\/SPICEHORSE-550385625402457\/","article_modified_time":"2023-12-07T10:14:30+00:00","og_image":[{"width":1200,"height":1200,"url":"https:\/\/arak.spicehorse.eu\/wp-content\/uploads\/2023\/12\/one-01100050b93304.jpg","type":"image\/jpeg"}],"twitter_card":"summary_large_image","schema":{"@context":"https:\/\/schema.org","@graph":[{"@type":"WebPage","@id":"https:\/\/arak.spicehorse.eu\/termek\/one-equestrian-osszecsukhato-nyeregtarto\/","url":"https:\/\/arak.spicehorse.eu\/termek\/one-equestrian-osszecsukhato-nyeregtarto\/","name":"ONE Equestrian skladac\u00ed stojan na sedlo - Spicehorse","isPartOf":{"@id":"https:\/\/arak.spicehorse.eu\/en\/#website"},"datePublished":"2023-12-06T07:43:13+00:00","dateModified":"2023-12-07T10:14:30+00:00","description":"spicehorse.eu | ONE Equestrian skladac\u00ed stojan na sedlo. Je ide\u00e1lny do stajne, do boxu, do prepravn\u00edka a\u00a0na s\u00fa\u0165a\u017ee.","breadcrumb":{"@id":"https:\/\/arak.spicehorse.eu\/termek\/one-equestrian-osszecsukhato-nyeregtarto\/#breadcrumb"},"inLanguage":"sk-SK","potentialAction":[{"@type":"ReadAction","target":["https:\/\/arak.spicehorse.eu\/termek\/one-equestrian-osszecsukhato-nyeregtarto\/"]}]},{"@type":"BreadcrumbList","@id":"https:\/\/arak.spicehorse.eu\/termek\/one-equestrian-osszecsukhato-nyeregtarto\/#breadcrumb","itemListElement":[{"@type":"ListItem","position":1,"name":"Home","item":"https:\/\/arak.spicehorse.eu\/sk\/"},{"@type":"ListItem","position":2,"name":"Predaj\u0148a","item":"https:\/\/arak.spicehorse.eu\/sk\/predajna\/"},{"@type":"ListItem","position":3,"name":"ONE Equestrian skladac\u00ed stojan na sedlo"}]},{"@type":"WebSite","@id":"https:\/\/arak.spicehorse.eu\/en\/#website","url":"https:\/\/arak.spicehorse.eu\/en\/","name":"Spicehorse","description":"UNDER DEVELOPMENT -","potentialAction":[{"@type":"SearchAction","target":{"@type":"EntryPoint","urlTemplate":"https:\/\/arak.spicehorse.eu\/en\/?s={search_term_string}"},"query-input":"required name=search_term_string"}],"inLanguage":"sk-SK"}]}},"_links":{"self":[{"href":"https:\/\/arak.spicehorse.eu\/sk\/wp-json\/wp\/v2\/product\/171194"}],"collection":[{"href":"https:\/\/arak.spicehorse.eu\/sk\/wp-json\/wp\/v2\/product"}],"about":[{"href":"https:\/\/arak.spicehorse.eu\/sk\/wp-json\/wp\/v2\/types\/product"}],"wp:featuredmedia":[{"embeddable":true,"href":"https:\/\/arak.spicehorse.eu\/sk\/wp-json\/wp\/v2\/media\/171205"}],"wp:attachment":[{"href":"https:\/\/arak.spicehorse.eu\/sk\/wp-json\/wp\/v2\/media?parent=171194"}],"wp:term":[{"taxonomy":"product_cat","embeddable":true,"href":"https:\/\/arak.spicehorse.eu\/sk\/wp-json\/wp\/v2\/product_cat?post=171194"},{"taxonomy":"product_tag","embeddable":true,"href":"https:\/\/arak.spicehorse.eu\/sk\/wp-json\/wp\/v2\/product_tag?post=171194"}],"curies":[{"name":"wp","href":"https:\/\/api.w.org\/{rel}","templated":true}]}}