{"id":171593,"date":"2023-12-16T16:48:03","date_gmt":"2023-12-16T15:48:09","guid":{"rendered":"https:\/\/arak.spicehorse.eu\/?post_type=product&#038;p=171593"},"modified":"2023-12-19T08:48:03","modified_gmt":"2023-12-19T07:48:03","slug":"kentucky-soft-nylonova-ohlavka-s-barancekom","status":"publish","type":"product","link":"https:\/\/arak.spicehorse.eu\/sk\/produkt\/kentucky-soft-nylonova-ohlavka-s-barancekom\/","title":{"rendered":"Kentucky Soft nylonov\u00e1 ohl\u00e1vka s baran\u010dekom"},"content":{"rendered":"<p style=\"font-weight: 400;\">Kentucky Horsewear Soft nylonov\u00e1 ohl\u00e1vka s\u00a0baran\u010dekom je e\u0161te \u0161t\u00fdlovej\u0161ia a\u00a0poskytuje v\u00e1\u0161mu ko\u0148ovi e\u0161te v\u00e4\u010d\u0161ie pohodlie. S extra \u0161irokou pod\u0161\u00edvkou zo syntetick\u00e9ho baran\u010deka v\u00a0okol\u00ed nosa, za u\u0161ami\u00a0 po oboch stran\u00e1ch, preto je t\u00e1to ohl\u00e1vka dokonalou vo\u013enou pre citliv\u00e9 kone alebo po\u010das transportu.<\/p>\n<p style=\"font-weight: 400;\">Ohl\u00e1vka je vyroben\u00e1 z\u00a0nylonu kombinovan\u00e9ho so syntetick\u00fdm baran\u010dekom. Nach\u00e1dza sa na nej Kentucky logo v\u00a0zlatej farbe, na ktor\u00e9 mo\u017eno z\u00a0opa\u010dnej strany vygrav\u00edrova\u0165 meno ko\u0148a.\u00a0 Spony a\u00a0kovov\u00e9 \u010dasti s\u00fa v\u00a0zlatej farbe, preto dokonale lad\u00ed s\u00a0vod\u00edtkami \u00a0Kentucky.<\/p>\n<p style=\"font-weight: 400;\">Ohl\u00e1vka m\u00e1 anatomick\u00e9 tvarovanie, preto sa lep\u0161ie rozlo\u017e\u00ed tlak vyv\u00edjan\u00fd na hlavu ko\u0148a. Je nastavite\u013en\u00e1 po oboch stran\u00e1ch, v\u010faka karab\u00edne sa po\u013eahky zap\u00edna a\u00a0odop\u00edna.<\/p>\n<p style=\"font-weight: 400;\">Ohl\u00e1vku mo\u017eno pra\u0165 v\u00a0pr\u00e1\u010dke na 30\u00b0C (nevkladajte do su\u0161i\u010dky).<\/p>\n","protected":false},"excerpt":{"rendered":"<h3 style=\"font-weight: 400;\"><strong>Kentucky Soft nylonov\u00e1 ohl\u00e1vka je e\u0161te \u0161t\u00fdlovej\u0161ia a\u00a0pohodlnej\u0161ia, dod\u00e1 V\u00e1\u0161mu ko\u0148ovi elegantn\u00fd vzh\u013ead.\u00a0<\/strong><\/h3>\n<ul style=\"font-weight: 400;\">\n<li>Pevn\u00e1 nylonov\u00e1 ohl\u00e1vka s\u00a0veg\u00e1nskym baran\u010dekom (na 100% priate\u013esk\u00e1 k\u00a0zvierat\u00e1m)<\/li>\n<li>V\u010faka karab\u00edne sa po\u013eahky zap\u00edna a odop\u00edna<\/li>\n<li>Dokonal\u00e1 pri transporte ko\u0148a alebo pre citliv\u00e9 kone<\/li>\n<li>Anatomicky tvarovan\u00e1 okolo nosa a\u00a0za u\u0161ami<\/li>\n<\/ul>\n","protected":false},"featured_media":171599,"template":"","meta":{"_acf_changed":false},"product_cat":[75,114],"product_tag":[184,189,186],"acf":[],"yoast_head":"<!-- This site is optimized with the Yoast SEO plugin v21.4 - https:\/\/yoast.com\/wordpress\/plugins\/seo\/ -->\n<title>Kentucky Soft nylonov\u00e1 ohl\u00e1vka s baran\u010dekom - Spicehorse<\/title>\n<meta name=\"description\" content=\"spicehorse.eu | Kentucky Horsewear Soft nylonov\u00e1 ohl\u00e1vka s\u00a0baran\u010dekom je e\u0161te \u0161t\u00fdlovej\u0161ia a\u00a0poskytuje v\u00e1\u0161mu ko\u0148ovi e\u0161te v\u00e4\u010d\u0161ie pohodlie.\" \/>\n<meta name=\"robots\" content=\"index, follow, max-snippet:-1, max-image-preview:large, max-video-preview:-1\" \/>\n<link rel=\"canonical\" href=\"https:\/\/arak.spicehorse.eu\/termek\/kentucky-soft-baranyszoros-nylon-kotofek\/\" \/>\n<meta property=\"og:locale\" content=\"sk_SK\" \/>\n<meta property=\"og:type\" content=\"article\" \/>\n<meta property=\"og:title\" content=\"Kentucky Soft nylonov\u00e1 ohl\u00e1vka s baran\u010dekom - Spicehorse\" \/>\n<meta property=\"og:description\" content=\"spicehorse.eu | Kentucky Horsewear Soft nylonov\u00e1 ohl\u00e1vka s\u00a0baran\u010dekom je e\u0161te \u0161t\u00fdlovej\u0161ia a\u00a0poskytuje v\u00e1\u0161mu ko\u0148ovi e\u0161te v\u00e4\u010d\u0161ie pohodlie.\" \/>\n<meta property=\"og:url\" content=\"https:\/\/arak.spicehorse.eu\/termek\/kentucky-soft-baranyszoros-nylon-kotofek\/\" \/>\n<meta property=\"og:site_name\" content=\"Spicehorse\" \/>\n<meta property=\"article:publisher\" content=\"https:\/\/www.facebook.com\/SPICEHORSE-550385625402457\/\" \/>\n<meta property=\"article:modified_time\" content=\"2023-12-19T07:48:03+00:00\" \/>\n<meta property=\"og:image\" content=\"https:\/\/arak.spicehorse.eu\/wp-content\/uploads\/2023\/12\/c657687abb7c38a10c5d8f971261f4c4c1e6cda131501d13c20bed6f79c072b0.jpg\" \/>\n\t<meta property=\"og:image:width\" content=\"1365\" \/>\n\t<meta property=\"og:image:height\" content=\"2048\" \/>\n\t<meta property=\"og:image:type\" content=\"image\/jpeg\" \/>\n<meta name=\"twitter:card\" content=\"summary_large_image\" \/>\n<meta name=\"twitter:label1\" content=\"Predpokladan\u00fd \u010das \u010d\u00edtania\" \/>\n\t<meta name=\"twitter:data1\" content=\"1 min\u00fata\" \/>\n<script type=\"application\/ld+json\" class=\"yoast-schema-graph\">{\"@context\":\"https:\/\/schema.org\",\"@graph\":[{\"@type\":\"WebPage\",\"@id\":\"https:\/\/arak.spicehorse.eu\/termek\/kentucky-soft-baranyszoros-nylon-kotofek\/\",\"url\":\"https:\/\/arak.spicehorse.eu\/termek\/kentucky-soft-baranyszoros-nylon-kotofek\/\",\"name\":\"Kentucky Soft nylonov\u00e1 ohl\u00e1vka s baran\u010dekom - Spicehorse\",\"isPartOf\":{\"@id\":\"https:\/\/arak.spicehorse.eu\/en\/#website\"},\"datePublished\":\"2023-12-16T15:48:09+00:00\",\"dateModified\":\"2023-12-19T07:48:03+00:00\",\"description\":\"spicehorse.eu | Kentucky Horsewear Soft nylonov\u00e1 ohl\u00e1vka s\u00a0baran\u010dekom je e\u0161te \u0161t\u00fdlovej\u0161ia a\u00a0poskytuje v\u00e1\u0161mu ko\u0148ovi e\u0161te v\u00e4\u010d\u0161ie pohodlie.\",\"breadcrumb\":{\"@id\":\"https:\/\/arak.spicehorse.eu\/termek\/kentucky-soft-baranyszoros-nylon-kotofek\/#breadcrumb\"},\"inLanguage\":\"sk-SK\",\"potentialAction\":[{\"@type\":\"ReadAction\",\"target\":[\"https:\/\/arak.spicehorse.eu\/termek\/kentucky-soft-baranyszoros-nylon-kotofek\/\"]}]},{\"@type\":\"BreadcrumbList\",\"@id\":\"https:\/\/arak.spicehorse.eu\/termek\/kentucky-soft-baranyszoros-nylon-kotofek\/#breadcrumb\",\"itemListElement\":[{\"@type\":\"ListItem\",\"position\":1,\"name\":\"Home\",\"item\":\"https:\/\/arak.spicehorse.eu\/sk\/\"},{\"@type\":\"ListItem\",\"position\":2,\"name\":\"Predaj\u0148a\",\"item\":\"https:\/\/arak.spicehorse.eu\/sk\/predajna\/\"},{\"@type\":\"ListItem\",\"position\":3,\"name\":\"Kentucky Soft nylonov\u00e1 ohl\u00e1vka s baran\u010dekom\"}]},{\"@type\":\"WebSite\",\"@id\":\"https:\/\/arak.spicehorse.eu\/en\/#website\",\"url\":\"https:\/\/arak.spicehorse.eu\/en\/\",\"name\":\"Spicehorse\",\"description\":\"UNDER DEVELOPMENT -\",\"potentialAction\":[{\"@type\":\"SearchAction\",\"target\":{\"@type\":\"EntryPoint\",\"urlTemplate\":\"https:\/\/arak.spicehorse.eu\/en\/?s={search_term_string}\"},\"query-input\":\"required name=search_term_string\"}],\"inLanguage\":\"sk-SK\"}]}<\/script>\n<!-- \/ Yoast SEO plugin. -->","yoast_head_json":{"title":"Kentucky Soft nylonov\u00e1 ohl\u00e1vka s baran\u010dekom - Spicehorse","description":"spicehorse.eu | Kentucky Horsewear Soft nylonov\u00e1 ohl\u00e1vka s\u00a0baran\u010dekom je e\u0161te \u0161t\u00fdlovej\u0161ia a\u00a0poskytuje v\u00e1\u0161mu ko\u0148ovi e\u0161te v\u00e4\u010d\u0161ie pohodlie.","robots":{"index":"index","follow":"follow","max-snippet":"max-snippet:-1","max-image-preview":"max-image-preview:large","max-video-preview":"max-video-preview:-1"},"canonical":"https:\/\/arak.spicehorse.eu\/termek\/kentucky-soft-baranyszoros-nylon-kotofek\/","og_locale":"sk_SK","og_type":"article","og_title":"Kentucky Soft nylonov\u00e1 ohl\u00e1vka s baran\u010dekom - Spicehorse","og_description":"spicehorse.eu | Kentucky Horsewear Soft nylonov\u00e1 ohl\u00e1vka s\u00a0baran\u010dekom je e\u0161te \u0161t\u00fdlovej\u0161ia a\u00a0poskytuje v\u00e1\u0161mu ko\u0148ovi e\u0161te v\u00e4\u010d\u0161ie pohodlie.","og_url":"https:\/\/arak.spicehorse.eu\/termek\/kentucky-soft-baranyszoros-nylon-kotofek\/","og_site_name":"Spicehorse","article_publisher":"https:\/\/www.facebook.com\/SPICEHORSE-550385625402457\/","article_modified_time":"2023-12-19T07:48:03+00:00","og_image":[{"width":1365,"height":2048,"url":"https:\/\/arak.spicehorse.eu\/wp-content\/uploads\/2023\/12\/c657687abb7c38a10c5d8f971261f4c4c1e6cda131501d13c20bed6f79c072b0.jpg","type":"image\/jpeg"}],"twitter_card":"summary_large_image","twitter_misc":{"Predpokladan\u00fd \u010das \u010d\u00edtania":"1 min\u00fata"},"schema":{"@context":"https:\/\/schema.org","@graph":[{"@type":"WebPage","@id":"https:\/\/arak.spicehorse.eu\/termek\/kentucky-soft-baranyszoros-nylon-kotofek\/","url":"https:\/\/arak.spicehorse.eu\/termek\/kentucky-soft-baranyszoros-nylon-kotofek\/","name":"Kentucky Soft nylonov\u00e1 ohl\u00e1vka s baran\u010dekom - Spicehorse","isPartOf":{"@id":"https:\/\/arak.spicehorse.eu\/en\/#website"},"datePublished":"2023-12-16T15:48:09+00:00","dateModified":"2023-12-19T07:48:03+00:00","description":"spicehorse.eu | Kentucky Horsewear Soft nylonov\u00e1 ohl\u00e1vka s\u00a0baran\u010dekom je e\u0161te \u0161t\u00fdlovej\u0161ia a\u00a0poskytuje v\u00e1\u0161mu ko\u0148ovi e\u0161te v\u00e4\u010d\u0161ie pohodlie.","breadcrumb":{"@id":"https:\/\/arak.spicehorse.eu\/termek\/kentucky-soft-baranyszoros-nylon-kotofek\/#breadcrumb"},"inLanguage":"sk-SK","potentialAction":[{"@type":"ReadAction","target":["https:\/\/arak.spicehorse.eu\/termek\/kentucky-soft-baranyszoros-nylon-kotofek\/"]}]},{"@type":"BreadcrumbList","@id":"https:\/\/arak.spicehorse.eu\/termek\/kentucky-soft-baranyszoros-nylon-kotofek\/#breadcrumb","itemListElement":[{"@type":"ListItem","position":1,"name":"Home","item":"https:\/\/arak.spicehorse.eu\/sk\/"},{"@type":"ListItem","position":2,"name":"Predaj\u0148a","item":"https:\/\/arak.spicehorse.eu\/sk\/predajna\/"},{"@type":"ListItem","position":3,"name":"Kentucky Soft nylonov\u00e1 ohl\u00e1vka s baran\u010dekom"}]},{"@type":"WebSite","@id":"https:\/\/arak.spicehorse.eu\/en\/#website","url":"https:\/\/arak.spicehorse.eu\/en\/","name":"Spicehorse","description":"UNDER DEVELOPMENT -","potentialAction":[{"@type":"SearchAction","target":{"@type":"EntryPoint","urlTemplate":"https:\/\/arak.spicehorse.eu\/en\/?s={search_term_string}"},"query-input":"required name=search_term_string"}],"inLanguage":"sk-SK"}]}},"_links":{"self":[{"href":"https:\/\/arak.spicehorse.eu\/sk\/wp-json\/wp\/v2\/product\/171593"}],"collection":[{"href":"https:\/\/arak.spicehorse.eu\/sk\/wp-json\/wp\/v2\/product"}],"about":[{"href":"https:\/\/arak.spicehorse.eu\/sk\/wp-json\/wp\/v2\/types\/product"}],"wp:featuredmedia":[{"embeddable":true,"href":"https:\/\/arak.spicehorse.eu\/sk\/wp-json\/wp\/v2\/media\/171599"}],"wp:attachment":[{"href":"https:\/\/arak.spicehorse.eu\/sk\/wp-json\/wp\/v2\/media?parent=171593"}],"wp:term":[{"taxonomy":"product_cat","embeddable":true,"href":"https:\/\/arak.spicehorse.eu\/sk\/wp-json\/wp\/v2\/product_cat?post=171593"},{"taxonomy":"product_tag","embeddable":true,"href":"https:\/\/arak.spicehorse.eu\/sk\/wp-json\/wp\/v2\/product_tag?post=171593"}],"curies":[{"name":"wp","href":"https:\/\/api.w.org\/{rel}","templated":true}]}}