{"id":172101,"date":"2023-12-20T19:04:36","date_gmt":"2023-12-20T18:04:47","guid":{"rendered":"https:\/\/arak.spicehorse.eu\/?post_type=product&#038;p=172101"},"modified":"2023-12-20T19:22:42","modified_gmt":"2023-12-20T18:22:42","slug":"kentucky-wellington-wave-chranic-usi","status":"publish","type":"product","link":"https:\/\/arak.spicehorse.eu\/sk\/produkt\/kentucky-wellington-wave-chranic-usi\/","title":{"rendered":"Kentucky Wellington Wave chr\u00e1ni\u010d u\u0161\u00ed"},"content":{"rendered":"<p>Mimoriadne ob\u013e\u00faben\u00e9 chr\u00e1ni\u010de u\u0161\u00ed Kentucky Horsewear Wellington na americk\u00fd \u0161t\u00fdl.<\/p>\n<p>Chr\u00e1ni\u010de na u\u0161i chr\u00e1nia u\u0161i ko\u0148a pri jazden\u00ed. S\u00fa modern\u00e9, jedine\u010dn\u00e9, zvl\u00e1\u0161tne, ru\u010dne pleten\u00e9, trv\u00e1cne. U\u0161n\u00e1 ras\u0165 je vyroben\u00e1 z\u00a0pru\u017en\u00e9ho materi\u00e1lu, slim fit.<\/p>\n<p>V\u010faka pred\u013a\u017eenej kr\u010dnej \u010dasti sa chr\u00e1ni\u010de u\u0161\u00ed nezo\u0161mykuj\u00fa. Bez loga, mo\u017eno na ne \u013eahko umiestni\u0165 vlastn\u00e9 alebo sponzorsk\u00e9 logo.<\/p>\n<p>\u013dahko sa \u010distia,\u00a0mo\u017eno ich pra\u0165 v\u00a0pr\u00e1\u010dke na 30\u00b0 (nevkladajte do su\u0161i\u010dky).<\/p>\n","protected":false},"excerpt":{"rendered":"<h3><strong>V\u010faka pred\u013a\u017eenej kr\u010dnej \u010dasti sa chr\u00e1ni\u010d u\u0161\u00ed nezo\u0161mykuje.<\/strong><\/h3>\n<ul>\n<li>Ochrana pred hmyzom<\/li>\n<li>Americk\u00fd \u0161t\u00fdl<\/li>\n<li>Ru\u010dne vyr\u00e1ban\u00fd v\u00fdrobok vysokej kvality<\/li>\n<li>S\u00a0pred\u013a\u017eenou kr\u010dnou \u010das\u0165ou, aby sa chr\u00e1ni\u010d nezo\u0161mykoval<\/li>\n<li>Bez loga<\/li>\n<li>\u013dahko na ne mo\u017eno vy\u0161i\u0165 vlastn\u00e9 logo<\/li>\n<li>Mo\u017eno pra\u0165 v\u00a0pr\u00e1\u010dke na 30\u00b0 (nevkladajte do su\u0161i\u010dky)<\/li>\n<\/ul>\n","protected":false},"featured_media":172113,"template":"","meta":{"_acf_changed":false},"product_cat":[75,108],"product_tag":[265,184],"acf":[],"yoast_head":"<!-- This site is optimized with the Yoast SEO plugin v21.4 - https:\/\/yoast.com\/wordpress\/plugins\/seo\/ -->\n<title>Kentucky Wellington Wave chr\u00e1ni\u010d u\u0161\u00ed - Spicehorse<\/title>\n<meta name=\"description\" content=\"spicehorse.eu | V\u010faka pred\u013a\u017eenej kr\u010dnej \u010dasti sa chr\u00e1ni\u010d u\u0161\u00ed nezo\u0161mykuje.\" \/>\n<meta name=\"robots\" content=\"index, follow, max-snippet:-1, max-image-preview:large, max-video-preview:-1\" \/>\n<link rel=\"canonical\" href=\"https:\/\/arak.spicehorse.eu\/termek\/kentucky-wellington-wave-fulvedo\/\" \/>\n<meta property=\"og:locale\" content=\"sk_SK\" \/>\n<meta property=\"og:type\" content=\"article\" \/>\n<meta property=\"og:title\" content=\"Kentucky Wellington Wave chr\u00e1ni\u010d u\u0161\u00ed - Spicehorse\" \/>\n<meta property=\"og:description\" content=\"spicehorse.eu | V\u010faka pred\u013a\u017eenej kr\u010dnej \u010dasti sa chr\u00e1ni\u010d u\u0161\u00ed nezo\u0161mykuje.\" \/>\n<meta property=\"og:url\" content=\"https:\/\/arak.spicehorse.eu\/termek\/kentucky-wellington-wave-fulvedo\/\" \/>\n<meta property=\"og:site_name\" content=\"Spicehorse\" \/>\n<meta property=\"article:publisher\" content=\"https:\/\/www.facebook.com\/SPICEHORSE-550385625402457\/\" \/>\n<meta property=\"article:modified_time\" content=\"2023-12-20T18:22:42+00:00\" \/>\n<meta property=\"og:image\" content=\"https:\/\/arak.spicehorse.eu\/wp-content\/uploads\/2023\/12\/2e611f21df0c26b0c6be3084e0d5748748d0065e9294d393edb1e3473aa2e7a1.jpg\" \/>\n\t<meta property=\"og:image:width\" content=\"1365\" \/>\n\t<meta property=\"og:image:height\" content=\"2048\" \/>\n\t<meta property=\"og:image:type\" content=\"image\/jpeg\" \/>\n<meta name=\"twitter:card\" content=\"summary_large_image\" \/>\n<script type=\"application\/ld+json\" class=\"yoast-schema-graph\">{\"@context\":\"https:\/\/schema.org\",\"@graph\":[{\"@type\":\"WebPage\",\"@id\":\"https:\/\/arak.spicehorse.eu\/termek\/kentucky-wellington-wave-fulvedo\/\",\"url\":\"https:\/\/arak.spicehorse.eu\/termek\/kentucky-wellington-wave-fulvedo\/\",\"name\":\"Kentucky Wellington Wave chr\u00e1ni\u010d u\u0161\u00ed - Spicehorse\",\"isPartOf\":{\"@id\":\"https:\/\/arak.spicehorse.eu\/en\/#website\"},\"datePublished\":\"2023-12-20T18:04:47+00:00\",\"dateModified\":\"2023-12-20T18:22:42+00:00\",\"description\":\"spicehorse.eu | V\u010faka pred\u013a\u017eenej kr\u010dnej \u010dasti sa chr\u00e1ni\u010d u\u0161\u00ed nezo\u0161mykuje.\",\"breadcrumb\":{\"@id\":\"https:\/\/arak.spicehorse.eu\/termek\/kentucky-wellington-wave-fulvedo\/#breadcrumb\"},\"inLanguage\":\"sk-SK\",\"potentialAction\":[{\"@type\":\"ReadAction\",\"target\":[\"https:\/\/arak.spicehorse.eu\/termek\/kentucky-wellington-wave-fulvedo\/\"]}]},{\"@type\":\"BreadcrumbList\",\"@id\":\"https:\/\/arak.spicehorse.eu\/termek\/kentucky-wellington-wave-fulvedo\/#breadcrumb\",\"itemListElement\":[{\"@type\":\"ListItem\",\"position\":1,\"name\":\"Home\",\"item\":\"https:\/\/arak.spicehorse.eu\/sk\/\"},{\"@type\":\"ListItem\",\"position\":2,\"name\":\"Predaj\u0148a\",\"item\":\"https:\/\/arak.spicehorse.eu\/sk\/predajna\/\"},{\"@type\":\"ListItem\",\"position\":3,\"name\":\"Kentucky Wellington Wave chr\u00e1ni\u010d u\u0161\u00ed\"}]},{\"@type\":\"WebSite\",\"@id\":\"https:\/\/arak.spicehorse.eu\/en\/#website\",\"url\":\"https:\/\/arak.spicehorse.eu\/en\/\",\"name\":\"Spicehorse\",\"description\":\"UNDER DEVELOPMENT -\",\"potentialAction\":[{\"@type\":\"SearchAction\",\"target\":{\"@type\":\"EntryPoint\",\"urlTemplate\":\"https:\/\/arak.spicehorse.eu\/en\/?s={search_term_string}\"},\"query-input\":\"required name=search_term_string\"}],\"inLanguage\":\"sk-SK\"}]}<\/script>\n<!-- \/ Yoast SEO plugin. -->","yoast_head_json":{"title":"Kentucky Wellington Wave chr\u00e1ni\u010d u\u0161\u00ed - Spicehorse","description":"spicehorse.eu | V\u010faka pred\u013a\u017eenej kr\u010dnej \u010dasti sa chr\u00e1ni\u010d u\u0161\u00ed nezo\u0161mykuje.","robots":{"index":"index","follow":"follow","max-snippet":"max-snippet:-1","max-image-preview":"max-image-preview:large","max-video-preview":"max-video-preview:-1"},"canonical":"https:\/\/arak.spicehorse.eu\/termek\/kentucky-wellington-wave-fulvedo\/","og_locale":"sk_SK","og_type":"article","og_title":"Kentucky Wellington Wave chr\u00e1ni\u010d u\u0161\u00ed - Spicehorse","og_description":"spicehorse.eu | V\u010faka pred\u013a\u017eenej kr\u010dnej \u010dasti sa chr\u00e1ni\u010d u\u0161\u00ed nezo\u0161mykuje.","og_url":"https:\/\/arak.spicehorse.eu\/termek\/kentucky-wellington-wave-fulvedo\/","og_site_name":"Spicehorse","article_publisher":"https:\/\/www.facebook.com\/SPICEHORSE-550385625402457\/","article_modified_time":"2023-12-20T18:22:42+00:00","og_image":[{"width":1365,"height":2048,"url":"https:\/\/arak.spicehorse.eu\/wp-content\/uploads\/2023\/12\/2e611f21df0c26b0c6be3084e0d5748748d0065e9294d393edb1e3473aa2e7a1.jpg","type":"image\/jpeg"}],"twitter_card":"summary_large_image","schema":{"@context":"https:\/\/schema.org","@graph":[{"@type":"WebPage","@id":"https:\/\/arak.spicehorse.eu\/termek\/kentucky-wellington-wave-fulvedo\/","url":"https:\/\/arak.spicehorse.eu\/termek\/kentucky-wellington-wave-fulvedo\/","name":"Kentucky Wellington Wave chr\u00e1ni\u010d u\u0161\u00ed - Spicehorse","isPartOf":{"@id":"https:\/\/arak.spicehorse.eu\/en\/#website"},"datePublished":"2023-12-20T18:04:47+00:00","dateModified":"2023-12-20T18:22:42+00:00","description":"spicehorse.eu | V\u010faka pred\u013a\u017eenej kr\u010dnej \u010dasti sa chr\u00e1ni\u010d u\u0161\u00ed nezo\u0161mykuje.","breadcrumb":{"@id":"https:\/\/arak.spicehorse.eu\/termek\/kentucky-wellington-wave-fulvedo\/#breadcrumb"},"inLanguage":"sk-SK","potentialAction":[{"@type":"ReadAction","target":["https:\/\/arak.spicehorse.eu\/termek\/kentucky-wellington-wave-fulvedo\/"]}]},{"@type":"BreadcrumbList","@id":"https:\/\/arak.spicehorse.eu\/termek\/kentucky-wellington-wave-fulvedo\/#breadcrumb","itemListElement":[{"@type":"ListItem","position":1,"name":"Home","item":"https:\/\/arak.spicehorse.eu\/sk\/"},{"@type":"ListItem","position":2,"name":"Predaj\u0148a","item":"https:\/\/arak.spicehorse.eu\/sk\/predajna\/"},{"@type":"ListItem","position":3,"name":"Kentucky Wellington Wave chr\u00e1ni\u010d u\u0161\u00ed"}]},{"@type":"WebSite","@id":"https:\/\/arak.spicehorse.eu\/en\/#website","url":"https:\/\/arak.spicehorse.eu\/en\/","name":"Spicehorse","description":"UNDER DEVELOPMENT -","potentialAction":[{"@type":"SearchAction","target":{"@type":"EntryPoint","urlTemplate":"https:\/\/arak.spicehorse.eu\/en\/?s={search_term_string}"},"query-input":"required name=search_term_string"}],"inLanguage":"sk-SK"}]}},"_links":{"self":[{"href":"https:\/\/arak.spicehorse.eu\/sk\/wp-json\/wp\/v2\/product\/172101"}],"collection":[{"href":"https:\/\/arak.spicehorse.eu\/sk\/wp-json\/wp\/v2\/product"}],"about":[{"href":"https:\/\/arak.spicehorse.eu\/sk\/wp-json\/wp\/v2\/types\/product"}],"wp:featuredmedia":[{"embeddable":true,"href":"https:\/\/arak.spicehorse.eu\/sk\/wp-json\/wp\/v2\/media\/172113"}],"wp:attachment":[{"href":"https:\/\/arak.spicehorse.eu\/sk\/wp-json\/wp\/v2\/media?parent=172101"}],"wp:term":[{"taxonomy":"product_cat","embeddable":true,"href":"https:\/\/arak.spicehorse.eu\/sk\/wp-json\/wp\/v2\/product_cat?post=172101"},{"taxonomy":"product_tag","embeddable":true,"href":"https:\/\/arak.spicehorse.eu\/sk\/wp-json\/wp\/v2\/product_tag?post=172101"}],"curies":[{"name":"wp","href":"https:\/\/api.w.org\/{rel}","templated":true}]}}