{"id":172490,"date":"2023-12-21T17:42:51","date_gmt":"2023-12-21T16:42:51","guid":{"rendered":"https:\/\/arak.spicehorse.eu\/?post_type=product&#038;p=172490"},"modified":"2024-01-08T18:27:13","modified_gmt":"2024-01-08T17:27:13","slug":"kentucky-relax-hracka-pre-kone-sammy","status":"publish","type":"product","link":"https:\/\/arak.spicehorse.eu\/sk\/produkt\/kentucky-relax-hracka-pre-kone-sammy\/","title":{"rendered":"Kentucky Relax hra\u010dka pre kone Sammy"},"content":{"rendered":"<p style=\"font-weight: 400;\">Ak sa v\u00e1\u0161 k\u00f4\u0148 nud\u00ed v\u00a0stajni, t\u00e1to Kentucky Horsewear Relax hra\u010dka pre kone bude pre v\u00e1s ide\u00e1lnou vo\u013ebou. Hra\u010dka nielen dobre vyzer\u00e1, ale kone sa s\u00a0\u0148ou ve\u013emi radi hraj\u00fa. Stla\u010den\u00edm brucha hra\u010dky vyd\u00e1va hrkotav\u00fd zvuk, \u010do vzbudzuje z\u00e1ujem ko\u0148a.<\/p>\n<p style=\"font-weight: 400;\">Je nielen z\u00e1bavnou hra\u010dkou pre kone, ale ke\u010f\u017ee je ve\u013emi pekn\u00e1, radi sa s\u00a0\u0148ou hraj\u00fa aj deti.<\/p>\n<p style=\"font-weight: 400;\">V\u010faka povrazu na krku ju mo\u017eno po\u013eahky kamko\u013evek zavesi\u0165. Hra\u010dka je vyplnen\u00e1 jutou, v\u010faka \u010domu si zachov\u00e1va svoj tvar.<\/p>\n<p style=\"font-weight: 400;\">Relax hra\u010dku pre kone mo\u017eno pra\u0165 ru\u010dne.<\/p>\n","protected":false},"excerpt":{"rendered":"<h3 style=\"font-weight: 400;\"><strong>Objavte Kentucky Relax hra\u010dku pre kone, ktor\u00e1 je vyroben\u00e1 na z\u00e1klade \u017eiv\u00e9ho modelu ko\u0148a Kentucky!<\/strong><\/h3>\n<ul style=\"font-weight: 400;\">\n<li>Koniec nudeniu sa v stajni<\/li>\n<li>Vzbudzuje z\u00e1ujem ko\u0148a<\/li>\n<li>Z\u00e1bavn\u00e1 vo\u013en\u00e9 hriva, chvost a nohy<\/li>\n<li>Povraz pre jednoduch\u00e9 zavesenie<\/li>\n<li>Ve\u013ekos\u0165: 40 cm<\/li>\n<\/ul>\n","protected":false},"featured_media":172493,"template":"","meta":{"_acf_changed":false},"product_cat":[75,100,120],"product_tag":[227,184],"acf":[],"yoast_head":"<!-- This site is optimized with the Yoast SEO plugin v21.4 - https:\/\/yoast.com\/wordpress\/plugins\/seo\/ -->\n<title>Kentucky Relax hra\u010dka pre kone Sammy - Spicehorse<\/title>\n<meta name=\"description\" content=\"spicehorse.eu | Ak sa v\u00e1\u0161 k\u00f4\u0148 nud\u00ed v\u00a0stajni, t\u00e1to Kentucky Horsewear Relax hra\u010dka pre kone bude pre v\u00e1s ide\u00e1lnou vo\u013ebou.\" \/>\n<meta name=\"robots\" content=\"index, follow, max-snippet:-1, max-image-preview:large, max-video-preview:-1\" \/>\n<link rel=\"canonical\" href=\"https:\/\/arak.spicehorse.eu\/termek\/kentucky-relax-jatek-lovaknak-sammy\/\" \/>\n<meta property=\"og:locale\" content=\"sk_SK\" \/>\n<meta property=\"og:type\" content=\"article\" \/>\n<meta property=\"og:title\" content=\"Kentucky Relax hra\u010dka pre kone Sammy - Spicehorse\" \/>\n<meta property=\"og:description\" content=\"spicehorse.eu | Ak sa v\u00e1\u0161 k\u00f4\u0148 nud\u00ed v\u00a0stajni, t\u00e1to Kentucky Horsewear Relax hra\u010dka pre kone bude pre v\u00e1s ide\u00e1lnou vo\u013ebou.\" \/>\n<meta property=\"og:url\" content=\"https:\/\/arak.spicehorse.eu\/termek\/kentucky-relax-jatek-lovaknak-sammy\/\" \/>\n<meta property=\"og:site_name\" content=\"Spicehorse\" \/>\n<meta property=\"article:publisher\" content=\"https:\/\/www.facebook.com\/SPICEHORSE-550385625402457\/\" \/>\n<meta property=\"article:modified_time\" content=\"2024-01-08T17:27:13+00:00\" \/>\n<meta property=\"og:image\" content=\"https:\/\/arak.spicehorse.eu\/wp-content\/uploads\/2023\/12\/82152-32-sammy-scaled.jpg\" \/>\n\t<meta property=\"og:image:width\" content=\"2560\" \/>\n\t<meta property=\"og:image:height\" content=\"2560\" \/>\n\t<meta property=\"og:image:type\" content=\"image\/jpeg\" \/>\n<meta name=\"twitter:card\" content=\"summary_large_image\" \/>\n<meta name=\"twitter:label1\" content=\"Predpokladan\u00fd \u010das \u010d\u00edtania\" \/>\n\t<meta name=\"twitter:data1\" content=\"1 min\u00fata\" \/>\n<script type=\"application\/ld+json\" class=\"yoast-schema-graph\">{\"@context\":\"https:\/\/schema.org\",\"@graph\":[{\"@type\":\"WebPage\",\"@id\":\"https:\/\/arak.spicehorse.eu\/termek\/kentucky-relax-jatek-lovaknak-sammy\/\",\"url\":\"https:\/\/arak.spicehorse.eu\/termek\/kentucky-relax-jatek-lovaknak-sammy\/\",\"name\":\"Kentucky Relax hra\u010dka pre kone Sammy - Spicehorse\",\"isPartOf\":{\"@id\":\"https:\/\/arak.spicehorse.eu\/en\/#website\"},\"datePublished\":\"2023-12-21T16:42:51+00:00\",\"dateModified\":\"2024-01-08T17:27:13+00:00\",\"description\":\"spicehorse.eu | Ak sa v\u00e1\u0161 k\u00f4\u0148 nud\u00ed v\u00a0stajni, t\u00e1to Kentucky Horsewear Relax hra\u010dka pre kone bude pre v\u00e1s ide\u00e1lnou vo\u013ebou.\",\"breadcrumb\":{\"@id\":\"https:\/\/arak.spicehorse.eu\/termek\/kentucky-relax-jatek-lovaknak-sammy\/#breadcrumb\"},\"inLanguage\":\"sk-SK\",\"potentialAction\":[{\"@type\":\"ReadAction\",\"target\":[\"https:\/\/arak.spicehorse.eu\/termek\/kentucky-relax-jatek-lovaknak-sammy\/\"]}]},{\"@type\":\"BreadcrumbList\",\"@id\":\"https:\/\/arak.spicehorse.eu\/termek\/kentucky-relax-jatek-lovaknak-sammy\/#breadcrumb\",\"itemListElement\":[{\"@type\":\"ListItem\",\"position\":1,\"name\":\"Home\",\"item\":\"https:\/\/arak.spicehorse.eu\/sk\/\"},{\"@type\":\"ListItem\",\"position\":2,\"name\":\"Predaj\u0148a\",\"item\":\"https:\/\/arak.spicehorse.eu\/sk\/predajna\/\"},{\"@type\":\"ListItem\",\"position\":3,\"name\":\"Kentucky Relax hra\u010dka pre kone Sammy\"}]},{\"@type\":\"WebSite\",\"@id\":\"https:\/\/arak.spicehorse.eu\/en\/#website\",\"url\":\"https:\/\/arak.spicehorse.eu\/en\/\",\"name\":\"Spicehorse\",\"description\":\"UNDER DEVELOPMENT -\",\"potentialAction\":[{\"@type\":\"SearchAction\",\"target\":{\"@type\":\"EntryPoint\",\"urlTemplate\":\"https:\/\/arak.spicehorse.eu\/en\/?s={search_term_string}\"},\"query-input\":\"required name=search_term_string\"}],\"inLanguage\":\"sk-SK\"}]}<\/script>\n<!-- \/ Yoast SEO plugin. -->","yoast_head_json":{"title":"Kentucky Relax hra\u010dka pre kone Sammy - Spicehorse","description":"spicehorse.eu | Ak sa v\u00e1\u0161 k\u00f4\u0148 nud\u00ed v\u00a0stajni, t\u00e1to Kentucky Horsewear Relax hra\u010dka pre kone bude pre v\u00e1s ide\u00e1lnou vo\u013ebou.","robots":{"index":"index","follow":"follow","max-snippet":"max-snippet:-1","max-image-preview":"max-image-preview:large","max-video-preview":"max-video-preview:-1"},"canonical":"https:\/\/arak.spicehorse.eu\/termek\/kentucky-relax-jatek-lovaknak-sammy\/","og_locale":"sk_SK","og_type":"article","og_title":"Kentucky Relax hra\u010dka pre kone Sammy - Spicehorse","og_description":"spicehorse.eu | Ak sa v\u00e1\u0161 k\u00f4\u0148 nud\u00ed v\u00a0stajni, t\u00e1to Kentucky Horsewear Relax hra\u010dka pre kone bude pre v\u00e1s ide\u00e1lnou vo\u013ebou.","og_url":"https:\/\/arak.spicehorse.eu\/termek\/kentucky-relax-jatek-lovaknak-sammy\/","og_site_name":"Spicehorse","article_publisher":"https:\/\/www.facebook.com\/SPICEHORSE-550385625402457\/","article_modified_time":"2024-01-08T17:27:13+00:00","og_image":[{"width":2560,"height":2560,"url":"https:\/\/arak.spicehorse.eu\/wp-content\/uploads\/2023\/12\/82152-32-sammy-scaled.jpg","type":"image\/jpeg"}],"twitter_card":"summary_large_image","twitter_misc":{"Predpokladan\u00fd \u010das \u010d\u00edtania":"1 min\u00fata"},"schema":{"@context":"https:\/\/schema.org","@graph":[{"@type":"WebPage","@id":"https:\/\/arak.spicehorse.eu\/termek\/kentucky-relax-jatek-lovaknak-sammy\/","url":"https:\/\/arak.spicehorse.eu\/termek\/kentucky-relax-jatek-lovaknak-sammy\/","name":"Kentucky Relax hra\u010dka pre kone Sammy - Spicehorse","isPartOf":{"@id":"https:\/\/arak.spicehorse.eu\/en\/#website"},"datePublished":"2023-12-21T16:42:51+00:00","dateModified":"2024-01-08T17:27:13+00:00","description":"spicehorse.eu | Ak sa v\u00e1\u0161 k\u00f4\u0148 nud\u00ed v\u00a0stajni, t\u00e1to Kentucky Horsewear Relax hra\u010dka pre kone bude pre v\u00e1s ide\u00e1lnou vo\u013ebou.","breadcrumb":{"@id":"https:\/\/arak.spicehorse.eu\/termek\/kentucky-relax-jatek-lovaknak-sammy\/#breadcrumb"},"inLanguage":"sk-SK","potentialAction":[{"@type":"ReadAction","target":["https:\/\/arak.spicehorse.eu\/termek\/kentucky-relax-jatek-lovaknak-sammy\/"]}]},{"@type":"BreadcrumbList","@id":"https:\/\/arak.spicehorse.eu\/termek\/kentucky-relax-jatek-lovaknak-sammy\/#breadcrumb","itemListElement":[{"@type":"ListItem","position":1,"name":"Home","item":"https:\/\/arak.spicehorse.eu\/sk\/"},{"@type":"ListItem","position":2,"name":"Predaj\u0148a","item":"https:\/\/arak.spicehorse.eu\/sk\/predajna\/"},{"@type":"ListItem","position":3,"name":"Kentucky Relax hra\u010dka pre kone Sammy"}]},{"@type":"WebSite","@id":"https:\/\/arak.spicehorse.eu\/en\/#website","url":"https:\/\/arak.spicehorse.eu\/en\/","name":"Spicehorse","description":"UNDER DEVELOPMENT -","potentialAction":[{"@type":"SearchAction","target":{"@type":"EntryPoint","urlTemplate":"https:\/\/arak.spicehorse.eu\/en\/?s={search_term_string}"},"query-input":"required name=search_term_string"}],"inLanguage":"sk-SK"}]}},"_links":{"self":[{"href":"https:\/\/arak.spicehorse.eu\/sk\/wp-json\/wp\/v2\/product\/172490"}],"collection":[{"href":"https:\/\/arak.spicehorse.eu\/sk\/wp-json\/wp\/v2\/product"}],"about":[{"href":"https:\/\/arak.spicehorse.eu\/sk\/wp-json\/wp\/v2\/types\/product"}],"wp:featuredmedia":[{"embeddable":true,"href":"https:\/\/arak.spicehorse.eu\/sk\/wp-json\/wp\/v2\/media\/172493"}],"wp:attachment":[{"href":"https:\/\/arak.spicehorse.eu\/sk\/wp-json\/wp\/v2\/media?parent=172490"}],"wp:term":[{"taxonomy":"product_cat","embeddable":true,"href":"https:\/\/arak.spicehorse.eu\/sk\/wp-json\/wp\/v2\/product_cat?post=172490"},{"taxonomy":"product_tag","embeddable":true,"href":"https:\/\/arak.spicehorse.eu\/sk\/wp-json\/wp\/v2\/product_tag?post=172490"}],"curies":[{"name":"wp","href":"https:\/\/api.w.org\/{rel}","templated":true}]}}