{"id":173328,"date":"2023-12-29T17:32:17","date_gmt":"2023-12-29T16:32:26","guid":{"rendered":"https:\/\/arak.spicehorse.eu\/?post_type=product&#038;p=173328"},"modified":"2024-01-08T18:34:24","modified_gmt":"2024-01-08T17:34:24","slug":"trust-uzdecka-calgary","status":"publish","type":"product","link":"https:\/\/arak.spicehorse.eu\/sk\/produkt\/trust-uzdecka-calgary\/","title":{"rendered":"TRUST uzde\u010dka Calgary"},"content":{"rendered":"<div>\n<p><span lang=\"SK\">Kr\u00e1sna a funk\u010dn\u00e1 TRUST Calgary uzde\u010dka. Kombinovan\u00e1 anglick\u00e1 uzde\u010dka s\u00a0nosnou brzdou, chr\u00e1ni\u010dom na spony a\u00a0rovnou \u010delenkou. S\u00a0nev\u0161ednou dekorat\u00edvnou v\u00fd\u0161ivkou na n\u00e1nosn\u00edku a\u00a0\u010delenke. 3 milimetre \u0161irok\u00fd n\u00e1nosn\u00edk a\u00a0jemne polstrovan\u00e1 \u010delenka. N\u00e1tyln\u00edk je anatomicky tvarovan\u00fd, v\u010faka \u010domu je zabezpe\u010den\u00e1 vo\u013enos\u0165 pohybu u\u0161\u00ed ko\u0148a. Je m\u00e4kko polstrovan\u00e1 a\u00a0nie je pr\u00edli\u0161 hrub\u00e1, preto zost\u00e1va kontakt s\u00a0ko\u0148om bezprostredn\u00fd.<\/span><\/p>\n<\/div>\n<div>\n<p><span lang=\"SK\">Uzde\u010dky TRUST s\u00fa vyroben\u00e9 z\u00a0eur\u00f3pskej ko\u017ee najvy\u0161\u0161ej kvality, je hladk\u00e1 a\u00a0elastick\u00e1, \u010dasom sa bude e\u0161te zlep\u0161ova\u0165. V\u010faka vynikaj\u00facej kvalite je extra odoln\u00e1. Pri vyv\u00edjan\u00ed uzde\u010dky sa maxim\u00e1lne brala do \u00favahy modern\u00e1 anat\u00f3mia ko\u0148a. V\u010faka svojim vlastnostiam\u00a0 TRUST uzde\u010dka dokonale dosad\u00e1 na ka\u017ed\u00e9ho ko\u0148a.<\/span><\/p>\n<\/div>\n","protected":false},"excerpt":{"rendered":"<ul style=\"font-weight: 400;\">\n<li>TRUST uzde\u010dka so sofistikovan\u00fdm TRUST logom na n\u00e1tyln\u00edku a \u010delenke.<\/li>\n<li>Zabalen\u00e1 do jedine\u010dn\u00e9ho TRUST uter\u00e1ku<\/li>\n<li>Je dostupn\u00e1 v\u00a0\u010diernej a\u00a0hnedej farbe so strieborn\u00fdmi sponami a\u00a0hnedej so zlat\u00fdmi sponami.<\/li>\n<li>V\u0161etky spony s\u00fa vyroben\u00e9 z\u00a0poniklovanej \u017eltej medi, preto nehrdzavej\u00fa.<\/li>\n<\/ul>\n","protected":false},"featured_media":173337,"template":"","meta":{"_acf_changed":false},"product_cat":[75,511],"product_tag":[692,529],"acf":[],"yoast_head":"<!-- This site is optimized with the Yoast SEO plugin v21.4 - https:\/\/yoast.com\/wordpress\/plugins\/seo\/ -->\n<title>TRUST uzde\u010dka Calgary - Spicehorse<\/title>\n<meta name=\"description\" content=\"spicehorse.eu | Kr\u00e1sna a funk\u010dn\u00e1 TRUST Calgary uzde\u010dka. Kombinovan\u00e1 anglick\u00e1 uzde\u010dka s\u00a0nosnou brzdou, chr\u00e1ni\u010dom na spony a\u00a0rovnou \u010delenkou.\" \/>\n<meta name=\"robots\" content=\"index, follow, max-snippet:-1, max-image-preview:large, max-video-preview:-1\" \/>\n<link rel=\"canonical\" href=\"https:\/\/arak.spicehorse.eu\/termek\/trust-kantar-calgary\/\" \/>\n<meta property=\"og:locale\" content=\"sk_SK\" \/>\n<meta property=\"og:type\" content=\"article\" \/>\n<meta property=\"og:title\" content=\"TRUST uzde\u010dka Calgary - Spicehorse\" \/>\n<meta property=\"og:description\" content=\"spicehorse.eu | Kr\u00e1sna a funk\u010dn\u00e1 TRUST Calgary uzde\u010dka. Kombinovan\u00e1 anglick\u00e1 uzde\u010dka s\u00a0nosnou brzdou, chr\u00e1ni\u010dom na spony a\u00a0rovnou \u010delenkou.\" \/>\n<meta property=\"og:url\" content=\"https:\/\/arak.spicehorse.eu\/termek\/trust-kantar-calgary\/\" \/>\n<meta property=\"og:site_name\" content=\"Spicehorse\" \/>\n<meta property=\"article:publisher\" content=\"https:\/\/www.facebook.com\/SPICEHORSE-550385625402457\/\" \/>\n<meta property=\"article:modified_time\" content=\"2024-01-08T17:34:24+00:00\" \/>\n<meta property=\"og:image\" content=\"https:\/\/arak.spicehorse.eu\/wp-content\/uploads\/2023\/12\/calgary-comb-noseband-classic-heus23l296403.jpg\" \/>\n\t<meta property=\"og:image:width\" content=\"1800\" \/>\n\t<meta property=\"og:image:height\" content=\"1200\" \/>\n\t<meta property=\"og:image:type\" content=\"image\/jpeg\" \/>\n<meta name=\"twitter:card\" content=\"summary_large_image\" \/>\n<meta name=\"twitter:label1\" content=\"Predpokladan\u00fd \u010das \u010d\u00edtania\" \/>\n\t<meta name=\"twitter:data1\" content=\"1 min\u00fata\" \/>\n<script type=\"application\/ld+json\" class=\"yoast-schema-graph\">{\"@context\":\"https:\/\/schema.org\",\"@graph\":[{\"@type\":\"WebPage\",\"@id\":\"https:\/\/arak.spicehorse.eu\/termek\/trust-kantar-calgary\/\",\"url\":\"https:\/\/arak.spicehorse.eu\/termek\/trust-kantar-calgary\/\",\"name\":\"TRUST uzde\u010dka Calgary - Spicehorse\",\"isPartOf\":{\"@id\":\"https:\/\/arak.spicehorse.eu\/en\/#website\"},\"datePublished\":\"2023-12-29T16:32:26+00:00\",\"dateModified\":\"2024-01-08T17:34:24+00:00\",\"description\":\"spicehorse.eu | Kr\u00e1sna a funk\u010dn\u00e1 TRUST Calgary uzde\u010dka. Kombinovan\u00e1 anglick\u00e1 uzde\u010dka s\u00a0nosnou brzdou, chr\u00e1ni\u010dom na spony a\u00a0rovnou \u010delenkou.\",\"breadcrumb\":{\"@id\":\"https:\/\/arak.spicehorse.eu\/termek\/trust-kantar-calgary\/#breadcrumb\"},\"inLanguage\":\"sk-SK\",\"potentialAction\":[{\"@type\":\"ReadAction\",\"target\":[\"https:\/\/arak.spicehorse.eu\/termek\/trust-kantar-calgary\/\"]}]},{\"@type\":\"BreadcrumbList\",\"@id\":\"https:\/\/arak.spicehorse.eu\/termek\/trust-kantar-calgary\/#breadcrumb\",\"itemListElement\":[{\"@type\":\"ListItem\",\"position\":1,\"name\":\"Home\",\"item\":\"https:\/\/arak.spicehorse.eu\/sk\/\"},{\"@type\":\"ListItem\",\"position\":2,\"name\":\"Predaj\u0148a\",\"item\":\"https:\/\/arak.spicehorse.eu\/sk\/predajna\/\"},{\"@type\":\"ListItem\",\"position\":3,\"name\":\"TRUST uzde\u010dka Calgary\"}]},{\"@type\":\"WebSite\",\"@id\":\"https:\/\/arak.spicehorse.eu\/en\/#website\",\"url\":\"https:\/\/arak.spicehorse.eu\/en\/\",\"name\":\"Spicehorse\",\"description\":\"UNDER DEVELOPMENT -\",\"potentialAction\":[{\"@type\":\"SearchAction\",\"target\":{\"@type\":\"EntryPoint\",\"urlTemplate\":\"https:\/\/arak.spicehorse.eu\/en\/?s={search_term_string}\"},\"query-input\":\"required name=search_term_string\"}],\"inLanguage\":\"sk-SK\"}]}<\/script>\n<!-- \/ Yoast SEO plugin. -->","yoast_head_json":{"title":"TRUST uzde\u010dka Calgary - Spicehorse","description":"spicehorse.eu | Kr\u00e1sna a funk\u010dn\u00e1 TRUST Calgary uzde\u010dka. Kombinovan\u00e1 anglick\u00e1 uzde\u010dka s\u00a0nosnou brzdou, chr\u00e1ni\u010dom na spony a\u00a0rovnou \u010delenkou.","robots":{"index":"index","follow":"follow","max-snippet":"max-snippet:-1","max-image-preview":"max-image-preview:large","max-video-preview":"max-video-preview:-1"},"canonical":"https:\/\/arak.spicehorse.eu\/termek\/trust-kantar-calgary\/","og_locale":"sk_SK","og_type":"article","og_title":"TRUST uzde\u010dka Calgary - Spicehorse","og_description":"spicehorse.eu | Kr\u00e1sna a funk\u010dn\u00e1 TRUST Calgary uzde\u010dka. Kombinovan\u00e1 anglick\u00e1 uzde\u010dka s\u00a0nosnou brzdou, chr\u00e1ni\u010dom na spony a\u00a0rovnou \u010delenkou.","og_url":"https:\/\/arak.spicehorse.eu\/termek\/trust-kantar-calgary\/","og_site_name":"Spicehorse","article_publisher":"https:\/\/www.facebook.com\/SPICEHORSE-550385625402457\/","article_modified_time":"2024-01-08T17:34:24+00:00","og_image":[{"width":1800,"height":1200,"url":"https:\/\/arak.spicehorse.eu\/wp-content\/uploads\/2023\/12\/calgary-comb-noseband-classic-heus23l296403.jpg","type":"image\/jpeg"}],"twitter_card":"summary_large_image","twitter_misc":{"Predpokladan\u00fd \u010das \u010d\u00edtania":"1 min\u00fata"},"schema":{"@context":"https:\/\/schema.org","@graph":[{"@type":"WebPage","@id":"https:\/\/arak.spicehorse.eu\/termek\/trust-kantar-calgary\/","url":"https:\/\/arak.spicehorse.eu\/termek\/trust-kantar-calgary\/","name":"TRUST uzde\u010dka Calgary - Spicehorse","isPartOf":{"@id":"https:\/\/arak.spicehorse.eu\/en\/#website"},"datePublished":"2023-12-29T16:32:26+00:00","dateModified":"2024-01-08T17:34:24+00:00","description":"spicehorse.eu | Kr\u00e1sna a funk\u010dn\u00e1 TRUST Calgary uzde\u010dka. Kombinovan\u00e1 anglick\u00e1 uzde\u010dka s\u00a0nosnou brzdou, chr\u00e1ni\u010dom na spony a\u00a0rovnou \u010delenkou.","breadcrumb":{"@id":"https:\/\/arak.spicehorse.eu\/termek\/trust-kantar-calgary\/#breadcrumb"},"inLanguage":"sk-SK","potentialAction":[{"@type":"ReadAction","target":["https:\/\/arak.spicehorse.eu\/termek\/trust-kantar-calgary\/"]}]},{"@type":"BreadcrumbList","@id":"https:\/\/arak.spicehorse.eu\/termek\/trust-kantar-calgary\/#breadcrumb","itemListElement":[{"@type":"ListItem","position":1,"name":"Home","item":"https:\/\/arak.spicehorse.eu\/sk\/"},{"@type":"ListItem","position":2,"name":"Predaj\u0148a","item":"https:\/\/arak.spicehorse.eu\/sk\/predajna\/"},{"@type":"ListItem","position":3,"name":"TRUST uzde\u010dka Calgary"}]},{"@type":"WebSite","@id":"https:\/\/arak.spicehorse.eu\/en\/#website","url":"https:\/\/arak.spicehorse.eu\/en\/","name":"Spicehorse","description":"UNDER DEVELOPMENT -","potentialAction":[{"@type":"SearchAction","target":{"@type":"EntryPoint","urlTemplate":"https:\/\/arak.spicehorse.eu\/en\/?s={search_term_string}"},"query-input":"required name=search_term_string"}],"inLanguage":"sk-SK"}]}},"_links":{"self":[{"href":"https:\/\/arak.spicehorse.eu\/sk\/wp-json\/wp\/v2\/product\/173328"}],"collection":[{"href":"https:\/\/arak.spicehorse.eu\/sk\/wp-json\/wp\/v2\/product"}],"about":[{"href":"https:\/\/arak.spicehorse.eu\/sk\/wp-json\/wp\/v2\/types\/product"}],"wp:featuredmedia":[{"embeddable":true,"href":"https:\/\/arak.spicehorse.eu\/sk\/wp-json\/wp\/v2\/media\/173337"}],"wp:attachment":[{"href":"https:\/\/arak.spicehorse.eu\/sk\/wp-json\/wp\/v2\/media?parent=173328"}],"wp:term":[{"taxonomy":"product_cat","embeddable":true,"href":"https:\/\/arak.spicehorse.eu\/sk\/wp-json\/wp\/v2\/product_cat?post=173328"},{"taxonomy":"product_tag","embeddable":true,"href":"https:\/\/arak.spicehorse.eu\/sk\/wp-json\/wp\/v2\/product_tag?post=173328"}],"curies":[{"name":"wp","href":"https:\/\/api.w.org\/{rel}","templated":true}]}}