{"id":173954,"date":"2024-01-05T17:26:59","date_gmt":"2024-01-05T16:27:06","guid":{"rendered":"https:\/\/arak.spicehorse.eu\/?post_type=product&#038;p=173954"},"modified":"2024-01-08T18:40:40","modified_gmt":"2024-01-08T17:40:40","slug":"trust-uzdecka-rotterdam","status":"publish","type":"product","link":"https:\/\/arak.spicehorse.eu\/sk\/produkt\/trust-uzdecka-rotterdam\/","title":{"rendered":"TRUST uzde\u010dka Rotterdam"},"content":{"rendered":"<div>\n<p><span lang=\"SK\">Kr\u00e1sny a\u00a0elegantn\u00e1 drez\u00farna uzde\u010dka TRUST Rotterdam so \u0161irok\u00fdm n\u00e1nosn\u00edkom. Anatomicky tvarovan\u00fd \u0161irok\u00fd n\u00e1nosn\u00edk je m\u00e4kko polstrovan\u00fd v\u00a0z\u00e1ujme maxim\u00e1lneho pohodlia. N\u00e1nosn\u00edk je vyroben\u00fd s\u00a0nylonovou pod\u0161\u00edvkou, v\u010faka \u010domu sa nena\u0165ahuje a\u00a0dokonale dosad\u00e1. N\u00e1nosn\u00edk sa ku koncu zu\u017euje, \u010d\u00edm zabezpe\u010duje v\u00e4\u010d\u0161iu vo\u013enos\u0165 pre zubadlo. Pozd\u013a\u017e celej nosnej \u010dasti s\u00a0dohora smeruj\u00facim \u0161it\u00edm, \u010d\u00edm sa e\u0161te viac prisp\u00f4sobuje anat\u00f3mii hlavy ko\u0148a. Zap\u00ednanie na spony s\u00a0chr\u00e1ni\u010dmi, v\u010faka \u010domu sa spony nedot\u00fdkaj\u00fa hlavy ko\u0148a. \u010celenka je zdoben\u00e1 Stellux\u2122 kri\u0161t\u00e1\u013emi najvy\u0161\u0161ej kvality, s\u00fa hlboko osaden\u00e9 a\u00a0nevypad\u00e1vaj\u00fa. \u010celenka je mierne zaoblen\u00e1. N\u00e1tyln\u00edk je anatomicky tvarovan\u00fd, v\u010faka \u010domu je zabezpe\u010den\u00e1 vo\u013enos\u0165 pohybu u\u0161\u00ed ko\u0148a Je m\u00e4kko polstrovan\u00e1 a\u00a0nie je pr\u00edli\u0161 hrub\u00e1, preto zost\u00e1va kontakt s\u00a0ko\u0148om bezprostredn\u00fd.<\/span><\/p>\n<\/div>\n<div>\n<p><span lang=\"SK\">Uzde\u010dky TRUST s\u00fa vyroben\u00e9 z\u00a0eur\u00f3pskej ko\u017ee najvy\u0161\u0161ej kvality, je hladk\u00e1 a\u00a0elastick\u00e1, \u010dasom sa bude e\u0161te zlep\u0161ova\u0165. V\u010faka vynikaj\u00facej kvalite je extra odoln\u00e1. Pri vyv\u00edjan\u00ed uzde\u010dky sa maxim\u00e1lne brala do \u00favahy modern\u00e1 anat\u00f3mia ko\u0148a. V\u010faka svojim vlastnostiam\u00a0 TRUST uzde\u010dka dokonale dosad\u00e1 na ka\u017ed\u00e9ho ko\u0148a.<\/span><\/p>\n<\/div>\n","protected":false},"excerpt":{"rendered":"<ul style=\"font-weight: 400;\">\n<li>TRUST uzde\u010dka so sofistikovan\u00fdm TRUST logom na n\u00e1tyln\u00edku a \u010delenke.<\/li>\n<li>Zabalen\u00e1 do jedine\u010dn\u00e9ho TRUST uter\u00e1ku<\/li>\n<li>Je dostupn\u00e1 v\u00a0\u010diernej-bielej polstrovanej verzii so strieborn\u00fdmi<\/li>\n<li>V\u0161etky spony s\u00fa vyroben\u00e9 z\u00a0poniklovanej \u017eltej medi, preto nehrdzavej\u00fa.<\/li>\n<\/ul>\n","protected":false},"featured_media":173964,"template":"","meta":{"_acf_changed":false},"product_cat":[75,511],"product_tag":[692,529],"acf":[],"yoast_head":"<!-- This site is optimized with the Yoast SEO plugin v21.4 - https:\/\/yoast.com\/wordpress\/plugins\/seo\/ -->\n<title>TRUST uzde\u010dka Rotterdam - Spicehorse<\/title>\n<meta name=\"description\" content=\"spicehorse.eu | Kr\u00e1sny a\u00a0elegantn\u00e1 drez\u00farna uzde\u010dka TRUST Rotterdam so \u0161irok\u00fdm n\u00e1nosn\u00edkom.\" \/>\n<meta name=\"robots\" content=\"index, follow, max-snippet:-1, max-image-preview:large, max-video-preview:-1\" \/>\n<link rel=\"canonical\" href=\"https:\/\/arak.spicehorse.eu\/termek\/trust-kantar-rotterdam\/\" \/>\n<meta property=\"og:locale\" content=\"sk_SK\" \/>\n<meta property=\"og:type\" content=\"article\" \/>\n<meta property=\"og:title\" content=\"TRUST uzde\u010dka Rotterdam - Spicehorse\" \/>\n<meta property=\"og:description\" content=\"spicehorse.eu | Kr\u00e1sny a\u00a0elegantn\u00e1 drez\u00farna uzde\u010dka TRUST Rotterdam so \u0161irok\u00fdm n\u00e1nosn\u00edkom.\" \/>\n<meta property=\"og:url\" content=\"https:\/\/arak.spicehorse.eu\/termek\/trust-kantar-rotterdam\/\" \/>\n<meta property=\"og:site_name\" content=\"Spicehorse\" \/>\n<meta property=\"article:publisher\" content=\"https:\/\/www.facebook.com\/SPICEHORSE-550385625402457\/\" \/>\n<meta property=\"article:modified_time\" content=\"2024-01-08T17:40:40+00:00\" \/>\n<meta property=\"og:image\" content=\"https:\/\/arak.spicehorse.eu\/wp-content\/uploads\/2024\/01\/e18002-b123-rotterdam-dressage-bridle-anatomic-patent-crank-noseband-heus23l296339.jpg\" \/>\n\t<meta property=\"og:image:width\" content=\"1800\" \/>\n\t<meta property=\"og:image:height\" content=\"1200\" \/>\n\t<meta property=\"og:image:type\" content=\"image\/jpeg\" \/>\n<meta name=\"twitter:card\" content=\"summary_large_image\" \/>\n<meta name=\"twitter:label1\" content=\"Predpokladan\u00fd \u010das \u010d\u00edtania\" \/>\n\t<meta name=\"twitter:data1\" content=\"1 min\u00fata\" \/>\n<script type=\"application\/ld+json\" class=\"yoast-schema-graph\">{\"@context\":\"https:\/\/schema.org\",\"@graph\":[{\"@type\":\"WebPage\",\"@id\":\"https:\/\/arak.spicehorse.eu\/termek\/trust-kantar-rotterdam\/\",\"url\":\"https:\/\/arak.spicehorse.eu\/termek\/trust-kantar-rotterdam\/\",\"name\":\"TRUST uzde\u010dka Rotterdam - Spicehorse\",\"isPartOf\":{\"@id\":\"https:\/\/arak.spicehorse.eu\/en\/#website\"},\"datePublished\":\"2024-01-05T16:27:06+00:00\",\"dateModified\":\"2024-01-08T17:40:40+00:00\",\"description\":\"spicehorse.eu | Kr\u00e1sny a\u00a0elegantn\u00e1 drez\u00farna uzde\u010dka TRUST Rotterdam so \u0161irok\u00fdm n\u00e1nosn\u00edkom.\",\"breadcrumb\":{\"@id\":\"https:\/\/arak.spicehorse.eu\/termek\/trust-kantar-rotterdam\/#breadcrumb\"},\"inLanguage\":\"sk-SK\",\"potentialAction\":[{\"@type\":\"ReadAction\",\"target\":[\"https:\/\/arak.spicehorse.eu\/termek\/trust-kantar-rotterdam\/\"]}]},{\"@type\":\"BreadcrumbList\",\"@id\":\"https:\/\/arak.spicehorse.eu\/termek\/trust-kantar-rotterdam\/#breadcrumb\",\"itemListElement\":[{\"@type\":\"ListItem\",\"position\":1,\"name\":\"Home\",\"item\":\"https:\/\/arak.spicehorse.eu\/sk\/\"},{\"@type\":\"ListItem\",\"position\":2,\"name\":\"Predaj\u0148a\",\"item\":\"https:\/\/arak.spicehorse.eu\/sk\/predajna\/\"},{\"@type\":\"ListItem\",\"position\":3,\"name\":\"TRUST uzde\u010dka Rotterdam\"}]},{\"@type\":\"WebSite\",\"@id\":\"https:\/\/arak.spicehorse.eu\/en\/#website\",\"url\":\"https:\/\/arak.spicehorse.eu\/en\/\",\"name\":\"Spicehorse\",\"description\":\"UNDER DEVELOPMENT -\",\"potentialAction\":[{\"@type\":\"SearchAction\",\"target\":{\"@type\":\"EntryPoint\",\"urlTemplate\":\"https:\/\/arak.spicehorse.eu\/en\/?s={search_term_string}\"},\"query-input\":\"required name=search_term_string\"}],\"inLanguage\":\"sk-SK\"}]}<\/script>\n<!-- \/ Yoast SEO plugin. -->","yoast_head_json":{"title":"TRUST uzde\u010dka Rotterdam - Spicehorse","description":"spicehorse.eu | Kr\u00e1sny a\u00a0elegantn\u00e1 drez\u00farna uzde\u010dka TRUST Rotterdam so \u0161irok\u00fdm n\u00e1nosn\u00edkom.","robots":{"index":"index","follow":"follow","max-snippet":"max-snippet:-1","max-image-preview":"max-image-preview:large","max-video-preview":"max-video-preview:-1"},"canonical":"https:\/\/arak.spicehorse.eu\/termek\/trust-kantar-rotterdam\/","og_locale":"sk_SK","og_type":"article","og_title":"TRUST uzde\u010dka Rotterdam - Spicehorse","og_description":"spicehorse.eu | Kr\u00e1sny a\u00a0elegantn\u00e1 drez\u00farna uzde\u010dka TRUST Rotterdam so \u0161irok\u00fdm n\u00e1nosn\u00edkom.","og_url":"https:\/\/arak.spicehorse.eu\/termek\/trust-kantar-rotterdam\/","og_site_name":"Spicehorse","article_publisher":"https:\/\/www.facebook.com\/SPICEHORSE-550385625402457\/","article_modified_time":"2024-01-08T17:40:40+00:00","og_image":[{"width":1800,"height":1200,"url":"https:\/\/arak.spicehorse.eu\/wp-content\/uploads\/2024\/01\/e18002-b123-rotterdam-dressage-bridle-anatomic-patent-crank-noseband-heus23l296339.jpg","type":"image\/jpeg"}],"twitter_card":"summary_large_image","twitter_misc":{"Predpokladan\u00fd \u010das \u010d\u00edtania":"1 min\u00fata"},"schema":{"@context":"https:\/\/schema.org","@graph":[{"@type":"WebPage","@id":"https:\/\/arak.spicehorse.eu\/termek\/trust-kantar-rotterdam\/","url":"https:\/\/arak.spicehorse.eu\/termek\/trust-kantar-rotterdam\/","name":"TRUST uzde\u010dka Rotterdam - Spicehorse","isPartOf":{"@id":"https:\/\/arak.spicehorse.eu\/en\/#website"},"datePublished":"2024-01-05T16:27:06+00:00","dateModified":"2024-01-08T17:40:40+00:00","description":"spicehorse.eu | Kr\u00e1sny a\u00a0elegantn\u00e1 drez\u00farna uzde\u010dka TRUST Rotterdam so \u0161irok\u00fdm n\u00e1nosn\u00edkom.","breadcrumb":{"@id":"https:\/\/arak.spicehorse.eu\/termek\/trust-kantar-rotterdam\/#breadcrumb"},"inLanguage":"sk-SK","potentialAction":[{"@type":"ReadAction","target":["https:\/\/arak.spicehorse.eu\/termek\/trust-kantar-rotterdam\/"]}]},{"@type":"BreadcrumbList","@id":"https:\/\/arak.spicehorse.eu\/termek\/trust-kantar-rotterdam\/#breadcrumb","itemListElement":[{"@type":"ListItem","position":1,"name":"Home","item":"https:\/\/arak.spicehorse.eu\/sk\/"},{"@type":"ListItem","position":2,"name":"Predaj\u0148a","item":"https:\/\/arak.spicehorse.eu\/sk\/predajna\/"},{"@type":"ListItem","position":3,"name":"TRUST uzde\u010dka Rotterdam"}]},{"@type":"WebSite","@id":"https:\/\/arak.spicehorse.eu\/en\/#website","url":"https:\/\/arak.spicehorse.eu\/en\/","name":"Spicehorse","description":"UNDER DEVELOPMENT -","potentialAction":[{"@type":"SearchAction","target":{"@type":"EntryPoint","urlTemplate":"https:\/\/arak.spicehorse.eu\/en\/?s={search_term_string}"},"query-input":"required name=search_term_string"}],"inLanguage":"sk-SK"}]}},"_links":{"self":[{"href":"https:\/\/arak.spicehorse.eu\/sk\/wp-json\/wp\/v2\/product\/173954"}],"collection":[{"href":"https:\/\/arak.spicehorse.eu\/sk\/wp-json\/wp\/v2\/product"}],"about":[{"href":"https:\/\/arak.spicehorse.eu\/sk\/wp-json\/wp\/v2\/types\/product"}],"wp:featuredmedia":[{"embeddable":true,"href":"https:\/\/arak.spicehorse.eu\/sk\/wp-json\/wp\/v2\/media\/173964"}],"wp:attachment":[{"href":"https:\/\/arak.spicehorse.eu\/sk\/wp-json\/wp\/v2\/media?parent=173954"}],"wp:term":[{"taxonomy":"product_cat","embeddable":true,"href":"https:\/\/arak.spicehorse.eu\/sk\/wp-json\/wp\/v2\/product_cat?post=173954"},{"taxonomy":"product_tag","embeddable":true,"href":"https:\/\/arak.spicehorse.eu\/sk\/wp-json\/wp\/v2\/product_tag?post=173954"}],"curies":[{"name":"wp","href":"https:\/\/api.w.org\/{rel}","templated":true}]}}