{"id":174908,"date":"2024-01-24T09:19:13","date_gmt":"2024-01-24T08:19:16","guid":{"rendered":"https:\/\/arak.spicehorse.eu\/?post_type=product&#038;p=174908"},"modified":"2024-06-26T17:53:34","modified_gmt":"2024-06-26T15:53:34","slug":"ps-of-sweden-zvony-na-kopyta-premium-black-black","status":"publish","type":"product","link":"https:\/\/arak.spicehorse.eu\/sk\/produkt\/ps-of-sweden-zvony-na-kopyta-premium-black-black\/","title":{"rendered":"PS of Sweden zvony na kopyt\u00e1 Premium Black\/Black"},"content":{"rendered":"<p>PS of Sweden zvony na kopyt\u00e1 s\u00a0v\u00fdstelkou a\u00a0such\u00fdm zipsom. Z\u00a0veg\u00e1nskej ko\u017ee, s\u00a0lemom zo syntetickej ko\u017eu\u0161iny, s\u00a0PS logom. Set pozost\u00e1vaj\u00faci z\u00a0dvoch kusov.<\/p>\n","protected":false},"excerpt":{"rendered":"<ul>\n<li>Vyroben\u00e9 z\u00a0odolnej veg\u00e1nskej ko\u017ee<\/li>\n<li>Nastavite\u013en\u00e9 such\u00e9 zipsy<\/li>\n<li>Lem zo syntetickej ko\u017eu\u0161iny<\/li>\n<\/ul>\n","protected":false},"featured_media":174913,"template":"","meta":{"_acf_changed":false},"product_cat":[78,75,116],"product_tag":[2414,2565,517,2796,255],"acf":[],"yoast_head":"<!-- This site is optimized with the Yoast SEO plugin v21.4 - https:\/\/yoast.com\/wordpress\/plugins\/seo\/ -->\n<title>PS of Sweden zvony na kopyt\u00e1 Premium Black\/Black - Spicehorse<\/title>\n<meta name=\"description\" content=\"spicehorse.eu | PS of Sweden zvony na kopyt\u00e1 s\u00a0v\u00fdstelkou a\u00a0such\u00fdm zipsom. Z\u00a0veg\u00e1nskej ko\u017ee, s\u00a0lemom zo syntetickej ko\u017eu\u0161iny, s\u00a0PS logom. Set pozost\u00e1vaj\u00faci z\u00a0dvoch kusov.\" \/>\n<meta name=\"robots\" content=\"index, follow, max-snippet:-1, max-image-preview:large, max-video-preview:-1\" \/>\n<link rel=\"canonical\" href=\"https:\/\/arak.spicehorse.eu\/termek\/ps-of-sweden-pataharang-premium-black-black\/\" \/>\n<meta property=\"og:locale\" content=\"sk_SK\" \/>\n<meta property=\"og:type\" content=\"article\" \/>\n<meta property=\"og:title\" content=\"PS of Sweden zvony na kopyt\u00e1 Premium Black\/Black - Spicehorse\" \/>\n<meta property=\"og:description\" content=\"spicehorse.eu | PS of Sweden zvony na kopyt\u00e1 s\u00a0v\u00fdstelkou a\u00a0such\u00fdm zipsom. Z\u00a0veg\u00e1nskej ko\u017ee, s\u00a0lemom zo syntetickej ko\u017eu\u0161iny, s\u00a0PS logom. Set pozost\u00e1vaj\u00faci z\u00a0dvoch kusov.\" \/>\n<meta property=\"og:url\" content=\"https:\/\/arak.spicehorse.eu\/termek\/ps-of-sweden-pataharang-premium-black-black\/\" \/>\n<meta property=\"og:site_name\" content=\"Spicehorse\" \/>\n<meta property=\"article:publisher\" content=\"https:\/\/www.facebook.com\/SPICEHORSE-550385625402457\/\" \/>\n<meta property=\"article:modified_time\" content=\"2024-06-26T15:53:34+00:00\" \/>\n<meta property=\"og:image\" content=\"https:\/\/arak.spicehorse.eu\/wp-content\/uploads\/2024\/01\/738-08c125302e-black-black-fur-bell-boots-1745-1500x2000-originaljpg.webp\" \/>\n\t<meta property=\"og:image:width\" content=\"800\" \/>\n\t<meta property=\"og:image:height\" content=\"1067\" \/>\n\t<meta property=\"og:image:type\" content=\"image\/webp\" \/>\n<meta name=\"twitter:card\" content=\"summary_large_image\" \/>\n<meta name=\"twitter:label1\" content=\"Predpokladan\u00fd \u010das \u010d\u00edtania\" \/>\n\t<meta name=\"twitter:data1\" content=\"1 min\u00fata\" \/>\n<script type=\"application\/ld+json\" class=\"yoast-schema-graph\">{\"@context\":\"https:\/\/schema.org\",\"@graph\":[{\"@type\":\"WebPage\",\"@id\":\"https:\/\/arak.spicehorse.eu\/termek\/ps-of-sweden-pataharang-premium-black-black\/\",\"url\":\"https:\/\/arak.spicehorse.eu\/termek\/ps-of-sweden-pataharang-premium-black-black\/\",\"name\":\"PS of Sweden zvony na kopyt\u00e1 Premium Black\/Black - Spicehorse\",\"isPartOf\":{\"@id\":\"https:\/\/arak.spicehorse.eu\/en\/#website\"},\"datePublished\":\"2024-01-24T08:19:16+00:00\",\"dateModified\":\"2024-06-26T15:53:34+00:00\",\"description\":\"spicehorse.eu | PS of Sweden zvony na kopyt\u00e1 s\u00a0v\u00fdstelkou a\u00a0such\u00fdm zipsom. Z\u00a0veg\u00e1nskej ko\u017ee, s\u00a0lemom zo syntetickej ko\u017eu\u0161iny, s\u00a0PS logom. Set pozost\u00e1vaj\u00faci z\u00a0dvoch kusov.\",\"breadcrumb\":{\"@id\":\"https:\/\/arak.spicehorse.eu\/termek\/ps-of-sweden-pataharang-premium-black-black\/#breadcrumb\"},\"inLanguage\":\"sk-SK\",\"potentialAction\":[{\"@type\":\"ReadAction\",\"target\":[\"https:\/\/arak.spicehorse.eu\/termek\/ps-of-sweden-pataharang-premium-black-black\/\"]}]},{\"@type\":\"BreadcrumbList\",\"@id\":\"https:\/\/arak.spicehorse.eu\/termek\/ps-of-sweden-pataharang-premium-black-black\/#breadcrumb\",\"itemListElement\":[{\"@type\":\"ListItem\",\"position\":1,\"name\":\"Home\",\"item\":\"https:\/\/arak.spicehorse.eu\/sk\/\"},{\"@type\":\"ListItem\",\"position\":2,\"name\":\"Predaj\u0148a\",\"item\":\"https:\/\/arak.spicehorse.eu\/sk\/predajna\/\"},{\"@type\":\"ListItem\",\"position\":3,\"name\":\"PS of Sweden zvony na kopyt\u00e1 Premium Black\/Black\"}]},{\"@type\":\"WebSite\",\"@id\":\"https:\/\/arak.spicehorse.eu\/en\/#website\",\"url\":\"https:\/\/arak.spicehorse.eu\/en\/\",\"name\":\"Spicehorse\",\"description\":\"UNDER DEVELOPMENT -\",\"potentialAction\":[{\"@type\":\"SearchAction\",\"target\":{\"@type\":\"EntryPoint\",\"urlTemplate\":\"https:\/\/arak.spicehorse.eu\/en\/?s={search_term_string}\"},\"query-input\":\"required name=search_term_string\"}],\"inLanguage\":\"sk-SK\"}]}<\/script>\n<!-- \/ Yoast SEO plugin. -->","yoast_head_json":{"title":"PS of Sweden zvony na kopyt\u00e1 Premium Black\/Black - Spicehorse","description":"spicehorse.eu | PS of Sweden zvony na kopyt\u00e1 s\u00a0v\u00fdstelkou a\u00a0such\u00fdm zipsom. Z\u00a0veg\u00e1nskej ko\u017ee, s\u00a0lemom zo syntetickej ko\u017eu\u0161iny, s\u00a0PS logom. Set pozost\u00e1vaj\u00faci z\u00a0dvoch kusov.","robots":{"index":"index","follow":"follow","max-snippet":"max-snippet:-1","max-image-preview":"max-image-preview:large","max-video-preview":"max-video-preview:-1"},"canonical":"https:\/\/arak.spicehorse.eu\/termek\/ps-of-sweden-pataharang-premium-black-black\/","og_locale":"sk_SK","og_type":"article","og_title":"PS of Sweden zvony na kopyt\u00e1 Premium Black\/Black - Spicehorse","og_description":"spicehorse.eu | PS of Sweden zvony na kopyt\u00e1 s\u00a0v\u00fdstelkou a\u00a0such\u00fdm zipsom. Z\u00a0veg\u00e1nskej ko\u017ee, s\u00a0lemom zo syntetickej ko\u017eu\u0161iny, s\u00a0PS logom. Set pozost\u00e1vaj\u00faci z\u00a0dvoch kusov.","og_url":"https:\/\/arak.spicehorse.eu\/termek\/ps-of-sweden-pataharang-premium-black-black\/","og_site_name":"Spicehorse","article_publisher":"https:\/\/www.facebook.com\/SPICEHORSE-550385625402457\/","article_modified_time":"2024-06-26T15:53:34+00:00","og_image":[{"width":800,"height":1067,"url":"https:\/\/arak.spicehorse.eu\/wp-content\/uploads\/2024\/01\/738-08c125302e-black-black-fur-bell-boots-1745-1500x2000-originaljpg.webp","type":"image\/webp"}],"twitter_card":"summary_large_image","twitter_misc":{"Predpokladan\u00fd \u010das \u010d\u00edtania":"1 min\u00fata"},"schema":{"@context":"https:\/\/schema.org","@graph":[{"@type":"WebPage","@id":"https:\/\/arak.spicehorse.eu\/termek\/ps-of-sweden-pataharang-premium-black-black\/","url":"https:\/\/arak.spicehorse.eu\/termek\/ps-of-sweden-pataharang-premium-black-black\/","name":"PS of Sweden zvony na kopyt\u00e1 Premium Black\/Black - Spicehorse","isPartOf":{"@id":"https:\/\/arak.spicehorse.eu\/en\/#website"},"datePublished":"2024-01-24T08:19:16+00:00","dateModified":"2024-06-26T15:53:34+00:00","description":"spicehorse.eu | PS of Sweden zvony na kopyt\u00e1 s\u00a0v\u00fdstelkou a\u00a0such\u00fdm zipsom. Z\u00a0veg\u00e1nskej ko\u017ee, s\u00a0lemom zo syntetickej ko\u017eu\u0161iny, s\u00a0PS logom. Set pozost\u00e1vaj\u00faci z\u00a0dvoch kusov.","breadcrumb":{"@id":"https:\/\/arak.spicehorse.eu\/termek\/ps-of-sweden-pataharang-premium-black-black\/#breadcrumb"},"inLanguage":"sk-SK","potentialAction":[{"@type":"ReadAction","target":["https:\/\/arak.spicehorse.eu\/termek\/ps-of-sweden-pataharang-premium-black-black\/"]}]},{"@type":"BreadcrumbList","@id":"https:\/\/arak.spicehorse.eu\/termek\/ps-of-sweden-pataharang-premium-black-black\/#breadcrumb","itemListElement":[{"@type":"ListItem","position":1,"name":"Home","item":"https:\/\/arak.spicehorse.eu\/sk\/"},{"@type":"ListItem","position":2,"name":"Predaj\u0148a","item":"https:\/\/arak.spicehorse.eu\/sk\/predajna\/"},{"@type":"ListItem","position":3,"name":"PS of Sweden zvony na kopyt\u00e1 Premium Black\/Black"}]},{"@type":"WebSite","@id":"https:\/\/arak.spicehorse.eu\/en\/#website","url":"https:\/\/arak.spicehorse.eu\/en\/","name":"Spicehorse","description":"UNDER DEVELOPMENT -","potentialAction":[{"@type":"SearchAction","target":{"@type":"EntryPoint","urlTemplate":"https:\/\/arak.spicehorse.eu\/en\/?s={search_term_string}"},"query-input":"required name=search_term_string"}],"inLanguage":"sk-SK"}]}},"_links":{"self":[{"href":"https:\/\/arak.spicehorse.eu\/sk\/wp-json\/wp\/v2\/product\/174908"}],"collection":[{"href":"https:\/\/arak.spicehorse.eu\/sk\/wp-json\/wp\/v2\/product"}],"about":[{"href":"https:\/\/arak.spicehorse.eu\/sk\/wp-json\/wp\/v2\/types\/product"}],"wp:featuredmedia":[{"embeddable":true,"href":"https:\/\/arak.spicehorse.eu\/sk\/wp-json\/wp\/v2\/media\/174913"}],"wp:attachment":[{"href":"https:\/\/arak.spicehorse.eu\/sk\/wp-json\/wp\/v2\/media?parent=174908"}],"wp:term":[{"taxonomy":"product_cat","embeddable":true,"href":"https:\/\/arak.spicehorse.eu\/sk\/wp-json\/wp\/v2\/product_cat?post=174908"},{"taxonomy":"product_tag","embeddable":true,"href":"https:\/\/arak.spicehorse.eu\/sk\/wp-json\/wp\/v2\/product_tag?post=174908"}],"curies":[{"name":"wp","href":"https:\/\/api.w.org\/{rel}","templated":true}]}}