{"id":175254,"date":"2024-01-28T19:00:59","date_gmt":"2024-01-28T18:01:07","guid":{"rendered":"https:\/\/arak.spicehorse.eu\/?post_type=product&#038;p=175254"},"modified":"2026-02-23T12:06:04","modified_gmt":"2026-02-23T11:06:04","slug":"kentucky-recuptex-magneticky-nakrcnik-2","status":"publish","type":"product","link":"https:\/\/arak.spicehorse.eu\/sk\/produkt\/kentucky-recuptex-magneticky-nakrcnik-2\/","title":{"rendered":"Kentucky Recuptex magnetick\u00fd n\u00e1kr\u010dn\u00edk"},"content":{"rendered":"<p style=\"font-weight: 400;\">Novou technol\u00f3giou s\u00fa do tkaniny vtkan\u00e9 inox vl\u00e1kna (nehrdzavej\u00face vl\u00e1kna). Tieto odzrkad\u013euj\u00fa magnetick\u00e9 polia vznikaj\u00face v\u00a0tele ko\u0148a (Fardayova klietka). Tieto polia stimuluj\u00fa krvn\u00fd obeh a\u00a0pr\u00fadenie kysl\u00edka. Prirodzen\u00fdm sp\u00f4sobom ur\u00fdch\u013euj\u00fa proces regener\u00e1cie. Je dokonalou vo\u013ebou pred a\u00a0po tr\u00e9ningu, aby pom\u00e1hal uvo\u013e\u0148ova\u0165 svaly.<\/p>\n<p style=\"font-weight: 400;\">Kentucky Horsewear magnetick\u00fd n\u00e1kr\u010dn\u00edk je vyroben\u00fd z\u00a0pevn\u00e9ho, mimoriadne odoln\u00e9ho sie\u0165ovan\u00e9ho materi\u00e1lu, m\u00f4\u017ee sa pou\u017e\u00edva\u0165 v\u00a0lete aj po\u010das zimy. Dostupn\u00fd je v\u00a0jednej ve\u013ekosti (Full) a\u00a0dobre sa kombinuje s\u00a0ostatn\u00fdmi v\u00fdrobkami Recuptex. V\u010faka spone sa po\u013eahky nastavuje na po\u017eadovan\u00fa ve\u013ekos\u0165.<\/p>\n<p style=\"font-weight: 400;\">Mo\u017eno pra\u0165 v\u00a0pr\u00e1\u010dke na 30\u00b0 (nevkladajte do su\u0161i\u010dky).<\/p>\n","protected":false},"excerpt":{"rendered":"<h3>Na z\u00e1klade RECUPTEX\u00ae technol\u00f3gie Kentucky navrhol tak\u00fd n\u00e1kr\u010dn\u00edk, ktor\u00fd podporuje ko\u0148a pre lep\u0161ie uvo\u013enenie svalov.<\/h3>\n<ul style=\"font-weight: 400;\">\n<li>Pou\u017e\u00edvajte ho pred aj po jazden\u00ed<\/li>\n<li>Stimuluje krvn\u00fd obeh a\u00a0pr\u00fadenie kysl\u00edka<\/li>\n<li>Podporuje a\u00a0u\u013eah\u010duje proces regener\u00e1cie<\/li>\n<li>Pevn\u00fd sie\u0165ovan\u00fd materi\u00e1l<\/li>\n<\/ul>\n","protected":false},"featured_media":175260,"template":"","meta":{"_acf_changed":false},"product_cat":[75,99,118],"product_tag":[135,184,222,263],"acf":[],"yoast_head":"<!-- This site is optimized with the Yoast SEO plugin v21.4 - https:\/\/yoast.com\/wordpress\/plugins\/seo\/ -->\n<title>Kentucky Recuptex magnetick\u00fd n\u00e1kr\u010dn\u00edk - Spicehorse<\/title>\n<meta name=\"description\" content=\"spicehorse.eu | Novou technol\u00f3giou s\u00fa do tkaniny vtkan\u00e9 inox vl\u00e1kna (nehrdzavej\u00face vl\u00e1kna). Tieto odzrkad\u013euj\u00fa magnetick\u00e9 polia vznikaj\u00face v\u00a0tele ko\u0148a (Fardayova klietka).\" \/>\n<meta name=\"robots\" content=\"index, follow, max-snippet:-1, max-image-preview:large, max-video-preview:-1\" \/>\n<link rel=\"canonical\" href=\"https:\/\/arak.spicehorse.eu\/sk\/produkt\/kentucky-recuptex-magneticky-nakrcnik-2\/\" \/>\n<meta property=\"og:locale\" content=\"sk_SK\" \/>\n<meta property=\"og:type\" content=\"article\" \/>\n<meta property=\"og:title\" content=\"Kentucky Recuptex magnetick\u00fd n\u00e1kr\u010dn\u00edk - Spicehorse\" \/>\n<meta property=\"og:description\" content=\"spicehorse.eu | Novou technol\u00f3giou s\u00fa do tkaniny vtkan\u00e9 inox vl\u00e1kna (nehrdzavej\u00face vl\u00e1kna). Tieto odzrkad\u013euj\u00fa magnetick\u00e9 polia vznikaj\u00face v\u00a0tele ko\u0148a (Fardayova klietka).\" \/>\n<meta property=\"og:url\" content=\"https:\/\/arak.spicehorse.eu\/sk\/produkt\/kentucky-recuptex-magneticky-nakrcnik-2\/\" \/>\n<meta property=\"og:site_name\" content=\"Spicehorse\" \/>\n<meta property=\"article:publisher\" content=\"https:\/\/www.facebook.com\/SPICEHORSE-550385625402457\/\" \/>\n<meta property=\"article:modified_time\" content=\"2026-02-23T11:06:04+00:00\" \/>\n<meta property=\"og:image\" content=\"https:\/\/arak.spicehorse.eu\/wp-content\/uploads\/2024\/01\/179a4340-scaled.jpg\" \/>\n\t<meta property=\"og:image:width\" content=\"2560\" \/>\n\t<meta property=\"og:image:height\" content=\"1707\" \/>\n\t<meta property=\"og:image:type\" content=\"image\/jpeg\" \/>\n<meta name=\"twitter:card\" content=\"summary_large_image\" \/>\n<meta name=\"twitter:label1\" content=\"Predpokladan\u00fd \u010das \u010d\u00edtania\" \/>\n\t<meta name=\"twitter:data1\" content=\"1 min\u00fata\" \/>\n<script type=\"application\/ld+json\" class=\"yoast-schema-graph\">{\"@context\":\"https:\/\/schema.org\",\"@graph\":[{\"@type\":\"WebPage\",\"@id\":\"https:\/\/arak.spicehorse.eu\/sk\/produkt\/kentucky-recuptex-magneticky-nakrcnik-2\/\",\"url\":\"https:\/\/arak.spicehorse.eu\/sk\/produkt\/kentucky-recuptex-magneticky-nakrcnik-2\/\",\"name\":\"Kentucky Recuptex magnetick\u00fd n\u00e1kr\u010dn\u00edk - Spicehorse\",\"isPartOf\":{\"@id\":\"https:\/\/arak.spicehorse.eu\/en\/#website\"},\"datePublished\":\"2024-01-28T18:01:07+00:00\",\"dateModified\":\"2026-02-23T11:06:04+00:00\",\"description\":\"spicehorse.eu | Novou technol\u00f3giou s\u00fa do tkaniny vtkan\u00e9 inox vl\u00e1kna (nehrdzavej\u00face vl\u00e1kna). Tieto odzrkad\u013euj\u00fa magnetick\u00e9 polia vznikaj\u00face v\u00a0tele ko\u0148a (Fardayova klietka).\",\"breadcrumb\":{\"@id\":\"https:\/\/arak.spicehorse.eu\/sk\/produkt\/kentucky-recuptex-magneticky-nakrcnik-2\/#breadcrumb\"},\"inLanguage\":\"sk-SK\",\"potentialAction\":[{\"@type\":\"ReadAction\",\"target\":[\"https:\/\/arak.spicehorse.eu\/sk\/produkt\/kentucky-recuptex-magneticky-nakrcnik-2\/\"]}]},{\"@type\":\"BreadcrumbList\",\"@id\":\"https:\/\/arak.spicehorse.eu\/sk\/produkt\/kentucky-recuptex-magneticky-nakrcnik-2\/#breadcrumb\",\"itemListElement\":[{\"@type\":\"ListItem\",\"position\":1,\"name\":\"Home\",\"item\":\"https:\/\/arak.spicehorse.eu\/sk\/\"},{\"@type\":\"ListItem\",\"position\":2,\"name\":\"Predaj\u0148a\",\"item\":\"https:\/\/arak.spicehorse.eu\/sk\/predajna\/\"},{\"@type\":\"ListItem\",\"position\":3,\"name\":\"Kentucky Recuptex magnetick\u00fd n\u00e1kr\u010dn\u00edk\"}]},{\"@type\":\"WebSite\",\"@id\":\"https:\/\/arak.spicehorse.eu\/en\/#website\",\"url\":\"https:\/\/arak.spicehorse.eu\/en\/\",\"name\":\"Spicehorse\",\"description\":\"UNDER DEVELOPMENT -\",\"potentialAction\":[{\"@type\":\"SearchAction\",\"target\":{\"@type\":\"EntryPoint\",\"urlTemplate\":\"https:\/\/arak.spicehorse.eu\/en\/?s={search_term_string}\"},\"query-input\":\"required name=search_term_string\"}],\"inLanguage\":\"sk-SK\"}]}<\/script>\n<!-- \/ Yoast SEO plugin. -->","yoast_head_json":{"title":"Kentucky Recuptex magnetick\u00fd n\u00e1kr\u010dn\u00edk - Spicehorse","description":"spicehorse.eu | Novou technol\u00f3giou s\u00fa do tkaniny vtkan\u00e9 inox vl\u00e1kna (nehrdzavej\u00face vl\u00e1kna). Tieto odzrkad\u013euj\u00fa magnetick\u00e9 polia vznikaj\u00face v\u00a0tele ko\u0148a (Fardayova klietka).","robots":{"index":"index","follow":"follow","max-snippet":"max-snippet:-1","max-image-preview":"max-image-preview:large","max-video-preview":"max-video-preview:-1"},"canonical":"https:\/\/arak.spicehorse.eu\/sk\/produkt\/kentucky-recuptex-magneticky-nakrcnik-2\/","og_locale":"sk_SK","og_type":"article","og_title":"Kentucky Recuptex magnetick\u00fd n\u00e1kr\u010dn\u00edk - Spicehorse","og_description":"spicehorse.eu | Novou technol\u00f3giou s\u00fa do tkaniny vtkan\u00e9 inox vl\u00e1kna (nehrdzavej\u00face vl\u00e1kna). Tieto odzrkad\u013euj\u00fa magnetick\u00e9 polia vznikaj\u00face v\u00a0tele ko\u0148a (Fardayova klietka).","og_url":"https:\/\/arak.spicehorse.eu\/sk\/produkt\/kentucky-recuptex-magneticky-nakrcnik-2\/","og_site_name":"Spicehorse","article_publisher":"https:\/\/www.facebook.com\/SPICEHORSE-550385625402457\/","article_modified_time":"2026-02-23T11:06:04+00:00","og_image":[{"width":2560,"height":1707,"url":"https:\/\/arak.spicehorse.eu\/wp-content\/uploads\/2024\/01\/179a4340-scaled.jpg","type":"image\/jpeg"}],"twitter_card":"summary_large_image","twitter_misc":{"Predpokladan\u00fd \u010das \u010d\u00edtania":"1 min\u00fata"},"schema":{"@context":"https:\/\/schema.org","@graph":[{"@type":"WebPage","@id":"https:\/\/arak.spicehorse.eu\/sk\/produkt\/kentucky-recuptex-magneticky-nakrcnik-2\/","url":"https:\/\/arak.spicehorse.eu\/sk\/produkt\/kentucky-recuptex-magneticky-nakrcnik-2\/","name":"Kentucky Recuptex magnetick\u00fd n\u00e1kr\u010dn\u00edk - Spicehorse","isPartOf":{"@id":"https:\/\/arak.spicehorse.eu\/en\/#website"},"datePublished":"2024-01-28T18:01:07+00:00","dateModified":"2026-02-23T11:06:04+00:00","description":"spicehorse.eu | Novou technol\u00f3giou s\u00fa do tkaniny vtkan\u00e9 inox vl\u00e1kna (nehrdzavej\u00face vl\u00e1kna). Tieto odzrkad\u013euj\u00fa magnetick\u00e9 polia vznikaj\u00face v\u00a0tele ko\u0148a (Fardayova klietka).","breadcrumb":{"@id":"https:\/\/arak.spicehorse.eu\/sk\/produkt\/kentucky-recuptex-magneticky-nakrcnik-2\/#breadcrumb"},"inLanguage":"sk-SK","potentialAction":[{"@type":"ReadAction","target":["https:\/\/arak.spicehorse.eu\/sk\/produkt\/kentucky-recuptex-magneticky-nakrcnik-2\/"]}]},{"@type":"BreadcrumbList","@id":"https:\/\/arak.spicehorse.eu\/sk\/produkt\/kentucky-recuptex-magneticky-nakrcnik-2\/#breadcrumb","itemListElement":[{"@type":"ListItem","position":1,"name":"Home","item":"https:\/\/arak.spicehorse.eu\/sk\/"},{"@type":"ListItem","position":2,"name":"Predaj\u0148a","item":"https:\/\/arak.spicehorse.eu\/sk\/predajna\/"},{"@type":"ListItem","position":3,"name":"Kentucky Recuptex magnetick\u00fd n\u00e1kr\u010dn\u00edk"}]},{"@type":"WebSite","@id":"https:\/\/arak.spicehorse.eu\/en\/#website","url":"https:\/\/arak.spicehorse.eu\/en\/","name":"Spicehorse","description":"UNDER DEVELOPMENT -","potentialAction":[{"@type":"SearchAction","target":{"@type":"EntryPoint","urlTemplate":"https:\/\/arak.spicehorse.eu\/en\/?s={search_term_string}"},"query-input":"required name=search_term_string"}],"inLanguage":"sk-SK"}]}},"_links":{"self":[{"href":"https:\/\/arak.spicehorse.eu\/sk\/wp-json\/wp\/v2\/product\/175254"}],"collection":[{"href":"https:\/\/arak.spicehorse.eu\/sk\/wp-json\/wp\/v2\/product"}],"about":[{"href":"https:\/\/arak.spicehorse.eu\/sk\/wp-json\/wp\/v2\/types\/product"}],"wp:featuredmedia":[{"embeddable":true,"href":"https:\/\/arak.spicehorse.eu\/sk\/wp-json\/wp\/v2\/media\/175260"}],"wp:attachment":[{"href":"https:\/\/arak.spicehorse.eu\/sk\/wp-json\/wp\/v2\/media?parent=175254"}],"wp:term":[{"taxonomy":"product_cat","embeddable":true,"href":"https:\/\/arak.spicehorse.eu\/sk\/wp-json\/wp\/v2\/product_cat?post=175254"},{"taxonomy":"product_tag","embeddable":true,"href":"https:\/\/arak.spicehorse.eu\/sk\/wp-json\/wp\/v2\/product_tag?post=175254"}],"curies":[{"name":"wp","href":"https:\/\/api.w.org\/{rel}","templated":true}]}}