{"id":176179,"date":"2024-02-07T11:11:17","date_gmt":"2024-02-07T10:11:19","guid":{"rendered":"https:\/\/arak.spicehorse.eu\/?post_type=product&#038;p=176179"},"modified":"2024-02-14T14:07:05","modified_gmt":"2024-02-14T13:07:05","slug":"lemieux-crystal-suede-square-close-contact-skokova-podsedlova-decka-navy","status":"publish","type":"product","link":"https:\/\/arak.spicehorse.eu\/sk\/produkt\/lemieux-crystal-suede-square-close-contact-skokova-podsedlova-decka-navy\/","title":{"rendered":"LeMieux Crystal Suede Square Close Contact skokov\u00e1 podsedlov\u00e1 de\u010dka Navy"},"content":{"rendered":"<p style=\"font-weight: 400;\">LeMieux Crystal Suede Square podsedlov\u00e1 de\u010dka z\u00a0vel\u00faru, s\u00a0m\u00e4kkou a\u00a0priedu\u0161nou bambusovou pod\u0161\u00edvkou s\u00a0ko\u017een\u00fdm PU ochrann\u00fdm podbru\u0161n\u00edkom a\u00a0leskl\u00fdm lemom dod\u00e1va skuto\u010dne nev\u0161edn\u00fd vzh\u013ead. Sofistikovan\u00e9 nov\u00e9 \u0161tepovanie. Dokonale dosad\u00e1, nezo\u0161mykuje sa pri jazden\u00ed. Bambusov\u00e1 pod\u0161\u00edvka dokonale reguluje telesn\u00fa teplotu a\u00a0pot, m\u00e1 mimoriadne absorp\u010dn\u00e9 schopnosti, jej pou\u017e\u00edvanie je extra pohodln\u00e9. Anatomick\u00e9 tvarovanie, vyv\u00fd\u0161enie v\u00a0oblasti koh\u00fatika.<\/p>\n<p style=\"font-weight: 400;\">Mo\u017eno pra\u0165 v\u00a0pr\u00e1\u010dke na 30 stup\u0148och. Odpor\u00fa\u010da sa pou\u017e\u00edvanie vrecka na pranie. \u00a0Such\u00e9 zipsy majte zapnut\u00e9. Nevkladajte do su\u0161i\u010dky.<\/p>\n","protected":false},"excerpt":{"rendered":"<ul>\n<li>Zo Suede vel\u00faru<\/li>\n<li>100% bambus, \u00fa\u010dinne reguluje teplotu a\u00a0odv\u00e1dza vlhkos\u0165<\/li>\n<li>PU ko\u017een\u00e1 \u010das\u0165 na ochranu popruhu<\/li>\n<\/ul>\n","protected":false},"featured_media":176182,"template":"","meta":{"_acf_changed":false},"product_cat":[75,367],"product_tag":[2823,2369,2822,413,1454],"acf":[],"yoast_head":"<!-- This site is optimized with the Yoast SEO plugin v21.4 - https:\/\/yoast.com\/wordpress\/plugins\/seo\/ -->\n<title>LeMieux Crystal Suede Square Close Contact skokov\u00e1 podsedlov\u00e1 de\u010dka Navy - Spicehorse<\/title>\n<meta name=\"description\" content=\"spicehorse.eu | LeMieux Crystal Suede Square podsedlov\u00e1 de\u010dka z\u00a0vel\u00faru, s\u00a0m\u00e4kkou a\u00a0priedu\u0161nou bambusovou pod\u0161\u00edvkou s\u00a0ko\u017een\u00fdm PU ochrann\u00fdm podbru\u0161n\u00edkom a\u00a0leskl\u00fdm lemom dod\u00e1va skuto\u010dne nev\u0161edn\u00fd vzh\u013ead.\" \/>\n<meta name=\"robots\" content=\"index, follow, max-snippet:-1, max-image-preview:large, max-video-preview:-1\" \/>\n<link rel=\"canonical\" href=\"https:\/\/arak.spicehorse.eu\/termek\/lemieux-crystal-suede-square-close-contact-ugro-nyeregalatet-navy\/\" \/>\n<meta property=\"og:locale\" content=\"sk_SK\" \/>\n<meta property=\"og:type\" content=\"article\" \/>\n<meta property=\"og:title\" content=\"LeMieux Crystal Suede Square Close Contact skokov\u00e1 podsedlov\u00e1 de\u010dka Navy - Spicehorse\" \/>\n<meta property=\"og:description\" content=\"spicehorse.eu | LeMieux Crystal Suede Square podsedlov\u00e1 de\u010dka z\u00a0vel\u00faru, s\u00a0m\u00e4kkou a\u00a0priedu\u0161nou bambusovou pod\u0161\u00edvkou s\u00a0ko\u017een\u00fdm PU ochrann\u00fdm podbru\u0161n\u00edkom a\u00a0leskl\u00fdm lemom dod\u00e1va skuto\u010dne nev\u0161edn\u00fd vzh\u013ead.\" \/>\n<meta property=\"og:url\" content=\"https:\/\/arak.spicehorse.eu\/termek\/lemieux-crystal-suede-square-close-contact-ugro-nyeregalatet-navy\/\" \/>\n<meta property=\"og:site_name\" content=\"Spicehorse\" \/>\n<meta property=\"article:publisher\" content=\"https:\/\/www.facebook.com\/SPICEHORSE-550385625402457\/\" \/>\n<meta property=\"article:modified_time\" content=\"2024-02-14T13:07:05+00:00\" \/>\n<meta property=\"og:image\" content=\"https:\/\/arak.spicehorse.eu\/wp-content\/uploads\/2024\/02\/it03580-product-crystalsuedeclosecontactpad-navy-1.jpg\" \/>\n\t<meta property=\"og:image:width\" content=\"769\" \/>\n\t<meta property=\"og:image:height\" content=\"1025\" \/>\n\t<meta property=\"og:image:type\" content=\"image\/jpeg\" \/>\n<meta name=\"twitter:card\" content=\"summary_large_image\" \/>\n<meta name=\"twitter:label1\" content=\"Predpokladan\u00fd \u010das \u010d\u00edtania\" \/>\n\t<meta name=\"twitter:data1\" content=\"1 min\u00fata\" \/>\n<script type=\"application\/ld+json\" class=\"yoast-schema-graph\">{\"@context\":\"https:\/\/schema.org\",\"@graph\":[{\"@type\":\"WebPage\",\"@id\":\"https:\/\/arak.spicehorse.eu\/termek\/lemieux-crystal-suede-square-close-contact-ugro-nyeregalatet-navy\/\",\"url\":\"https:\/\/arak.spicehorse.eu\/termek\/lemieux-crystal-suede-square-close-contact-ugro-nyeregalatet-navy\/\",\"name\":\"LeMieux Crystal Suede Square Close Contact skokov\u00e1 podsedlov\u00e1 de\u010dka Navy - Spicehorse\",\"isPartOf\":{\"@id\":\"https:\/\/arak.spicehorse.eu\/en\/#website\"},\"datePublished\":\"2024-02-07T10:11:19+00:00\",\"dateModified\":\"2024-02-14T13:07:05+00:00\",\"description\":\"spicehorse.eu | LeMieux Crystal Suede Square podsedlov\u00e1 de\u010dka z\u00a0vel\u00faru, s\u00a0m\u00e4kkou a\u00a0priedu\u0161nou bambusovou pod\u0161\u00edvkou s\u00a0ko\u017een\u00fdm PU ochrann\u00fdm podbru\u0161n\u00edkom a\u00a0leskl\u00fdm lemom dod\u00e1va skuto\u010dne nev\u0161edn\u00fd vzh\u013ead.\",\"breadcrumb\":{\"@id\":\"https:\/\/arak.spicehorse.eu\/termek\/lemieux-crystal-suede-square-close-contact-ugro-nyeregalatet-navy\/#breadcrumb\"},\"inLanguage\":\"sk-SK\",\"potentialAction\":[{\"@type\":\"ReadAction\",\"target\":[\"https:\/\/arak.spicehorse.eu\/termek\/lemieux-crystal-suede-square-close-contact-ugro-nyeregalatet-navy\/\"]}]},{\"@type\":\"BreadcrumbList\",\"@id\":\"https:\/\/arak.spicehorse.eu\/termek\/lemieux-crystal-suede-square-close-contact-ugro-nyeregalatet-navy\/#breadcrumb\",\"itemListElement\":[{\"@type\":\"ListItem\",\"position\":1,\"name\":\"Home\",\"item\":\"https:\/\/arak.spicehorse.eu\/sk\/\"},{\"@type\":\"ListItem\",\"position\":2,\"name\":\"Predaj\u0148a\",\"item\":\"https:\/\/arak.spicehorse.eu\/sk\/predajna\/\"},{\"@type\":\"ListItem\",\"position\":3,\"name\":\"LeMieux Crystal Suede Square Close Contact skokov\u00e1 podsedlov\u00e1 de\u010dka Navy\"}]},{\"@type\":\"WebSite\",\"@id\":\"https:\/\/arak.spicehorse.eu\/en\/#website\",\"url\":\"https:\/\/arak.spicehorse.eu\/en\/\",\"name\":\"Spicehorse\",\"description\":\"UNDER DEVELOPMENT -\",\"potentialAction\":[{\"@type\":\"SearchAction\",\"target\":{\"@type\":\"EntryPoint\",\"urlTemplate\":\"https:\/\/arak.spicehorse.eu\/en\/?s={search_term_string}\"},\"query-input\":\"required name=search_term_string\"}],\"inLanguage\":\"sk-SK\"}]}<\/script>\n<!-- \/ Yoast SEO plugin. -->","yoast_head_json":{"title":"LeMieux Crystal Suede Square Close Contact skokov\u00e1 podsedlov\u00e1 de\u010dka Navy - Spicehorse","description":"spicehorse.eu | LeMieux Crystal Suede Square podsedlov\u00e1 de\u010dka z\u00a0vel\u00faru, s\u00a0m\u00e4kkou a\u00a0priedu\u0161nou bambusovou pod\u0161\u00edvkou s\u00a0ko\u017een\u00fdm PU ochrann\u00fdm podbru\u0161n\u00edkom a\u00a0leskl\u00fdm lemom dod\u00e1va skuto\u010dne nev\u0161edn\u00fd vzh\u013ead.","robots":{"index":"index","follow":"follow","max-snippet":"max-snippet:-1","max-image-preview":"max-image-preview:large","max-video-preview":"max-video-preview:-1"},"canonical":"https:\/\/arak.spicehorse.eu\/termek\/lemieux-crystal-suede-square-close-contact-ugro-nyeregalatet-navy\/","og_locale":"sk_SK","og_type":"article","og_title":"LeMieux Crystal Suede Square Close Contact skokov\u00e1 podsedlov\u00e1 de\u010dka Navy - Spicehorse","og_description":"spicehorse.eu | LeMieux Crystal Suede Square podsedlov\u00e1 de\u010dka z\u00a0vel\u00faru, s\u00a0m\u00e4kkou a\u00a0priedu\u0161nou bambusovou pod\u0161\u00edvkou s\u00a0ko\u017een\u00fdm PU ochrann\u00fdm podbru\u0161n\u00edkom a\u00a0leskl\u00fdm lemom dod\u00e1va skuto\u010dne nev\u0161edn\u00fd vzh\u013ead.","og_url":"https:\/\/arak.spicehorse.eu\/termek\/lemieux-crystal-suede-square-close-contact-ugro-nyeregalatet-navy\/","og_site_name":"Spicehorse","article_publisher":"https:\/\/www.facebook.com\/SPICEHORSE-550385625402457\/","article_modified_time":"2024-02-14T13:07:05+00:00","og_image":[{"width":769,"height":1025,"url":"https:\/\/arak.spicehorse.eu\/wp-content\/uploads\/2024\/02\/it03580-product-crystalsuedeclosecontactpad-navy-1.jpg","type":"image\/jpeg"}],"twitter_card":"summary_large_image","twitter_misc":{"Predpokladan\u00fd \u010das \u010d\u00edtania":"1 min\u00fata"},"schema":{"@context":"https:\/\/schema.org","@graph":[{"@type":"WebPage","@id":"https:\/\/arak.spicehorse.eu\/termek\/lemieux-crystal-suede-square-close-contact-ugro-nyeregalatet-navy\/","url":"https:\/\/arak.spicehorse.eu\/termek\/lemieux-crystal-suede-square-close-contact-ugro-nyeregalatet-navy\/","name":"LeMieux Crystal Suede Square Close Contact skokov\u00e1 podsedlov\u00e1 de\u010dka Navy - Spicehorse","isPartOf":{"@id":"https:\/\/arak.spicehorse.eu\/en\/#website"},"datePublished":"2024-02-07T10:11:19+00:00","dateModified":"2024-02-14T13:07:05+00:00","description":"spicehorse.eu | LeMieux Crystal Suede Square podsedlov\u00e1 de\u010dka z\u00a0vel\u00faru, s\u00a0m\u00e4kkou a\u00a0priedu\u0161nou bambusovou pod\u0161\u00edvkou s\u00a0ko\u017een\u00fdm PU ochrann\u00fdm podbru\u0161n\u00edkom a\u00a0leskl\u00fdm lemom dod\u00e1va skuto\u010dne nev\u0161edn\u00fd vzh\u013ead.","breadcrumb":{"@id":"https:\/\/arak.spicehorse.eu\/termek\/lemieux-crystal-suede-square-close-contact-ugro-nyeregalatet-navy\/#breadcrumb"},"inLanguage":"sk-SK","potentialAction":[{"@type":"ReadAction","target":["https:\/\/arak.spicehorse.eu\/termek\/lemieux-crystal-suede-square-close-contact-ugro-nyeregalatet-navy\/"]}]},{"@type":"BreadcrumbList","@id":"https:\/\/arak.spicehorse.eu\/termek\/lemieux-crystal-suede-square-close-contact-ugro-nyeregalatet-navy\/#breadcrumb","itemListElement":[{"@type":"ListItem","position":1,"name":"Home","item":"https:\/\/arak.spicehorse.eu\/sk\/"},{"@type":"ListItem","position":2,"name":"Predaj\u0148a","item":"https:\/\/arak.spicehorse.eu\/sk\/predajna\/"},{"@type":"ListItem","position":3,"name":"LeMieux Crystal Suede Square Close Contact skokov\u00e1 podsedlov\u00e1 de\u010dka Navy"}]},{"@type":"WebSite","@id":"https:\/\/arak.spicehorse.eu\/en\/#website","url":"https:\/\/arak.spicehorse.eu\/en\/","name":"Spicehorse","description":"UNDER DEVELOPMENT -","potentialAction":[{"@type":"SearchAction","target":{"@type":"EntryPoint","urlTemplate":"https:\/\/arak.spicehorse.eu\/en\/?s={search_term_string}"},"query-input":"required name=search_term_string"}],"inLanguage":"sk-SK"}]}},"_links":{"self":[{"href":"https:\/\/arak.spicehorse.eu\/sk\/wp-json\/wp\/v2\/product\/176179"}],"collection":[{"href":"https:\/\/arak.spicehorse.eu\/sk\/wp-json\/wp\/v2\/product"}],"about":[{"href":"https:\/\/arak.spicehorse.eu\/sk\/wp-json\/wp\/v2\/types\/product"}],"wp:featuredmedia":[{"embeddable":true,"href":"https:\/\/arak.spicehorse.eu\/sk\/wp-json\/wp\/v2\/media\/176182"}],"wp:attachment":[{"href":"https:\/\/arak.spicehorse.eu\/sk\/wp-json\/wp\/v2\/media?parent=176179"}],"wp:term":[{"taxonomy":"product_cat","embeddable":true,"href":"https:\/\/arak.spicehorse.eu\/sk\/wp-json\/wp\/v2\/product_cat?post=176179"},{"taxonomy":"product_tag","embeddable":true,"href":"https:\/\/arak.spicehorse.eu\/sk\/wp-json\/wp\/v2\/product_tag?post=176179"}],"curies":[{"name":"wp","href":"https:\/\/api.w.org\/{rel}","templated":true}]}}