{"id":176218,"date":"2024-02-07T15:43:07","date_gmt":"2024-02-07T14:43:10","guid":{"rendered":"https:\/\/arak.spicehorse.eu\/?post_type=product&#038;p=176218"},"modified":"2024-02-14T14:08:22","modified_gmt":"2024-02-14T13:08:22","slug":"lemieux-crystal-cabraka-burgundy","status":"publish","type":"product","link":"https:\/\/arak.spicehorse.eu\/sk\/produkt\/lemieux-crystal-cabraka-burgundy\/","title":{"rendered":"LeMieux Crystal \u010dabraka Burgundy"},"content":{"rendered":"<p style=\"font-weight: 400;\">LeMieux Crystal \u010dabraka dod\u00e1va nev\u0161edn\u00fd a\u00a0jedine\u010dn\u00fd vzh\u013ead. S\u00a0kr\u00e1snymi leskl\u00fdmi detailmi. Je vyroben\u00e1 zo \u0161trikovan\u00e9ho materi\u00e1lu na\u0165ahuj\u00faceho sa do 4 smerov, elastick\u00e1 u\u0161n\u00e1 \u010das\u0165, zni\u017euje ru\u0161iv\u00e9 zvuky z\u00a0okolia.\u00a0 Je \u0161t\u00fdlov\u00e1 a\u00a0funk\u010dn\u00e1, je dokonalou vo\u013ebou aj na s\u00fa\u0165a\u017ee! Jej nosenie je pohodln\u00e9, nezo\u0161mykuje sa pri jazden\u00ed.<\/p>\n<p style=\"font-weight: 400;\">S\u00fa\u010das\u0165 kolekcie LeMieux Crystal.<\/p>\n<p style=\"font-weight: 400;\">Mo\u017eno pra\u0165 v\u00a0pr\u00e1\u010dke na 30 stup\u0148och. Odpor\u00fa\u010da sa pou\u017e\u00edvanie vrecka na pranie. \u00a0Such\u00e9 zipsy majte zapnut\u00e9. Nevkladajte do su\u0161i\u010dky.<\/p>\n","protected":false},"excerpt":{"rendered":"<p>LeMieux Crystal \u010dabraka dod\u00e1va nev\u0161edn\u00fd a\u00a0jedine\u010dn\u00fd vzh\u013ead. S\u00a0kr\u00e1snymi leskl\u00fdmi detailmi. Je vyroben\u00e1 zo \u0161trikovan\u00e9ho materi\u00e1lu na\u0165ahuj\u00faceho sa do 4 smerov, elastick\u00e1 u\u0161n\u00e1 \u010das\u0165, zni\u017euje ru\u0161iv\u00e9 zvuky z\u00a0okolia.\u00a0 Je \u0161t\u00fdlov\u00e1 a\u00a0funk\u010dn\u00e1, je dokonalou vo\u013ebou aj na s\u00fa\u0165a\u017ee! Jej nosenie je pohodln\u00e9, nezo\u0161mykuje sa pri jazden\u00ed. S\u00fa\u010das\u0165 kolekcie LeMieux Crystal. Mo\u017eno pra\u0165 v\u00a0pr\u00e1\u010dke na 30 stup\u0148och. Odpor\u00fa\u010da [&hellip;]<\/p>\n","protected":false},"featured_media":176221,"template":"","meta":{"_acf_changed":false},"product_cat":[75,108],"product_tag":[2821,2823,2369,2822],"acf":[],"yoast_head":"<!-- This site is optimized with the Yoast SEO plugin v21.4 - https:\/\/yoast.com\/wordpress\/plugins\/seo\/ -->\n<title>LeMieux Crystal \u010dabraka Burgundy - Spicehorse<\/title>\n<meta name=\"description\" content=\"spicehorse.eu | LeMieux Crystal \u010dabraka dod\u00e1va nev\u0161edn\u00fd a\u00a0jedine\u010dn\u00fd vzh\u013ead. S\u00a0kr\u00e1snymi leskl\u00fdmi detailmi.\" \/>\n<meta name=\"robots\" content=\"index, follow, max-snippet:-1, max-image-preview:large, max-video-preview:-1\" \/>\n<link rel=\"canonical\" href=\"https:\/\/arak.spicehorse.eu\/termek\/lemieux-crystal-fulvedo-burgundy\/\" \/>\n<meta property=\"og:locale\" content=\"sk_SK\" \/>\n<meta property=\"og:type\" content=\"article\" \/>\n<meta property=\"og:title\" content=\"LeMieux Crystal \u010dabraka Burgundy - Spicehorse\" \/>\n<meta property=\"og:description\" content=\"spicehorse.eu | LeMieux Crystal \u010dabraka dod\u00e1va nev\u0161edn\u00fd a\u00a0jedine\u010dn\u00fd vzh\u013ead. S\u00a0kr\u00e1snymi leskl\u00fdmi detailmi.\" \/>\n<meta property=\"og:url\" content=\"https:\/\/arak.spicehorse.eu\/termek\/lemieux-crystal-fulvedo-burgundy\/\" \/>\n<meta property=\"og:site_name\" content=\"Spicehorse\" \/>\n<meta property=\"article:publisher\" content=\"https:\/\/www.facebook.com\/SPICEHORSE-550385625402457\/\" \/>\n<meta property=\"article:modified_time\" content=\"2024-02-14T13:08:22+00:00\" \/>\n<meta property=\"og:image\" content=\"https:\/\/arak.spicehorse.eu\/wp-content\/uploads\/2024\/02\/lemieux-crystal-ears-cc24-burg01.jpg\" \/>\n\t<meta property=\"og:image:width\" content=\"1200\" \/>\n\t<meta property=\"og:image:height\" content=\"1200\" \/>\n\t<meta property=\"og:image:type\" content=\"image\/jpeg\" \/>\n<meta name=\"twitter:card\" content=\"summary_large_image\" \/>\n<script type=\"application\/ld+json\" class=\"yoast-schema-graph\">{\"@context\":\"https:\/\/schema.org\",\"@graph\":[{\"@type\":\"WebPage\",\"@id\":\"https:\/\/arak.spicehorse.eu\/termek\/lemieux-crystal-fulvedo-burgundy\/\",\"url\":\"https:\/\/arak.spicehorse.eu\/termek\/lemieux-crystal-fulvedo-burgundy\/\",\"name\":\"LeMieux Crystal \u010dabraka Burgundy - Spicehorse\",\"isPartOf\":{\"@id\":\"https:\/\/arak.spicehorse.eu\/en\/#website\"},\"datePublished\":\"2024-02-07T14:43:10+00:00\",\"dateModified\":\"2024-02-14T13:08:22+00:00\",\"description\":\"spicehorse.eu | LeMieux Crystal \u010dabraka dod\u00e1va nev\u0161edn\u00fd a\u00a0jedine\u010dn\u00fd vzh\u013ead. S\u00a0kr\u00e1snymi leskl\u00fdmi detailmi.\",\"breadcrumb\":{\"@id\":\"https:\/\/arak.spicehorse.eu\/termek\/lemieux-crystal-fulvedo-burgundy\/#breadcrumb\"},\"inLanguage\":\"sk-SK\",\"potentialAction\":[{\"@type\":\"ReadAction\",\"target\":[\"https:\/\/arak.spicehorse.eu\/termek\/lemieux-crystal-fulvedo-burgundy\/\"]}]},{\"@type\":\"BreadcrumbList\",\"@id\":\"https:\/\/arak.spicehorse.eu\/termek\/lemieux-crystal-fulvedo-burgundy\/#breadcrumb\",\"itemListElement\":[{\"@type\":\"ListItem\",\"position\":1,\"name\":\"Home\",\"item\":\"https:\/\/arak.spicehorse.eu\/sk\/\"},{\"@type\":\"ListItem\",\"position\":2,\"name\":\"Predaj\u0148a\",\"item\":\"https:\/\/arak.spicehorse.eu\/sk\/predajna\/\"},{\"@type\":\"ListItem\",\"position\":3,\"name\":\"LeMieux Crystal \u010dabraka Burgundy\"}]},{\"@type\":\"WebSite\",\"@id\":\"https:\/\/arak.spicehorse.eu\/en\/#website\",\"url\":\"https:\/\/arak.spicehorse.eu\/en\/\",\"name\":\"Spicehorse\",\"description\":\"UNDER DEVELOPMENT -\",\"potentialAction\":[{\"@type\":\"SearchAction\",\"target\":{\"@type\":\"EntryPoint\",\"urlTemplate\":\"https:\/\/arak.spicehorse.eu\/en\/?s={search_term_string}\"},\"query-input\":\"required name=search_term_string\"}],\"inLanguage\":\"sk-SK\"}]}<\/script>\n<!-- \/ Yoast SEO plugin. -->","yoast_head_json":{"title":"LeMieux Crystal \u010dabraka Burgundy - Spicehorse","description":"spicehorse.eu | LeMieux Crystal \u010dabraka dod\u00e1va nev\u0161edn\u00fd a\u00a0jedine\u010dn\u00fd vzh\u013ead. S\u00a0kr\u00e1snymi leskl\u00fdmi detailmi.","robots":{"index":"index","follow":"follow","max-snippet":"max-snippet:-1","max-image-preview":"max-image-preview:large","max-video-preview":"max-video-preview:-1"},"canonical":"https:\/\/arak.spicehorse.eu\/termek\/lemieux-crystal-fulvedo-burgundy\/","og_locale":"sk_SK","og_type":"article","og_title":"LeMieux Crystal \u010dabraka Burgundy - Spicehorse","og_description":"spicehorse.eu | LeMieux Crystal \u010dabraka dod\u00e1va nev\u0161edn\u00fd a\u00a0jedine\u010dn\u00fd vzh\u013ead. S\u00a0kr\u00e1snymi leskl\u00fdmi detailmi.","og_url":"https:\/\/arak.spicehorse.eu\/termek\/lemieux-crystal-fulvedo-burgundy\/","og_site_name":"Spicehorse","article_publisher":"https:\/\/www.facebook.com\/SPICEHORSE-550385625402457\/","article_modified_time":"2024-02-14T13:08:22+00:00","og_image":[{"width":1200,"height":1200,"url":"https:\/\/arak.spicehorse.eu\/wp-content\/uploads\/2024\/02\/lemieux-crystal-ears-cc24-burg01.jpg","type":"image\/jpeg"}],"twitter_card":"summary_large_image","schema":{"@context":"https:\/\/schema.org","@graph":[{"@type":"WebPage","@id":"https:\/\/arak.spicehorse.eu\/termek\/lemieux-crystal-fulvedo-burgundy\/","url":"https:\/\/arak.spicehorse.eu\/termek\/lemieux-crystal-fulvedo-burgundy\/","name":"LeMieux Crystal \u010dabraka Burgundy - Spicehorse","isPartOf":{"@id":"https:\/\/arak.spicehorse.eu\/en\/#website"},"datePublished":"2024-02-07T14:43:10+00:00","dateModified":"2024-02-14T13:08:22+00:00","description":"spicehorse.eu | LeMieux Crystal \u010dabraka dod\u00e1va nev\u0161edn\u00fd a\u00a0jedine\u010dn\u00fd vzh\u013ead. S\u00a0kr\u00e1snymi leskl\u00fdmi detailmi.","breadcrumb":{"@id":"https:\/\/arak.spicehorse.eu\/termek\/lemieux-crystal-fulvedo-burgundy\/#breadcrumb"},"inLanguage":"sk-SK","potentialAction":[{"@type":"ReadAction","target":["https:\/\/arak.spicehorse.eu\/termek\/lemieux-crystal-fulvedo-burgundy\/"]}]},{"@type":"BreadcrumbList","@id":"https:\/\/arak.spicehorse.eu\/termek\/lemieux-crystal-fulvedo-burgundy\/#breadcrumb","itemListElement":[{"@type":"ListItem","position":1,"name":"Home","item":"https:\/\/arak.spicehorse.eu\/sk\/"},{"@type":"ListItem","position":2,"name":"Predaj\u0148a","item":"https:\/\/arak.spicehorse.eu\/sk\/predajna\/"},{"@type":"ListItem","position":3,"name":"LeMieux Crystal \u010dabraka Burgundy"}]},{"@type":"WebSite","@id":"https:\/\/arak.spicehorse.eu\/en\/#website","url":"https:\/\/arak.spicehorse.eu\/en\/","name":"Spicehorse","description":"UNDER DEVELOPMENT -","potentialAction":[{"@type":"SearchAction","target":{"@type":"EntryPoint","urlTemplate":"https:\/\/arak.spicehorse.eu\/en\/?s={search_term_string}"},"query-input":"required name=search_term_string"}],"inLanguage":"sk-SK"}]}},"_links":{"self":[{"href":"https:\/\/arak.spicehorse.eu\/sk\/wp-json\/wp\/v2\/product\/176218"}],"collection":[{"href":"https:\/\/arak.spicehorse.eu\/sk\/wp-json\/wp\/v2\/product"}],"about":[{"href":"https:\/\/arak.spicehorse.eu\/sk\/wp-json\/wp\/v2\/types\/product"}],"wp:featuredmedia":[{"embeddable":true,"href":"https:\/\/arak.spicehorse.eu\/sk\/wp-json\/wp\/v2\/media\/176221"}],"wp:attachment":[{"href":"https:\/\/arak.spicehorse.eu\/sk\/wp-json\/wp\/v2\/media?parent=176218"}],"wp:term":[{"taxonomy":"product_cat","embeddable":true,"href":"https:\/\/arak.spicehorse.eu\/sk\/wp-json\/wp\/v2\/product_cat?post=176218"},{"taxonomy":"product_tag","embeddable":true,"href":"https:\/\/arak.spicehorse.eu\/sk\/wp-json\/wp\/v2\/product_tag?post=176218"}],"curies":[{"name":"wp","href":"https:\/\/api.w.org\/{rel}","templated":true}]}}