{"id":176265,"date":"2024-02-08T18:45:30","date_gmt":"2024-02-08T17:45:38","guid":{"rendered":"https:\/\/arak.spicehorse.eu\/?post_type=product&#038;p=176265"},"modified":"2024-02-14T14:09:21","modified_gmt":"2024-02-14T13:09:21","slug":"kentucky-hunter-skokova-podsedlova-decka-s-veganskym-barancekom","status":"publish","type":"product","link":"https:\/\/arak.spicehorse.eu\/sk\/produkt\/kentucky-hunter-skokova-podsedlova-decka-s-veganskym-barancekom\/","title":{"rendered":"Kentucky Hunter skokov\u00e1 podsedlov\u00e1 de\u010dka s veg\u00e1nskym baran\u010dekom"},"content":{"rendered":"<p style=\"font-weight: 400;\">Kentucky Horsewear Hunter podsedlov\u00e1 de\u010dka s\u00a0veg\u00e1nskym baran\u010dekom zni\u017euje tlakov\u00e9 body a\u00a0prehriatie, a\u00a0z\u00e1rove\u0148 zabra\u0148uje vy\u0161\u00fachaniu ko\u017ee. Maxim\u00e1lne pohodlie a\u00a0elegantn\u00fd po\u013eovn\u00edcky Hunter \u0161t\u00fdl. Je ide\u00e1lnou vo\u013ebou pre po\u013eovn\u00edkov, ale odpor\u00fa\u010da sa aj na ka\u017edodenn\u00e9 pou\u017e\u00edvanie.<\/p>\n<p style=\"font-weight: 400;\">Vn\u00fatorn\u00e1 \u010das\u0165 je vyroben\u00e1 s\u00a0pod\u0161\u00edvkou zo syntetick\u00e9ho baran\u010deka, zni\u017euje tlakov\u00e9 body a\u00a0zabra\u0148uje vy\u0161\u00fachaniu ko\u017ee, pre kone je mimoriadne pohodln\u00e1. Je dokonal\u00e1 aj pre kone s\u00a0citlivou poko\u017ekou. Lem podsedlovej de\u010dky je tie\u017e pod\u0161it\u00fd baran\u010dekom. So such\u00fdmi zipsami a\u00a0sponami na prevle\u010denie podbru\u0161n\u00edka pre jednoduch\u00e9 a\u00a0stabiln\u00e9 upevnenie.<\/p>\n<p style=\"font-weight: 400;\">Hunter strih zabezpe\u010duje nielen maxim\u00e1lne pohodlie, ale aj bl\u00edzky (close contact) s\u00a0na\u0161im ko\u0148om. Strih je ide\u00e1lny pre skokov\u00e9 aj univerz\u00e1lne sedl\u00e1. L\u00ednia chrbtice zost\u00e1va vo\u013en\u00e1. Mo\u017eno pra\u0165 v\u00a0pr\u00e1\u010dke na 30\u00b0C (nevkladajte do su\u0161i\u010dky).<\/p>\n","protected":false},"excerpt":{"rendered":"<h3 style=\"font-weight: 400;\"><strong>Kentucky Hunter podsedlov\u00e1 de\u010dka zni\u017euje tlakov\u00e9 body a\u00a0prehriate, zabra\u0148uje vy\u0161\u00fachaniu ko\u017ee. Maxim\u00e1lne pohodlie a\u00a0elegantn\u00fd dizajn v\u00a0po\u013eovn\u00edckom Hunter \u0161t\u00fdle.<\/strong><\/h3>\n<ul style=\"font-weight: 400;\">\n<li>Po\u013eovn\u00edcky Hunter \u0161t\u00fdl<\/li>\n<li>S\u00a0pod\u0161\u00edvkou z\u00a0veg\u00e1nskeho baran\u010deka<\/li>\n<li>Extra m\u00e4kk\u00e1 a priedu\u0161n\u00e1<\/li>\n<li>Je ide\u00e1lna aj pre kone s\u00a0citlivou poko\u017ekou<\/li>\n<li>So such\u00fdmi zipsami a\u00a0sponami na prevle\u010denie podbru\u0161n\u00edka<\/li>\n<\/ul>\n","protected":false},"featured_media":176281,"template":"","meta":{"_acf_changed":false},"product_cat":[75,367],"product_tag":[184,219,186],"acf":[],"yoast_head":"<!-- This site is optimized with the Yoast SEO plugin v21.4 - https:\/\/yoast.com\/wordpress\/plugins\/seo\/ -->\n<title>Kentucky Hunter skokov\u00e1 podsedlov\u00e1 de\u010dka s veg\u00e1nskym baran\u010dekom - Spicehorse<\/title>\n<meta name=\"description\" content=\"spicehorse.eu | Kentucky Horsewear Hunter podsedlov\u00e1 de\u010dka s\u00a0veg\u00e1nskym baran\u010dekom zni\u017euje tlakov\u00e9 body a\u00a0prehriatie, a\u00a0z\u00e1rove\u0148 zabra\u0148uje vy\u0161\u00fachaniu ko\u017ee.\" \/>\n<meta name=\"robots\" content=\"index, follow, max-snippet:-1, max-image-preview:large, max-video-preview:-1\" \/>\n<link rel=\"canonical\" href=\"https:\/\/arak.spicehorse.eu\/termek\/kentucky-hunter-vegan-baranyszoros-ugro-nyeregalatet\/\" \/>\n<meta property=\"og:locale\" content=\"sk_SK\" \/>\n<meta property=\"og:type\" content=\"article\" \/>\n<meta property=\"og:title\" content=\"Kentucky Hunter skokov\u00e1 podsedlov\u00e1 de\u010dka s veg\u00e1nskym baran\u010dekom - Spicehorse\" \/>\n<meta property=\"og:description\" content=\"spicehorse.eu | Kentucky Horsewear Hunter podsedlov\u00e1 de\u010dka s\u00a0veg\u00e1nskym baran\u010dekom zni\u017euje tlakov\u00e9 body a\u00a0prehriatie, a\u00a0z\u00e1rove\u0148 zabra\u0148uje vy\u0161\u00fachaniu ko\u017ee.\" \/>\n<meta property=\"og:url\" content=\"https:\/\/arak.spicehorse.eu\/termek\/kentucky-hunter-vegan-baranyszoros-ugro-nyeregalatet\/\" \/>\n<meta property=\"og:site_name\" content=\"Spicehorse\" \/>\n<meta property=\"article:publisher\" content=\"https:\/\/www.facebook.com\/SPICEHORSE-550385625402457\/\" \/>\n<meta property=\"article:modified_time\" content=\"2024-02-14T13:09:21+00:00\" \/>\n<meta property=\"og:image\" content=\"https:\/\/arak.spicehorse.eu\/wp-content\/uploads\/2024\/02\/42714-01-new-scaled.jpg\" \/>\n\t<meta property=\"og:image:width\" content=\"2560\" \/>\n\t<meta property=\"og:image:height\" content=\"2560\" \/>\n\t<meta property=\"og:image:type\" content=\"image\/jpeg\" \/>\n<meta name=\"twitter:card\" content=\"summary_large_image\" \/>\n<meta name=\"twitter:label1\" content=\"Predpokladan\u00fd \u010das \u010d\u00edtania\" \/>\n\t<meta name=\"twitter:data1\" content=\"1 min\u00fata\" \/>\n<script type=\"application\/ld+json\" class=\"yoast-schema-graph\">{\"@context\":\"https:\/\/schema.org\",\"@graph\":[{\"@type\":\"WebPage\",\"@id\":\"https:\/\/arak.spicehorse.eu\/termek\/kentucky-hunter-vegan-baranyszoros-ugro-nyeregalatet\/\",\"url\":\"https:\/\/arak.spicehorse.eu\/termek\/kentucky-hunter-vegan-baranyszoros-ugro-nyeregalatet\/\",\"name\":\"Kentucky Hunter skokov\u00e1 podsedlov\u00e1 de\u010dka s veg\u00e1nskym baran\u010dekom - Spicehorse\",\"isPartOf\":{\"@id\":\"https:\/\/arak.spicehorse.eu\/en\/#website\"},\"datePublished\":\"2024-02-08T17:45:38+00:00\",\"dateModified\":\"2024-02-14T13:09:21+00:00\",\"description\":\"spicehorse.eu | Kentucky Horsewear Hunter podsedlov\u00e1 de\u010dka s\u00a0veg\u00e1nskym baran\u010dekom zni\u017euje tlakov\u00e9 body a\u00a0prehriatie, a\u00a0z\u00e1rove\u0148 zabra\u0148uje vy\u0161\u00fachaniu ko\u017ee.\",\"breadcrumb\":{\"@id\":\"https:\/\/arak.spicehorse.eu\/termek\/kentucky-hunter-vegan-baranyszoros-ugro-nyeregalatet\/#breadcrumb\"},\"inLanguage\":\"sk-SK\",\"potentialAction\":[{\"@type\":\"ReadAction\",\"target\":[\"https:\/\/arak.spicehorse.eu\/termek\/kentucky-hunter-vegan-baranyszoros-ugro-nyeregalatet\/\"]}]},{\"@type\":\"BreadcrumbList\",\"@id\":\"https:\/\/arak.spicehorse.eu\/termek\/kentucky-hunter-vegan-baranyszoros-ugro-nyeregalatet\/#breadcrumb\",\"itemListElement\":[{\"@type\":\"ListItem\",\"position\":1,\"name\":\"Home\",\"item\":\"https:\/\/arak.spicehorse.eu\/sk\/\"},{\"@type\":\"ListItem\",\"position\":2,\"name\":\"Predaj\u0148a\",\"item\":\"https:\/\/arak.spicehorse.eu\/sk\/predajna\/\"},{\"@type\":\"ListItem\",\"position\":3,\"name\":\"Kentucky Hunter skokov\u00e1 podsedlov\u00e1 de\u010dka s veg\u00e1nskym baran\u010dekom\"}]},{\"@type\":\"WebSite\",\"@id\":\"https:\/\/arak.spicehorse.eu\/en\/#website\",\"url\":\"https:\/\/arak.spicehorse.eu\/en\/\",\"name\":\"Spicehorse\",\"description\":\"UNDER DEVELOPMENT -\",\"potentialAction\":[{\"@type\":\"SearchAction\",\"target\":{\"@type\":\"EntryPoint\",\"urlTemplate\":\"https:\/\/arak.spicehorse.eu\/en\/?s={search_term_string}\"},\"query-input\":\"required name=search_term_string\"}],\"inLanguage\":\"sk-SK\"}]}<\/script>\n<!-- \/ Yoast SEO plugin. -->","yoast_head_json":{"title":"Kentucky Hunter skokov\u00e1 podsedlov\u00e1 de\u010dka s veg\u00e1nskym baran\u010dekom - Spicehorse","description":"spicehorse.eu | Kentucky Horsewear Hunter podsedlov\u00e1 de\u010dka s\u00a0veg\u00e1nskym baran\u010dekom zni\u017euje tlakov\u00e9 body a\u00a0prehriatie, a\u00a0z\u00e1rove\u0148 zabra\u0148uje vy\u0161\u00fachaniu ko\u017ee.","robots":{"index":"index","follow":"follow","max-snippet":"max-snippet:-1","max-image-preview":"max-image-preview:large","max-video-preview":"max-video-preview:-1"},"canonical":"https:\/\/arak.spicehorse.eu\/termek\/kentucky-hunter-vegan-baranyszoros-ugro-nyeregalatet\/","og_locale":"sk_SK","og_type":"article","og_title":"Kentucky Hunter skokov\u00e1 podsedlov\u00e1 de\u010dka s veg\u00e1nskym baran\u010dekom - Spicehorse","og_description":"spicehorse.eu | Kentucky Horsewear Hunter podsedlov\u00e1 de\u010dka s\u00a0veg\u00e1nskym baran\u010dekom zni\u017euje tlakov\u00e9 body a\u00a0prehriatie, a\u00a0z\u00e1rove\u0148 zabra\u0148uje vy\u0161\u00fachaniu ko\u017ee.","og_url":"https:\/\/arak.spicehorse.eu\/termek\/kentucky-hunter-vegan-baranyszoros-ugro-nyeregalatet\/","og_site_name":"Spicehorse","article_publisher":"https:\/\/www.facebook.com\/SPICEHORSE-550385625402457\/","article_modified_time":"2024-02-14T13:09:21+00:00","og_image":[{"width":2560,"height":2560,"url":"https:\/\/arak.spicehorse.eu\/wp-content\/uploads\/2024\/02\/42714-01-new-scaled.jpg","type":"image\/jpeg"}],"twitter_card":"summary_large_image","twitter_misc":{"Predpokladan\u00fd \u010das \u010d\u00edtania":"1 min\u00fata"},"schema":{"@context":"https:\/\/schema.org","@graph":[{"@type":"WebPage","@id":"https:\/\/arak.spicehorse.eu\/termek\/kentucky-hunter-vegan-baranyszoros-ugro-nyeregalatet\/","url":"https:\/\/arak.spicehorse.eu\/termek\/kentucky-hunter-vegan-baranyszoros-ugro-nyeregalatet\/","name":"Kentucky Hunter skokov\u00e1 podsedlov\u00e1 de\u010dka s veg\u00e1nskym baran\u010dekom - Spicehorse","isPartOf":{"@id":"https:\/\/arak.spicehorse.eu\/en\/#website"},"datePublished":"2024-02-08T17:45:38+00:00","dateModified":"2024-02-14T13:09:21+00:00","description":"spicehorse.eu | Kentucky Horsewear Hunter podsedlov\u00e1 de\u010dka s\u00a0veg\u00e1nskym baran\u010dekom zni\u017euje tlakov\u00e9 body a\u00a0prehriatie, a\u00a0z\u00e1rove\u0148 zabra\u0148uje vy\u0161\u00fachaniu ko\u017ee.","breadcrumb":{"@id":"https:\/\/arak.spicehorse.eu\/termek\/kentucky-hunter-vegan-baranyszoros-ugro-nyeregalatet\/#breadcrumb"},"inLanguage":"sk-SK","potentialAction":[{"@type":"ReadAction","target":["https:\/\/arak.spicehorse.eu\/termek\/kentucky-hunter-vegan-baranyszoros-ugro-nyeregalatet\/"]}]},{"@type":"BreadcrumbList","@id":"https:\/\/arak.spicehorse.eu\/termek\/kentucky-hunter-vegan-baranyszoros-ugro-nyeregalatet\/#breadcrumb","itemListElement":[{"@type":"ListItem","position":1,"name":"Home","item":"https:\/\/arak.spicehorse.eu\/sk\/"},{"@type":"ListItem","position":2,"name":"Predaj\u0148a","item":"https:\/\/arak.spicehorse.eu\/sk\/predajna\/"},{"@type":"ListItem","position":3,"name":"Kentucky Hunter skokov\u00e1 podsedlov\u00e1 de\u010dka s veg\u00e1nskym baran\u010dekom"}]},{"@type":"WebSite","@id":"https:\/\/arak.spicehorse.eu\/en\/#website","url":"https:\/\/arak.spicehorse.eu\/en\/","name":"Spicehorse","description":"UNDER DEVELOPMENT -","potentialAction":[{"@type":"SearchAction","target":{"@type":"EntryPoint","urlTemplate":"https:\/\/arak.spicehorse.eu\/en\/?s={search_term_string}"},"query-input":"required name=search_term_string"}],"inLanguage":"sk-SK"}]}},"_links":{"self":[{"href":"https:\/\/arak.spicehorse.eu\/sk\/wp-json\/wp\/v2\/product\/176265"}],"collection":[{"href":"https:\/\/arak.spicehorse.eu\/sk\/wp-json\/wp\/v2\/product"}],"about":[{"href":"https:\/\/arak.spicehorse.eu\/sk\/wp-json\/wp\/v2\/types\/product"}],"wp:featuredmedia":[{"embeddable":true,"href":"https:\/\/arak.spicehorse.eu\/sk\/wp-json\/wp\/v2\/media\/176281"}],"wp:attachment":[{"href":"https:\/\/arak.spicehorse.eu\/sk\/wp-json\/wp\/v2\/media?parent=176265"}],"wp:term":[{"taxonomy":"product_cat","embeddable":true,"href":"https:\/\/arak.spicehorse.eu\/sk\/wp-json\/wp\/v2\/product_cat?post=176265"},{"taxonomy":"product_tag","embeddable":true,"href":"https:\/\/arak.spicehorse.eu\/sk\/wp-json\/wp\/v2\/product_tag?post=176265"}],"curies":[{"name":"wp","href":"https:\/\/api.w.org\/{rel}","templated":true}]}}