{"id":176998,"date":"2024-02-20T17:23:28","date_gmt":"2024-02-20T16:23:34","guid":{"rendered":"https:\/\/arak.spicehorse.eu\/?post_type=product&#038;p=176998"},"modified":"2024-03-04T10:30:00","modified_gmt":"2024-03-04T09:30:00","slug":"kentucky-plaited-3d-logo-skokova-podsedlova-decka","status":"publish","type":"product","link":"https:\/\/arak.spicehorse.eu\/sk\/produkt\/kentucky-plaited-3d-logo-skokova-podsedlova-decka\/","title":{"rendered":"Kentucky Plaited 3D Logo skokov\u00e1 podsedlov\u00e1 de\u010dka"},"content":{"rendered":"<div>\n<p><span lang=\"SK\">Kentucky Horsewear Plaited 3D Logo podsedlov\u00e1 de\u010dka je m\u00e4kko polstrovan\u00e1 a\u00a0dokonale dosad\u00e1 medzi chrb\u00e1t ko\u0148a a\u00a0sedlo, pri\u010dom chr\u00e1ni chrb\u00e1t ko\u0148a pred vy\u0161\u00fachan\u00edm. 3D reli\u00e9fne logo po oboch stran\u00e1ch, ale na \u017eelanie mo\u017eno na \u0148u umiestni\u0165 aj sponzorsk\u00e9 logo. Je dostupn\u00e1 vo viacer\u00fdch farb\u00e1ch, s\u00a0ladiacou \u010dabrakou a\u00a0ba\u015beballovou \u010diapkou. <\/span><\/p>\n<\/div>\n<div>\n<p><span lang=\"SK\">Jedine\u010dn\u00e9 \u0161tepovanie, vn\u00fatorn\u00e1 \u010das\u0165 je zmes bavlny a\u00a0polyesteru, \u013eahko odv\u00e1dza vlhkos\u0165 a\u00a0je mimoriadne priedu\u0161n\u00e1.<\/span><\/p>\n<\/div>\n<div>\n<p><span lang=\"SK\">Anatomick\u00e9 tvarovanie, nevyv\u00edja tlak na citliv\u00fa oblas\u0165 koh\u00fatika. Bez ru\u0161iv\u00fdch such\u00fdch zipsov, iba jeden nylonov\u00fd popruh na pripojenie k\u00a0podbru\u0161n\u00edku. V\u010faka anatomick\u00e9mu tvarovaniu sa nezo\u0161mykuje pri jazden\u00ed. Je dostupn\u00e1 v\u00a0skokovej aj drez\u00farnej faz\u00f3ne. <\/span><\/p>\n<\/div>\n<div>\n<p><span lang=\"SK\">Mo\u017eno pra\u0165 v\u00a0pr\u00e1\u010dke na 30\u00b0 (nevkladajte do su\u0161i\u010dky)<\/span><\/p>\n<\/div>\n","protected":false},"excerpt":{"rendered":"<h3 style=\"font-weight: 400;\"><strong>Kentucky Plaited 3D podsedlov\u00e1 de\u010dka dod\u00e1va sofistikovan\u00fd a\u00a0\u0161t\u00fdlov\u00fd vzh\u013ead v\u010faka reli\u00e9fnemu 3D logu.<\/strong><\/h3>\n<ul style=\"font-weight: 400;\">\n<li>Nov\u00fd dizajn<\/li>\n<li>Jedine\u010dn\u00e9 \u0161tepovanie<\/li>\n<li>3D logo po oboch stran\u00e1ch<\/li>\n<li>Mo\u017enos\u0165 umiestnenia sponzorsk\u00e9ho loga<\/li>\n<\/ul>\n","protected":false},"featured_media":177028,"template":"","meta":{"_acf_changed":false},"product_cat":[75,367],"product_tag":[2832,184,219],"acf":[],"yoast_head":"<!-- This site is optimized with the Yoast SEO plugin v21.4 - https:\/\/yoast.com\/wordpress\/plugins\/seo\/ -->\n<title>Kentucky Plaited 3D Logo skokov\u00e1 podsedlov\u00e1 de\u010dka - Spicehorse<\/title>\n<meta name=\"description\" content=\"spicehorse.eu | Kentucky Horsewear Plaited 3D Logo podsedlov\u00e1 de\u010dka je m\u00e4kko polstrovan\u00e1 a\u00a0dokonale dosad\u00e1 medzi chrb\u00e1t ko\u0148a a\u00a0sedlo, pri\u010dom chr\u00e1ni chrb\u00e1t ko\u0148a pred vy\u0161\u00fachan\u00edm.\" \/>\n<meta name=\"robots\" content=\"index, follow, max-snippet:-1, max-image-preview:large, max-video-preview:-1\" \/>\n<link rel=\"canonical\" href=\"https:\/\/arak.spicehorse.eu\/termek\/kentucky-plaited-3d-logo-ugro-nyeregalatet\/\" \/>\n<meta property=\"og:locale\" content=\"sk_SK\" \/>\n<meta property=\"og:type\" content=\"article\" \/>\n<meta property=\"og:title\" content=\"Kentucky Plaited 3D Logo skokov\u00e1 podsedlov\u00e1 de\u010dka - Spicehorse\" \/>\n<meta property=\"og:description\" content=\"spicehorse.eu | Kentucky Horsewear Plaited 3D Logo podsedlov\u00e1 de\u010dka je m\u00e4kko polstrovan\u00e1 a\u00a0dokonale dosad\u00e1 medzi chrb\u00e1t ko\u0148a a\u00a0sedlo, pri\u010dom chr\u00e1ni chrb\u00e1t ko\u0148a pred vy\u0161\u00fachan\u00edm.\" \/>\n<meta property=\"og:url\" content=\"https:\/\/arak.spicehorse.eu\/termek\/kentucky-plaited-3d-logo-ugro-nyeregalatet\/\" \/>\n<meta property=\"og:site_name\" content=\"Spicehorse\" \/>\n<meta property=\"article:publisher\" content=\"https:\/\/www.facebook.com\/SPICEHORSE-550385625402457\/\" \/>\n<meta property=\"article:modified_time\" content=\"2024-03-04T09:30:00+00:00\" \/>\n<meta property=\"og:image\" content=\"https:\/\/arak.spicehorse.eu\/wp-content\/uploads\/2024\/02\/42719-01-sj-scaled.jpg\" \/>\n\t<meta property=\"og:image:width\" content=\"2560\" \/>\n\t<meta property=\"og:image:height\" content=\"2560\" \/>\n\t<meta property=\"og:image:type\" content=\"image\/jpeg\" \/>\n<meta name=\"twitter:card\" content=\"summary_large_image\" \/>\n<meta name=\"twitter:label1\" content=\"Predpokladan\u00fd \u010das \u010d\u00edtania\" \/>\n\t<meta name=\"twitter:data1\" content=\"1 min\u00fata\" \/>\n<script type=\"application\/ld+json\" class=\"yoast-schema-graph\">{\"@context\":\"https:\/\/schema.org\",\"@graph\":[{\"@type\":\"WebPage\",\"@id\":\"https:\/\/arak.spicehorse.eu\/termek\/kentucky-plaited-3d-logo-ugro-nyeregalatet\/\",\"url\":\"https:\/\/arak.spicehorse.eu\/termek\/kentucky-plaited-3d-logo-ugro-nyeregalatet\/\",\"name\":\"Kentucky Plaited 3D Logo skokov\u00e1 podsedlov\u00e1 de\u010dka - Spicehorse\",\"isPartOf\":{\"@id\":\"https:\/\/arak.spicehorse.eu\/en\/#website\"},\"datePublished\":\"2024-02-20T16:23:34+00:00\",\"dateModified\":\"2024-03-04T09:30:00+00:00\",\"description\":\"spicehorse.eu | Kentucky Horsewear Plaited 3D Logo podsedlov\u00e1 de\u010dka je m\u00e4kko polstrovan\u00e1 a\u00a0dokonale dosad\u00e1 medzi chrb\u00e1t ko\u0148a a\u00a0sedlo, pri\u010dom chr\u00e1ni chrb\u00e1t ko\u0148a pred vy\u0161\u00fachan\u00edm.\",\"breadcrumb\":{\"@id\":\"https:\/\/arak.spicehorse.eu\/termek\/kentucky-plaited-3d-logo-ugro-nyeregalatet\/#breadcrumb\"},\"inLanguage\":\"sk-SK\",\"potentialAction\":[{\"@type\":\"ReadAction\",\"target\":[\"https:\/\/arak.spicehorse.eu\/termek\/kentucky-plaited-3d-logo-ugro-nyeregalatet\/\"]}]},{\"@type\":\"BreadcrumbList\",\"@id\":\"https:\/\/arak.spicehorse.eu\/termek\/kentucky-plaited-3d-logo-ugro-nyeregalatet\/#breadcrumb\",\"itemListElement\":[{\"@type\":\"ListItem\",\"position\":1,\"name\":\"Home\",\"item\":\"https:\/\/arak.spicehorse.eu\/sk\/\"},{\"@type\":\"ListItem\",\"position\":2,\"name\":\"Predaj\u0148a\",\"item\":\"https:\/\/arak.spicehorse.eu\/sk\/predajna\/\"},{\"@type\":\"ListItem\",\"position\":3,\"name\":\"Kentucky Plaited 3D Logo skokov\u00e1 podsedlov\u00e1 de\u010dka\"}]},{\"@type\":\"WebSite\",\"@id\":\"https:\/\/arak.spicehorse.eu\/en\/#website\",\"url\":\"https:\/\/arak.spicehorse.eu\/en\/\",\"name\":\"Spicehorse\",\"description\":\"UNDER DEVELOPMENT -\",\"potentialAction\":[{\"@type\":\"SearchAction\",\"target\":{\"@type\":\"EntryPoint\",\"urlTemplate\":\"https:\/\/arak.spicehorse.eu\/en\/?s={search_term_string}\"},\"query-input\":\"required name=search_term_string\"}],\"inLanguage\":\"sk-SK\"}]}<\/script>\n<!-- \/ Yoast SEO plugin. -->","yoast_head_json":{"title":"Kentucky Plaited 3D Logo skokov\u00e1 podsedlov\u00e1 de\u010dka - Spicehorse","description":"spicehorse.eu | Kentucky Horsewear Plaited 3D Logo podsedlov\u00e1 de\u010dka je m\u00e4kko polstrovan\u00e1 a\u00a0dokonale dosad\u00e1 medzi chrb\u00e1t ko\u0148a a\u00a0sedlo, pri\u010dom chr\u00e1ni chrb\u00e1t ko\u0148a pred vy\u0161\u00fachan\u00edm.","robots":{"index":"index","follow":"follow","max-snippet":"max-snippet:-1","max-image-preview":"max-image-preview:large","max-video-preview":"max-video-preview:-1"},"canonical":"https:\/\/arak.spicehorse.eu\/termek\/kentucky-plaited-3d-logo-ugro-nyeregalatet\/","og_locale":"sk_SK","og_type":"article","og_title":"Kentucky Plaited 3D Logo skokov\u00e1 podsedlov\u00e1 de\u010dka - Spicehorse","og_description":"spicehorse.eu | Kentucky Horsewear Plaited 3D Logo podsedlov\u00e1 de\u010dka je m\u00e4kko polstrovan\u00e1 a\u00a0dokonale dosad\u00e1 medzi chrb\u00e1t ko\u0148a a\u00a0sedlo, pri\u010dom chr\u00e1ni chrb\u00e1t ko\u0148a pred vy\u0161\u00fachan\u00edm.","og_url":"https:\/\/arak.spicehorse.eu\/termek\/kentucky-plaited-3d-logo-ugro-nyeregalatet\/","og_site_name":"Spicehorse","article_publisher":"https:\/\/www.facebook.com\/SPICEHORSE-550385625402457\/","article_modified_time":"2024-03-04T09:30:00+00:00","og_image":[{"width":2560,"height":2560,"url":"https:\/\/arak.spicehorse.eu\/wp-content\/uploads\/2024\/02\/42719-01-sj-scaled.jpg","type":"image\/jpeg"}],"twitter_card":"summary_large_image","twitter_misc":{"Predpokladan\u00fd \u010das \u010d\u00edtania":"1 min\u00fata"},"schema":{"@context":"https:\/\/schema.org","@graph":[{"@type":"WebPage","@id":"https:\/\/arak.spicehorse.eu\/termek\/kentucky-plaited-3d-logo-ugro-nyeregalatet\/","url":"https:\/\/arak.spicehorse.eu\/termek\/kentucky-plaited-3d-logo-ugro-nyeregalatet\/","name":"Kentucky Plaited 3D Logo skokov\u00e1 podsedlov\u00e1 de\u010dka - Spicehorse","isPartOf":{"@id":"https:\/\/arak.spicehorse.eu\/en\/#website"},"datePublished":"2024-02-20T16:23:34+00:00","dateModified":"2024-03-04T09:30:00+00:00","description":"spicehorse.eu | Kentucky Horsewear Plaited 3D Logo podsedlov\u00e1 de\u010dka je m\u00e4kko polstrovan\u00e1 a\u00a0dokonale dosad\u00e1 medzi chrb\u00e1t ko\u0148a a\u00a0sedlo, pri\u010dom chr\u00e1ni chrb\u00e1t ko\u0148a pred vy\u0161\u00fachan\u00edm.","breadcrumb":{"@id":"https:\/\/arak.spicehorse.eu\/termek\/kentucky-plaited-3d-logo-ugro-nyeregalatet\/#breadcrumb"},"inLanguage":"sk-SK","potentialAction":[{"@type":"ReadAction","target":["https:\/\/arak.spicehorse.eu\/termek\/kentucky-plaited-3d-logo-ugro-nyeregalatet\/"]}]},{"@type":"BreadcrumbList","@id":"https:\/\/arak.spicehorse.eu\/termek\/kentucky-plaited-3d-logo-ugro-nyeregalatet\/#breadcrumb","itemListElement":[{"@type":"ListItem","position":1,"name":"Home","item":"https:\/\/arak.spicehorse.eu\/sk\/"},{"@type":"ListItem","position":2,"name":"Predaj\u0148a","item":"https:\/\/arak.spicehorse.eu\/sk\/predajna\/"},{"@type":"ListItem","position":3,"name":"Kentucky Plaited 3D Logo skokov\u00e1 podsedlov\u00e1 de\u010dka"}]},{"@type":"WebSite","@id":"https:\/\/arak.spicehorse.eu\/en\/#website","url":"https:\/\/arak.spicehorse.eu\/en\/","name":"Spicehorse","description":"UNDER DEVELOPMENT -","potentialAction":[{"@type":"SearchAction","target":{"@type":"EntryPoint","urlTemplate":"https:\/\/arak.spicehorse.eu\/en\/?s={search_term_string}"},"query-input":"required name=search_term_string"}],"inLanguage":"sk-SK"}]}},"_links":{"self":[{"href":"https:\/\/arak.spicehorse.eu\/sk\/wp-json\/wp\/v2\/product\/176998"}],"collection":[{"href":"https:\/\/arak.spicehorse.eu\/sk\/wp-json\/wp\/v2\/product"}],"about":[{"href":"https:\/\/arak.spicehorse.eu\/sk\/wp-json\/wp\/v2\/types\/product"}],"wp:featuredmedia":[{"embeddable":true,"href":"https:\/\/arak.spicehorse.eu\/sk\/wp-json\/wp\/v2\/media\/177028"}],"wp:attachment":[{"href":"https:\/\/arak.spicehorse.eu\/sk\/wp-json\/wp\/v2\/media?parent=176998"}],"wp:term":[{"taxonomy":"product_cat","embeddable":true,"href":"https:\/\/arak.spicehorse.eu\/sk\/wp-json\/wp\/v2\/product_cat?post=176998"},{"taxonomy":"product_tag","embeddable":true,"href":"https:\/\/arak.spicehorse.eu\/sk\/wp-json\/wp\/v2\/product_tag?post=176998"}],"curies":[{"name":"wp","href":"https:\/\/api.w.org\/{rel}","templated":true}]}}