{"id":177082,"date":"2024-02-20T18:09:15","date_gmt":"2024-02-20T17:09:22","guid":{"rendered":"https:\/\/arak.spicehorse.eu\/?post_type=product&#038;p=177082"},"modified":"2024-03-04T10:32:57","modified_gmt":"2024-03-04T09:32:57","slug":"kentucky-wellington-3d-logo-cabraka-a-tlmicom","status":"publish","type":"product","link":"https:\/\/arak.spicehorse.eu\/sk\/produkt\/kentucky-wellington-3d-logo-cabraka-a-tlmicom\/","title":{"rendered":"Kentucky Wellington 3D Logo \u010dabraka a tlmi\u010dom"},"content":{"rendered":"<p style=\"font-weight: 400;\">Kentucky Horsewear Wellington 3D \u010cabraka s reli\u00e9fnym Kentucky logom v\u00a0prednej \u010dasti. \u010cabraka chr\u00e1ni u\u0161i ko\u0148a po\u010das jazdenia.<\/p>\n<p style=\"font-weight: 400;\">Ve\u013emi m\u00f3dna, jedine\u010dn\u00e1,\u00a0nev\u0161edn\u00e1, ru\u010dne pleten\u00e1, odoln\u00e1. 3D reli\u00e9fne logo v\u00a0prednej \u010dasti.<\/p>\n<p style=\"font-weight: 400;\">\u010cas\u0165 okolo u\u0161\u00ed je vyroben\u00e1 z\u00a0elastick\u00e9ho materi\u00e1lu, slim fit strih. V\u010faka pred\u013a\u017eenej kr\u010dnej \u010dasti sa \u010dabraka nezo\u0161mykuje.<\/p>\n<p style=\"font-weight: 400;\">\u013dahko sa \u010dist\u00ed, mo\u017eno ju pra\u0165 v\u00a0pr\u00e1\u010dke na 30\u00b0 (nevkladajte do su\u0161i\u010dky).<\/p>\n","protected":false},"excerpt":{"rendered":"<h3 style=\"font-weight: 400;\"><strong>Kentucky Wellington 3D \u010dabraka s reli\u00e9fnym Kentucky logom.<\/strong><\/h3>\n<ul style=\"font-weight: 400;\">\n<li>Ochrana pred hmyzom<\/li>\n<li>Ru\u010dne vyroben\u00fd v\u00fdrobok vysokej kvality<\/li>\n<li>S 3D logom v\u00a0prednej \u010dasti<\/li>\n<li>S\u00a0pred\u013a\u017eenou kr\u010dnou \u010das\u0165ou, aby sa \u010dabraka nezo\u0161mykovala<\/li>\n<\/ul>\n","protected":false},"featured_media":177090,"template":"","meta":{"_acf_changed":false},"product_cat":[75,108],"product_tag":[2832,265,184],"acf":[],"yoast_head":"<!-- This site is optimized with the Yoast SEO plugin v21.4 - https:\/\/yoast.com\/wordpress\/plugins\/seo\/ -->\n<title>Kentucky Wellington 3D Logo \u010dabraka a tlmi\u010dom - Spicehorse<\/title>\n<meta name=\"description\" content=\"spicehorse.eu | Kentucky Horsewear Wellington 3D \u010cabraka s reli\u00e9fnym Kentucky logom v\u00a0prednej \u010dasti. \u010cabraka chr\u00e1ni u\u0161i ko\u0148a po\u010das jazdenia.\" \/>\n<meta name=\"robots\" content=\"index, follow, max-snippet:-1, max-image-preview:large, max-video-preview:-1\" \/>\n<link rel=\"canonical\" href=\"https:\/\/arak.spicehorse.eu\/termek\/kentucky-wellington-3d-logo-hangtompitos-fulvedo\/\" \/>\n<meta property=\"og:locale\" content=\"sk_SK\" \/>\n<meta property=\"og:type\" content=\"article\" \/>\n<meta property=\"og:title\" content=\"Kentucky Wellington 3D Logo \u010dabraka a tlmi\u010dom - Spicehorse\" \/>\n<meta property=\"og:description\" content=\"spicehorse.eu | Kentucky Horsewear Wellington 3D \u010cabraka s reli\u00e9fnym Kentucky logom v\u00a0prednej \u010dasti. \u010cabraka chr\u00e1ni u\u0161i ko\u0148a po\u010das jazdenia.\" \/>\n<meta property=\"og:url\" content=\"https:\/\/arak.spicehorse.eu\/termek\/kentucky-wellington-3d-logo-hangtompitos-fulvedo\/\" \/>\n<meta property=\"og:site_name\" content=\"Spicehorse\" \/>\n<meta property=\"article:publisher\" content=\"https:\/\/www.facebook.com\/SPICEHORSE-550385625402457\/\" \/>\n<meta property=\"article:modified_time\" content=\"2024-03-04T09:32:57+00:00\" \/>\n<meta property=\"og:image\" content=\"https:\/\/arak.spicehorse.eu\/wp-content\/uploads\/2024\/02\/42658-01-scaled.jpg\" \/>\n\t<meta property=\"og:image:width\" content=\"2560\" \/>\n\t<meta property=\"og:image:height\" content=\"2560\" \/>\n\t<meta property=\"og:image:type\" content=\"image\/jpeg\" \/>\n<meta name=\"twitter:card\" content=\"summary_large_image\" \/>\n<script type=\"application\/ld+json\" class=\"yoast-schema-graph\">{\"@context\":\"https:\/\/schema.org\",\"@graph\":[{\"@type\":\"WebPage\",\"@id\":\"https:\/\/arak.spicehorse.eu\/termek\/kentucky-wellington-3d-logo-hangtompitos-fulvedo\/\",\"url\":\"https:\/\/arak.spicehorse.eu\/termek\/kentucky-wellington-3d-logo-hangtompitos-fulvedo\/\",\"name\":\"Kentucky Wellington 3D Logo \u010dabraka a tlmi\u010dom - Spicehorse\",\"isPartOf\":{\"@id\":\"https:\/\/arak.spicehorse.eu\/en\/#website\"},\"datePublished\":\"2024-02-20T17:09:22+00:00\",\"dateModified\":\"2024-03-04T09:32:57+00:00\",\"description\":\"spicehorse.eu | Kentucky Horsewear Wellington 3D \u010cabraka s reli\u00e9fnym Kentucky logom v\u00a0prednej \u010dasti. \u010cabraka chr\u00e1ni u\u0161i ko\u0148a po\u010das jazdenia.\",\"breadcrumb\":{\"@id\":\"https:\/\/arak.spicehorse.eu\/termek\/kentucky-wellington-3d-logo-hangtompitos-fulvedo\/#breadcrumb\"},\"inLanguage\":\"sk-SK\",\"potentialAction\":[{\"@type\":\"ReadAction\",\"target\":[\"https:\/\/arak.spicehorse.eu\/termek\/kentucky-wellington-3d-logo-hangtompitos-fulvedo\/\"]}]},{\"@type\":\"BreadcrumbList\",\"@id\":\"https:\/\/arak.spicehorse.eu\/termek\/kentucky-wellington-3d-logo-hangtompitos-fulvedo\/#breadcrumb\",\"itemListElement\":[{\"@type\":\"ListItem\",\"position\":1,\"name\":\"Home\",\"item\":\"https:\/\/arak.spicehorse.eu\/sk\/\"},{\"@type\":\"ListItem\",\"position\":2,\"name\":\"Predaj\u0148a\",\"item\":\"https:\/\/arak.spicehorse.eu\/sk\/predajna\/\"},{\"@type\":\"ListItem\",\"position\":3,\"name\":\"Kentucky Wellington 3D Logo \u010dabraka a tlmi\u010dom\"}]},{\"@type\":\"WebSite\",\"@id\":\"https:\/\/arak.spicehorse.eu\/en\/#website\",\"url\":\"https:\/\/arak.spicehorse.eu\/en\/\",\"name\":\"Spicehorse\",\"description\":\"UNDER DEVELOPMENT -\",\"potentialAction\":[{\"@type\":\"SearchAction\",\"target\":{\"@type\":\"EntryPoint\",\"urlTemplate\":\"https:\/\/arak.spicehorse.eu\/en\/?s={search_term_string}\"},\"query-input\":\"required name=search_term_string\"}],\"inLanguage\":\"sk-SK\"}]}<\/script>\n<!-- \/ Yoast SEO plugin. -->","yoast_head_json":{"title":"Kentucky Wellington 3D Logo \u010dabraka a tlmi\u010dom - Spicehorse","description":"spicehorse.eu | Kentucky Horsewear Wellington 3D \u010cabraka s reli\u00e9fnym Kentucky logom v\u00a0prednej \u010dasti. \u010cabraka chr\u00e1ni u\u0161i ko\u0148a po\u010das jazdenia.","robots":{"index":"index","follow":"follow","max-snippet":"max-snippet:-1","max-image-preview":"max-image-preview:large","max-video-preview":"max-video-preview:-1"},"canonical":"https:\/\/arak.spicehorse.eu\/termek\/kentucky-wellington-3d-logo-hangtompitos-fulvedo\/","og_locale":"sk_SK","og_type":"article","og_title":"Kentucky Wellington 3D Logo \u010dabraka a tlmi\u010dom - Spicehorse","og_description":"spicehorse.eu | Kentucky Horsewear Wellington 3D \u010cabraka s reli\u00e9fnym Kentucky logom v\u00a0prednej \u010dasti. \u010cabraka chr\u00e1ni u\u0161i ko\u0148a po\u010das jazdenia.","og_url":"https:\/\/arak.spicehorse.eu\/termek\/kentucky-wellington-3d-logo-hangtompitos-fulvedo\/","og_site_name":"Spicehorse","article_publisher":"https:\/\/www.facebook.com\/SPICEHORSE-550385625402457\/","article_modified_time":"2024-03-04T09:32:57+00:00","og_image":[{"width":2560,"height":2560,"url":"https:\/\/arak.spicehorse.eu\/wp-content\/uploads\/2024\/02\/42658-01-scaled.jpg","type":"image\/jpeg"}],"twitter_card":"summary_large_image","schema":{"@context":"https:\/\/schema.org","@graph":[{"@type":"WebPage","@id":"https:\/\/arak.spicehorse.eu\/termek\/kentucky-wellington-3d-logo-hangtompitos-fulvedo\/","url":"https:\/\/arak.spicehorse.eu\/termek\/kentucky-wellington-3d-logo-hangtompitos-fulvedo\/","name":"Kentucky Wellington 3D Logo \u010dabraka a tlmi\u010dom - Spicehorse","isPartOf":{"@id":"https:\/\/arak.spicehorse.eu\/en\/#website"},"datePublished":"2024-02-20T17:09:22+00:00","dateModified":"2024-03-04T09:32:57+00:00","description":"spicehorse.eu | Kentucky Horsewear Wellington 3D \u010cabraka s reli\u00e9fnym Kentucky logom v\u00a0prednej \u010dasti. \u010cabraka chr\u00e1ni u\u0161i ko\u0148a po\u010das jazdenia.","breadcrumb":{"@id":"https:\/\/arak.spicehorse.eu\/termek\/kentucky-wellington-3d-logo-hangtompitos-fulvedo\/#breadcrumb"},"inLanguage":"sk-SK","potentialAction":[{"@type":"ReadAction","target":["https:\/\/arak.spicehorse.eu\/termek\/kentucky-wellington-3d-logo-hangtompitos-fulvedo\/"]}]},{"@type":"BreadcrumbList","@id":"https:\/\/arak.spicehorse.eu\/termek\/kentucky-wellington-3d-logo-hangtompitos-fulvedo\/#breadcrumb","itemListElement":[{"@type":"ListItem","position":1,"name":"Home","item":"https:\/\/arak.spicehorse.eu\/sk\/"},{"@type":"ListItem","position":2,"name":"Predaj\u0148a","item":"https:\/\/arak.spicehorse.eu\/sk\/predajna\/"},{"@type":"ListItem","position":3,"name":"Kentucky Wellington 3D Logo \u010dabraka a tlmi\u010dom"}]},{"@type":"WebSite","@id":"https:\/\/arak.spicehorse.eu\/en\/#website","url":"https:\/\/arak.spicehorse.eu\/en\/","name":"Spicehorse","description":"UNDER DEVELOPMENT -","potentialAction":[{"@type":"SearchAction","target":{"@type":"EntryPoint","urlTemplate":"https:\/\/arak.spicehorse.eu\/en\/?s={search_term_string}"},"query-input":"required name=search_term_string"}],"inLanguage":"sk-SK"}]}},"_links":{"self":[{"href":"https:\/\/arak.spicehorse.eu\/sk\/wp-json\/wp\/v2\/product\/177082"}],"collection":[{"href":"https:\/\/arak.spicehorse.eu\/sk\/wp-json\/wp\/v2\/product"}],"about":[{"href":"https:\/\/arak.spicehorse.eu\/sk\/wp-json\/wp\/v2\/types\/product"}],"wp:featuredmedia":[{"embeddable":true,"href":"https:\/\/arak.spicehorse.eu\/sk\/wp-json\/wp\/v2\/media\/177090"}],"wp:attachment":[{"href":"https:\/\/arak.spicehorse.eu\/sk\/wp-json\/wp\/v2\/media?parent=177082"}],"wp:term":[{"taxonomy":"product_cat","embeddable":true,"href":"https:\/\/arak.spicehorse.eu\/sk\/wp-json\/wp\/v2\/product_cat?post=177082"},{"taxonomy":"product_tag","embeddable":true,"href":"https:\/\/arak.spicehorse.eu\/sk\/wp-json\/wp\/v2\/product_tag?post=177082"}],"curies":[{"name":"wp","href":"https:\/\/api.w.org\/{rel}","templated":true}]}}