{"id":178106,"date":"2024-03-08T16:56:21","date_gmt":"2024-03-08T15:56:33","guid":{"rendered":"https:\/\/arak.spicehorse.eu\/?post_type=product&#038;p=178106"},"modified":"2024-11-21T17:48:08","modified_gmt":"2024-11-21T16:48:08","slug":"tommy-hilfiger-denver-cooling-tricko-desert-sky","status":"publish","type":"product","link":"https:\/\/arak.spicehorse.eu\/sk\/produkt\/tommy-hilfiger-denver-cooling-tricko-desert-sky\/","title":{"rendered":"TOMMY HILFIGER Denver Cooling tri\u010dko Desert Sky"},"content":{"rendered":"<div>\n<p><span lang=\"SK\">Tommy Hilfiger Equestrian Denver tr\u00e9ningov\u00e9 tri\u010dko s\u00a0kr\u00e1tkym ruk\u00e1vom, je ide\u00e1lnou vo\u013ebou do teplej\u0161ieho po\u010dasia alebo ako podoble\u010denie. S\u00a0monogramov\u00fdm vzorom, je vyroben\u00e9 z\u00a0r\u00fdchlo schn\u00faceho materi\u00e1lu, je chladiv\u00e9 a\u00a0ve\u013emi pr\u00edjemn\u00e9 na nosenie po\u010das jazdenia. S \u00bc zipsom, stoja\u010dikom, kontrastn\u00fdmi vlo\u017ekami, s\u00a0ikonick\u00fdm Tommy Hilfiger Horse logom vlajky na chrbte.<\/span><\/p>\n<\/div>\n<div>\n<p><span lang=\"SK\">85% nylon, 15% \u0161pandex<\/span><\/p>\n<\/div>\n","protected":false},"excerpt":{"rendered":"<p>Tommy Hilfiger Equestrian Denver tr\u00e9ningov\u00e9 tri\u010dko s\u00a0kr\u00e1tkym ruk\u00e1vom, je ide\u00e1lnou vo\u013ebou do teplej\u0161ieho po\u010dasia alebo ako podoble\u010denie. S\u00a0monogramov\u00fdm vzorom, je vyroben\u00e9 z\u00a0r\u00fdchlo schn\u00faceho materi\u00e1lu, je chladiv\u00e9 a\u00a0ve\u013emi pr\u00edjemn\u00e9 na nosenie po\u010das jazdenia. S \u00bc zipsom, stoja\u010dikom, kontrastn\u00fdmi vlo\u017ekami, s\u00a0ikonick\u00fdm Tommy Hilfiger Horse logom vlajky na chrbte. 85% nylon, 15% \u0161pandex<\/p>\n","protected":false},"featured_media":178130,"template":"","meta":{"_acf_changed":false},"product_cat":[78,76,307],"product_tag":[2844,2838,1067],"acf":[],"yoast_head":"<!-- This site is optimized with the Yoast SEO plugin v21.4 - https:\/\/yoast.com\/wordpress\/plugins\/seo\/ -->\n<title>TOMMY HILFIGER Denver Cooling tri\u010dko Desert Sky - Spicehorse<\/title>\n<meta name=\"description\" content=\"spicehorse.eu | Tommy Hilfiger Equestrian Denver tr\u00e9ningov\u00e9 tri\u010dko s\u00a0kr\u00e1tkym ruk\u00e1vom, je ide\u00e1lnou vo\u013ebou do teplej\u0161ieho po\u010dasia alebo ako podoble\u010denie.\" \/>\n<meta name=\"robots\" content=\"index, follow, max-snippet:-1, max-image-preview:large, max-video-preview:-1\" \/>\n<link rel=\"canonical\" href=\"https:\/\/arak.spicehorse.eu\/termek\/tommy-hilfiger-denver-cooling-felso-desert-sky\/\" \/>\n<meta property=\"og:locale\" content=\"sk_SK\" \/>\n<meta property=\"og:type\" content=\"article\" \/>\n<meta property=\"og:title\" content=\"TOMMY HILFIGER Denver Cooling tri\u010dko Desert Sky - Spicehorse\" \/>\n<meta property=\"og:description\" content=\"spicehorse.eu | Tommy Hilfiger Equestrian Denver tr\u00e9ningov\u00e9 tri\u010dko s\u00a0kr\u00e1tkym ruk\u00e1vom, je ide\u00e1lnou vo\u013ebou do teplej\u0161ieho po\u010dasia alebo ako podoble\u010denie.\" \/>\n<meta property=\"og:url\" content=\"https:\/\/arak.spicehorse.eu\/termek\/tommy-hilfiger-denver-cooling-felso-desert-sky\/\" \/>\n<meta property=\"og:site_name\" content=\"Spicehorse\" \/>\n<meta property=\"article:publisher\" content=\"https:\/\/www.facebook.com\/SPICEHORSE-550385625402457\/\" \/>\n<meta property=\"article:modified_time\" content=\"2024-11-21T16:48:08+00:00\" \/>\n<meta property=\"og:image\" content=\"https:\/\/arak.spicehorse.eu\/wp-content\/uploads\/2024\/03\/th13wsst759-004-primaryjpg-master-groot.jpg\" \/>\n\t<meta property=\"og:image:width\" content=\"1080\" \/>\n\t<meta property=\"og:image:height\" content=\"1440\" \/>\n\t<meta property=\"og:image:type\" content=\"image\/jpeg\" \/>\n<meta name=\"twitter:card\" content=\"summary_large_image\" \/>\n<script type=\"application\/ld+json\" class=\"yoast-schema-graph\">{\"@context\":\"https:\/\/schema.org\",\"@graph\":[{\"@type\":\"WebPage\",\"@id\":\"https:\/\/arak.spicehorse.eu\/termek\/tommy-hilfiger-denver-cooling-felso-desert-sky\/\",\"url\":\"https:\/\/arak.spicehorse.eu\/termek\/tommy-hilfiger-denver-cooling-felso-desert-sky\/\",\"name\":\"TOMMY HILFIGER Denver Cooling tri\u010dko Desert Sky - Spicehorse\",\"isPartOf\":{\"@id\":\"https:\/\/arak.spicehorse.eu\/en\/#website\"},\"datePublished\":\"2024-03-08T15:56:33+00:00\",\"dateModified\":\"2024-11-21T16:48:08+00:00\",\"description\":\"spicehorse.eu | Tommy Hilfiger Equestrian Denver tr\u00e9ningov\u00e9 tri\u010dko s\u00a0kr\u00e1tkym ruk\u00e1vom, je ide\u00e1lnou vo\u013ebou do teplej\u0161ieho po\u010dasia alebo ako podoble\u010denie.\",\"breadcrumb\":{\"@id\":\"https:\/\/arak.spicehorse.eu\/termek\/tommy-hilfiger-denver-cooling-felso-desert-sky\/#breadcrumb\"},\"inLanguage\":\"sk-SK\",\"potentialAction\":[{\"@type\":\"ReadAction\",\"target\":[\"https:\/\/arak.spicehorse.eu\/termek\/tommy-hilfiger-denver-cooling-felso-desert-sky\/\"]}]},{\"@type\":\"BreadcrumbList\",\"@id\":\"https:\/\/arak.spicehorse.eu\/termek\/tommy-hilfiger-denver-cooling-felso-desert-sky\/#breadcrumb\",\"itemListElement\":[{\"@type\":\"ListItem\",\"position\":1,\"name\":\"Home\",\"item\":\"https:\/\/arak.spicehorse.eu\/sk\/\"},{\"@type\":\"ListItem\",\"position\":2,\"name\":\"Predaj\u0148a\",\"item\":\"https:\/\/arak.spicehorse.eu\/sk\/predajna\/\"},{\"@type\":\"ListItem\",\"position\":3,\"name\":\"TOMMY HILFIGER Denver Cooling tri\u010dko Desert Sky\"}]},{\"@type\":\"WebSite\",\"@id\":\"https:\/\/arak.spicehorse.eu\/en\/#website\",\"url\":\"https:\/\/arak.spicehorse.eu\/en\/\",\"name\":\"Spicehorse\",\"description\":\"UNDER DEVELOPMENT -\",\"potentialAction\":[{\"@type\":\"SearchAction\",\"target\":{\"@type\":\"EntryPoint\",\"urlTemplate\":\"https:\/\/arak.spicehorse.eu\/en\/?s={search_term_string}\"},\"query-input\":\"required name=search_term_string\"}],\"inLanguage\":\"sk-SK\"}]}<\/script>\n<!-- \/ Yoast SEO plugin. -->","yoast_head_json":{"title":"TOMMY HILFIGER Denver Cooling tri\u010dko Desert Sky - Spicehorse","description":"spicehorse.eu | Tommy Hilfiger Equestrian Denver tr\u00e9ningov\u00e9 tri\u010dko s\u00a0kr\u00e1tkym ruk\u00e1vom, je ide\u00e1lnou vo\u013ebou do teplej\u0161ieho po\u010dasia alebo ako podoble\u010denie.","robots":{"index":"index","follow":"follow","max-snippet":"max-snippet:-1","max-image-preview":"max-image-preview:large","max-video-preview":"max-video-preview:-1"},"canonical":"https:\/\/arak.spicehorse.eu\/termek\/tommy-hilfiger-denver-cooling-felso-desert-sky\/","og_locale":"sk_SK","og_type":"article","og_title":"TOMMY HILFIGER Denver Cooling tri\u010dko Desert Sky - Spicehorse","og_description":"spicehorse.eu | Tommy Hilfiger Equestrian Denver tr\u00e9ningov\u00e9 tri\u010dko s\u00a0kr\u00e1tkym ruk\u00e1vom, je ide\u00e1lnou vo\u013ebou do teplej\u0161ieho po\u010dasia alebo ako podoble\u010denie.","og_url":"https:\/\/arak.spicehorse.eu\/termek\/tommy-hilfiger-denver-cooling-felso-desert-sky\/","og_site_name":"Spicehorse","article_publisher":"https:\/\/www.facebook.com\/SPICEHORSE-550385625402457\/","article_modified_time":"2024-11-21T16:48:08+00:00","og_image":[{"width":1080,"height":1440,"url":"https:\/\/arak.spicehorse.eu\/wp-content\/uploads\/2024\/03\/th13wsst759-004-primaryjpg-master-groot.jpg","type":"image\/jpeg"}],"twitter_card":"summary_large_image","schema":{"@context":"https:\/\/schema.org","@graph":[{"@type":"WebPage","@id":"https:\/\/arak.spicehorse.eu\/termek\/tommy-hilfiger-denver-cooling-felso-desert-sky\/","url":"https:\/\/arak.spicehorse.eu\/termek\/tommy-hilfiger-denver-cooling-felso-desert-sky\/","name":"TOMMY HILFIGER Denver Cooling tri\u010dko Desert Sky - Spicehorse","isPartOf":{"@id":"https:\/\/arak.spicehorse.eu\/en\/#website"},"datePublished":"2024-03-08T15:56:33+00:00","dateModified":"2024-11-21T16:48:08+00:00","description":"spicehorse.eu | Tommy Hilfiger Equestrian Denver tr\u00e9ningov\u00e9 tri\u010dko s\u00a0kr\u00e1tkym ruk\u00e1vom, je ide\u00e1lnou vo\u013ebou do teplej\u0161ieho po\u010dasia alebo ako podoble\u010denie.","breadcrumb":{"@id":"https:\/\/arak.spicehorse.eu\/termek\/tommy-hilfiger-denver-cooling-felso-desert-sky\/#breadcrumb"},"inLanguage":"sk-SK","potentialAction":[{"@type":"ReadAction","target":["https:\/\/arak.spicehorse.eu\/termek\/tommy-hilfiger-denver-cooling-felso-desert-sky\/"]}]},{"@type":"BreadcrumbList","@id":"https:\/\/arak.spicehorse.eu\/termek\/tommy-hilfiger-denver-cooling-felso-desert-sky\/#breadcrumb","itemListElement":[{"@type":"ListItem","position":1,"name":"Home","item":"https:\/\/arak.spicehorse.eu\/sk\/"},{"@type":"ListItem","position":2,"name":"Predaj\u0148a","item":"https:\/\/arak.spicehorse.eu\/sk\/predajna\/"},{"@type":"ListItem","position":3,"name":"TOMMY HILFIGER Denver Cooling tri\u010dko Desert Sky"}]},{"@type":"WebSite","@id":"https:\/\/arak.spicehorse.eu\/en\/#website","url":"https:\/\/arak.spicehorse.eu\/en\/","name":"Spicehorse","description":"UNDER DEVELOPMENT -","potentialAction":[{"@type":"SearchAction","target":{"@type":"EntryPoint","urlTemplate":"https:\/\/arak.spicehorse.eu\/en\/?s={search_term_string}"},"query-input":"required name=search_term_string"}],"inLanguage":"sk-SK"}]}},"_links":{"self":[{"href":"https:\/\/arak.spicehorse.eu\/sk\/wp-json\/wp\/v2\/product\/178106"}],"collection":[{"href":"https:\/\/arak.spicehorse.eu\/sk\/wp-json\/wp\/v2\/product"}],"about":[{"href":"https:\/\/arak.spicehorse.eu\/sk\/wp-json\/wp\/v2\/types\/product"}],"wp:featuredmedia":[{"embeddable":true,"href":"https:\/\/arak.spicehorse.eu\/sk\/wp-json\/wp\/v2\/media\/178130"}],"wp:attachment":[{"href":"https:\/\/arak.spicehorse.eu\/sk\/wp-json\/wp\/v2\/media?parent=178106"}],"wp:term":[{"taxonomy":"product_cat","embeddable":true,"href":"https:\/\/arak.spicehorse.eu\/sk\/wp-json\/wp\/v2\/product_cat?post=178106"},{"taxonomy":"product_tag","embeddable":true,"href":"https:\/\/arak.spicehorse.eu\/sk\/wp-json\/wp\/v2\/product_tag?post=178106"}],"curies":[{"name":"wp","href":"https:\/\/api.w.org\/{rel}","templated":true}]}}