{"id":178350,"date":"2024-03-13T09:28:00","date_gmt":"2024-03-13T08:28:11","guid":{"rendered":"https:\/\/arak.spicehorse.eu\/?post_type=product&#038;p=178350"},"modified":"2025-03-29T14:48:40","modified_gmt":"2025-03-29T13:48:40","slug":"tommy-hilfiger-elmira-plne-silikonove-leggings-optic-white","status":"publish","type":"product","link":"https:\/\/arak.spicehorse.eu\/sk\/produkt\/tommy-hilfiger-elmira-plne-silikonove-leggings-optic-white\/","title":{"rendered":"TOMMY HILFIGER ELMIRA plne silik\u00f3nov\u00e9 leggings Optic White"},"content":{"rendered":"<div>\n<p><span lang=\"SK\">Najob\u013e\u00fabenej\u0161ie jazdeck\u00e9 nohavice Tommy Hilfiger Equestrian Elmira v\u00a0extra dizajne.\u00a0 Elmira technick\u00e9 jazdeck\u00e9 nohavice s\u00fa vyroben\u00e9 z\u00a0elastick\u00e9ho materi\u00e1lu, v\u010faka \u010domu s\u00fa super pohodln\u00e9. Klasick\u00fd, modern\u00fd TH vzh\u013ead, plne silik\u00f3nov\u00e1 sedacia \u010das\u0165, na pravej strane vrecko na mobiln\u00fd telef\u00f3n. Tla\u010den\u00e9 Tommy Hilfiger na vn\u00fatornej strane driekovej \u010dasti.<\/span><\/p>\n<\/div>\n<div>\n<p><span lang=\"SK\">86% polyamid, 14% elastan<\/span><\/p>\n<\/div>\n","protected":false},"excerpt":{"rendered":"<p>Najob\u013e\u00fabenej\u0161ie jazdeck\u00e9 nohavice Tommy Hilfiger Equestrian Elmira v\u00a0extra dizajne.\u00a0 Elmira technick\u00e9 jazdeck\u00e9 nohavice s\u00fa vyroben\u00e9 z\u00a0elastick\u00e9ho materi\u00e1lu, v\u010faka \u010domu s\u00fa super pohodln\u00e9. Klasick\u00fd, modern\u00fd TH vzh\u013ead, plne silik\u00f3nov\u00e1 sedacia \u010das\u0165, na pravej strane vrecko na mobiln\u00fd telef\u00f3n. Tla\u010den\u00e9 Tommy Hilfiger na vn\u00fatornej strane driekovej \u010dasti. 86% polyamid, 14% elastan<\/p>\n","protected":false},"featured_media":178359,"template":"","meta":{"_acf_changed":false},"product_cat":[76,305],"product_tag":[2847,2035,3190,1067],"acf":[],"yoast_head":"<!-- This site is optimized with the Yoast SEO plugin v21.4 - https:\/\/yoast.com\/wordpress\/plugins\/seo\/ -->\n<title>TOMMY HILFIGER ELMIRA plne silik\u00f3nov\u00e9 leggings Optic White - Spicehorse<\/title>\n<meta name=\"description\" content=\"spicehorse.eu | Najob\u013e\u00fabenej\u0161ie jazdeck\u00e9 nohavice Tommy Hilfiger Equestrian Elmira v\u00a0extra dizajne.\u00a0 Elmira technick\u00e9 jazdeck\u00e9 nohavice s\u00fa vyroben\u00e9 z\u00a0elastick\u00e9ho materi\u00e1lu, v\u010faka \u010domu s\u00fa super pohodln\u00e9.\" \/>\n<meta name=\"robots\" content=\"index, follow, max-snippet:-1, max-image-preview:large, max-video-preview:-1\" \/>\n<link rel=\"canonical\" href=\"https:\/\/arak.spicehorse.eu\/sk\/produkt\/tommy-hilfiger-elmira-plne-silikonove-leggings-optic-white\/\" \/>\n<meta property=\"og:locale\" content=\"sk_SK\" \/>\n<meta property=\"og:type\" content=\"article\" \/>\n<meta property=\"og:title\" content=\"TOMMY HILFIGER ELMIRA plne silik\u00f3nov\u00e9 leggings Optic White - Spicehorse\" \/>\n<meta property=\"og:description\" content=\"spicehorse.eu | Najob\u013e\u00fabenej\u0161ie jazdeck\u00e9 nohavice Tommy Hilfiger Equestrian Elmira v\u00a0extra dizajne.\u00a0 Elmira technick\u00e9 jazdeck\u00e9 nohavice s\u00fa vyroben\u00e9 z\u00a0elastick\u00e9ho materi\u00e1lu, v\u010faka \u010domu s\u00fa super pohodln\u00e9.\" \/>\n<meta property=\"og:url\" content=\"https:\/\/arak.spicehorse.eu\/sk\/produkt\/tommy-hilfiger-elmira-plne-silikonove-leggings-optic-white\/\" \/>\n<meta property=\"og:site_name\" content=\"Spicehorse\" \/>\n<meta property=\"article:publisher\" content=\"https:\/\/www.facebook.com\/SPICEHORSE-550385625402457\/\" \/>\n<meta property=\"article:modified_time\" content=\"2025-03-29T13:48:40+00:00\" \/>\n<meta property=\"og:image\" content=\"https:\/\/arak.spicehorse.eu\/wp-content\/uploads\/2024\/03\/th13wfle761-001-primaryjpg-master-groot-1-1.jpg\" \/>\n\t<meta property=\"og:image:width\" content=\"1080\" \/>\n\t<meta property=\"og:image:height\" content=\"1440\" \/>\n\t<meta property=\"og:image:type\" content=\"image\/jpeg\" \/>\n<meta name=\"twitter:card\" content=\"summary_large_image\" \/>\n<script type=\"application\/ld+json\" class=\"yoast-schema-graph\">{\"@context\":\"https:\/\/schema.org\",\"@graph\":[{\"@type\":\"WebPage\",\"@id\":\"https:\/\/arak.spicehorse.eu\/sk\/produkt\/tommy-hilfiger-elmira-plne-silikonove-leggings-optic-white\/\",\"url\":\"https:\/\/arak.spicehorse.eu\/sk\/produkt\/tommy-hilfiger-elmira-plne-silikonove-leggings-optic-white\/\",\"name\":\"TOMMY HILFIGER ELMIRA plne silik\u00f3nov\u00e9 leggings Optic White - Spicehorse\",\"isPartOf\":{\"@id\":\"https:\/\/arak.spicehorse.eu\/en\/#website\"},\"datePublished\":\"2024-03-13T08:28:11+00:00\",\"dateModified\":\"2025-03-29T13:48:40+00:00\",\"description\":\"spicehorse.eu | Najob\u013e\u00fabenej\u0161ie jazdeck\u00e9 nohavice Tommy Hilfiger Equestrian Elmira v\u00a0extra dizajne.\u00a0 Elmira technick\u00e9 jazdeck\u00e9 nohavice s\u00fa vyroben\u00e9 z\u00a0elastick\u00e9ho materi\u00e1lu, v\u010faka \u010domu s\u00fa super pohodln\u00e9.\",\"breadcrumb\":{\"@id\":\"https:\/\/arak.spicehorse.eu\/sk\/produkt\/tommy-hilfiger-elmira-plne-silikonove-leggings-optic-white\/#breadcrumb\"},\"inLanguage\":\"sk-SK\",\"potentialAction\":[{\"@type\":\"ReadAction\",\"target\":[\"https:\/\/arak.spicehorse.eu\/sk\/produkt\/tommy-hilfiger-elmira-plne-silikonove-leggings-optic-white\/\"]}]},{\"@type\":\"BreadcrumbList\",\"@id\":\"https:\/\/arak.spicehorse.eu\/sk\/produkt\/tommy-hilfiger-elmira-plne-silikonove-leggings-optic-white\/#breadcrumb\",\"itemListElement\":[{\"@type\":\"ListItem\",\"position\":1,\"name\":\"Home\",\"item\":\"https:\/\/arak.spicehorse.eu\/sk\/\"},{\"@type\":\"ListItem\",\"position\":2,\"name\":\"Predaj\u0148a\",\"item\":\"https:\/\/arak.spicehorse.eu\/sk\/predajna\/\"},{\"@type\":\"ListItem\",\"position\":3,\"name\":\"TOMMY HILFIGER ELMIRA plne silik\u00f3nov\u00e9 leggings Optic White\"}]},{\"@type\":\"WebSite\",\"@id\":\"https:\/\/arak.spicehorse.eu\/en\/#website\",\"url\":\"https:\/\/arak.spicehorse.eu\/en\/\",\"name\":\"Spicehorse\",\"description\":\"UNDER DEVELOPMENT -\",\"potentialAction\":[{\"@type\":\"SearchAction\",\"target\":{\"@type\":\"EntryPoint\",\"urlTemplate\":\"https:\/\/arak.spicehorse.eu\/en\/?s={search_term_string}\"},\"query-input\":\"required name=search_term_string\"}],\"inLanguage\":\"sk-SK\"}]}<\/script>\n<!-- \/ Yoast SEO plugin. -->","yoast_head_json":{"title":"TOMMY HILFIGER ELMIRA plne silik\u00f3nov\u00e9 leggings Optic White - Spicehorse","description":"spicehorse.eu | Najob\u013e\u00fabenej\u0161ie jazdeck\u00e9 nohavice Tommy Hilfiger Equestrian Elmira v\u00a0extra dizajne.\u00a0 Elmira technick\u00e9 jazdeck\u00e9 nohavice s\u00fa vyroben\u00e9 z\u00a0elastick\u00e9ho materi\u00e1lu, v\u010faka \u010domu s\u00fa super pohodln\u00e9.","robots":{"index":"index","follow":"follow","max-snippet":"max-snippet:-1","max-image-preview":"max-image-preview:large","max-video-preview":"max-video-preview:-1"},"canonical":"https:\/\/arak.spicehorse.eu\/sk\/produkt\/tommy-hilfiger-elmira-plne-silikonove-leggings-optic-white\/","og_locale":"sk_SK","og_type":"article","og_title":"TOMMY HILFIGER ELMIRA plne silik\u00f3nov\u00e9 leggings Optic White - Spicehorse","og_description":"spicehorse.eu | Najob\u013e\u00fabenej\u0161ie jazdeck\u00e9 nohavice Tommy Hilfiger Equestrian Elmira v\u00a0extra dizajne.\u00a0 Elmira technick\u00e9 jazdeck\u00e9 nohavice s\u00fa vyroben\u00e9 z\u00a0elastick\u00e9ho materi\u00e1lu, v\u010faka \u010domu s\u00fa super pohodln\u00e9.","og_url":"https:\/\/arak.spicehorse.eu\/sk\/produkt\/tommy-hilfiger-elmira-plne-silikonove-leggings-optic-white\/","og_site_name":"Spicehorse","article_publisher":"https:\/\/www.facebook.com\/SPICEHORSE-550385625402457\/","article_modified_time":"2025-03-29T13:48:40+00:00","og_image":[{"width":1080,"height":1440,"url":"https:\/\/arak.spicehorse.eu\/wp-content\/uploads\/2024\/03\/th13wfle761-001-primaryjpg-master-groot-1-1.jpg","type":"image\/jpeg"}],"twitter_card":"summary_large_image","schema":{"@context":"https:\/\/schema.org","@graph":[{"@type":"WebPage","@id":"https:\/\/arak.spicehorse.eu\/sk\/produkt\/tommy-hilfiger-elmira-plne-silikonove-leggings-optic-white\/","url":"https:\/\/arak.spicehorse.eu\/sk\/produkt\/tommy-hilfiger-elmira-plne-silikonove-leggings-optic-white\/","name":"TOMMY HILFIGER ELMIRA plne silik\u00f3nov\u00e9 leggings Optic White - Spicehorse","isPartOf":{"@id":"https:\/\/arak.spicehorse.eu\/en\/#website"},"datePublished":"2024-03-13T08:28:11+00:00","dateModified":"2025-03-29T13:48:40+00:00","description":"spicehorse.eu | Najob\u013e\u00fabenej\u0161ie jazdeck\u00e9 nohavice Tommy Hilfiger Equestrian Elmira v\u00a0extra dizajne.\u00a0 Elmira technick\u00e9 jazdeck\u00e9 nohavice s\u00fa vyroben\u00e9 z\u00a0elastick\u00e9ho materi\u00e1lu, v\u010faka \u010domu s\u00fa super pohodln\u00e9.","breadcrumb":{"@id":"https:\/\/arak.spicehorse.eu\/sk\/produkt\/tommy-hilfiger-elmira-plne-silikonove-leggings-optic-white\/#breadcrumb"},"inLanguage":"sk-SK","potentialAction":[{"@type":"ReadAction","target":["https:\/\/arak.spicehorse.eu\/sk\/produkt\/tommy-hilfiger-elmira-plne-silikonove-leggings-optic-white\/"]}]},{"@type":"BreadcrumbList","@id":"https:\/\/arak.spicehorse.eu\/sk\/produkt\/tommy-hilfiger-elmira-plne-silikonove-leggings-optic-white\/#breadcrumb","itemListElement":[{"@type":"ListItem","position":1,"name":"Home","item":"https:\/\/arak.spicehorse.eu\/sk\/"},{"@type":"ListItem","position":2,"name":"Predaj\u0148a","item":"https:\/\/arak.spicehorse.eu\/sk\/predajna\/"},{"@type":"ListItem","position":3,"name":"TOMMY HILFIGER ELMIRA plne silik\u00f3nov\u00e9 leggings Optic White"}]},{"@type":"WebSite","@id":"https:\/\/arak.spicehorse.eu\/en\/#website","url":"https:\/\/arak.spicehorse.eu\/en\/","name":"Spicehorse","description":"UNDER DEVELOPMENT -","potentialAction":[{"@type":"SearchAction","target":{"@type":"EntryPoint","urlTemplate":"https:\/\/arak.spicehorse.eu\/en\/?s={search_term_string}"},"query-input":"required name=search_term_string"}],"inLanguage":"sk-SK"}]}},"_links":{"self":[{"href":"https:\/\/arak.spicehorse.eu\/sk\/wp-json\/wp\/v2\/product\/178350"}],"collection":[{"href":"https:\/\/arak.spicehorse.eu\/sk\/wp-json\/wp\/v2\/product"}],"about":[{"href":"https:\/\/arak.spicehorse.eu\/sk\/wp-json\/wp\/v2\/types\/product"}],"wp:featuredmedia":[{"embeddable":true,"href":"https:\/\/arak.spicehorse.eu\/sk\/wp-json\/wp\/v2\/media\/178359"}],"wp:attachment":[{"href":"https:\/\/arak.spicehorse.eu\/sk\/wp-json\/wp\/v2\/media?parent=178350"}],"wp:term":[{"taxonomy":"product_cat","embeddable":true,"href":"https:\/\/arak.spicehorse.eu\/sk\/wp-json\/wp\/v2\/product_cat?post=178350"},{"taxonomy":"product_tag","embeddable":true,"href":"https:\/\/arak.spicehorse.eu\/sk\/wp-json\/wp\/v2\/product_tag?post=178350"}],"curies":[{"name":"wp","href":"https:\/\/api.w.org\/{rel}","templated":true}]}}