{"id":178684,"date":"2024-03-13T17:43:50","date_gmt":"2024-03-13T16:43:56","guid":{"rendered":"https:\/\/arak.spicehorse.eu\/?post_type=product&#038;p=178684"},"modified":"2024-11-21T13:53:44","modified_gmt":"2024-11-21T12:53:44","slug":"ps-of-sweden-jazdecke-podkolienka-sky-white-2-ks","status":"publish","type":"product","link":"https:\/\/arak.spicehorse.eu\/sk\/produkt\/ps-of-sweden-jazdecke-podkolienka-sky-white-2-ks\/","title":{"rendered":"PS of Sweden jazdeck\u00e9 podkolienka Sky White 2 ks"},"content":{"rendered":"<p style=\"font-weight: 400;\">PS of Sweden jazdeck\u00e9 podkolienky s\u00fa \u013eahk\u00e9, vyroben\u00e9 z\u00a0pletenej bavlny, na podr\u00e1\u017eke a\u00a0okolo p\u00e4ty s\u00fa zosilnen\u00e9, so sie\u0165ovanou mesh \u010das\u0165ou v\u00a0strede podr\u00e1\u017eky. V\u010faka kompresii a\u00a0potrebn\u00e9mu polstrovaniu dokonale dosahuj\u00fa a\u00a0udr\u017euj\u00fa nohy svie\u017ee po\u010das cel\u00e9ho d\u0148a.<\/p>\n<p style=\"font-weight: 400;\">Jedno balenie obsahuje 2 p\u00e1ry podkolienok.<\/p>\n","protected":false},"excerpt":{"rendered":"<ul style=\"font-weight: 400;\">\n<li>Podkolienky s PS monogramom a n\u00e1pisom<\/li>\n<li>Pleten\u00e1 sie\u0165ovan\u00e1 vsadka v hornej \u010dasti podr\u00e1\u017eky<\/li>\n<li>Ozna\u010denie ve\u013ekosti zvn\u00fatra v hornej \u010dasti<\/li>\n<li>Set z\u00a0dvoch kusov<\/li>\n<\/ul>\n","protected":false},"featured_media":178689,"template":"","meta":{"_acf_changed":false},"product_cat":[78,76,308,310],"product_tag":[402,517,2796],"acf":[],"yoast_head":"<!-- This site is optimized with the Yoast SEO plugin v21.4 - https:\/\/yoast.com\/wordpress\/plugins\/seo\/ -->\n<title>PS of Sweden jazdeck\u00e9 podkolienka Sky White 2 ks - Spicehorse<\/title>\n<meta name=\"description\" content=\"spicehorse.eu | PS of Sweden jazdeck\u00e9 podkolienky s\u00fa \u013eahk\u00e9, vyroben\u00e9 z\u00a0pletenej bavlny, na podr\u00e1\u017eke a\u00a0okolo p\u00e4ty s\u00fa zosilnen\u00e9, so sie\u0165ovanou mesh \u010das\u0165ou v\u00a0strede podr\u00e1\u017eky.\" \/>\n<meta name=\"robots\" content=\"index, follow, max-snippet:-1, max-image-preview:large, max-video-preview:-1\" \/>\n<link rel=\"canonical\" href=\"https:\/\/arak.spicehorse.eu\/termek\/ps-of-sweden-lovaglozokni-sky-white-2-db\/\" \/>\n<meta property=\"og:locale\" content=\"sk_SK\" \/>\n<meta property=\"og:type\" content=\"article\" \/>\n<meta property=\"og:title\" content=\"PS of Sweden jazdeck\u00e9 podkolienka Sky White 2 ks - Spicehorse\" \/>\n<meta property=\"og:description\" content=\"spicehorse.eu | PS of Sweden jazdeck\u00e9 podkolienky s\u00fa \u013eahk\u00e9, vyroben\u00e9 z\u00a0pletenej bavlny, na podr\u00e1\u017eke a\u00a0okolo p\u00e4ty s\u00fa zosilnen\u00e9, so sie\u0165ovanou mesh \u010das\u0165ou v\u00a0strede podr\u00e1\u017eky.\" \/>\n<meta property=\"og:url\" content=\"https:\/\/arak.spicehorse.eu\/termek\/ps-of-sweden-lovaglozokni-sky-white-2-db\/\" \/>\n<meta property=\"og:site_name\" content=\"Spicehorse\" \/>\n<meta property=\"article:publisher\" content=\"https:\/\/www.facebook.com\/SPICEHORSE-550385625402457\/\" \/>\n<meta property=\"article:modified_time\" content=\"2024-11-21T12:53:44+00:00\" \/>\n<meta property=\"og:image\" content=\"https:\/\/arak.spicehorse.eu\/wp-content\/uploads\/2024\/03\/sky-ridingsock-white-2261-1500x2000-2.jpg\" \/>\n\t<meta property=\"og:image:width\" content=\"700\" \/>\n\t<meta property=\"og:image:height\" content=\"700\" \/>\n\t<meta property=\"og:image:type\" content=\"image\/jpeg\" \/>\n<meta name=\"twitter:card\" content=\"summary_large_image\" \/>\n<script type=\"application\/ld+json\" class=\"yoast-schema-graph\">{\"@context\":\"https:\/\/schema.org\",\"@graph\":[{\"@type\":\"WebPage\",\"@id\":\"https:\/\/arak.spicehorse.eu\/termek\/ps-of-sweden-lovaglozokni-sky-white-2-db\/\",\"url\":\"https:\/\/arak.spicehorse.eu\/termek\/ps-of-sweden-lovaglozokni-sky-white-2-db\/\",\"name\":\"PS of Sweden jazdeck\u00e9 podkolienka Sky White 2 ks - Spicehorse\",\"isPartOf\":{\"@id\":\"https:\/\/arak.spicehorse.eu\/en\/#website\"},\"datePublished\":\"2024-03-13T16:43:56+00:00\",\"dateModified\":\"2024-11-21T12:53:44+00:00\",\"description\":\"spicehorse.eu | PS of Sweden jazdeck\u00e9 podkolienky s\u00fa \u013eahk\u00e9, vyroben\u00e9 z\u00a0pletenej bavlny, na podr\u00e1\u017eke a\u00a0okolo p\u00e4ty s\u00fa zosilnen\u00e9, so sie\u0165ovanou mesh \u010das\u0165ou v\u00a0strede podr\u00e1\u017eky.\",\"breadcrumb\":{\"@id\":\"https:\/\/arak.spicehorse.eu\/termek\/ps-of-sweden-lovaglozokni-sky-white-2-db\/#breadcrumb\"},\"inLanguage\":\"sk-SK\",\"potentialAction\":[{\"@type\":\"ReadAction\",\"target\":[\"https:\/\/arak.spicehorse.eu\/termek\/ps-of-sweden-lovaglozokni-sky-white-2-db\/\"]}]},{\"@type\":\"BreadcrumbList\",\"@id\":\"https:\/\/arak.spicehorse.eu\/termek\/ps-of-sweden-lovaglozokni-sky-white-2-db\/#breadcrumb\",\"itemListElement\":[{\"@type\":\"ListItem\",\"position\":1,\"name\":\"Home\",\"item\":\"https:\/\/arak.spicehorse.eu\/sk\/\"},{\"@type\":\"ListItem\",\"position\":2,\"name\":\"Predaj\u0148a\",\"item\":\"https:\/\/arak.spicehorse.eu\/sk\/predajna\/\"},{\"@type\":\"ListItem\",\"position\":3,\"name\":\"PS of Sweden jazdeck\u00e9 podkolienka Sky White 2 ks\"}]},{\"@type\":\"WebSite\",\"@id\":\"https:\/\/arak.spicehorse.eu\/en\/#website\",\"url\":\"https:\/\/arak.spicehorse.eu\/en\/\",\"name\":\"Spicehorse\",\"description\":\"UNDER DEVELOPMENT -\",\"potentialAction\":[{\"@type\":\"SearchAction\",\"target\":{\"@type\":\"EntryPoint\",\"urlTemplate\":\"https:\/\/arak.spicehorse.eu\/en\/?s={search_term_string}\"},\"query-input\":\"required name=search_term_string\"}],\"inLanguage\":\"sk-SK\"}]}<\/script>\n<!-- \/ Yoast SEO plugin. -->","yoast_head_json":{"title":"PS of Sweden jazdeck\u00e9 podkolienka Sky White 2 ks - Spicehorse","description":"spicehorse.eu | PS of Sweden jazdeck\u00e9 podkolienky s\u00fa \u013eahk\u00e9, vyroben\u00e9 z\u00a0pletenej bavlny, na podr\u00e1\u017eke a\u00a0okolo p\u00e4ty s\u00fa zosilnen\u00e9, so sie\u0165ovanou mesh \u010das\u0165ou v\u00a0strede podr\u00e1\u017eky.","robots":{"index":"index","follow":"follow","max-snippet":"max-snippet:-1","max-image-preview":"max-image-preview:large","max-video-preview":"max-video-preview:-1"},"canonical":"https:\/\/arak.spicehorse.eu\/termek\/ps-of-sweden-lovaglozokni-sky-white-2-db\/","og_locale":"sk_SK","og_type":"article","og_title":"PS of Sweden jazdeck\u00e9 podkolienka Sky White 2 ks - Spicehorse","og_description":"spicehorse.eu | PS of Sweden jazdeck\u00e9 podkolienky s\u00fa \u013eahk\u00e9, vyroben\u00e9 z\u00a0pletenej bavlny, na podr\u00e1\u017eke a\u00a0okolo p\u00e4ty s\u00fa zosilnen\u00e9, so sie\u0165ovanou mesh \u010das\u0165ou v\u00a0strede podr\u00e1\u017eky.","og_url":"https:\/\/arak.spicehorse.eu\/termek\/ps-of-sweden-lovaglozokni-sky-white-2-db\/","og_site_name":"Spicehorse","article_publisher":"https:\/\/www.facebook.com\/SPICEHORSE-550385625402457\/","article_modified_time":"2024-11-21T12:53:44+00:00","og_image":[{"width":700,"height":700,"url":"https:\/\/arak.spicehorse.eu\/wp-content\/uploads\/2024\/03\/sky-ridingsock-white-2261-1500x2000-2.jpg","type":"image\/jpeg"}],"twitter_card":"summary_large_image","schema":{"@context":"https:\/\/schema.org","@graph":[{"@type":"WebPage","@id":"https:\/\/arak.spicehorse.eu\/termek\/ps-of-sweden-lovaglozokni-sky-white-2-db\/","url":"https:\/\/arak.spicehorse.eu\/termek\/ps-of-sweden-lovaglozokni-sky-white-2-db\/","name":"PS of Sweden jazdeck\u00e9 podkolienka Sky White 2 ks - Spicehorse","isPartOf":{"@id":"https:\/\/arak.spicehorse.eu\/en\/#website"},"datePublished":"2024-03-13T16:43:56+00:00","dateModified":"2024-11-21T12:53:44+00:00","description":"spicehorse.eu | PS of Sweden jazdeck\u00e9 podkolienky s\u00fa \u013eahk\u00e9, vyroben\u00e9 z\u00a0pletenej bavlny, na podr\u00e1\u017eke a\u00a0okolo p\u00e4ty s\u00fa zosilnen\u00e9, so sie\u0165ovanou mesh \u010das\u0165ou v\u00a0strede podr\u00e1\u017eky.","breadcrumb":{"@id":"https:\/\/arak.spicehorse.eu\/termek\/ps-of-sweden-lovaglozokni-sky-white-2-db\/#breadcrumb"},"inLanguage":"sk-SK","potentialAction":[{"@type":"ReadAction","target":["https:\/\/arak.spicehorse.eu\/termek\/ps-of-sweden-lovaglozokni-sky-white-2-db\/"]}]},{"@type":"BreadcrumbList","@id":"https:\/\/arak.spicehorse.eu\/termek\/ps-of-sweden-lovaglozokni-sky-white-2-db\/#breadcrumb","itemListElement":[{"@type":"ListItem","position":1,"name":"Home","item":"https:\/\/arak.spicehorse.eu\/sk\/"},{"@type":"ListItem","position":2,"name":"Predaj\u0148a","item":"https:\/\/arak.spicehorse.eu\/sk\/predajna\/"},{"@type":"ListItem","position":3,"name":"PS of Sweden jazdeck\u00e9 podkolienka Sky White 2 ks"}]},{"@type":"WebSite","@id":"https:\/\/arak.spicehorse.eu\/en\/#website","url":"https:\/\/arak.spicehorse.eu\/en\/","name":"Spicehorse","description":"UNDER DEVELOPMENT -","potentialAction":[{"@type":"SearchAction","target":{"@type":"EntryPoint","urlTemplate":"https:\/\/arak.spicehorse.eu\/en\/?s={search_term_string}"},"query-input":"required name=search_term_string"}],"inLanguage":"sk-SK"}]}},"_links":{"self":[{"href":"https:\/\/arak.spicehorse.eu\/sk\/wp-json\/wp\/v2\/product\/178684"}],"collection":[{"href":"https:\/\/arak.spicehorse.eu\/sk\/wp-json\/wp\/v2\/product"}],"about":[{"href":"https:\/\/arak.spicehorse.eu\/sk\/wp-json\/wp\/v2\/types\/product"}],"wp:featuredmedia":[{"embeddable":true,"href":"https:\/\/arak.spicehorse.eu\/sk\/wp-json\/wp\/v2\/media\/178689"}],"wp:attachment":[{"href":"https:\/\/arak.spicehorse.eu\/sk\/wp-json\/wp\/v2\/media?parent=178684"}],"wp:term":[{"taxonomy":"product_cat","embeddable":true,"href":"https:\/\/arak.spicehorse.eu\/sk\/wp-json\/wp\/v2\/product_cat?post=178684"},{"taxonomy":"product_tag","embeddable":true,"href":"https:\/\/arak.spicehorse.eu\/sk\/wp-json\/wp\/v2\/product_tag?post=178684"}],"curies":[{"name":"wp","href":"https:\/\/api.w.org\/{rel}","templated":true}]}}