{"id":178884,"date":"2024-03-20T18:35:10","date_gmt":"2024-03-20T17:35:16","guid":{"rendered":"https:\/\/arak.spicehorse.eu\/?post_type=product&#038;p=178884"},"modified":"2025-03-29T19:29:48","modified_gmt":"2025-03-29T18:29:48","slug":"tommy-hilfiger-montreal-baseballova-ciapka-desert-sky","status":"publish","type":"product","link":"https:\/\/arak.spicehorse.eu\/sk\/produkt\/tommy-hilfiger-montreal-baseballova-ciapka-desert-sky\/","title":{"rendered":"TOMMY HILFIGER Montreal baseballov\u00e1 \u010diapka Desert Sky"},"content":{"rendered":"<div>\n<p><span lang=\"SK\">Tommy Hilfiger Equestrian baseballov\u00e1 \u010diapka s\u00a0ikonick\u00fdm 3D logom TH v\u00a0prednej \u010dasti, z\u00a0nepremokav\u00e9ho materi\u00e1lu, s\u00a0nastavite\u013en\u00fdm p\u00e1som vo farb\u00e1ch \u00a0Global Stripe pr\u00fa\u017eky a\u00a0s\u00a0kovovou prackou. Logo Tommy Hilfiger z\u00e1stavy v\u00a0prednej \u010dasti \u0161iltu pre modern\u00fd dizajn. <\/span><\/p>\n<\/div>\n<div>\n<p><span lang=\"SK\">100% polyester<\/span><\/p>\n<\/div>\n","protected":false},"excerpt":{"rendered":"<p>Tommy Hilfiger Equestrian baseballov\u00e1 \u010diapka s\u00a0ikonick\u00fdm 3D logom TH v\u00a0prednej \u010dasti, z\u00a0nepremokav\u00e9ho materi\u00e1lu, s\u00a0nastavite\u013en\u00fdm p\u00e1som vo farb\u00e1ch \u00a0Global Stripe pr\u00fa\u017eky a\u00a0s\u00a0kovovou prackou. Logo Tommy Hilfiger z\u00e1stavy v\u00a0prednej \u010dasti \u0161iltu pre modern\u00fd dizajn. 100% polyester<\/p>\n","protected":false},"featured_media":178889,"template":"","meta":{"_acf_changed":false},"product_cat":[76,309],"product_tag":[3190,1067],"acf":[],"yoast_head":"<!-- This site is optimized with the Yoast SEO plugin v21.4 - https:\/\/yoast.com\/wordpress\/plugins\/seo\/ -->\n<title>TOMMY HILFIGER Montreal baseballov\u00e1 \u010diapka Desert Sky - Spicehorse<\/title>\n<meta name=\"description\" content=\"spicehorse.eu | Tommy Hilfiger Equestrian baseballov\u00e1 \u010diapka s\u00a0ikonick\u00fdm 3D logom TH v\u00a0prednej \u010dasti, z\u00a0nepremokav\u00e9ho materi\u00e1lu, s\u00a0nastavite\u013en\u00fdm p\u00e1som vo farb\u00e1ch \u00a0Global Stripe pr\u00fa\u017eky a\u00a0s\u00a0kovovou prackou.\" \/>\n<meta name=\"robots\" content=\"index, follow, max-snippet:-1, max-image-preview:large, max-video-preview:-1\" \/>\n<link rel=\"canonical\" href=\"https:\/\/arak.spicehorse.eu\/sk\/produkt\/tommy-hilfiger-montreal-baseballova-ciapka-desert-sky\/\" \/>\n<meta property=\"og:locale\" content=\"sk_SK\" \/>\n<meta property=\"og:type\" content=\"article\" \/>\n<meta property=\"og:title\" content=\"TOMMY HILFIGER Montreal baseballov\u00e1 \u010diapka Desert Sky - Spicehorse\" \/>\n<meta property=\"og:description\" content=\"spicehorse.eu | Tommy Hilfiger Equestrian baseballov\u00e1 \u010diapka s\u00a0ikonick\u00fdm 3D logom TH v\u00a0prednej \u010dasti, z\u00a0nepremokav\u00e9ho materi\u00e1lu, s\u00a0nastavite\u013en\u00fdm p\u00e1som vo farb\u00e1ch \u00a0Global Stripe pr\u00fa\u017eky a\u00a0s\u00a0kovovou prackou.\" \/>\n<meta property=\"og:url\" content=\"https:\/\/arak.spicehorse.eu\/sk\/produkt\/tommy-hilfiger-montreal-baseballova-ciapka-desert-sky\/\" \/>\n<meta property=\"og:site_name\" content=\"Spicehorse\" \/>\n<meta property=\"article:publisher\" content=\"https:\/\/www.facebook.com\/SPICEHORSE-550385625402457\/\" \/>\n<meta property=\"article:modified_time\" content=\"2025-03-29T18:29:48+00:00\" \/>\n<meta property=\"og:image\" content=\"https:\/\/arak.spicehorse.eu\/wp-content\/uploads\/2024\/03\/th13ucap729-004-primaryjpg-master-groot.jpg\" \/>\n\t<meta property=\"og:image:width\" content=\"1080\" \/>\n\t<meta property=\"og:image:height\" content=\"1440\" \/>\n\t<meta property=\"og:image:type\" content=\"image\/jpeg\" \/>\n<meta name=\"twitter:card\" content=\"summary_large_image\" \/>\n<script type=\"application\/ld+json\" class=\"yoast-schema-graph\">{\"@context\":\"https:\/\/schema.org\",\"@graph\":[{\"@type\":\"WebPage\",\"@id\":\"https:\/\/arak.spicehorse.eu\/sk\/produkt\/tommy-hilfiger-montreal-baseballova-ciapka-desert-sky\/\",\"url\":\"https:\/\/arak.spicehorse.eu\/sk\/produkt\/tommy-hilfiger-montreal-baseballova-ciapka-desert-sky\/\",\"name\":\"TOMMY HILFIGER Montreal baseballov\u00e1 \u010diapka Desert Sky - Spicehorse\",\"isPartOf\":{\"@id\":\"https:\/\/arak.spicehorse.eu\/en\/#website\"},\"datePublished\":\"2024-03-20T17:35:16+00:00\",\"dateModified\":\"2025-03-29T18:29:48+00:00\",\"description\":\"spicehorse.eu | Tommy Hilfiger Equestrian baseballov\u00e1 \u010diapka s\u00a0ikonick\u00fdm 3D logom TH v\u00a0prednej \u010dasti, z\u00a0nepremokav\u00e9ho materi\u00e1lu, s\u00a0nastavite\u013en\u00fdm p\u00e1som vo farb\u00e1ch \u00a0Global Stripe pr\u00fa\u017eky a\u00a0s\u00a0kovovou prackou.\",\"breadcrumb\":{\"@id\":\"https:\/\/arak.spicehorse.eu\/sk\/produkt\/tommy-hilfiger-montreal-baseballova-ciapka-desert-sky\/#breadcrumb\"},\"inLanguage\":\"sk-SK\",\"potentialAction\":[{\"@type\":\"ReadAction\",\"target\":[\"https:\/\/arak.spicehorse.eu\/sk\/produkt\/tommy-hilfiger-montreal-baseballova-ciapka-desert-sky\/\"]}]},{\"@type\":\"BreadcrumbList\",\"@id\":\"https:\/\/arak.spicehorse.eu\/sk\/produkt\/tommy-hilfiger-montreal-baseballova-ciapka-desert-sky\/#breadcrumb\",\"itemListElement\":[{\"@type\":\"ListItem\",\"position\":1,\"name\":\"Home\",\"item\":\"https:\/\/arak.spicehorse.eu\/sk\/\"},{\"@type\":\"ListItem\",\"position\":2,\"name\":\"Predaj\u0148a\",\"item\":\"https:\/\/arak.spicehorse.eu\/sk\/predajna\/\"},{\"@type\":\"ListItem\",\"position\":3,\"name\":\"TOMMY HILFIGER Montreal baseballov\u00e1 \u010diapka Desert Sky\"}]},{\"@type\":\"WebSite\",\"@id\":\"https:\/\/arak.spicehorse.eu\/en\/#website\",\"url\":\"https:\/\/arak.spicehorse.eu\/en\/\",\"name\":\"Spicehorse\",\"description\":\"UNDER DEVELOPMENT -\",\"potentialAction\":[{\"@type\":\"SearchAction\",\"target\":{\"@type\":\"EntryPoint\",\"urlTemplate\":\"https:\/\/arak.spicehorse.eu\/en\/?s={search_term_string}\"},\"query-input\":\"required name=search_term_string\"}],\"inLanguage\":\"sk-SK\"}]}<\/script>\n<!-- \/ Yoast SEO plugin. -->","yoast_head_json":{"title":"TOMMY HILFIGER Montreal baseballov\u00e1 \u010diapka Desert Sky - Spicehorse","description":"spicehorse.eu | Tommy Hilfiger Equestrian baseballov\u00e1 \u010diapka s\u00a0ikonick\u00fdm 3D logom TH v\u00a0prednej \u010dasti, z\u00a0nepremokav\u00e9ho materi\u00e1lu, s\u00a0nastavite\u013en\u00fdm p\u00e1som vo farb\u00e1ch \u00a0Global Stripe pr\u00fa\u017eky a\u00a0s\u00a0kovovou prackou.","robots":{"index":"index","follow":"follow","max-snippet":"max-snippet:-1","max-image-preview":"max-image-preview:large","max-video-preview":"max-video-preview:-1"},"canonical":"https:\/\/arak.spicehorse.eu\/sk\/produkt\/tommy-hilfiger-montreal-baseballova-ciapka-desert-sky\/","og_locale":"sk_SK","og_type":"article","og_title":"TOMMY HILFIGER Montreal baseballov\u00e1 \u010diapka Desert Sky - Spicehorse","og_description":"spicehorse.eu | Tommy Hilfiger Equestrian baseballov\u00e1 \u010diapka s\u00a0ikonick\u00fdm 3D logom TH v\u00a0prednej \u010dasti, z\u00a0nepremokav\u00e9ho materi\u00e1lu, s\u00a0nastavite\u013en\u00fdm p\u00e1som vo farb\u00e1ch \u00a0Global Stripe pr\u00fa\u017eky a\u00a0s\u00a0kovovou prackou.","og_url":"https:\/\/arak.spicehorse.eu\/sk\/produkt\/tommy-hilfiger-montreal-baseballova-ciapka-desert-sky\/","og_site_name":"Spicehorse","article_publisher":"https:\/\/www.facebook.com\/SPICEHORSE-550385625402457\/","article_modified_time":"2025-03-29T18:29:48+00:00","og_image":[{"width":1080,"height":1440,"url":"https:\/\/arak.spicehorse.eu\/wp-content\/uploads\/2024\/03\/th13ucap729-004-primaryjpg-master-groot.jpg","type":"image\/jpeg"}],"twitter_card":"summary_large_image","schema":{"@context":"https:\/\/schema.org","@graph":[{"@type":"WebPage","@id":"https:\/\/arak.spicehorse.eu\/sk\/produkt\/tommy-hilfiger-montreal-baseballova-ciapka-desert-sky\/","url":"https:\/\/arak.spicehorse.eu\/sk\/produkt\/tommy-hilfiger-montreal-baseballova-ciapka-desert-sky\/","name":"TOMMY HILFIGER Montreal baseballov\u00e1 \u010diapka Desert Sky - Spicehorse","isPartOf":{"@id":"https:\/\/arak.spicehorse.eu\/en\/#website"},"datePublished":"2024-03-20T17:35:16+00:00","dateModified":"2025-03-29T18:29:48+00:00","description":"spicehorse.eu | Tommy Hilfiger Equestrian baseballov\u00e1 \u010diapka s\u00a0ikonick\u00fdm 3D logom TH v\u00a0prednej \u010dasti, z\u00a0nepremokav\u00e9ho materi\u00e1lu, s\u00a0nastavite\u013en\u00fdm p\u00e1som vo farb\u00e1ch \u00a0Global Stripe pr\u00fa\u017eky a\u00a0s\u00a0kovovou prackou.","breadcrumb":{"@id":"https:\/\/arak.spicehorse.eu\/sk\/produkt\/tommy-hilfiger-montreal-baseballova-ciapka-desert-sky\/#breadcrumb"},"inLanguage":"sk-SK","potentialAction":[{"@type":"ReadAction","target":["https:\/\/arak.spicehorse.eu\/sk\/produkt\/tommy-hilfiger-montreal-baseballova-ciapka-desert-sky\/"]}]},{"@type":"BreadcrumbList","@id":"https:\/\/arak.spicehorse.eu\/sk\/produkt\/tommy-hilfiger-montreal-baseballova-ciapka-desert-sky\/#breadcrumb","itemListElement":[{"@type":"ListItem","position":1,"name":"Home","item":"https:\/\/arak.spicehorse.eu\/sk\/"},{"@type":"ListItem","position":2,"name":"Predaj\u0148a","item":"https:\/\/arak.spicehorse.eu\/sk\/predajna\/"},{"@type":"ListItem","position":3,"name":"TOMMY HILFIGER Montreal baseballov\u00e1 \u010diapka Desert Sky"}]},{"@type":"WebSite","@id":"https:\/\/arak.spicehorse.eu\/en\/#website","url":"https:\/\/arak.spicehorse.eu\/en\/","name":"Spicehorse","description":"UNDER DEVELOPMENT -","potentialAction":[{"@type":"SearchAction","target":{"@type":"EntryPoint","urlTemplate":"https:\/\/arak.spicehorse.eu\/en\/?s={search_term_string}"},"query-input":"required name=search_term_string"}],"inLanguage":"sk-SK"}]}},"_links":{"self":[{"href":"https:\/\/arak.spicehorse.eu\/sk\/wp-json\/wp\/v2\/product\/178884"}],"collection":[{"href":"https:\/\/arak.spicehorse.eu\/sk\/wp-json\/wp\/v2\/product"}],"about":[{"href":"https:\/\/arak.spicehorse.eu\/sk\/wp-json\/wp\/v2\/types\/product"}],"wp:featuredmedia":[{"embeddable":true,"href":"https:\/\/arak.spicehorse.eu\/sk\/wp-json\/wp\/v2\/media\/178889"}],"wp:attachment":[{"href":"https:\/\/arak.spicehorse.eu\/sk\/wp-json\/wp\/v2\/media?parent=178884"}],"wp:term":[{"taxonomy":"product_cat","embeddable":true,"href":"https:\/\/arak.spicehorse.eu\/sk\/wp-json\/wp\/v2\/product_cat?post=178884"},{"taxonomy":"product_tag","embeddable":true,"href":"https:\/\/arak.spicehorse.eu\/sk\/wp-json\/wp\/v2\/product_tag?post=178884"}],"curies":[{"name":"wp","href":"https:\/\/api.w.org\/{rel}","templated":true}]}}