{"id":178909,"date":"2024-03-20T18:46:58","date_gmt":"2024-03-20T17:47:04","guid":{"rendered":"https:\/\/arak.spicehorse.eu\/?post_type=product&#038;p=178909"},"modified":"2025-04-07T13:18:32","modified_gmt":"2025-04-07T11:18:32","slug":"tommy-hilfiger-lisbon-jazdecke-podkolienky","status":"publish","type":"product","link":"https:\/\/arak.spicehorse.eu\/sk\/produkt\/tommy-hilfiger-lisbon-jazdecke-podkolienky\/","title":{"rendered":"TOMMY HILFIGER Lisbon jazdeck\u00e9 podkolienky"},"content":{"rendered":"<div>\n<p><span lang=\"SK\">TOMMY HILFIGER Equestrian jazdeck\u00e9 podkolienky z\u00a0tenk\u00e9ho materi\u00e1lu s\u00a0posilnenou l\u00fdtkovou \u010das\u0165ou, na boku Tommy Hilfiger n\u00e1pis s\u00a0nitovanou z\u00e1stavou, \u00a0\u00a0Global Stripe pr\u00fa\u017eky na priehlavku. Vyroben\u00e9 s\u00fa z\u00a0materi\u00e1lu neutralizuj\u00faceho.<\/span><\/p>\n<\/div>\n<div>\n<p><span lang=\"SK\">97% nylon 3% elastan<\/span><\/p>\n<\/div>\n","protected":false},"excerpt":{"rendered":"<p>TOMMY HILFIGER Equestrian jazdeck\u00e9 podkolienky z\u00a0tenk\u00e9ho materi\u00e1lu s\u00a0posilnenou l\u00fdtkovou \u010das\u0165ou, na boku Tommy Hilfiger n\u00e1pis s\u00a0nitovanou z\u00e1stavou, \u00a0\u00a0Global Stripe pr\u00fa\u017eky na priehlavku. Vyroben\u00e9 s\u00fa z\u00a0materi\u00e1lu neutralizuj\u00faceho. 97% nylon 3% elastan<\/p>\n","protected":false},"featured_media":178917,"template":"","meta":{"_acf_changed":false},"product_cat":[76,310],"product_tag":[402,3190,1067],"acf":[],"yoast_head":"<!-- This site is optimized with the Yoast SEO plugin v21.4 - https:\/\/yoast.com\/wordpress\/plugins\/seo\/ -->\n<title>TOMMY HILFIGER Lisbon jazdeck\u00e9 podkolienky - Spicehorse<\/title>\n<meta name=\"description\" content=\"spicehorse.eu | TOMMY HILFIGER Equestrian jazdeck\u00e9 podkolienky z\u00a0tenk\u00e9ho materi\u00e1lu s\u00a0posilnenou l\u00fdtkovou \u010das\u0165ou, na boku Tommy Hilfiger n\u00e1pis s\u00a0nitovanou z\u00e1stavou, \u00a0\u00a0Global Stripe pr\u00fa\u017eky na priehlavku.\" \/>\n<meta name=\"robots\" content=\"index, follow, max-snippet:-1, max-image-preview:large, max-video-preview:-1\" \/>\n<link rel=\"canonical\" href=\"https:\/\/arak.spicehorse.eu\/sk\/produkt\/tommy-hilfiger-lisbon-jazdecke-podkolienky\/\" \/>\n<meta property=\"og:locale\" content=\"sk_SK\" \/>\n<meta property=\"og:type\" content=\"article\" \/>\n<meta property=\"og:title\" content=\"TOMMY HILFIGER Lisbon jazdeck\u00e9 podkolienky - Spicehorse\" \/>\n<meta property=\"og:description\" content=\"spicehorse.eu | TOMMY HILFIGER Equestrian jazdeck\u00e9 podkolienky z\u00a0tenk\u00e9ho materi\u00e1lu s\u00a0posilnenou l\u00fdtkovou \u010das\u0165ou, na boku Tommy Hilfiger n\u00e1pis s\u00a0nitovanou z\u00e1stavou, \u00a0\u00a0Global Stripe pr\u00fa\u017eky na priehlavku.\" \/>\n<meta property=\"og:url\" content=\"https:\/\/arak.spicehorse.eu\/sk\/produkt\/tommy-hilfiger-lisbon-jazdecke-podkolienky\/\" \/>\n<meta property=\"og:site_name\" content=\"Spicehorse\" \/>\n<meta property=\"article:publisher\" content=\"https:\/\/www.facebook.com\/SPICEHORSE-550385625402457\/\" \/>\n<meta property=\"article:modified_time\" content=\"2025-04-07T11:18:32+00:00\" \/>\n<meta property=\"og:image\" content=\"https:\/\/arak.spicehorse.eu\/wp-content\/uploads\/2024\/03\/th13usoc737-004-primaryjpg-master-groot-2.jpg\" \/>\n\t<meta property=\"og:image:width\" content=\"700\" \/>\n\t<meta property=\"og:image:height\" content=\"700\" \/>\n\t<meta property=\"og:image:type\" content=\"image\/jpeg\" \/>\n<meta name=\"twitter:card\" content=\"summary_large_image\" \/>\n<script type=\"application\/ld+json\" class=\"yoast-schema-graph\">{\"@context\":\"https:\/\/schema.org\",\"@graph\":[{\"@type\":\"WebPage\",\"@id\":\"https:\/\/arak.spicehorse.eu\/sk\/produkt\/tommy-hilfiger-lisbon-jazdecke-podkolienky\/\",\"url\":\"https:\/\/arak.spicehorse.eu\/sk\/produkt\/tommy-hilfiger-lisbon-jazdecke-podkolienky\/\",\"name\":\"TOMMY HILFIGER Lisbon jazdeck\u00e9 podkolienky - Spicehorse\",\"isPartOf\":{\"@id\":\"https:\/\/arak.spicehorse.eu\/en\/#website\"},\"datePublished\":\"2024-03-20T17:47:04+00:00\",\"dateModified\":\"2025-04-07T11:18:32+00:00\",\"description\":\"spicehorse.eu | TOMMY HILFIGER Equestrian jazdeck\u00e9 podkolienky z\u00a0tenk\u00e9ho materi\u00e1lu s\u00a0posilnenou l\u00fdtkovou \u010das\u0165ou, na boku Tommy Hilfiger n\u00e1pis s\u00a0nitovanou z\u00e1stavou, \u00a0\u00a0Global Stripe pr\u00fa\u017eky na priehlavku.\",\"breadcrumb\":{\"@id\":\"https:\/\/arak.spicehorse.eu\/sk\/produkt\/tommy-hilfiger-lisbon-jazdecke-podkolienky\/#breadcrumb\"},\"inLanguage\":\"sk-SK\",\"potentialAction\":[{\"@type\":\"ReadAction\",\"target\":[\"https:\/\/arak.spicehorse.eu\/sk\/produkt\/tommy-hilfiger-lisbon-jazdecke-podkolienky\/\"]}]},{\"@type\":\"BreadcrumbList\",\"@id\":\"https:\/\/arak.spicehorse.eu\/sk\/produkt\/tommy-hilfiger-lisbon-jazdecke-podkolienky\/#breadcrumb\",\"itemListElement\":[{\"@type\":\"ListItem\",\"position\":1,\"name\":\"Home\",\"item\":\"https:\/\/arak.spicehorse.eu\/sk\/\"},{\"@type\":\"ListItem\",\"position\":2,\"name\":\"Predaj\u0148a\",\"item\":\"https:\/\/arak.spicehorse.eu\/sk\/predajna\/\"},{\"@type\":\"ListItem\",\"position\":3,\"name\":\"TOMMY HILFIGER Lisbon jazdeck\u00e9 podkolienky\"}]},{\"@type\":\"WebSite\",\"@id\":\"https:\/\/arak.spicehorse.eu\/en\/#website\",\"url\":\"https:\/\/arak.spicehorse.eu\/en\/\",\"name\":\"Spicehorse\",\"description\":\"UNDER DEVELOPMENT -\",\"potentialAction\":[{\"@type\":\"SearchAction\",\"target\":{\"@type\":\"EntryPoint\",\"urlTemplate\":\"https:\/\/arak.spicehorse.eu\/en\/?s={search_term_string}\"},\"query-input\":\"required name=search_term_string\"}],\"inLanguage\":\"sk-SK\"}]}<\/script>\n<!-- \/ Yoast SEO plugin. -->","yoast_head_json":{"title":"TOMMY HILFIGER Lisbon jazdeck\u00e9 podkolienky - Spicehorse","description":"spicehorse.eu | TOMMY HILFIGER Equestrian jazdeck\u00e9 podkolienky z\u00a0tenk\u00e9ho materi\u00e1lu s\u00a0posilnenou l\u00fdtkovou \u010das\u0165ou, na boku Tommy Hilfiger n\u00e1pis s\u00a0nitovanou z\u00e1stavou, \u00a0\u00a0Global Stripe pr\u00fa\u017eky na priehlavku.","robots":{"index":"index","follow":"follow","max-snippet":"max-snippet:-1","max-image-preview":"max-image-preview:large","max-video-preview":"max-video-preview:-1"},"canonical":"https:\/\/arak.spicehorse.eu\/sk\/produkt\/tommy-hilfiger-lisbon-jazdecke-podkolienky\/","og_locale":"sk_SK","og_type":"article","og_title":"TOMMY HILFIGER Lisbon jazdeck\u00e9 podkolienky - Spicehorse","og_description":"spicehorse.eu | TOMMY HILFIGER Equestrian jazdeck\u00e9 podkolienky z\u00a0tenk\u00e9ho materi\u00e1lu s\u00a0posilnenou l\u00fdtkovou \u010das\u0165ou, na boku Tommy Hilfiger n\u00e1pis s\u00a0nitovanou z\u00e1stavou, \u00a0\u00a0Global Stripe pr\u00fa\u017eky na priehlavku.","og_url":"https:\/\/arak.spicehorse.eu\/sk\/produkt\/tommy-hilfiger-lisbon-jazdecke-podkolienky\/","og_site_name":"Spicehorse","article_publisher":"https:\/\/www.facebook.com\/SPICEHORSE-550385625402457\/","article_modified_time":"2025-04-07T11:18:32+00:00","og_image":[{"width":700,"height":700,"url":"https:\/\/arak.spicehorse.eu\/wp-content\/uploads\/2024\/03\/th13usoc737-004-primaryjpg-master-groot-2.jpg","type":"image\/jpeg"}],"twitter_card":"summary_large_image","schema":{"@context":"https:\/\/schema.org","@graph":[{"@type":"WebPage","@id":"https:\/\/arak.spicehorse.eu\/sk\/produkt\/tommy-hilfiger-lisbon-jazdecke-podkolienky\/","url":"https:\/\/arak.spicehorse.eu\/sk\/produkt\/tommy-hilfiger-lisbon-jazdecke-podkolienky\/","name":"TOMMY HILFIGER Lisbon jazdeck\u00e9 podkolienky - Spicehorse","isPartOf":{"@id":"https:\/\/arak.spicehorse.eu\/en\/#website"},"datePublished":"2024-03-20T17:47:04+00:00","dateModified":"2025-04-07T11:18:32+00:00","description":"spicehorse.eu | TOMMY HILFIGER Equestrian jazdeck\u00e9 podkolienky z\u00a0tenk\u00e9ho materi\u00e1lu s\u00a0posilnenou l\u00fdtkovou \u010das\u0165ou, na boku Tommy Hilfiger n\u00e1pis s\u00a0nitovanou z\u00e1stavou, \u00a0\u00a0Global Stripe pr\u00fa\u017eky na priehlavku.","breadcrumb":{"@id":"https:\/\/arak.spicehorse.eu\/sk\/produkt\/tommy-hilfiger-lisbon-jazdecke-podkolienky\/#breadcrumb"},"inLanguage":"sk-SK","potentialAction":[{"@type":"ReadAction","target":["https:\/\/arak.spicehorse.eu\/sk\/produkt\/tommy-hilfiger-lisbon-jazdecke-podkolienky\/"]}]},{"@type":"BreadcrumbList","@id":"https:\/\/arak.spicehorse.eu\/sk\/produkt\/tommy-hilfiger-lisbon-jazdecke-podkolienky\/#breadcrumb","itemListElement":[{"@type":"ListItem","position":1,"name":"Home","item":"https:\/\/arak.spicehorse.eu\/sk\/"},{"@type":"ListItem","position":2,"name":"Predaj\u0148a","item":"https:\/\/arak.spicehorse.eu\/sk\/predajna\/"},{"@type":"ListItem","position":3,"name":"TOMMY HILFIGER Lisbon jazdeck\u00e9 podkolienky"}]},{"@type":"WebSite","@id":"https:\/\/arak.spicehorse.eu\/en\/#website","url":"https:\/\/arak.spicehorse.eu\/en\/","name":"Spicehorse","description":"UNDER DEVELOPMENT -","potentialAction":[{"@type":"SearchAction","target":{"@type":"EntryPoint","urlTemplate":"https:\/\/arak.spicehorse.eu\/en\/?s={search_term_string}"},"query-input":"required name=search_term_string"}],"inLanguage":"sk-SK"}]}},"_links":{"self":[{"href":"https:\/\/arak.spicehorse.eu\/sk\/wp-json\/wp\/v2\/product\/178909"}],"collection":[{"href":"https:\/\/arak.spicehorse.eu\/sk\/wp-json\/wp\/v2\/product"}],"about":[{"href":"https:\/\/arak.spicehorse.eu\/sk\/wp-json\/wp\/v2\/types\/product"}],"wp:featuredmedia":[{"embeddable":true,"href":"https:\/\/arak.spicehorse.eu\/sk\/wp-json\/wp\/v2\/media\/178917"}],"wp:attachment":[{"href":"https:\/\/arak.spicehorse.eu\/sk\/wp-json\/wp\/v2\/media?parent=178909"}],"wp:term":[{"taxonomy":"product_cat","embeddable":true,"href":"https:\/\/arak.spicehorse.eu\/sk\/wp-json\/wp\/v2\/product_cat?post=178909"},{"taxonomy":"product_tag","embeddable":true,"href":"https:\/\/arak.spicehorse.eu\/sk\/wp-json\/wp\/v2\/product_tag?post=178909"}],"curies":[{"name":"wp","href":"https:\/\/api.w.org\/{rel}","templated":true}]}}