{"id":179092,"date":"2024-03-23T19:19:35","date_gmt":"2024-03-23T18:19:36","guid":{"rendered":"https:\/\/arak.spicehorse.eu\/?post_type=product&#038;p=179092"},"modified":"2026-02-12T12:25:41","modified_gmt":"2026-02-12T11:25:41","slug":"lemieux-hobby-horse-popcorn","status":"publish","type":"product","link":"https:\/\/arak.spicehorse.eu\/sk\/produkt\/lemieux-hobby-horse-popcorn\/","title":{"rendered":"LeMieux Hobby Horse Popcorn"},"content":{"rendered":"<p style=\"font-weight: 400;\">Pripravte svoje die\u0165a na jazdenie v\u010faka tomuto n\u00e1dhern\u00e9mu a\u00a0nev\u0161edn\u00e9mu LeMieux palomino hobby kon\u00edkovi, Popcornovi.<\/p>\n<p style=\"font-weight: 400;\">Realistick\u00e1 hlava, hriva, ktor\u00fa mo\u017eno zapleta\u0165 a\u00a0ve\u013ek\u00e9 mno\u017estvo doplnkov, ktor\u00e9 k\u00a0nemu mo\u017eno pripoji\u0165. Mal\u00ed jazdci si ho zamiluj\u00fa a\u00a0str\u00e1via dlh\u00e9 hodiny hran\u00edm sa so svoj\u00edm mini kon\u00edkom.<\/p>\n<p style=\"font-weight: 400;\">Prisl\u00fachaj\u00face doplnky a\u00a0v\u00fdbavu si m\u00f4\u017eete zak\u00fapi\u0165 samostatne.<\/p>\n<p style=\"font-weight: 400;\">\u010cistite vlhkou handrou.<\/p>\n<p style=\"font-weight: 400;\">D\u013a\u017eka 81 cm<\/p>\n","protected":false},"excerpt":{"rendered":"<p>Pripravte svoje die\u0165a na jazdenie v\u010faka tomuto n\u00e1dhern\u00e9mu a\u00a0nev\u0161edn\u00e9mu LeMieux palomino hobby kon\u00edkovi, Popcornovi. Realistick\u00e1 hlava, hriva, ktor\u00fa mo\u017eno zapleta\u0165 a\u00a0ve\u013ek\u00e9 mno\u017estvo doplnkov, ktor\u00e9 k\u00a0nemu mo\u017eno pripoji\u0165. Mal\u00ed jazdci si ho zamiluj\u00fa a\u00a0str\u00e1via dlh\u00e9 hodiny hran\u00edm sa so svoj\u00edm mini kon\u00edkom. Prisl\u00fachaj\u00face doplnky a\u00a0v\u00fdbavu si m\u00f4\u017eete zak\u00fapi\u0165 samostatne. \u010cistite vlhkou handrou. D\u013a\u017eka 81 cm<\/p>\n","protected":false},"featured_media":179748,"template":"","meta":{"_acf_changed":false},"product_cat":[2534,3228,76,312],"product_tag":[2868,227,2369,2589,422,2389],"acf":[],"yoast_head":"<!-- This site is optimized with the Yoast SEO plugin v21.4 - https:\/\/yoast.com\/wordpress\/plugins\/seo\/ -->\n<title>LeMieux Hobby Horse Popcorn - Spicehorse<\/title>\n<meta name=\"description\" content=\"spicehorse.eu | Pripravte svoje die\u0165a na jazdenie v\u010faka tomuto n\u00e1dhern\u00e9mu a nev\u0161edn\u00e9mu LeMieux palomino hobby kon\u00edkovi, Popcornovi.\" \/>\n<meta name=\"robots\" content=\"index, follow, max-snippet:-1, max-image-preview:large, max-video-preview:-1\" \/>\n<link rel=\"canonical\" href=\"https:\/\/arak.spicehorse.eu\/sk\/produkt\/lemieux-hobby-horse-popcorn\/\" \/>\n<meta property=\"og:locale\" content=\"sk_SK\" \/>\n<meta property=\"og:type\" content=\"article\" \/>\n<meta property=\"og:title\" content=\"LeMieux Hobby Horse Popcorn - Spicehorse\" \/>\n<meta property=\"og:description\" content=\"spicehorse.eu | Pripravte svoje die\u0165a na jazdenie v\u010faka tomuto n\u00e1dhern\u00e9mu a nev\u0161edn\u00e9mu LeMieux palomino hobby kon\u00edkovi, Popcornovi.\" \/>\n<meta property=\"og:url\" content=\"https:\/\/arak.spicehorse.eu\/sk\/produkt\/lemieux-hobby-horse-popcorn\/\" \/>\n<meta property=\"og:site_name\" content=\"Spicehorse\" \/>\n<meta property=\"article:publisher\" content=\"https:\/\/www.facebook.com\/SPICEHORSE-550385625402457\/\" \/>\n<meta property=\"article:modified_time\" content=\"2026-02-12T11:25:41+00:00\" \/>\n<meta property=\"og:image\" content=\"https:\/\/arak.spicehorse.eu\/wp-content\/uploads\/2024\/03\/whitagram-image.jpeg\" \/>\n\t<meta property=\"og:image:width\" content=\"800\" \/>\n\t<meta property=\"og:image:height\" content=\"800\" \/>\n\t<meta property=\"og:image:type\" content=\"image\/jpeg\" \/>\n<meta name=\"twitter:card\" content=\"summary_large_image\" \/>\n<script type=\"application\/ld+json\" class=\"yoast-schema-graph\">{\"@context\":\"https:\/\/schema.org\",\"@graph\":[{\"@type\":\"WebPage\",\"@id\":\"https:\/\/arak.spicehorse.eu\/sk\/produkt\/lemieux-hobby-horse-popcorn\/\",\"url\":\"https:\/\/arak.spicehorse.eu\/sk\/produkt\/lemieux-hobby-horse-popcorn\/\",\"name\":\"LeMieux Hobby Horse Popcorn - Spicehorse\",\"isPartOf\":{\"@id\":\"https:\/\/arak.spicehorse.eu\/en\/#website\"},\"datePublished\":\"2024-03-23T18:19:36+00:00\",\"dateModified\":\"2026-02-12T11:25:41+00:00\",\"description\":\"spicehorse.eu | Pripravte svoje die\u0165a na jazdenie v\u010faka tomuto n\u00e1dhern\u00e9mu a nev\u0161edn\u00e9mu LeMieux palomino hobby kon\u00edkovi, Popcornovi.\",\"breadcrumb\":{\"@id\":\"https:\/\/arak.spicehorse.eu\/sk\/produkt\/lemieux-hobby-horse-popcorn\/#breadcrumb\"},\"inLanguage\":\"sk-SK\",\"potentialAction\":[{\"@type\":\"ReadAction\",\"target\":[\"https:\/\/arak.spicehorse.eu\/sk\/produkt\/lemieux-hobby-horse-popcorn\/\"]}]},{\"@type\":\"BreadcrumbList\",\"@id\":\"https:\/\/arak.spicehorse.eu\/sk\/produkt\/lemieux-hobby-horse-popcorn\/#breadcrumb\",\"itemListElement\":[{\"@type\":\"ListItem\",\"position\":1,\"name\":\"Home\",\"item\":\"https:\/\/arak.spicehorse.eu\/sk\/\"},{\"@type\":\"ListItem\",\"position\":2,\"name\":\"Predaj\u0148a\",\"item\":\"https:\/\/arak.spicehorse.eu\/sk\/predajna\/\"},{\"@type\":\"ListItem\",\"position\":3,\"name\":\"LeMieux Hobby Horse Popcorn\"}]},{\"@type\":\"WebSite\",\"@id\":\"https:\/\/arak.spicehorse.eu\/en\/#website\",\"url\":\"https:\/\/arak.spicehorse.eu\/en\/\",\"name\":\"Spicehorse\",\"description\":\"UNDER DEVELOPMENT -\",\"potentialAction\":[{\"@type\":\"SearchAction\",\"target\":{\"@type\":\"EntryPoint\",\"urlTemplate\":\"https:\/\/arak.spicehorse.eu\/en\/?s={search_term_string}\"},\"query-input\":\"required name=search_term_string\"}],\"inLanguage\":\"sk-SK\"}]}<\/script>\n<!-- \/ Yoast SEO plugin. -->","yoast_head_json":{"title":"LeMieux Hobby Horse Popcorn - Spicehorse","description":"spicehorse.eu | Pripravte svoje die\u0165a na jazdenie v\u010faka tomuto n\u00e1dhern\u00e9mu a nev\u0161edn\u00e9mu LeMieux palomino hobby kon\u00edkovi, Popcornovi.","robots":{"index":"index","follow":"follow","max-snippet":"max-snippet:-1","max-image-preview":"max-image-preview:large","max-video-preview":"max-video-preview:-1"},"canonical":"https:\/\/arak.spicehorse.eu\/sk\/produkt\/lemieux-hobby-horse-popcorn\/","og_locale":"sk_SK","og_type":"article","og_title":"LeMieux Hobby Horse Popcorn - Spicehorse","og_description":"spicehorse.eu | Pripravte svoje die\u0165a na jazdenie v\u010faka tomuto n\u00e1dhern\u00e9mu a nev\u0161edn\u00e9mu LeMieux palomino hobby kon\u00edkovi, Popcornovi.","og_url":"https:\/\/arak.spicehorse.eu\/sk\/produkt\/lemieux-hobby-horse-popcorn\/","og_site_name":"Spicehorse","article_publisher":"https:\/\/www.facebook.com\/SPICEHORSE-550385625402457\/","article_modified_time":"2026-02-12T11:25:41+00:00","og_image":[{"width":800,"height":800,"url":"https:\/\/arak.spicehorse.eu\/wp-content\/uploads\/2024\/03\/whitagram-image.jpeg","type":"image\/jpeg"}],"twitter_card":"summary_large_image","schema":{"@context":"https:\/\/schema.org","@graph":[{"@type":"WebPage","@id":"https:\/\/arak.spicehorse.eu\/sk\/produkt\/lemieux-hobby-horse-popcorn\/","url":"https:\/\/arak.spicehorse.eu\/sk\/produkt\/lemieux-hobby-horse-popcorn\/","name":"LeMieux Hobby Horse Popcorn - Spicehorse","isPartOf":{"@id":"https:\/\/arak.spicehorse.eu\/en\/#website"},"datePublished":"2024-03-23T18:19:36+00:00","dateModified":"2026-02-12T11:25:41+00:00","description":"spicehorse.eu | Pripravte svoje die\u0165a na jazdenie v\u010faka tomuto n\u00e1dhern\u00e9mu a nev\u0161edn\u00e9mu LeMieux palomino hobby kon\u00edkovi, Popcornovi.","breadcrumb":{"@id":"https:\/\/arak.spicehorse.eu\/sk\/produkt\/lemieux-hobby-horse-popcorn\/#breadcrumb"},"inLanguage":"sk-SK","potentialAction":[{"@type":"ReadAction","target":["https:\/\/arak.spicehorse.eu\/sk\/produkt\/lemieux-hobby-horse-popcorn\/"]}]},{"@type":"BreadcrumbList","@id":"https:\/\/arak.spicehorse.eu\/sk\/produkt\/lemieux-hobby-horse-popcorn\/#breadcrumb","itemListElement":[{"@type":"ListItem","position":1,"name":"Home","item":"https:\/\/arak.spicehorse.eu\/sk\/"},{"@type":"ListItem","position":2,"name":"Predaj\u0148a","item":"https:\/\/arak.spicehorse.eu\/sk\/predajna\/"},{"@type":"ListItem","position":3,"name":"LeMieux Hobby Horse Popcorn"}]},{"@type":"WebSite","@id":"https:\/\/arak.spicehorse.eu\/en\/#website","url":"https:\/\/arak.spicehorse.eu\/en\/","name":"Spicehorse","description":"UNDER DEVELOPMENT -","potentialAction":[{"@type":"SearchAction","target":{"@type":"EntryPoint","urlTemplate":"https:\/\/arak.spicehorse.eu\/en\/?s={search_term_string}"},"query-input":"required name=search_term_string"}],"inLanguage":"sk-SK"}]}},"_links":{"self":[{"href":"https:\/\/arak.spicehorse.eu\/sk\/wp-json\/wp\/v2\/product\/179092"}],"collection":[{"href":"https:\/\/arak.spicehorse.eu\/sk\/wp-json\/wp\/v2\/product"}],"about":[{"href":"https:\/\/arak.spicehorse.eu\/sk\/wp-json\/wp\/v2\/types\/product"}],"wp:featuredmedia":[{"embeddable":true,"href":"https:\/\/arak.spicehorse.eu\/sk\/wp-json\/wp\/v2\/media\/179748"}],"wp:attachment":[{"href":"https:\/\/arak.spicehorse.eu\/sk\/wp-json\/wp\/v2\/media?parent=179092"}],"wp:term":[{"taxonomy":"product_cat","embeddable":true,"href":"https:\/\/arak.spicehorse.eu\/sk\/wp-json\/wp\/v2\/product_cat?post=179092"},{"taxonomy":"product_tag","embeddable":true,"href":"https:\/\/arak.spicehorse.eu\/sk\/wp-json\/wp\/v2\/product_tag?post=179092"}],"curies":[{"name":"wp","href":"https:\/\/api.w.org\/{rel}","templated":true}]}}