{"id":179356,"date":"2024-03-25T16:44:19","date_gmt":"2024-03-25T15:44:20","guid":{"rendered":"https:\/\/arak.spicehorse.eu\/?post_type=product&#038;p=179356"},"modified":"2024-03-25T18:58:32","modified_gmt":"2024-03-25T17:58:32","slug":"fleck-professional-evo-flex-piaffe-tusirovaci-bic","status":"publish","type":"product","link":"https:\/\/arak.spicehorse.eu\/sk\/produkt\/fleck-professional-evo-flex-piaffe-tusirovaci-bic\/","title":{"rendered":"FLECK Professional Evo-Flex Piaffe Tu\u0161\u00edrovac\u00ed bi\u010d"},"content":{"rendered":"<p>Objavte revolu\u010dn\u00fd m\u00e4kk\u00fd bi\u010d s efekt\u00edvnym, presn\u00fdm a spo\u013eahliv\u00fdm v\u00fdkonom.<\/p>\n<p>Tento bi\u010d, \u0161peci\u00e1lne navrhnut\u00fd ako &#8222;m\u00e4kk\u00fd tu\u0161\u00edrovac\u00ed bi\u010d&#8220;, pon\u00faka flexibiln\u00e9 jadro zo sklenen\u00fdch vl\u00e1kien pre presnos\u0165, \u00fa\u010dinnos\u0165 a \u013eahk\u00fd pocit.<\/p>\n<p>Ergonomick\u00e1 rukov\u00e4\u0165 EVO zais\u0165uje pevn\u00e9 uchopenie, zatia\u013e \u010do remeseln\u00e9 spracovanie zaru\u010duje odolnos\u0165 a spo\u013eahlivos\u0165.<\/p>\n<p>Vylep\u0161ite svoje jazdeck\u00e9 schopnosti s t\u00fdmto m\u00e4kk\u00fdm bi\u010dom a za\u017eite dokonal\u00fa rovnov\u00e1hu medzi kontrolou a jemnos\u0165ou.<\/p>\n","protected":false},"excerpt":{"rendered":"<p>Objavte revolu\u010dn\u00fd m\u00e4kk\u00fd bi\u010d s efekt\u00edvnym, presn\u00fdm a spo\u013eahliv\u00fdm v\u00fdkonom. Tento bi\u010d, \u0161peci\u00e1lne navrhnut\u00fd ako &#8222;m\u00e4kk\u00fd tu\u0161\u00edrovac\u00ed bi\u010d&#8220;, pon\u00faka flexibiln\u00e9 jadro zo sklenen\u00fdch vl\u00e1kien pre presnos\u0165, \u00fa\u010dinnos\u0165 a \u013eahk\u00fd pocit. Ergonomick\u00e1 rukov\u00e4\u0165 EVO zais\u0165uje pevn\u00e9 uchopenie, zatia\u013e \u010do remeseln\u00e9 spracovanie zaru\u010duje odolnos\u0165 a spo\u013eahlivos\u0165. Vylep\u0161ite svoje jazdeck\u00e9 schopnosti s t\u00fdmto m\u00e4kk\u00fdm bi\u010dom a za\u017eite dokonal\u00fa [&hellip;]<\/p>\n","protected":false},"featured_media":179359,"template":"","meta":{"_acf_changed":false},"product_cat":[76,1753],"product_tag":[217,1822],"acf":[],"yoast_head":"<!-- This site is optimized with the Yoast SEO plugin v21.4 - https:\/\/yoast.com\/wordpress\/plugins\/seo\/ -->\n<title>FLECK Professional Evo-Flex Piaffe Tu\u0161\u00edrovac\u00ed bi\u010d - Spicehorse<\/title>\n<meta name=\"description\" content=\"spicehorse.eu | Objavte revolu\u010dn\u00fd m\u00e4kk\u00fd bi\u010d s efekt\u00edvnym, presn\u00fdm a spo\u013eahliv\u00fdm v\u00fdkonom.\u00a0\" \/>\n<meta name=\"robots\" content=\"index, follow, max-snippet:-1, max-image-preview:large, max-video-preview:-1\" \/>\n<link rel=\"canonical\" href=\"https:\/\/arak.spicehorse.eu\/termek\/fleck-professional-evo-flex-piaffe-lovaglopalca\/\" \/>\n<meta property=\"og:locale\" content=\"sk_SK\" \/>\n<meta property=\"og:type\" content=\"article\" \/>\n<meta property=\"og:title\" content=\"FLECK Professional Evo-Flex Piaffe Tu\u0161\u00edrovac\u00ed bi\u010d - Spicehorse\" \/>\n<meta property=\"og:description\" content=\"spicehorse.eu | Objavte revolu\u010dn\u00fd m\u00e4kk\u00fd bi\u010d s efekt\u00edvnym, presn\u00fdm a spo\u013eahliv\u00fdm v\u00fdkonom.\u00a0\" \/>\n<meta property=\"og:url\" content=\"https:\/\/arak.spicehorse.eu\/termek\/fleck-professional-evo-flex-piaffe-lovaglopalca\/\" \/>\n<meta property=\"og:site_name\" content=\"Spicehorse\" \/>\n<meta property=\"article:publisher\" content=\"https:\/\/www.facebook.com\/SPICEHORSE-550385625402457\/\" \/>\n<meta property=\"article:modified_time\" content=\"2024-03-25T17:58:32+00:00\" \/>\n<meta property=\"og:image\" content=\"https:\/\/arak.spicehorse.eu\/wp-content\/uploads\/2024\/03\/fleck-evo-flex-piaffier.jpg\" \/>\n\t<meta property=\"og:image:width\" content=\"1200\" \/>\n\t<meta property=\"og:image:height\" content=\"1200\" \/>\n\t<meta property=\"og:image:type\" content=\"image\/jpeg\" \/>\n<meta name=\"twitter:card\" content=\"summary_large_image\" \/>\n<script type=\"application\/ld+json\" class=\"yoast-schema-graph\">{\"@context\":\"https:\/\/schema.org\",\"@graph\":[{\"@type\":\"WebPage\",\"@id\":\"https:\/\/arak.spicehorse.eu\/termek\/fleck-professional-evo-flex-piaffe-lovaglopalca\/\",\"url\":\"https:\/\/arak.spicehorse.eu\/termek\/fleck-professional-evo-flex-piaffe-lovaglopalca\/\",\"name\":\"FLECK Professional Evo-Flex Piaffe Tu\u0161\u00edrovac\u00ed bi\u010d - Spicehorse\",\"isPartOf\":{\"@id\":\"https:\/\/arak.spicehorse.eu\/en\/#website\"},\"datePublished\":\"2024-03-25T15:44:20+00:00\",\"dateModified\":\"2024-03-25T17:58:32+00:00\",\"description\":\"spicehorse.eu | Objavte revolu\u010dn\u00fd m\u00e4kk\u00fd bi\u010d s efekt\u00edvnym, presn\u00fdm a spo\u013eahliv\u00fdm v\u00fdkonom.\u00a0\",\"breadcrumb\":{\"@id\":\"https:\/\/arak.spicehorse.eu\/termek\/fleck-professional-evo-flex-piaffe-lovaglopalca\/#breadcrumb\"},\"inLanguage\":\"sk-SK\",\"potentialAction\":[{\"@type\":\"ReadAction\",\"target\":[\"https:\/\/arak.spicehorse.eu\/termek\/fleck-professional-evo-flex-piaffe-lovaglopalca\/\"]}]},{\"@type\":\"BreadcrumbList\",\"@id\":\"https:\/\/arak.spicehorse.eu\/termek\/fleck-professional-evo-flex-piaffe-lovaglopalca\/#breadcrumb\",\"itemListElement\":[{\"@type\":\"ListItem\",\"position\":1,\"name\":\"Home\",\"item\":\"https:\/\/arak.spicehorse.eu\/sk\/\"},{\"@type\":\"ListItem\",\"position\":2,\"name\":\"Predaj\u0148a\",\"item\":\"https:\/\/arak.spicehorse.eu\/sk\/predajna\/\"},{\"@type\":\"ListItem\",\"position\":3,\"name\":\"FLECK Professional Evo-Flex Piaffe Tu\u0161\u00edrovac\u00ed bi\u010d\"}]},{\"@type\":\"WebSite\",\"@id\":\"https:\/\/arak.spicehorse.eu\/en\/#website\",\"url\":\"https:\/\/arak.spicehorse.eu\/en\/\",\"name\":\"Spicehorse\",\"description\":\"UNDER DEVELOPMENT -\",\"potentialAction\":[{\"@type\":\"SearchAction\",\"target\":{\"@type\":\"EntryPoint\",\"urlTemplate\":\"https:\/\/arak.spicehorse.eu\/en\/?s={search_term_string}\"},\"query-input\":\"required name=search_term_string\"}],\"inLanguage\":\"sk-SK\"}]}<\/script>\n<!-- \/ Yoast SEO plugin. -->","yoast_head_json":{"title":"FLECK Professional Evo-Flex Piaffe Tu\u0161\u00edrovac\u00ed bi\u010d - Spicehorse","description":"spicehorse.eu | Objavte revolu\u010dn\u00fd m\u00e4kk\u00fd bi\u010d s efekt\u00edvnym, presn\u00fdm a spo\u013eahliv\u00fdm v\u00fdkonom.\u00a0","robots":{"index":"index","follow":"follow","max-snippet":"max-snippet:-1","max-image-preview":"max-image-preview:large","max-video-preview":"max-video-preview:-1"},"canonical":"https:\/\/arak.spicehorse.eu\/termek\/fleck-professional-evo-flex-piaffe-lovaglopalca\/","og_locale":"sk_SK","og_type":"article","og_title":"FLECK Professional Evo-Flex Piaffe Tu\u0161\u00edrovac\u00ed bi\u010d - Spicehorse","og_description":"spicehorse.eu | Objavte revolu\u010dn\u00fd m\u00e4kk\u00fd bi\u010d s efekt\u00edvnym, presn\u00fdm a spo\u013eahliv\u00fdm v\u00fdkonom.\u00a0","og_url":"https:\/\/arak.spicehorse.eu\/termek\/fleck-professional-evo-flex-piaffe-lovaglopalca\/","og_site_name":"Spicehorse","article_publisher":"https:\/\/www.facebook.com\/SPICEHORSE-550385625402457\/","article_modified_time":"2024-03-25T17:58:32+00:00","og_image":[{"width":1200,"height":1200,"url":"https:\/\/arak.spicehorse.eu\/wp-content\/uploads\/2024\/03\/fleck-evo-flex-piaffier.jpg","type":"image\/jpeg"}],"twitter_card":"summary_large_image","schema":{"@context":"https:\/\/schema.org","@graph":[{"@type":"WebPage","@id":"https:\/\/arak.spicehorse.eu\/termek\/fleck-professional-evo-flex-piaffe-lovaglopalca\/","url":"https:\/\/arak.spicehorse.eu\/termek\/fleck-professional-evo-flex-piaffe-lovaglopalca\/","name":"FLECK Professional Evo-Flex Piaffe Tu\u0161\u00edrovac\u00ed bi\u010d - Spicehorse","isPartOf":{"@id":"https:\/\/arak.spicehorse.eu\/en\/#website"},"datePublished":"2024-03-25T15:44:20+00:00","dateModified":"2024-03-25T17:58:32+00:00","description":"spicehorse.eu | Objavte revolu\u010dn\u00fd m\u00e4kk\u00fd bi\u010d s efekt\u00edvnym, presn\u00fdm a spo\u013eahliv\u00fdm v\u00fdkonom.\u00a0","breadcrumb":{"@id":"https:\/\/arak.spicehorse.eu\/termek\/fleck-professional-evo-flex-piaffe-lovaglopalca\/#breadcrumb"},"inLanguage":"sk-SK","potentialAction":[{"@type":"ReadAction","target":["https:\/\/arak.spicehorse.eu\/termek\/fleck-professional-evo-flex-piaffe-lovaglopalca\/"]}]},{"@type":"BreadcrumbList","@id":"https:\/\/arak.spicehorse.eu\/termek\/fleck-professional-evo-flex-piaffe-lovaglopalca\/#breadcrumb","itemListElement":[{"@type":"ListItem","position":1,"name":"Home","item":"https:\/\/arak.spicehorse.eu\/sk\/"},{"@type":"ListItem","position":2,"name":"Predaj\u0148a","item":"https:\/\/arak.spicehorse.eu\/sk\/predajna\/"},{"@type":"ListItem","position":3,"name":"FLECK Professional Evo-Flex Piaffe Tu\u0161\u00edrovac\u00ed bi\u010d"}]},{"@type":"WebSite","@id":"https:\/\/arak.spicehorse.eu\/en\/#website","url":"https:\/\/arak.spicehorse.eu\/en\/","name":"Spicehorse","description":"UNDER DEVELOPMENT -","potentialAction":[{"@type":"SearchAction","target":{"@type":"EntryPoint","urlTemplate":"https:\/\/arak.spicehorse.eu\/en\/?s={search_term_string}"},"query-input":"required name=search_term_string"}],"inLanguage":"sk-SK"}]}},"_links":{"self":[{"href":"https:\/\/arak.spicehorse.eu\/sk\/wp-json\/wp\/v2\/product\/179356"}],"collection":[{"href":"https:\/\/arak.spicehorse.eu\/sk\/wp-json\/wp\/v2\/product"}],"about":[{"href":"https:\/\/arak.spicehorse.eu\/sk\/wp-json\/wp\/v2\/types\/product"}],"wp:featuredmedia":[{"embeddable":true,"href":"https:\/\/arak.spicehorse.eu\/sk\/wp-json\/wp\/v2\/media\/179359"}],"wp:attachment":[{"href":"https:\/\/arak.spicehorse.eu\/sk\/wp-json\/wp\/v2\/media?parent=179356"}],"wp:term":[{"taxonomy":"product_cat","embeddable":true,"href":"https:\/\/arak.spicehorse.eu\/sk\/wp-json\/wp\/v2\/product_cat?post=179356"},{"taxonomy":"product_tag","embeddable":true,"href":"https:\/\/arak.spicehorse.eu\/sk\/wp-json\/wp\/v2\/product_tag?post=179356"}],"curies":[{"name":"wp","href":"https:\/\/api.w.org\/{rel}","templated":true}]}}