{"id":179423,"date":"2024-03-27T11:16:27","date_gmt":"2024-03-27T10:16:31","guid":{"rendered":"https:\/\/arak.spicehorse.eu\/?post_type=product&#038;p=179423"},"modified":"2025-01-31T08:46:37","modified_gmt":"2025-01-31T07:46:37","slug":"lemieux-suede-square-drezurna-podsedlova-decka-jay-blue","status":"publish","type":"product","link":"https:\/\/arak.spicehorse.eu\/sk\/produkt\/lemieux-suede-square-drezurna-podsedlova-decka-jay-blue\/","title":{"rendered":"LeMieux Suede Square drez\u00farna podsedlov\u00e1 de\u010dka Jay Blue"},"content":{"rendered":"<p><span lang=\"SK\">T\u00e1to LeMieux podsedlov\u00e1 de\u010dka s\u00a0lemom zo Suede vel\u00faru a\u00a0ko\u017eenou \u010das\u0165ou na ochranu popruhu dod\u00e1va n\u00e1dhern\u00fd a\u00a0\u0161t\u00fdlov\u00fd vzh\u013ead. Ikonick\u00fd LeMieux dizajn je mo\u017en\u00e9 doplni\u0165 band\u00e1\u017eami, \u010dabrakou v\u00a0toto\u017enej farbe, dostupn\u00e9 s\u00fa v\u00a0\u0161irokej \u0161k\u00e1le farieb, pod\u013ea v\u00fdberu a\u00a0vkusu. Hod\u00ed sa ku ka\u017ed\u00e9mu sedlu, s\u00a0vysok\u00fdm vykrojen\u00edm v\u00a0oblasti koh\u00fatika a\u00a0elastick\u00fdmi reme\u0148mi na upevnenie popruhu. <\/span><\/p>\n<p><span lang=\"SK\">Podsedlov\u00e1 de\u010dka s\u00a0vel\u00farov\u00fdm lemom je vyroben\u00e1 s\u00a0pod\u0161\u00edvkou z\u00a0ve\u013emi jemn\u00e9ho a\u00a0priedu\u0161n\u00e9ho bambusu, \u00fa\u010dinne regule teplotu a\u00a0odv\u00e1dza vlhkos\u0165, je extra pohodln\u00e1 a\u00a0jej pou\u017e\u00edvanie je bezpe\u010dn\u00e9. <\/span><\/p>\n<p><span lang=\"SK\">Mo\u017eno ju pra\u0165 v\u00a0pr\u00e1\u010dke na 30\u00b0C. Odpor\u00fa\u010da sa pou\u017e\u00edvanie vrecka na pranie. Such\u00e9 zipsy majte zapnut\u00e9. Nevkladajte do su\u0161i\u010dky.<\/span><\/p>\n","protected":false},"excerpt":{"rendered":"<ul>\n<li>Zo Suede vel\u00faru<\/li>\n<li>100% bambus, \u00fa\u010dinne reguluje teplotu a\u00a0odv\u00e1dza vlhkos\u0165<\/li>\n<li>PU ko\u017een\u00e1 \u010das\u0165 na ochranu popruhu<\/li>\n<\/ul>\n","protected":false},"featured_media":179426,"template":"","meta":{"_acf_changed":false},"product_cat":[78,75,367],"product_tag":[2874,2369,2822,1454],"acf":[],"yoast_head":"<!-- This site is optimized with the Yoast SEO plugin v21.4 - https:\/\/yoast.com\/wordpress\/plugins\/seo\/ -->\n<title>LeMieux Suede Square drez\u00farna podsedlov\u00e1 de\u010dka Jay Blue - Spicehorse<\/title>\n<meta name=\"description\" content=\"spicehorse.eu | T\u00e1to LeMieux podsedlov\u00e1 de\u010dka s\u00a0lemom zo Suede vel\u00faru a\u00a0ko\u017eenou \u010das\u0165ou na ochranu popruhu dod\u00e1va n\u00e1dhern\u00fd a\u00a0\u0161t\u00fdlov\u00fd vzh\u013ead.\" \/>\n<meta name=\"robots\" content=\"index, follow, max-snippet:-1, max-image-preview:large, max-video-preview:-1\" \/>\n<link rel=\"canonical\" href=\"https:\/\/arak.spicehorse.eu\/sk\/produkt\/lemieux-suede-square-drezurna-podsedlova-decka-jay-blue\/\" \/>\n<meta property=\"og:locale\" content=\"sk_SK\" \/>\n<meta property=\"og:type\" content=\"article\" \/>\n<meta property=\"og:title\" content=\"LeMieux Suede Square drez\u00farna podsedlov\u00e1 de\u010dka Jay Blue - Spicehorse\" \/>\n<meta property=\"og:description\" content=\"spicehorse.eu | T\u00e1to LeMieux podsedlov\u00e1 de\u010dka s\u00a0lemom zo Suede vel\u00faru a\u00a0ko\u017eenou \u010das\u0165ou na ochranu popruhu dod\u00e1va n\u00e1dhern\u00fd a\u00a0\u0161t\u00fdlov\u00fd vzh\u013ead.\" \/>\n<meta property=\"og:url\" content=\"https:\/\/arak.spicehorse.eu\/sk\/produkt\/lemieux-suede-square-drezurna-podsedlova-decka-jay-blue\/\" \/>\n<meta property=\"og:site_name\" content=\"Spicehorse\" \/>\n<meta property=\"article:publisher\" content=\"https:\/\/www.facebook.com\/SPICEHORSE-550385625402457\/\" \/>\n<meta property=\"article:modified_time\" content=\"2025-01-31T07:46:37+00:00\" \/>\n<meta property=\"og:image\" content=\"https:\/\/arak.spicehorse.eu\/wp-content\/uploads\/2024\/03\/it04082-product-suededressagesquare-jayblue-1.jpg\" \/>\n\t<meta property=\"og:image:width\" content=\"769\" \/>\n\t<meta property=\"og:image:height\" content=\"1025\" \/>\n\t<meta property=\"og:image:type\" content=\"image\/jpeg\" \/>\n<meta name=\"twitter:card\" content=\"summary_large_image\" \/>\n<meta name=\"twitter:label1\" content=\"Predpokladan\u00fd \u010das \u010d\u00edtania\" \/>\n\t<meta name=\"twitter:data1\" content=\"1 min\u00fata\" \/>\n<script type=\"application\/ld+json\" class=\"yoast-schema-graph\">{\"@context\":\"https:\/\/schema.org\",\"@graph\":[{\"@type\":\"WebPage\",\"@id\":\"https:\/\/arak.spicehorse.eu\/sk\/produkt\/lemieux-suede-square-drezurna-podsedlova-decka-jay-blue\/\",\"url\":\"https:\/\/arak.spicehorse.eu\/sk\/produkt\/lemieux-suede-square-drezurna-podsedlova-decka-jay-blue\/\",\"name\":\"LeMieux Suede Square drez\u00farna podsedlov\u00e1 de\u010dka Jay Blue - Spicehorse\",\"isPartOf\":{\"@id\":\"https:\/\/arak.spicehorse.eu\/en\/#website\"},\"datePublished\":\"2024-03-27T10:16:31+00:00\",\"dateModified\":\"2025-01-31T07:46:37+00:00\",\"description\":\"spicehorse.eu | T\u00e1to LeMieux podsedlov\u00e1 de\u010dka s\u00a0lemom zo Suede vel\u00faru a\u00a0ko\u017eenou \u010das\u0165ou na ochranu popruhu dod\u00e1va n\u00e1dhern\u00fd a\u00a0\u0161t\u00fdlov\u00fd vzh\u013ead.\",\"breadcrumb\":{\"@id\":\"https:\/\/arak.spicehorse.eu\/sk\/produkt\/lemieux-suede-square-drezurna-podsedlova-decka-jay-blue\/#breadcrumb\"},\"inLanguage\":\"sk-SK\",\"potentialAction\":[{\"@type\":\"ReadAction\",\"target\":[\"https:\/\/arak.spicehorse.eu\/sk\/produkt\/lemieux-suede-square-drezurna-podsedlova-decka-jay-blue\/\"]}]},{\"@type\":\"BreadcrumbList\",\"@id\":\"https:\/\/arak.spicehorse.eu\/sk\/produkt\/lemieux-suede-square-drezurna-podsedlova-decka-jay-blue\/#breadcrumb\",\"itemListElement\":[{\"@type\":\"ListItem\",\"position\":1,\"name\":\"Home\",\"item\":\"https:\/\/arak.spicehorse.eu\/sk\/\"},{\"@type\":\"ListItem\",\"position\":2,\"name\":\"Predaj\u0148a\",\"item\":\"https:\/\/arak.spicehorse.eu\/sk\/predajna\/\"},{\"@type\":\"ListItem\",\"position\":3,\"name\":\"LeMieux Suede Square drez\u00farna podsedlov\u00e1 de\u010dka Jay Blue\"}]},{\"@type\":\"WebSite\",\"@id\":\"https:\/\/arak.spicehorse.eu\/en\/#website\",\"url\":\"https:\/\/arak.spicehorse.eu\/en\/\",\"name\":\"Spicehorse\",\"description\":\"UNDER DEVELOPMENT -\",\"potentialAction\":[{\"@type\":\"SearchAction\",\"target\":{\"@type\":\"EntryPoint\",\"urlTemplate\":\"https:\/\/arak.spicehorse.eu\/en\/?s={search_term_string}\"},\"query-input\":\"required name=search_term_string\"}],\"inLanguage\":\"sk-SK\"}]}<\/script>\n<!-- \/ Yoast SEO plugin. -->","yoast_head_json":{"title":"LeMieux Suede Square drez\u00farna podsedlov\u00e1 de\u010dka Jay Blue - Spicehorse","description":"spicehorse.eu | T\u00e1to LeMieux podsedlov\u00e1 de\u010dka s\u00a0lemom zo Suede vel\u00faru a\u00a0ko\u017eenou \u010das\u0165ou na ochranu popruhu dod\u00e1va n\u00e1dhern\u00fd a\u00a0\u0161t\u00fdlov\u00fd vzh\u013ead.","robots":{"index":"index","follow":"follow","max-snippet":"max-snippet:-1","max-image-preview":"max-image-preview:large","max-video-preview":"max-video-preview:-1"},"canonical":"https:\/\/arak.spicehorse.eu\/sk\/produkt\/lemieux-suede-square-drezurna-podsedlova-decka-jay-blue\/","og_locale":"sk_SK","og_type":"article","og_title":"LeMieux Suede Square drez\u00farna podsedlov\u00e1 de\u010dka Jay Blue - Spicehorse","og_description":"spicehorse.eu | T\u00e1to LeMieux podsedlov\u00e1 de\u010dka s\u00a0lemom zo Suede vel\u00faru a\u00a0ko\u017eenou \u010das\u0165ou na ochranu popruhu dod\u00e1va n\u00e1dhern\u00fd a\u00a0\u0161t\u00fdlov\u00fd vzh\u013ead.","og_url":"https:\/\/arak.spicehorse.eu\/sk\/produkt\/lemieux-suede-square-drezurna-podsedlova-decka-jay-blue\/","og_site_name":"Spicehorse","article_publisher":"https:\/\/www.facebook.com\/SPICEHORSE-550385625402457\/","article_modified_time":"2025-01-31T07:46:37+00:00","og_image":[{"width":769,"height":1025,"url":"https:\/\/arak.spicehorse.eu\/wp-content\/uploads\/2024\/03\/it04082-product-suededressagesquare-jayblue-1.jpg","type":"image\/jpeg"}],"twitter_card":"summary_large_image","twitter_misc":{"Predpokladan\u00fd \u010das \u010d\u00edtania":"1 min\u00fata"},"schema":{"@context":"https:\/\/schema.org","@graph":[{"@type":"WebPage","@id":"https:\/\/arak.spicehorse.eu\/sk\/produkt\/lemieux-suede-square-drezurna-podsedlova-decka-jay-blue\/","url":"https:\/\/arak.spicehorse.eu\/sk\/produkt\/lemieux-suede-square-drezurna-podsedlova-decka-jay-blue\/","name":"LeMieux Suede Square drez\u00farna podsedlov\u00e1 de\u010dka Jay Blue - Spicehorse","isPartOf":{"@id":"https:\/\/arak.spicehorse.eu\/en\/#website"},"datePublished":"2024-03-27T10:16:31+00:00","dateModified":"2025-01-31T07:46:37+00:00","description":"spicehorse.eu | T\u00e1to LeMieux podsedlov\u00e1 de\u010dka s\u00a0lemom zo Suede vel\u00faru a\u00a0ko\u017eenou \u010das\u0165ou na ochranu popruhu dod\u00e1va n\u00e1dhern\u00fd a\u00a0\u0161t\u00fdlov\u00fd vzh\u013ead.","breadcrumb":{"@id":"https:\/\/arak.spicehorse.eu\/sk\/produkt\/lemieux-suede-square-drezurna-podsedlova-decka-jay-blue\/#breadcrumb"},"inLanguage":"sk-SK","potentialAction":[{"@type":"ReadAction","target":["https:\/\/arak.spicehorse.eu\/sk\/produkt\/lemieux-suede-square-drezurna-podsedlova-decka-jay-blue\/"]}]},{"@type":"BreadcrumbList","@id":"https:\/\/arak.spicehorse.eu\/sk\/produkt\/lemieux-suede-square-drezurna-podsedlova-decka-jay-blue\/#breadcrumb","itemListElement":[{"@type":"ListItem","position":1,"name":"Home","item":"https:\/\/arak.spicehorse.eu\/sk\/"},{"@type":"ListItem","position":2,"name":"Predaj\u0148a","item":"https:\/\/arak.spicehorse.eu\/sk\/predajna\/"},{"@type":"ListItem","position":3,"name":"LeMieux Suede Square drez\u00farna podsedlov\u00e1 de\u010dka Jay Blue"}]},{"@type":"WebSite","@id":"https:\/\/arak.spicehorse.eu\/en\/#website","url":"https:\/\/arak.spicehorse.eu\/en\/","name":"Spicehorse","description":"UNDER DEVELOPMENT -","potentialAction":[{"@type":"SearchAction","target":{"@type":"EntryPoint","urlTemplate":"https:\/\/arak.spicehorse.eu\/en\/?s={search_term_string}"},"query-input":"required name=search_term_string"}],"inLanguage":"sk-SK"}]}},"_links":{"self":[{"href":"https:\/\/arak.spicehorse.eu\/sk\/wp-json\/wp\/v2\/product\/179423"}],"collection":[{"href":"https:\/\/arak.spicehorse.eu\/sk\/wp-json\/wp\/v2\/product"}],"about":[{"href":"https:\/\/arak.spicehorse.eu\/sk\/wp-json\/wp\/v2\/types\/product"}],"wp:featuredmedia":[{"embeddable":true,"href":"https:\/\/arak.spicehorse.eu\/sk\/wp-json\/wp\/v2\/media\/179426"}],"wp:attachment":[{"href":"https:\/\/arak.spicehorse.eu\/sk\/wp-json\/wp\/v2\/media?parent=179423"}],"wp:term":[{"taxonomy":"product_cat","embeddable":true,"href":"https:\/\/arak.spicehorse.eu\/sk\/wp-json\/wp\/v2\/product_cat?post=179423"},{"taxonomy":"product_tag","embeddable":true,"href":"https:\/\/arak.spicehorse.eu\/sk\/wp-json\/wp\/v2\/product_tag?post=179423"}],"curies":[{"name":"wp","href":"https:\/\/api.w.org\/{rel}","templated":true}]}}