{"id":180056,"date":"2024-04-08T17:01:35","date_gmt":"2024-04-08T15:01:44","guid":{"rendered":"https:\/\/arak.spicehorse.eu\/?post_type=product&#038;p=180056"},"modified":"2024-04-09T13:11:47","modified_gmt":"2024-04-09T11:11:47","slug":"lemieux-lizzie-mesh-jazdecke-leginy-walnut","status":"publish","type":"product","link":"https:\/\/arak.spicehorse.eu\/sk\/produkt\/lemieux-lizzie-mesh-jazdecke-leginy-walnut\/","title":{"rendered":"LeMieux Lizzie detsk\u00e9 jazdeck\u00e9 leg\u00edny Walnut"},"content":{"rendered":"<div>\n<p><span lang=\"SK\">Skuto\u010dn\u00e9 chladiv\u00e9 LeMieux Young Rider Lizzie detsk\u00e9 leg\u00edny na hor\u00face letn\u00e9 dni. S\u00fa vyroben\u00e9 z\u00a0\u013eahk\u00e9ho technick\u00e9ho materi\u00e1lu, ktor\u00fd odv\u00e1dza vlhkos\u0165 a\u00a0zabezpe\u010duje dokonal\u00e9 vetranie. So sie\u0165ovan\u00fdmi vsadkami po oboch stran\u00e1ch, z\u00a0maxim\u00e1lne elastick\u00e9ho materi\u00e1lu na\u0165ahuj\u00faceho sa do 4 smerov, s\u00fa ide\u00e1lnou vo\u013ebou pre ka\u017ed\u00e9ho akt\u00edvneho jazdca. <\/span><\/p>\n<\/div>\n<div>\n<p><span lang=\"SK\">Bez\u0161vov\u00fd dizajn pre maxim\u00e1lne pohodlie, pru\u017en\u00e1 \u010das\u0165 okolo p\u00e1sa dokonale tvaruje postavu. S\u00a0vreckami na telef\u00f3n po oboch stran\u00e1ch, v\u00a0ktor\u00fdch m\u00f4\u017eeme skladova\u0165 v\u0161etky na\u0161e cennosti. \u00a0<\/span><\/p>\n<\/div>\n<div>\n<p><span lang=\"SK\">Mo\u017eno pra\u0165 v\u00a0pr\u00e1\u010dke na 30\u00b0C. Pred pran\u00edm obr\u00e1\u0165te naruby. Perte s\u00a0podobn\u00fdmi farbami. Nesu\u0161te v\u00a0su\u0161i\u010dke.<\/span><\/p>\n<\/div>\n","protected":false},"excerpt":{"rendered":"<p>Skuto\u010dn\u00e9 chladiv\u00e9 LeMieux Young Rider Lizzie detsk\u00e9 leg\u00edny na hor\u00face letn\u00e9 dni. S\u00fa vyroben\u00e9 z\u00a0\u013eahk\u00e9ho technick\u00e9ho materi\u00e1lu, ktor\u00fd odv\u00e1dza vlhkos\u0165 a\u00a0zabezpe\u010duje dokonal\u00e9 vetranie. So sie\u0165ovan\u00fdmi vsadkami po oboch stran\u00e1ch, z\u00a0maxim\u00e1lne elastick\u00e9ho materi\u00e1lu na\u0165ahuj\u00faceho sa do 4 smerov, s\u00fa ide\u00e1lnou vo\u013ebou pre ka\u017ed\u00e9ho akt\u00edvneho jazdca. Bez\u0161vov\u00fd dizajn pre maxim\u00e1lne pohodlie, pru\u017en\u00e1 \u010das\u0165 okolo p\u00e1sa dokonale tvaruje [&hellip;]<\/p>\n","protected":false},"featured_media":180064,"template":"","meta":{"_acf_changed":false},"product_cat":[2534,76,305],"product_tag":[2242,2369,2822,2589,381,2877],"acf":[],"yoast_head":"<!-- This site is optimized with the Yoast SEO plugin v21.4 - https:\/\/yoast.com\/wordpress\/plugins\/seo\/ -->\n<title>LeMieux Lizzie detsk\u00e9 jazdeck\u00e9 leg\u00edny Walnut - Spicehorse<\/title>\n<meta name=\"description\" content=\"spicehorse.eu | Skuto\u010dn\u00e9 chladiv\u00e9 LeMieux Young Rider Lizzie detsk\u00e9 leg\u00edny na hor\u00face letn\u00e9 dni. S\u00fa vyroben\u00e9 z\u00a0\u013eahk\u00e9ho technick\u00e9ho materi\u00e1lu, ktor\u00fd odv\u00e1dza vlhkos\u0165 a\u00a0zabezpe\u010duje dokonal\u00e9 vetranie.\" \/>\n<meta name=\"robots\" content=\"index, follow, max-snippet:-1, max-image-preview:large, max-video-preview:-1\" \/>\n<link rel=\"canonical\" href=\"https:\/\/arak.spicehorse.eu\/termek\/lemieux-lizzie-gyerek-lovaglo-leggings-walnut\/\" \/>\n<meta property=\"og:locale\" content=\"sk_SK\" \/>\n<meta property=\"og:type\" content=\"article\" \/>\n<meta property=\"og:title\" content=\"LeMieux Lizzie detsk\u00e9 jazdeck\u00e9 leg\u00edny Walnut - Spicehorse\" \/>\n<meta property=\"og:description\" content=\"spicehorse.eu | Skuto\u010dn\u00e9 chladiv\u00e9 LeMieux Young Rider Lizzie detsk\u00e9 leg\u00edny na hor\u00face letn\u00e9 dni. S\u00fa vyroben\u00e9 z\u00a0\u013eahk\u00e9ho technick\u00e9ho materi\u00e1lu, ktor\u00fd odv\u00e1dza vlhkos\u0165 a\u00a0zabezpe\u010duje dokonal\u00e9 vetranie.\" \/>\n<meta property=\"og:url\" content=\"https:\/\/arak.spicehorse.eu\/termek\/lemieux-lizzie-gyerek-lovaglo-leggings-walnut\/\" \/>\n<meta property=\"og:site_name\" content=\"Spicehorse\" \/>\n<meta property=\"article:publisher\" content=\"https:\/\/www.facebook.com\/SPICEHORSE-550385625402457\/\" \/>\n<meta property=\"article:modified_time\" content=\"2024-04-09T11:11:47+00:00\" \/>\n<meta property=\"og:image\" content=\"https:\/\/arak.spicehorse.eu\/wp-content\/uploads\/2024\/04\/lemieux-lizzie-walnut.jpg\" \/>\n\t<meta property=\"og:image:width\" content=\"1025\" \/>\n\t<meta property=\"og:image:height\" content=\"1025\" \/>\n\t<meta property=\"og:image:type\" content=\"image\/jpeg\" \/>\n<meta name=\"twitter:card\" content=\"summary_large_image\" \/>\n<meta name=\"twitter:label1\" content=\"Predpokladan\u00fd \u010das \u010d\u00edtania\" \/>\n\t<meta name=\"twitter:data1\" content=\"1 min\u00fata\" \/>\n<script type=\"application\/ld+json\" class=\"yoast-schema-graph\">{\"@context\":\"https:\/\/schema.org\",\"@graph\":[{\"@type\":\"WebPage\",\"@id\":\"https:\/\/arak.spicehorse.eu\/termek\/lemieux-lizzie-gyerek-lovaglo-leggings-walnut\/\",\"url\":\"https:\/\/arak.spicehorse.eu\/termek\/lemieux-lizzie-gyerek-lovaglo-leggings-walnut\/\",\"name\":\"LeMieux Lizzie detsk\u00e9 jazdeck\u00e9 leg\u00edny Walnut - Spicehorse\",\"isPartOf\":{\"@id\":\"https:\/\/arak.spicehorse.eu\/en\/#website\"},\"datePublished\":\"2024-04-08T15:01:44+00:00\",\"dateModified\":\"2024-04-09T11:11:47+00:00\",\"description\":\"spicehorse.eu | Skuto\u010dn\u00e9 chladiv\u00e9 LeMieux Young Rider Lizzie detsk\u00e9 leg\u00edny na hor\u00face letn\u00e9 dni. S\u00fa vyroben\u00e9 z\u00a0\u013eahk\u00e9ho technick\u00e9ho materi\u00e1lu, ktor\u00fd odv\u00e1dza vlhkos\u0165 a\u00a0zabezpe\u010duje dokonal\u00e9 vetranie.\",\"breadcrumb\":{\"@id\":\"https:\/\/arak.spicehorse.eu\/termek\/lemieux-lizzie-gyerek-lovaglo-leggings-walnut\/#breadcrumb\"},\"inLanguage\":\"sk-SK\",\"potentialAction\":[{\"@type\":\"ReadAction\",\"target\":[\"https:\/\/arak.spicehorse.eu\/termek\/lemieux-lizzie-gyerek-lovaglo-leggings-walnut\/\"]}]},{\"@type\":\"BreadcrumbList\",\"@id\":\"https:\/\/arak.spicehorse.eu\/termek\/lemieux-lizzie-gyerek-lovaglo-leggings-walnut\/#breadcrumb\",\"itemListElement\":[{\"@type\":\"ListItem\",\"position\":1,\"name\":\"Home\",\"item\":\"https:\/\/arak.spicehorse.eu\/sk\/\"},{\"@type\":\"ListItem\",\"position\":2,\"name\":\"Predaj\u0148a\",\"item\":\"https:\/\/arak.spicehorse.eu\/sk\/predajna\/\"},{\"@type\":\"ListItem\",\"position\":3,\"name\":\"LeMieux Lizzie detsk\u00e9 jazdeck\u00e9 leg\u00edny Walnut\"}]},{\"@type\":\"WebSite\",\"@id\":\"https:\/\/arak.spicehorse.eu\/en\/#website\",\"url\":\"https:\/\/arak.spicehorse.eu\/en\/\",\"name\":\"Spicehorse\",\"description\":\"UNDER DEVELOPMENT -\",\"potentialAction\":[{\"@type\":\"SearchAction\",\"target\":{\"@type\":\"EntryPoint\",\"urlTemplate\":\"https:\/\/arak.spicehorse.eu\/en\/?s={search_term_string}\"},\"query-input\":\"required name=search_term_string\"}],\"inLanguage\":\"sk-SK\"}]}<\/script>\n<!-- \/ Yoast SEO plugin. -->","yoast_head_json":{"title":"LeMieux Lizzie detsk\u00e9 jazdeck\u00e9 leg\u00edny Walnut - Spicehorse","description":"spicehorse.eu | Skuto\u010dn\u00e9 chladiv\u00e9 LeMieux Young Rider Lizzie detsk\u00e9 leg\u00edny na hor\u00face letn\u00e9 dni. S\u00fa vyroben\u00e9 z\u00a0\u013eahk\u00e9ho technick\u00e9ho materi\u00e1lu, ktor\u00fd odv\u00e1dza vlhkos\u0165 a\u00a0zabezpe\u010duje dokonal\u00e9 vetranie.","robots":{"index":"index","follow":"follow","max-snippet":"max-snippet:-1","max-image-preview":"max-image-preview:large","max-video-preview":"max-video-preview:-1"},"canonical":"https:\/\/arak.spicehorse.eu\/termek\/lemieux-lizzie-gyerek-lovaglo-leggings-walnut\/","og_locale":"sk_SK","og_type":"article","og_title":"LeMieux Lizzie detsk\u00e9 jazdeck\u00e9 leg\u00edny Walnut - Spicehorse","og_description":"spicehorse.eu | Skuto\u010dn\u00e9 chladiv\u00e9 LeMieux Young Rider Lizzie detsk\u00e9 leg\u00edny na hor\u00face letn\u00e9 dni. S\u00fa vyroben\u00e9 z\u00a0\u013eahk\u00e9ho technick\u00e9ho materi\u00e1lu, ktor\u00fd odv\u00e1dza vlhkos\u0165 a\u00a0zabezpe\u010duje dokonal\u00e9 vetranie.","og_url":"https:\/\/arak.spicehorse.eu\/termek\/lemieux-lizzie-gyerek-lovaglo-leggings-walnut\/","og_site_name":"Spicehorse","article_publisher":"https:\/\/www.facebook.com\/SPICEHORSE-550385625402457\/","article_modified_time":"2024-04-09T11:11:47+00:00","og_image":[{"width":1025,"height":1025,"url":"https:\/\/arak.spicehorse.eu\/wp-content\/uploads\/2024\/04\/lemieux-lizzie-walnut.jpg","type":"image\/jpeg"}],"twitter_card":"summary_large_image","twitter_misc":{"Predpokladan\u00fd \u010das \u010d\u00edtania":"1 min\u00fata"},"schema":{"@context":"https:\/\/schema.org","@graph":[{"@type":"WebPage","@id":"https:\/\/arak.spicehorse.eu\/termek\/lemieux-lizzie-gyerek-lovaglo-leggings-walnut\/","url":"https:\/\/arak.spicehorse.eu\/termek\/lemieux-lizzie-gyerek-lovaglo-leggings-walnut\/","name":"LeMieux Lizzie detsk\u00e9 jazdeck\u00e9 leg\u00edny Walnut - Spicehorse","isPartOf":{"@id":"https:\/\/arak.spicehorse.eu\/en\/#website"},"datePublished":"2024-04-08T15:01:44+00:00","dateModified":"2024-04-09T11:11:47+00:00","description":"spicehorse.eu | Skuto\u010dn\u00e9 chladiv\u00e9 LeMieux Young Rider Lizzie detsk\u00e9 leg\u00edny na hor\u00face letn\u00e9 dni. S\u00fa vyroben\u00e9 z\u00a0\u013eahk\u00e9ho technick\u00e9ho materi\u00e1lu, ktor\u00fd odv\u00e1dza vlhkos\u0165 a\u00a0zabezpe\u010duje dokonal\u00e9 vetranie.","breadcrumb":{"@id":"https:\/\/arak.spicehorse.eu\/termek\/lemieux-lizzie-gyerek-lovaglo-leggings-walnut\/#breadcrumb"},"inLanguage":"sk-SK","potentialAction":[{"@type":"ReadAction","target":["https:\/\/arak.spicehorse.eu\/termek\/lemieux-lizzie-gyerek-lovaglo-leggings-walnut\/"]}]},{"@type":"BreadcrumbList","@id":"https:\/\/arak.spicehorse.eu\/termek\/lemieux-lizzie-gyerek-lovaglo-leggings-walnut\/#breadcrumb","itemListElement":[{"@type":"ListItem","position":1,"name":"Home","item":"https:\/\/arak.spicehorse.eu\/sk\/"},{"@type":"ListItem","position":2,"name":"Predaj\u0148a","item":"https:\/\/arak.spicehorse.eu\/sk\/predajna\/"},{"@type":"ListItem","position":3,"name":"LeMieux Lizzie detsk\u00e9 jazdeck\u00e9 leg\u00edny Walnut"}]},{"@type":"WebSite","@id":"https:\/\/arak.spicehorse.eu\/en\/#website","url":"https:\/\/arak.spicehorse.eu\/en\/","name":"Spicehorse","description":"UNDER DEVELOPMENT -","potentialAction":[{"@type":"SearchAction","target":{"@type":"EntryPoint","urlTemplate":"https:\/\/arak.spicehorse.eu\/en\/?s={search_term_string}"},"query-input":"required name=search_term_string"}],"inLanguage":"sk-SK"}]}},"_links":{"self":[{"href":"https:\/\/arak.spicehorse.eu\/sk\/wp-json\/wp\/v2\/product\/180056"}],"collection":[{"href":"https:\/\/arak.spicehorse.eu\/sk\/wp-json\/wp\/v2\/product"}],"about":[{"href":"https:\/\/arak.spicehorse.eu\/sk\/wp-json\/wp\/v2\/types\/product"}],"wp:featuredmedia":[{"embeddable":true,"href":"https:\/\/arak.spicehorse.eu\/sk\/wp-json\/wp\/v2\/media\/180064"}],"wp:attachment":[{"href":"https:\/\/arak.spicehorse.eu\/sk\/wp-json\/wp\/v2\/media?parent=180056"}],"wp:term":[{"taxonomy":"product_cat","embeddable":true,"href":"https:\/\/arak.spicehorse.eu\/sk\/wp-json\/wp\/v2\/product_cat?post=180056"},{"taxonomy":"product_tag","embeddable":true,"href":"https:\/\/arak.spicehorse.eu\/sk\/wp-json\/wp\/v2\/product_tag?post=180056"}],"curies":[{"name":"wp","href":"https:\/\/api.w.org\/{rel}","templated":true}]}}