{"id":180340,"date":"2024-04-10T10:07:02","date_gmt":"2024-04-10T08:07:08","guid":{"rendered":"https:\/\/arak.spicehorse.eu\/?post_type=product&#038;p=180340"},"modified":"2024-04-23T13:05:34","modified_gmt":"2024-04-23T11:05:34","slug":"kentucky-potah-s-logom-na-skokove-sedlo","status":"publish","type":"product","link":"https:\/\/arak.spicehorse.eu\/sk\/produkt\/kentucky-potah-s-logom-na-skokove-sedlo\/","title":{"rendered":"Kentucky po\u0165ah s logom na skokov\u00e9 sedlo"},"content":{"rendered":"<p style=\"font-weight: 400;\">Chr\u00e1\u0148te va\u0161e Kentucky sedlo t\u00fdmto po\u0165ahom na sedlo. Je povinn\u00fdm doplnkom pre ka\u017ed\u00e9ho jazdca! Je jednoduch\u00fd, vysokej kvality a\u00a0ve\u013emi praktick\u00fd. Do vonkaj\u0161\u00edch va\u010dkov mo\u017eno schova\u0165 popruhy. Obsahuje \u010fal\u0161ie dva va\u010dky na skladovanie ostatnej v\u00fdbavy.<\/p>\n<p style=\"font-weight: 400;\">Vonkaj\u0161ia \u010das\u0165 je vyroben\u00e1 zo syntetickej ko\u017ee, vn\u00fatorn\u00e1 \u010das\u0165 m\u00e1 m\u00e4kk\u00fa polyesterov\u00fa pod\u0161\u00edvku, v\u010faka \u010domu chr\u00e1ni sedlo pred po\u0161koden\u00edm. \u013dahk\u00e1 v\u00e1ha, zlat\u00e1 tabu\u013eka s \u00a0Kentucky logom na zadnej strane. V\u010faka elastick\u00fdm \u0161n\u00farkam sa po\u013eahky nastavuje na po\u017eadovan\u00fa ve\u013ekos\u0165.<\/p>\n<p style=\"font-weight: 400;\">Zne\u010distenie odstr\u00e1\u0148te vla\u017enou vodou.<\/p>\n","protected":false},"excerpt":{"rendered":"<h3>Chr\u00e1\u0148te va\u0161e Kentucky sedlo t\u00fdmto po\u0165ahom<\/h3>\n<ul style=\"font-weight: 400;\">\n<li>Praktick\u00fd a \u0161t\u00fdlov\u00fd<\/li>\n<li>Vonkaj\u0161ie va\u010dky<\/li>\n<li>P\u00fatka pre popruhy<\/li>\n<li>M\u00e4kk\u00fd vn\u00fatorn\u00fd materi\u00e1l<\/li>\n<li>So zlatou tabu\u013ekou s Kentucky logom<\/li>\n<\/ul>\n","protected":false},"featured_media":180345,"template":"","meta":{"_acf_changed":false},"product_cat":[75,120],"product_tag":[184,219,338,272],"acf":[],"yoast_head":"<!-- This site is optimized with the Yoast SEO plugin v21.4 - https:\/\/yoast.com\/wordpress\/plugins\/seo\/ -->\n<title>Kentucky po\u0165ah s logom na skokov\u00e9 sedlo - Spicehorse<\/title>\n<meta name=\"description\" content=\"spicehorse.eu | Chr\u00e1\u0148te va\u0161e Kentucky sedlo t\u00fdmto po\u0165ahom na sedlo. Je povinn\u00fdm doplnkom pre ka\u017ed\u00e9ho jazdca!\" \/>\n<meta name=\"robots\" content=\"index, follow, max-snippet:-1, max-image-preview:large, max-video-preview:-1\" \/>\n<link rel=\"canonical\" href=\"https:\/\/arak.spicehorse.eu\/termek\/kentucky-nyereghuzat-logoval-ugro\/\" \/>\n<meta property=\"og:locale\" content=\"sk_SK\" \/>\n<meta property=\"og:type\" content=\"article\" \/>\n<meta property=\"og:title\" content=\"Kentucky po\u0165ah s logom na skokov\u00e9 sedlo - Spicehorse\" \/>\n<meta property=\"og:description\" content=\"spicehorse.eu | Chr\u00e1\u0148te va\u0161e Kentucky sedlo t\u00fdmto po\u0165ahom na sedlo. Je povinn\u00fdm doplnkom pre ka\u017ed\u00e9ho jazdca!\" \/>\n<meta property=\"og:url\" content=\"https:\/\/arak.spicehorse.eu\/termek\/kentucky-nyereghuzat-logoval-ugro\/\" \/>\n<meta property=\"og:site_name\" content=\"Spicehorse\" \/>\n<meta property=\"article:publisher\" content=\"https:\/\/www.facebook.com\/SPICEHORSE-550385625402457\/\" \/>\n<meta property=\"article:modified_time\" content=\"2024-04-23T11:05:34+00:00\" \/>\n<meta property=\"og:image\" content=\"https:\/\/arak.spicehorse.eu\/wp-content\/uploads\/2024\/04\/82156-32-sj.jpg\" \/>\n\t<meta property=\"og:image:width\" content=\"1148\" \/>\n\t<meta property=\"og:image:height\" content=\"1148\" \/>\n\t<meta property=\"og:image:type\" content=\"image\/jpeg\" \/>\n<meta name=\"twitter:card\" content=\"summary_large_image\" \/>\n<meta name=\"twitter:label1\" content=\"Predpokladan\u00fd \u010das \u010d\u00edtania\" \/>\n\t<meta name=\"twitter:data1\" content=\"1 min\u00fata\" \/>\n<script type=\"application\/ld+json\" class=\"yoast-schema-graph\">{\"@context\":\"https:\/\/schema.org\",\"@graph\":[{\"@type\":\"WebPage\",\"@id\":\"https:\/\/arak.spicehorse.eu\/termek\/kentucky-nyereghuzat-logoval-ugro\/\",\"url\":\"https:\/\/arak.spicehorse.eu\/termek\/kentucky-nyereghuzat-logoval-ugro\/\",\"name\":\"Kentucky po\u0165ah s logom na skokov\u00e9 sedlo - Spicehorse\",\"isPartOf\":{\"@id\":\"https:\/\/arak.spicehorse.eu\/en\/#website\"},\"datePublished\":\"2024-04-10T08:07:08+00:00\",\"dateModified\":\"2024-04-23T11:05:34+00:00\",\"description\":\"spicehorse.eu | Chr\u00e1\u0148te va\u0161e Kentucky sedlo t\u00fdmto po\u0165ahom na sedlo. Je povinn\u00fdm doplnkom pre ka\u017ed\u00e9ho jazdca!\",\"breadcrumb\":{\"@id\":\"https:\/\/arak.spicehorse.eu\/termek\/kentucky-nyereghuzat-logoval-ugro\/#breadcrumb\"},\"inLanguage\":\"sk-SK\",\"potentialAction\":[{\"@type\":\"ReadAction\",\"target\":[\"https:\/\/arak.spicehorse.eu\/termek\/kentucky-nyereghuzat-logoval-ugro\/\"]}]},{\"@type\":\"BreadcrumbList\",\"@id\":\"https:\/\/arak.spicehorse.eu\/termek\/kentucky-nyereghuzat-logoval-ugro\/#breadcrumb\",\"itemListElement\":[{\"@type\":\"ListItem\",\"position\":1,\"name\":\"Home\",\"item\":\"https:\/\/arak.spicehorse.eu\/sk\/\"},{\"@type\":\"ListItem\",\"position\":2,\"name\":\"Predaj\u0148a\",\"item\":\"https:\/\/arak.spicehorse.eu\/sk\/predajna\/\"},{\"@type\":\"ListItem\",\"position\":3,\"name\":\"Kentucky po\u0165ah s logom na skokov\u00e9 sedlo\"}]},{\"@type\":\"WebSite\",\"@id\":\"https:\/\/arak.spicehorse.eu\/en\/#website\",\"url\":\"https:\/\/arak.spicehorse.eu\/en\/\",\"name\":\"Spicehorse\",\"description\":\"UNDER DEVELOPMENT -\",\"potentialAction\":[{\"@type\":\"SearchAction\",\"target\":{\"@type\":\"EntryPoint\",\"urlTemplate\":\"https:\/\/arak.spicehorse.eu\/en\/?s={search_term_string}\"},\"query-input\":\"required name=search_term_string\"}],\"inLanguage\":\"sk-SK\"}]}<\/script>\n<!-- \/ Yoast SEO plugin. -->","yoast_head_json":{"title":"Kentucky po\u0165ah s logom na skokov\u00e9 sedlo - Spicehorse","description":"spicehorse.eu | Chr\u00e1\u0148te va\u0161e Kentucky sedlo t\u00fdmto po\u0165ahom na sedlo. Je povinn\u00fdm doplnkom pre ka\u017ed\u00e9ho jazdca!","robots":{"index":"index","follow":"follow","max-snippet":"max-snippet:-1","max-image-preview":"max-image-preview:large","max-video-preview":"max-video-preview:-1"},"canonical":"https:\/\/arak.spicehorse.eu\/termek\/kentucky-nyereghuzat-logoval-ugro\/","og_locale":"sk_SK","og_type":"article","og_title":"Kentucky po\u0165ah s logom na skokov\u00e9 sedlo - Spicehorse","og_description":"spicehorse.eu | Chr\u00e1\u0148te va\u0161e Kentucky sedlo t\u00fdmto po\u0165ahom na sedlo. Je povinn\u00fdm doplnkom pre ka\u017ed\u00e9ho jazdca!","og_url":"https:\/\/arak.spicehorse.eu\/termek\/kentucky-nyereghuzat-logoval-ugro\/","og_site_name":"Spicehorse","article_publisher":"https:\/\/www.facebook.com\/SPICEHORSE-550385625402457\/","article_modified_time":"2024-04-23T11:05:34+00:00","og_image":[{"width":1148,"height":1148,"url":"https:\/\/arak.spicehorse.eu\/wp-content\/uploads\/2024\/04\/82156-32-sj.jpg","type":"image\/jpeg"}],"twitter_card":"summary_large_image","twitter_misc":{"Predpokladan\u00fd \u010das \u010d\u00edtania":"1 min\u00fata"},"schema":{"@context":"https:\/\/schema.org","@graph":[{"@type":"WebPage","@id":"https:\/\/arak.spicehorse.eu\/termek\/kentucky-nyereghuzat-logoval-ugro\/","url":"https:\/\/arak.spicehorse.eu\/termek\/kentucky-nyereghuzat-logoval-ugro\/","name":"Kentucky po\u0165ah s logom na skokov\u00e9 sedlo - Spicehorse","isPartOf":{"@id":"https:\/\/arak.spicehorse.eu\/en\/#website"},"datePublished":"2024-04-10T08:07:08+00:00","dateModified":"2024-04-23T11:05:34+00:00","description":"spicehorse.eu | Chr\u00e1\u0148te va\u0161e Kentucky sedlo t\u00fdmto po\u0165ahom na sedlo. Je povinn\u00fdm doplnkom pre ka\u017ed\u00e9ho jazdca!","breadcrumb":{"@id":"https:\/\/arak.spicehorse.eu\/termek\/kentucky-nyereghuzat-logoval-ugro\/#breadcrumb"},"inLanguage":"sk-SK","potentialAction":[{"@type":"ReadAction","target":["https:\/\/arak.spicehorse.eu\/termek\/kentucky-nyereghuzat-logoval-ugro\/"]}]},{"@type":"BreadcrumbList","@id":"https:\/\/arak.spicehorse.eu\/termek\/kentucky-nyereghuzat-logoval-ugro\/#breadcrumb","itemListElement":[{"@type":"ListItem","position":1,"name":"Home","item":"https:\/\/arak.spicehorse.eu\/sk\/"},{"@type":"ListItem","position":2,"name":"Predaj\u0148a","item":"https:\/\/arak.spicehorse.eu\/sk\/predajna\/"},{"@type":"ListItem","position":3,"name":"Kentucky po\u0165ah s logom na skokov\u00e9 sedlo"}]},{"@type":"WebSite","@id":"https:\/\/arak.spicehorse.eu\/en\/#website","url":"https:\/\/arak.spicehorse.eu\/en\/","name":"Spicehorse","description":"UNDER DEVELOPMENT -","potentialAction":[{"@type":"SearchAction","target":{"@type":"EntryPoint","urlTemplate":"https:\/\/arak.spicehorse.eu\/en\/?s={search_term_string}"},"query-input":"required name=search_term_string"}],"inLanguage":"sk-SK"}]}},"_links":{"self":[{"href":"https:\/\/arak.spicehorse.eu\/sk\/wp-json\/wp\/v2\/product\/180340"}],"collection":[{"href":"https:\/\/arak.spicehorse.eu\/sk\/wp-json\/wp\/v2\/product"}],"about":[{"href":"https:\/\/arak.spicehorse.eu\/sk\/wp-json\/wp\/v2\/types\/product"}],"wp:featuredmedia":[{"embeddable":true,"href":"https:\/\/arak.spicehorse.eu\/sk\/wp-json\/wp\/v2\/media\/180345"}],"wp:attachment":[{"href":"https:\/\/arak.spicehorse.eu\/sk\/wp-json\/wp\/v2\/media?parent=180340"}],"wp:term":[{"taxonomy":"product_cat","embeddable":true,"href":"https:\/\/arak.spicehorse.eu\/sk\/wp-json\/wp\/v2\/product_cat?post=180340"},{"taxonomy":"product_tag","embeddable":true,"href":"https:\/\/arak.spicehorse.eu\/sk\/wp-json\/wp\/v2\/product_tag?post=180340"}],"curies":[{"name":"wp","href":"https:\/\/api.w.org\/{rel}","templated":true}]}}