{"id":180411,"date":"2024-04-10T11:00:22","date_gmt":"2024-04-10T09:00:30","guid":{"rendered":"https:\/\/arak.spicehorse.eu\/?post_type=product&#038;p=180411"},"modified":"2024-04-23T13:07:39","modified_gmt":"2024-04-23T11:07:39","slug":"kentucky-vode-odolny-potah-na-skokove-sedlo","status":"publish","type":"product","link":"https:\/\/arak.spicehorse.eu\/sk\/produkt\/kentucky-vode-odolny-potah-na-skokove-sedlo\/","title":{"rendered":"Kentucky vode odoln\u00fd po\u0165ah na skokov\u00e9 sedlo"},"content":{"rendered":"<div>\n<p><span lang=\"SK\">Chr\u00e1\u0148te va\u0161e sedlo t\u00fdmto vode odoln\u00fdm Kentucky Horsewear po\u0165ahom na sedlo! Ochr\u00e1ni sedlo pred po\u0161koden\u00edm, prachom, po oboch stran\u00e1ch s\u00a0otvormi na strmene, v\u010faka \u010domu sa po\u0165ah m\u00f4\u017ee pou\u017e\u00edva\u0165 aj po\u010das jazdenia. \u00a0<\/span><\/p>\n<\/div>\n<div>\n<p><span lang=\"SK\">Vonkaj\u0161ia \u010das\u0165 je z\u00a0pevn\u00e9ho vode odoln\u00e9ho materi\u00e1lu. Vn\u00fatro je pod\u0161it\u00e9 syntetickou zaja\u010dinou, t\u00fdm p\u00e1dom maxim\u00e1lne ochr\u00e1ni sedlo pred po\u0161koden\u00edm. <\/span><\/p>\n<\/div>\n<div>\n<p><span lang=\"SK\">Dokonale sa hod\u00ed na v\u0161etky sedl\u00e1, preto\u017ee je vybaven\u00e9 elastick\u00fdmi \u0161n\u00farkami. <\/span><\/p>\n<\/div>\n<div>\n<p><span lang=\"SK\">Kentucky po\u0165ah na sedlo mo\u017eno pra\u0165 v\u00a0pr\u00e1\u010dke na 30\u00b0C (nevkladajte do su\u0161i\u010dky).<\/span><\/p>\n<\/div>\n","protected":false},"excerpt":{"rendered":"<h3>Chr\u00e1\u0148te va\u0161e sedlo za ka\u017ed\u00e9ho po\u010dasia t\u00fdmto Kentucky vode odoln\u00fdm po\u0165ahom<\/h3>\n<ul style=\"font-weight: 400;\">\n<li>Pre skokov\u00e9 alebo univerz\u00e1lne sedlo<\/li>\n<li>Vode odoln\u00fd<\/li>\n<li>Pod\u0161\u00edvka zo syntetickej zaja\u010diny<\/li>\n<li>S otvorom pre strmene<\/li>\n<\/ul>\n","protected":false},"featured_media":180416,"template":"","meta":{"_acf_changed":false},"product_cat":[75,120],"product_tag":[184,219,338,272],"acf":[],"yoast_head":"<!-- This site is optimized with the Yoast SEO plugin v21.4 - https:\/\/yoast.com\/wordpress\/plugins\/seo\/ -->\n<title>Kentucky vode odoln\u00fd po\u0165ah na skokov\u00e9 sedlo - Spicehorse<\/title>\n<meta name=\"description\" content=\"spicehorse.eu | Chr\u00e1\u0148te va\u0161e sedlo t\u00fdmto vode odoln\u00fdm Kentucky Horsewear po\u0165ahom na sedlo!\" \/>\n<meta name=\"robots\" content=\"index, follow, max-snippet:-1, max-image-preview:large, max-video-preview:-1\" \/>\n<link rel=\"canonical\" href=\"https:\/\/arak.spicehorse.eu\/termek\/kentucky-vizallo-nyereghuzat-ugro\/\" \/>\n<meta property=\"og:locale\" content=\"sk_SK\" \/>\n<meta property=\"og:type\" content=\"article\" \/>\n<meta property=\"og:title\" content=\"Kentucky vode odoln\u00fd po\u0165ah na skokov\u00e9 sedlo - Spicehorse\" \/>\n<meta property=\"og:description\" content=\"spicehorse.eu | Chr\u00e1\u0148te va\u0161e sedlo t\u00fdmto vode odoln\u00fdm Kentucky Horsewear po\u0165ahom na sedlo!\" \/>\n<meta property=\"og:url\" content=\"https:\/\/arak.spicehorse.eu\/termek\/kentucky-vizallo-nyereghuzat-ugro\/\" \/>\n<meta property=\"og:site_name\" content=\"Spicehorse\" \/>\n<meta property=\"article:publisher\" content=\"https:\/\/www.facebook.com\/SPICEHORSE-550385625402457\/\" \/>\n<meta property=\"article:modified_time\" content=\"2024-04-23T11:07:39+00:00\" \/>\n<meta property=\"og:image\" content=\"https:\/\/arak.spicehorse.eu\/wp-content\/uploads\/2024\/04\/82152-01-sj-a.jpg\" \/>\n\t<meta property=\"og:image:width\" content=\"1148\" \/>\n\t<meta property=\"og:image:height\" content=\"1148\" \/>\n\t<meta property=\"og:image:type\" content=\"image\/jpeg\" \/>\n<meta name=\"twitter:card\" content=\"summary_large_image\" \/>\n<meta name=\"twitter:label1\" content=\"Predpokladan\u00fd \u010das \u010d\u00edtania\" \/>\n\t<meta name=\"twitter:data1\" content=\"1 min\u00fata\" \/>\n<script type=\"application\/ld+json\" class=\"yoast-schema-graph\">{\"@context\":\"https:\/\/schema.org\",\"@graph\":[{\"@type\":\"WebPage\",\"@id\":\"https:\/\/arak.spicehorse.eu\/termek\/kentucky-vizallo-nyereghuzat-ugro\/\",\"url\":\"https:\/\/arak.spicehorse.eu\/termek\/kentucky-vizallo-nyereghuzat-ugro\/\",\"name\":\"Kentucky vode odoln\u00fd po\u0165ah na skokov\u00e9 sedlo - Spicehorse\",\"isPartOf\":{\"@id\":\"https:\/\/arak.spicehorse.eu\/en\/#website\"},\"datePublished\":\"2024-04-10T09:00:30+00:00\",\"dateModified\":\"2024-04-23T11:07:39+00:00\",\"description\":\"spicehorse.eu | Chr\u00e1\u0148te va\u0161e sedlo t\u00fdmto vode odoln\u00fdm Kentucky Horsewear po\u0165ahom na sedlo!\",\"breadcrumb\":{\"@id\":\"https:\/\/arak.spicehorse.eu\/termek\/kentucky-vizallo-nyereghuzat-ugro\/#breadcrumb\"},\"inLanguage\":\"sk-SK\",\"potentialAction\":[{\"@type\":\"ReadAction\",\"target\":[\"https:\/\/arak.spicehorse.eu\/termek\/kentucky-vizallo-nyereghuzat-ugro\/\"]}]},{\"@type\":\"BreadcrumbList\",\"@id\":\"https:\/\/arak.spicehorse.eu\/termek\/kentucky-vizallo-nyereghuzat-ugro\/#breadcrumb\",\"itemListElement\":[{\"@type\":\"ListItem\",\"position\":1,\"name\":\"Home\",\"item\":\"https:\/\/arak.spicehorse.eu\/sk\/\"},{\"@type\":\"ListItem\",\"position\":2,\"name\":\"Predaj\u0148a\",\"item\":\"https:\/\/arak.spicehorse.eu\/sk\/predajna\/\"},{\"@type\":\"ListItem\",\"position\":3,\"name\":\"Kentucky vode odoln\u00fd po\u0165ah na skokov\u00e9 sedlo\"}]},{\"@type\":\"WebSite\",\"@id\":\"https:\/\/arak.spicehorse.eu\/en\/#website\",\"url\":\"https:\/\/arak.spicehorse.eu\/en\/\",\"name\":\"Spicehorse\",\"description\":\"UNDER DEVELOPMENT -\",\"potentialAction\":[{\"@type\":\"SearchAction\",\"target\":{\"@type\":\"EntryPoint\",\"urlTemplate\":\"https:\/\/arak.spicehorse.eu\/en\/?s={search_term_string}\"},\"query-input\":\"required name=search_term_string\"}],\"inLanguage\":\"sk-SK\"}]}<\/script>\n<!-- \/ Yoast SEO plugin. -->","yoast_head_json":{"title":"Kentucky vode odoln\u00fd po\u0165ah na skokov\u00e9 sedlo - Spicehorse","description":"spicehorse.eu | Chr\u00e1\u0148te va\u0161e sedlo t\u00fdmto vode odoln\u00fdm Kentucky Horsewear po\u0165ahom na sedlo!","robots":{"index":"index","follow":"follow","max-snippet":"max-snippet:-1","max-image-preview":"max-image-preview:large","max-video-preview":"max-video-preview:-1"},"canonical":"https:\/\/arak.spicehorse.eu\/termek\/kentucky-vizallo-nyereghuzat-ugro\/","og_locale":"sk_SK","og_type":"article","og_title":"Kentucky vode odoln\u00fd po\u0165ah na skokov\u00e9 sedlo - Spicehorse","og_description":"spicehorse.eu | Chr\u00e1\u0148te va\u0161e sedlo t\u00fdmto vode odoln\u00fdm Kentucky Horsewear po\u0165ahom na sedlo!","og_url":"https:\/\/arak.spicehorse.eu\/termek\/kentucky-vizallo-nyereghuzat-ugro\/","og_site_name":"Spicehorse","article_publisher":"https:\/\/www.facebook.com\/SPICEHORSE-550385625402457\/","article_modified_time":"2024-04-23T11:07:39+00:00","og_image":[{"width":1148,"height":1148,"url":"https:\/\/arak.spicehorse.eu\/wp-content\/uploads\/2024\/04\/82152-01-sj-a.jpg","type":"image\/jpeg"}],"twitter_card":"summary_large_image","twitter_misc":{"Predpokladan\u00fd \u010das \u010d\u00edtania":"1 min\u00fata"},"schema":{"@context":"https:\/\/schema.org","@graph":[{"@type":"WebPage","@id":"https:\/\/arak.spicehorse.eu\/termek\/kentucky-vizallo-nyereghuzat-ugro\/","url":"https:\/\/arak.spicehorse.eu\/termek\/kentucky-vizallo-nyereghuzat-ugro\/","name":"Kentucky vode odoln\u00fd po\u0165ah na skokov\u00e9 sedlo - Spicehorse","isPartOf":{"@id":"https:\/\/arak.spicehorse.eu\/en\/#website"},"datePublished":"2024-04-10T09:00:30+00:00","dateModified":"2024-04-23T11:07:39+00:00","description":"spicehorse.eu | Chr\u00e1\u0148te va\u0161e sedlo t\u00fdmto vode odoln\u00fdm Kentucky Horsewear po\u0165ahom na sedlo!","breadcrumb":{"@id":"https:\/\/arak.spicehorse.eu\/termek\/kentucky-vizallo-nyereghuzat-ugro\/#breadcrumb"},"inLanguage":"sk-SK","potentialAction":[{"@type":"ReadAction","target":["https:\/\/arak.spicehorse.eu\/termek\/kentucky-vizallo-nyereghuzat-ugro\/"]}]},{"@type":"BreadcrumbList","@id":"https:\/\/arak.spicehorse.eu\/termek\/kentucky-vizallo-nyereghuzat-ugro\/#breadcrumb","itemListElement":[{"@type":"ListItem","position":1,"name":"Home","item":"https:\/\/arak.spicehorse.eu\/sk\/"},{"@type":"ListItem","position":2,"name":"Predaj\u0148a","item":"https:\/\/arak.spicehorse.eu\/sk\/predajna\/"},{"@type":"ListItem","position":3,"name":"Kentucky vode odoln\u00fd po\u0165ah na skokov\u00e9 sedlo"}]},{"@type":"WebSite","@id":"https:\/\/arak.spicehorse.eu\/en\/#website","url":"https:\/\/arak.spicehorse.eu\/en\/","name":"Spicehorse","description":"UNDER DEVELOPMENT -","potentialAction":[{"@type":"SearchAction","target":{"@type":"EntryPoint","urlTemplate":"https:\/\/arak.spicehorse.eu\/en\/?s={search_term_string}"},"query-input":"required name=search_term_string"}],"inLanguage":"sk-SK"}]}},"_links":{"self":[{"href":"https:\/\/arak.spicehorse.eu\/sk\/wp-json\/wp\/v2\/product\/180411"}],"collection":[{"href":"https:\/\/arak.spicehorse.eu\/sk\/wp-json\/wp\/v2\/product"}],"about":[{"href":"https:\/\/arak.spicehorse.eu\/sk\/wp-json\/wp\/v2\/types\/product"}],"wp:featuredmedia":[{"embeddable":true,"href":"https:\/\/arak.spicehorse.eu\/sk\/wp-json\/wp\/v2\/media\/180416"}],"wp:attachment":[{"href":"https:\/\/arak.spicehorse.eu\/sk\/wp-json\/wp\/v2\/media?parent=180411"}],"wp:term":[{"taxonomy":"product_cat","embeddable":true,"href":"https:\/\/arak.spicehorse.eu\/sk\/wp-json\/wp\/v2\/product_cat?post=180411"},{"taxonomy":"product_tag","embeddable":true,"href":"https:\/\/arak.spicehorse.eu\/sk\/wp-json\/wp\/v2\/product_tag?post=180411"}],"curies":[{"name":"wp","href":"https:\/\/api.w.org\/{rel}","templated":true}]}}